{"id":2578,"date":"2022-09-08T12:01:09","date_gmt":"2022-09-08T10:01:09","guid":{"rendered":"https:\/\/cocochat.live\/?page_id=2578"},"modified":"2024-02-29T11:39:11","modified_gmt":"2024-02-29T09:39:11","slug":"coco-tchat","status":"publish","type":"page","link":"https:\/\/cocochat.live\/fr\/coco-tchat\/","title":{"rendered":"Coco Tchat"},"content":{"rendered":"<p>Coco tchat est une plateforme de vid\u00e9o et de livestream premium qui permet aux gens de se connecter avec d&#039;autres personnes et de gagner plus de followers pour leurs live streams. Coco tchat permet aux utilisateurs de chatter avec des amis ou en solo pour cr\u00e9er de petits groupes de discussion. Coco tchat vous permet de cr\u00e9er et de partager de courtes vid\u00e9os cr\u00e9atives et int\u00e9ressantes \u00e0 partager avec d&#039;autres personnes.<\/p>\n<h3>Chat gratuit par webcam<\/h3>\n<p><!-- Text --><\/p>\n<p>Meilleures fonctionnalit\u00e9s de Coco tchat Video Chat : Vous pouvez utiliser l&#039;application Random Chatting facilement. Vous pouvez vous faire des amis au hasard. Match en quelques secondes Plate-forme s\u00fbre et s\u00e9curis\u00e9e. Masque facial IA. Chat Premium avec option pour la s\u00e9lection du sexe. Utilisez l&#039;option de filtre par pays<\/p>\n<h3>Chat al\u00e9atoire par cam\u00e9ra<\/h3>\n<p><!-- Text --><\/p>\n<p>L&#039;application peut \u00eatre utilis\u00e9e pour organiser des f\u00eates, apprendre de nouvelles langues et chanter les uns pour les autres.<br \/>\nSite vid\u00e9o de chat en direct : trouvez des personnes v\u00e9rifi\u00e9es. Apr\u00e8s v\u00e9rification, le compte sera approuv\u00e9. Param\u00e8tres de filtrage filtr\u00e9s par sexe, vous pouvez contacter rapidement et facilement un compagnon premium.<\/p>\n<h3>Cam aux \u00e9trangers<\/h3>\n<p><!-- Text --><\/p>\n<p>Les comptes cr\u00e9\u00e9s par quelqu&#039;un d&#039;autre ne seront pas accept\u00e9s. Si nous d\u00e9couvrons que quelqu&#039;un essaie d&#039;usurper l&#039;identit\u00e9 d&#039;une autre personne, nous prenons les mesures appropri\u00e9es. Toutes les femmes membres doivent fournir leur v\u00e9ritable identit\u00e9 pour \u00eatre \u00e9ligibles \u00e0 l&#039;adh\u00e9sion premium.<\/p>\n<h2>Pourquoi utiliser Coco tchat ?<\/h2>\n<p>Avec Coco tchat, vous pouvez. Chatter par vid\u00e9o avec de nouvelles personnes dans le monde entier. Vous pouvez envoyer des messages vid\u00e9o \u00e0 vos amis et \u00e0 vos followers. Faire du livestream avec un ami et vous pouvez faire du live stream. Trouvez des personnes qui partagent vos int\u00e9r\u00eats.<br \/>\n<!-- Check --><br \/>\n<!-- Text --><\/p>\n<h2>Coco tchat offre une exp\u00e9rience de chat vid\u00e9o al\u00e9atoire gratuite.<\/h2>\n<p>Nous comprenons que vous avez le choix lorsqu&#039;il s&#039;agit de choisir un partenaire d&#039;appel vid\u00e9o al\u00e9atoire. Nous tenons \u00e0 vous merci d&#039;avoir choisi Coco tchat comme partenaire de divertissement par webcam et pour vos rencontres. Avant d&#039;avoir d&#039;autres personnes sur l&#039;application, j&#039;avais un plan. Nous avons de vraies conversations et d\u00e9fini justice. C&#039;est un endroit merveilleux pour rencontrer des gens. Il faut du temps pour apprendre \u00e0 conna\u00eetre quelqu&#039;un. Apr\u00e8s avoir t\u00e9l\u00e9charg\u00e9 l&#039;application, jetez-y un coup d&#039;\u0153il.<\/p>\n<h2>Alternative \u00e0 Omegle<\/h2>\n<p>Trouvez les personnes qui sont authentiques et qui aiment s&#039;amuser. M\u00eame si je ne peux pas garantir que tout le monde vive la m\u00eame exp\u00e9rience, c&#039;est \u00e0 vous de la rendre agr\u00e9able et positive.<\/p>\n<p>Si vous \u00eates pr\u00eat \u00e0 les accepter, il existe des options de parties priv\u00e9es. Ne soyez pas tent\u00e9 de d\u00e9penser de l&#039;argent que vous n&#039;avez pas \u00e0 d\u00e9penser. Soyez pr\u00e9venu. Les conseils ne se limitent pas aux favoris, aux types de corps ou aux beaux visages. La personnalit\u00e9 est \u00e9galement importante.<\/p>\n<p>Vous pouvez vous arr\u00eater pour dire \u00ab bonjour \u00bb \u00e0 n&#039;importe qui. Respectez-les s&#039;ils vous traitent bien. Disons simplement qu&#039;il faut s&#039;amuser et vivre sa vie, mais n&#039;oubliez pas de r\u00e9colter ce que l&#039;on s\u00e8me.<\/p>\n<p>Je suis de retour sur cette application et j&#039;appartiens quelque part \u00e0 un groupe que je consid\u00e8re comme ma famille. Il est intelligent et g\u00e9n\u00e9reux et sait comment utiliser l&#039;application.<\/p>\n<p>Bien que l&#039;application soit petite, vous trouverez une grande communaut\u00e9 une fois que votre r\u00e9seau se d\u00e9veloppe et que vous commencez \u00e0 suivre les autres. Cette application a le potentiel d&#039;\u00eatre une grande application de streaming en direct, m\u00eame si les autres applications sont trop flashy et trop compliqu\u00e9es.<\/p>\n<p>Cette application simplifie les \u00e9l\u00e9ments du streaming en direct et permet aux vrais utilisateurs de trouver plus de personnes et pas seulement des bots comme sur Facebook. Elle n&#039;en est encore qu&#039;\u00e0 ses d\u00e9buts, alors je suis impatient de voir ce qui va se passer.<\/p>\n<h3>Chat adulte anonyme<\/h3>\n<p>Notre gamme amusante de masques vous aidera \u00e0 prot\u00e9ger votre identit\u00e9 pendant que vous discutez. Nous avons plus d&#039;une douzaine d&#039;options. Ces masques de chat peuvent \u00eatre utilis\u00e9s pour d\u00e9clencher une conversation et cacher votre visage aux \u00e9trangers. Peu importe la situation, il est difficile de se faire rejeter.<\/p>\n<h3>Chat vid\u00e9o al\u00e9atoire<\/h3>\n<p>Coco Chat est un excellent moyen de rencontrer instantan\u00e9ment des inconnus du monde entier. Notre chat vid\u00e9o al\u00e9atoire est utilis\u00e9 par des milliers de personnes chaque jour. Connectez-vous maintenant et amusez-vous \u00e0 explorer ! Il peut \u00eatre encore plus difficile de se faire rejeter dans un contexte romantique.<\/p>\n<h3>Trouver une aventure<\/h3>\n<p>Flingster comme le service de chat al\u00e9atoire vous permettra de vous connecter instantan\u00e9ment avec des personnes partageant les m\u00eames id\u00e9es. De nombreuses personnes utilisent l&#039;application de chat Web gratuite Coco chat pour rencontrer des personnes partageant les m\u00eames id\u00e9es. Il y a des milliers de personnes en ligne, pr\u00eates \u00e0 vous rencontrer.<\/p>\n<h3>Chat gratuit Cam S\u00e9curit\u00e9<\/h3>\n<p>Ne divulguez aucune information personnelle \u00e0 des inconnus. Cela vous permettra de rester anonyme et s\u00e9curis\u00e9 tout en communiquant. Coco Chat utilise la technologie de cryptage et SSL la plus r\u00e9cente pour vous prot\u00e9ger.<\/p>\n<h3>Rencontrer de nouveaux amis<\/h3>\n<p>Coco Chat est un excellent moyen de rencontrer instantan\u00e9ment des inconnus du monde entier. Notre chat adulte al\u00e9atoire est utilis\u00e9 par des milliers de personnes chaque jour. Connectez-vous maintenant et amusez-vous \u00e0 explorer !<\/p>\n<h3>Filtrage du chat vid\u00e9o<\/h3>\n<p>Utilisez nos filtres de chat vid\u00e9o gratuits pour supprimer les connexions ind\u00e9sirables. Vous pouvez modifier les sexes et les lieux que vous pr\u00e9f\u00e9rez rencontrer. Vous pouvez facilement trouver des femmes et des hommes dans certains endroits qui correspondent \u00e0 vos pr\u00e9f\u00e9rences.<\/p>\n<h3>Commencez le chat webcam gratuit d\u00e8s aujourd&#039;hui. Amusez-vous !<\/h3>\n<p>Il existe de nombreux filtres de recherche sur notre site Web qui sont incroyables. Vous pouvez rechercher sur notre site Web la personne que vous recherchez.<\/p>\n<h3>Pourquoi les appels vid\u00e9o Zoom sont-ils g\u00eanants ? Mais les rencontres dans la vie r\u00e9elle ne le sont pas ?<\/h3>\n<p>Pourquoi les appels vid\u00e9o Zoom sont-ils g\u00eanants\u00a0? Mais les lieux de rencontre dans la vraie vie ne le sont pas\u00a0? Apr\u00e8s que l\u2019h\u00f4te ait pos\u00e9 la question tacite : \u00ab Comment allez-vous ? La premi\u00e8re pause de l&#039;appel Zoom a lieu lorsque le<\/p>","protected":false},"excerpt":{"rendered":"<p>Coco tchat est une plateforme de vid\u00e9o et de livestream premium qui permet aux gens de se connecter avec d&#039;autres personnes et de gagner plus de followers pour leurs live streams. Coco tchat permet aux utilisateurs de chatter avec des amis ou en solo pour cr\u00e9er de petits groupes de discussion. Coco tchat vous permet [\u2026]<\/p>","protected":false},"author":3,"featured_media":3252,"parent":0,"menu_order":0,"comment_status":"closed","ping_status":"closed","template":"","meta":{"_acf_changed":false,"footnotes":""},"class_list":["post-2578","page","type-page","status-publish","has-post-thumbnail","hentry"],"acf":[],"yoast_head":"<!-- This site is optimized with the Yoast SEO Premium plugin v21.5 (Yoast SEO v21.5) - https:\/\/yoast.com\/wordpress\/plugins\/seo\/ -->\n<title>Coco Tchat<\/title>\n<meta name=\"description\" content=\"Coco permet aux utilisateurs de chatter avec des amis ou en solo pour des discussions en petits groupes. Coco tchat.\" \/>\n<meta name=\"robots\" content=\"index, follow, max-snippet:-1, max-image-preview:large, max-video-preview:-1\" \/>\n<link rel=\"canonical\" href=\"https:\/\/cocochat.live\/fr\/coco-tchat\/\" \/>\n<meta property=\"og:locale\" content=\"fr_FR\" \/>\n<meta property=\"og:type\" content=\"article\" \/>\n<meta property=\"og:title\" content=\"Coco Tchat\" \/>\n<meta property=\"og:description\" content=\"We strive to provide random video chat with random females. Coco chat is a stranger chat alternative for a random video call.\" \/>\n<meta property=\"og:url\" content=\"https:\/\/cocochat.live\/fr\/coco-tchat\/\" \/>\n<meta property=\"og:site_name\" content=\"Coco Chat\" \/>\n<meta property=\"article:publisher\" content=\"https:\/\/www.facebook.com\/cocochat.live\" \/>\n<meta property=\"article:modified_time\" content=\"2024-02-29T09:39:11+00:00\" \/>\n<meta property=\"og:image\" content=\"https:\/\/cocochat.live\/wp-content\/uploads\/2024\/02\/Coco-Tchat.png\" \/>\n\t<meta property=\"og:image:width\" content=\"1024\" \/>\n\t<meta property=\"og:image:height\" content=\"1024\" \/>\n\t<meta property=\"og:image:type\" content=\"image\/png\" \/>\n<meta name=\"twitter:card\" content=\"summary_large_image\" \/>\n<meta name=\"twitter:site\" content=\"@LaCocoChat\" \/>\n<meta name=\"twitter:label1\" content=\"Dur\u00e9e de lecture estim\u00e9e\" \/>\n\t<meta name=\"twitter:data1\" content=\"5 minutes\" \/>\n<script type=\"application\/ld+json\" class=\"yoast-schema-graph\">{\"@context\":\"https:\/\/schema.org\",\"@graph\":[{\"@type\":\"WebPage\",\"@id\":\"https:\/\/cocochat.live\/coco-tchat\/\",\"url\":\"https:\/\/cocochat.live\/coco-tchat\/\",\"name\":\"Coco Tchat\",\"isPartOf\":{\"@id\":\"https:\/\/cocochat.live\/fr\/#website\"},\"datePublished\":\"2022-09-08T10:01:09+00:00\",\"dateModified\":\"2024-02-29T09:39:11+00:00\",\"description\":\"Coco permet aux utilisateurs de chatter avec des amis ou en solo pour des discussions en petits groupes. Coco tchat.\",\"breadcrumb\":{\"@id\":\"https:\/\/cocochat.live\/coco-tchat\/#breadcrumb\"},\"inLanguage\":\"fr-FR\",\"potentialAction\":[{\"@type\":\"ReadAction\",\"target\":[\"https:\/\/cocochat.live\/coco-tchat\/\"]}]},{\"@type\":\"BreadcrumbList\",\"@id\":\"https:\/\/cocochat.live\/coco-tchat\/#breadcrumb\",\"itemListElement\":[{\"@type\":\"ListItem\",\"position\":1,\"name\":\"Home\",\"item\":\"https:\/\/cocochat.live\/fr\/\"},{\"@type\":\"ListItem\",\"position\":2,\"name\":\"Coco Tchat\"}]},{\"@type\":\"WebSite\",\"@id\":\"https:\/\/cocochat.live\/fr\/#website\",\"url\":\"https:\/\/cocochat.live\/fr\/\",\"name\":\"Coco Chat\",\"description\":\"Cocochat - Random Video Chat\",\"publisher\":{\"@id\":\"https:\/\/cocochat.live\/fr\/#organization\"},\"potentialAction\":[{\"@type\":\"SearchAction\",\"target\":{\"@type\":\"EntryPoint\",\"urlTemplate\":\"https:\/\/cocochat.live\/fr\/?s={search_term_string}\"},\"query-input\":\"required name=search_term_string\"}],\"inLanguage\":\"fr-FR\"},{\"@type\":\"Organization\",\"@id\":\"https:\/\/cocochat.live\/fr\/#organization\",\"name\":\"Coco Chat - Random Video Chat\",\"url\":\"https:\/\/cocochat.live\/fr\/\",\"logo\":{\"@type\":\"ImageObject\",\"inLanguage\":\"fr-FR\",\"@id\":\"https:\/\/cocochat.live\/fr\/#\/schema\/logo\/image\/\",\"url\":\"https:\/\/cocochat.live\/wp-content\/uploads\/2021\/10\/cropped-cropped-coco-chat-live.jpg\",\"contentUrl\":\"https:\/\/cocochat.live\/wp-content\/uploads\/2021\/10\/cropped-cropped-coco-chat-live.jpg\",\"width\":512,\"height\":512,\"caption\":\"Coco Chat - Random Video Chat\"},\"image\":{\"@id\":\"https:\/\/cocochat.live\/fr\/#\/schema\/logo\/image\/\"},\"sameAs\":[\"https:\/\/www.facebook.com\/cocochat.live\",\"https:\/\/twitter.com\/LaCocoChat\"]}]}<\/script>\n<!-- \/ Yoast SEO Premium plugin. -->","yoast_head_json":{"title":"Coco Tchat","description":"Coco permet aux utilisateurs de chatter avec des amis ou en solo pour des discussions en petits groupes. Coco tchat.","robots":{"index":"index","follow":"follow","max-snippet":"max-snippet:-1","max-image-preview":"max-image-preview:large","max-video-preview":"max-video-preview:-1"},"canonical":"https:\/\/cocochat.live\/fr\/coco-tchat\/","og_locale":"fr_FR","og_type":"article","og_title":"Coco Tchat","og_description":"We strive to provide random video chat with random females. Coco chat is a stranger chat alternative for a random video call.","og_url":"https:\/\/cocochat.live\/fr\/coco-tchat\/","og_site_name":"Coco Chat","article_publisher":"https:\/\/www.facebook.com\/cocochat.live","article_modified_time":"2024-02-29T09:39:11+00:00","og_image":[{"width":1024,"height":1024,"url":"https:\/\/cocochat.live\/wp-content\/uploads\/2024\/02\/Coco-Tchat.png","type":"image\/png"}],"twitter_card":"summary_large_image","twitter_site":"@LaCocoChat","twitter_misc":{"Dur\u00e9e de lecture estim\u00e9e":"5 minutes"},"schema":{"@context":"https:\/\/schema.org","@graph":[{"@type":"WebPage","@id":"https:\/\/cocochat.live\/coco-tchat\/","url":"https:\/\/cocochat.live\/coco-tchat\/","name":"Coco Tchat","isPartOf":{"@id":"https:\/\/cocochat.live\/fr\/#website"},"datePublished":"2022-09-08T10:01:09+00:00","dateModified":"2024-02-29T09:39:11+00:00","description":"Coco permet aux utilisateurs de chatter avec des amis ou en solo pour des discussions en petits groupes. Coco tchat.","breadcrumb":{"@id":"https:\/\/cocochat.live\/coco-tchat\/#breadcrumb"},"inLanguage":"fr-FR","potentialAction":[{"@type":"ReadAction","target":["https:\/\/cocochat.live\/coco-tchat\/"]}]},{"@type":"BreadcrumbList","@id":"https:\/\/cocochat.live\/coco-tchat\/#breadcrumb","itemListElement":[{"@type":"ListItem","position":1,"name":"Home","item":"https:\/\/cocochat.live\/fr\/"},{"@type":"ListItem","position":2,"name":"Coco Tchat"}]},{"@type":"WebSite","@id":"https:\/\/cocochat.live\/fr\/#website","url":"https:\/\/cocochat.live\/fr\/","name":"Coco Chat","description":"Cocochat - Random Video Chat","publisher":{"@id":"https:\/\/cocochat.live\/fr\/#organization"},"potentialAction":[{"@type":"SearchAction","target":{"@type":"EntryPoint","urlTemplate":"https:\/\/cocochat.live\/fr\/?s={search_term_string}"},"query-input":"required name=search_term_string"}],"inLanguage":"fr-FR"},{"@type":"Organization","@id":"https:\/\/cocochat.live\/fr\/#organization","name":"Coco Chat - Random Video Chat","url":"https:\/\/cocochat.live\/fr\/","logo":{"@type":"ImageObject","inLanguage":"fr-FR","@id":"https:\/\/cocochat.live\/fr\/#\/schema\/logo\/image\/","url":"https:\/\/cocochat.live\/wp-content\/uploads\/2021\/10\/cropped-cropped-coco-chat-live.jpg","contentUrl":"https:\/\/cocochat.live\/wp-content\/uploads\/2021\/10\/cropped-cropped-coco-chat-live.jpg","width":512,"height":512,"caption":"Coco Chat - Random Video Chat"},"image":{"@id":"https:\/\/cocochat.live\/fr\/#\/schema\/logo\/image\/"},"sameAs":["https:\/\/www.facebook.com\/cocochat.live","https:\/\/twitter.com\/LaCocoChat"]}]}},"_links":{"self":[{"href":"https:\/\/cocochat.live\/fr\/wp-json\/wp\/v2\/pages\/2578","targetHints":{"allow":["GET"]}}],"collection":[{"href":"https:\/\/cocochat.live\/fr\/wp-json\/wp\/v2\/pages"}],"about":[{"href":"https:\/\/cocochat.live\/fr\/wp-json\/wp\/v2\/types\/page"}],"author":[{"embeddable":true,"href":"https:\/\/cocochat.live\/fr\/wp-json\/wp\/v2\/users\/3"}],"replies":[{"embeddable":true,"href":"https:\/\/cocochat.live\/fr\/wp-json\/wp\/v2\/comments?post=2578"}],"version-history":[{"count":8,"href":"https:\/\/cocochat.live\/fr\/wp-json\/wp\/v2\/pages\/2578\/revisions"}],"predecessor-version":[{"id":3254,"href":"https:\/\/cocochat.live\/fr\/wp-json\/wp\/v2\/pages\/2578\/revisions\/3254"}],"wp:featuredmedia":[{"embeddable":true,"href":"https:\/\/cocochat.live\/fr\/wp-json\/wp\/v2\/media\/3252"}],"wp:attachment":[{"href":"https:\/\/cocochat.live\/fr\/wp-json\/wp\/v2\/media?parent=2578"}],"curies":[{"name":"wp","href":"https:\/\/api.w.org\/{rel}","templated":true}]}}