{"id":2390,"date":"2022-06-03T23:07:27","date_gmt":"2022-06-03T21:07:27","guid":{"rendered":"https:\/\/cocochat.live\/?page_id=2390"},"modified":"2024-03-01T09:51:23","modified_gmt":"2024-03-01T07:51:23","slug":"talk-to-strangers","status":"publish","type":"page","link":"https:\/\/cocochat.live\/fr\/talk-to-strangers\/","title":{"rendered":"Parler aux \u00e9trangers"},"content":{"rendered":"<p>\u00c0 l&#039;\u00e8re num\u00e9rique d&#039;aujourd&#039;hui, \u00e9tablir de nouvelles connexions et discuter avec des inconnus du monde entier n&#039;a jamais \u00e9t\u00e9 aussi simple, gr\u00e2ce \u00e0 des plateformes comme Talk to Strangers. Cette plateforme en ligne innovante offre un moyen fluide de rencontrer de nouvelles personnes, de partager des exp\u00e9riences et de nouer des amiti\u00e9s au-del\u00e0 des fronti\u00e8res. Que vous cherchiez \u00e0 d\u00e9couvrir de nouvelles cultures, \u00e0 pratiquer une langue ou simplement \u00e0 avoir une conversation amusante, Talk to Strangers offre un environnement s\u00fbr et convivial pour le faire. Dans ce guide, nous aborderons les fonctionnalit\u00e9s de Talk to Strangers, son fonctionnement et tout ce que vous devez savoir pour commencer.<\/p>\n<h3>Comment fonctionne Parler \u00e0 des inconnus<\/h3>\n<p>Talk to Strangers est con\u00e7u dans un souci de simplicit\u00e9 et de facilit\u00e9 d\u2019utilisation. La plateforme fonctionne sur un principe simple : vous connecter avec des personnes du monde entier via un chat en direct ou des appels vid\u00e9o. Lorsque vous acc\u00e9dez au site Web, vous n&#039;\u00eates qu&#039;\u00e0 quelques clics de d\u00e9marrer une conversation avec quelqu&#039;un de nouveau. Le syst\u00e8me associe les utilisateurs de mani\u00e8re al\u00e9atoire, garantissant que chaque interaction est unique et spontan\u00e9e.<\/p>\n<h3>Caract\u00e9ristiques de Parler \u00e0 des inconnus<\/h3>\n<ul>\n<li><strong>Chat anonyme\u00a0:<\/strong> La confidentialit\u00e9 est une priorit\u00e9, vous permettant de discuter de mani\u00e8re anonyme sans r\u00e9v\u00e9ler votre identit\u00e9.<\/li>\n<li><strong>Options de chat vid\u00e9o et texte\u00a0:<\/strong> Que vous pr\u00e9f\u00e9riez taper ou discuter en face \u00e0 face, Talk to Strangers prend en charge le chat texte et vid\u00e9o.<\/li>\n<li><strong>Connectivit\u00e9 mondiale\u00a0:<\/strong> Connectez-vous avec des personnes de diff\u00e9rents pays, \u00e9liminant les barri\u00e8res et \u00e9largissant vos horizons.<\/li>\n<li><strong>Interface conviviale\u00a0:<\/strong> La plate-forme est facile \u00e0 naviguer, la rendant accessible aux utilisateurs de tous \u00e2ges et de tous horizons techniques.<\/li>\n<\/ul>\n<h3>Comment s&#039;identifier<\/h3>\n<p>D\u00e9marrer avec Talk to Strangers est aussi simple que possible. Il n&#039;est pas n\u00e9cessaire d&#039;effectuer un long processus d&#039;inscription ou de connexion. Visitez simplement le site Web et vous pourrez imm\u00e9diatement commencer \u00e0 discuter avec des inconnus. Cette fonctionnalit\u00e9 sans connexion respecte l&#039;engagement de la plateforme en faveur de l&#039;anonymat des utilisateurs et de la facilit\u00e9 d&#039;utilisation.<\/p>\n<h3>Comment s&#039;abonner<\/h3>\n<p>Pour ceux qui cherchent \u00e0 am\u00e9liorer leur exp\u00e9rience, Talk to Strangers propose des options d&#039;abonnement qui d\u00e9bloquent des fonctionnalit\u00e9s suppl\u00e9mentaires. L&#039;abonnement est simple :<\/p>\n<ol>\n<li>Acc\u00e9dez \u00e0 la section d&#039;abonnement sur le site Web.<\/li>\n<li>Choisissez votre plan d&#039;abonnement pr\u00e9f\u00e9r\u00e9.<\/li>\n<li>Terminez le processus de paiement en utilisant un mode de paiement s\u00e9curis\u00e9.<\/li>\n<li>Profitez des fonctionnalit\u00e9s suppl\u00e9mentaires, telles que le chat sans publicit\u00e9 et la correspondance des priorit\u00e9s.<\/li>\n<\/ol>\n<h3>Comprendre les filtres<\/h3>\n<p>Talk to Strangers int\u00e8gre des filtres pour adapter votre exp\u00e9rience de discussion en fonction de vos pr\u00e9f\u00e9rences. Ces filtres incluent\u00a0:<\/p>\n<ul>\n<li><strong>Filtre de localisation\u00a0:<\/strong> Choisissez de vous connecter avec des personnes de pays ou de r\u00e9gions sp\u00e9cifiques.<\/li>\n<li><strong>Filtre de langue\u00a0:<\/strong> S\u00e9lectionnez les langues dans lesquelles vous \u00eates \u00e0 l&#039;aise pour discuter, rendant la communication plus fluide.<\/li>\n<li><strong>Filtre d&#039;int\u00e9r\u00eat\u00a0:<\/strong> Sp\u00e9cifiez vos int\u00e9r\u00eats pour correspondre \u00e0 des personnes qui partagent des passe-temps ou des sujets de conversation similaires.<\/li>\n<\/ul>\n<p>En utilisant ces filtres, vous pouvez personnaliser vos interactions sur Talk to Strangers, rendant chaque conversation plus pertinente et plus agr\u00e9able.<\/p>\n<h2>Parlez \u00e0 des inconnus maintenant<\/h2>\n<p>Bienvenue dans le chat vid\u00e9o Talk To Strangers. Talk to Strangers Video Chat est une application de chat qui permet de discuter anonymement avec des inconnus. Le chat vid\u00e9o Talk to Strangers poss\u00e8de de nombreuses fonctionnalit\u00e9s, notamment le chat priv\u00e9, les masques faciaux, les filtres de genre et les filtres de genre. Discutez instantan\u00e9ment avec des filles et des gar\u00e7ons al\u00e9atoires en ligne. C&#039;est pourquoi <a href=\"https:\/\/facebook.com\">Facebook<\/a> est tellement aim\u00e9. Il existe de nombreux autres endroits o\u00f9 les gens peuvent se rencontrer. De nombreux sites Web ressemblent \u00e0 des forums ou \u00e0 des babillards \u00e9lectroniques. Vous pouvez laisser des commentaires et revenir pour v\u00e9rifier si quelqu&#039;un a r\u00e9pondu. De nombreux sites Web proposent des chats en temps r\u00e9el qui vous permettent de communiquer avec les autres en temps r\u00e9el.<\/p>\n<h3>Chat vid\u00e9o<\/h3>\n<p><!-- Text --><\/p>\n<p>Meilleures fonctionnalit\u00e9s du chat vid\u00e9o Cocochat\u00a0: Vous pouvez facilement utiliser l&#039;application de chat al\u00e9atoire. Vous pouvez vous faire des amis au hasard. Match en quelques secondes Plateforme s\u00fbre et s\u00e9curis\u00e9e. Masque facial IA. Chat premium avec option de s\u00e9lection du sexe. Utilisez l&#039;option pour filtrer par pays<!-- \/ .row --><!-- Heading --><\/p>\n<h3>Chat par webcam al\u00e9atoire<\/h3>\n<p><!-- Text --><\/p>\n<p>L&#039;application peut \u00eatre utilis\u00e9e pour organiser des f\u00eates, apprendre de nouvelles langues et chanter entre eux.<br \/>\nSite vid\u00e9o de chat en direct\u00a0: trouvez des personnes v\u00e9rifi\u00e9es. Apr\u00e8s v\u00e9rification, le compte sera approuv\u00e9. Param\u00e8tres de filtrage filtr\u00e9s par sexe, vous pouvez contacter rapidement et facilement un compagnon premium.<\/p>\n<h3><!-- Number --><br \/>\nOmegle Chat entre filles<\/h3>\n<p><!-- Text --><\/p>\n<p>Les comptes cr\u00e9\u00e9s par quelqu&#039;un d&#039;autre ne seront pas accept\u00e9s. Si nous d\u00e9couvrons que quelqu\u2019un tente de se faire passer pour une autre personne, nous prendrons les mesures appropri\u00e9es. Toutes les membres f\u00e9minines doivent fournir leur v\u00e9ritable pi\u00e8ce d&#039;identit\u00e9 pour \u00eatre \u00e9ligibles \u00e0 l&#039;adh\u00e9sion premium. Parlez \u00e0 des inconnus en utilisant l&#039;alternative de chat al\u00e9atoire Coco Chat.<\/p>\n<p>Faites-vous de nouveaux amis, faites de nouvelles connaissances et partagez votre musique. Vous pouvez discuter de football, discuter en vid\u00e9o avec des inconnus ou vous d\u00e9tendre en regardant la derni\u00e8re s\u00e9rie Netflix. Parler \u00e0 des inconnus par chat vid\u00e9o est simple et gratuit. Amusez-vous Il est possible de rencontrer quelqu&#039;un de l&#039;autre c\u00f4t\u00e9 de la barri\u00e8re. Le chat vid\u00e9o al\u00e9atoire est un excellent moyen de rencontrer de nouvelles personnes de mani\u00e8re anonyme. Parlez \u00e0 des inconnus sur Coco Chat est l&#039;application de chat qui vous y m\u00e8nera. Notre application de chat est optimis\u00e9e pour vous permettre de choisir avec qui vous souhaitez discuter. C&#039;est une fa\u00e7on unique de rencontrer de nouvelles personnes.<\/p>\n<h2>Coco Chat Talk to Strangers offre une exp\u00e9rience de chat vid\u00e9o al\u00e9atoire gratuite.<\/h2>\n<p>Parler \u00e0 des inconnus Le chat vid\u00e9o vous permet de discuter avec des inconnus au hasard sur votre mobile ou votre ordinateur. Notre application s\u00e9lectionnera au hasard quelqu&#039;un dans le pays de votre choix. La prochaine personne que vous rencontrerez en ligne pourrait \u00eatre votre futur partenaire ou un ami. Coco Chat est enti\u00e8rement gratuit Les chats illimit\u00e9s sont gratuits\u00a0! il n&#039;y a aucun frais pour discuter. Acc\u00e8s illimit\u00e9 \u00e0 l&#039;application de rencontres en ligne incroyablement amusante et al\u00e9atoire et \u00e0 l&#039;application de chat vid\u00e9o avec des inconnus.<\/p>\n<h2>Alternative \u00e0 Chatroulette<\/h2>\n<p>Lorsque nous parlons \u00e0 quelqu\u2019un, nous voulons ressentir ses \u00e9motions. Certaines personnes se sentent insatisfaites si elles ne voient pas leurs \u00e9motions. Les conversations en face \u00e0 face peuvent \u00eatre plus efficaces pour comprendre les pens\u00e9es et les sentiments des autres. Les appels vid\u00e9o peuvent \u00eatre un excellent moyen de communication pour des inconnus. C&#039;est un excellent moyen d&#039;\u00e9valuer les intentions d&#039;\u00e9trangers en les appelant par vid\u00e9o.<\/p>\n<p>Si un gar\u00e7on et une fille se parlent et se sentent compatibles, ils peuvent d\u00e9cider de se rencontrer avant de fixer un rendez-vous. Vous pouvez \u00e9galement passer un appel vid\u00e9o pour d\u00e9cider si vous souhaitez poursuivre votre relation. Vous pouvez \u00e9galement lui dire au revoir si vous ne souhaitez pas poursuivre votre relation.<\/p>\n<p>Les appels vid\u00e9o peuvent \u00e9galement \u00eatre tr\u00e8s utiles pour les filles. Les filles peuvent voir et comprendre l\u2019homme avant de lui faire confiance. C&#039;est une mauvaise id\u00e9e de croire aveugl\u00e9ment Internet. Il est impossible d&#039;identifier votre interlocuteur. Les appels vid\u00e9o et les SMS ne sont pas justes. Les appels vid\u00e9o peuvent \u00eatre utilis\u00e9s pour porter des jugements s\u00fbrs. C&#039;est plus s\u00fbr que de rencontrer des inconnus et cela peut causer des probl\u00e8mes aux filles. Vous pouvez parler \u00e0 des inconnus par chat vid\u00e9o, puis d\u00e9cider s&#039;ils sont suffisamment dignes de confiance pour vous rencontrer.<\/p>\n<p>Lorsque vous abordez quelqu\u2019un lors d\u2019une soir\u00e9e, vous devez \u00eatre pr\u00e9cis. Parlez \u00e0 une fille lors d&#039;une f\u00eate avec ses amis et ne les approchez pas pendant qu&#039;ils parlent. Parler \u00e0 deux personnes qui se regardent n\u2019est pas une bonne id\u00e9e. Avant de parler \u00e0 quelqu&#039;un, attendez qu&#039;il arr\u00eate de parler. D\u00e9tendez-vous, puis parlez-leur.<\/p>\n<p>Les experts estiment que les personnes plus ouvertes aux nouvelles conversations et qui se tiennent \u00e0 l\u2019\u00e9cart, les pieds \u00e9cart\u00e9s, sont plus ouvertes que celles qui utilisent un langage corporel ferm\u00e9. Il est pr\u00e9f\u00e9rable de ne pas envoyer de SMS ni de parler au t\u00e9l\u00e9phone si vous souhaitez que quelqu&#039;un vous approche. C&#039;est \u00e9galement une bonne id\u00e9e de ne pas parler au t\u00e9l\u00e9phone, mais plut\u00f4t d&#039;approcher quelqu&#039;un une fois la conversation termin\u00e9e.<\/p>\n<p>Les pr\u00e9sentateurs doivent \u00eatre capables de communiquer clairement avec leur public. Les pr\u00e9sentateurs doivent maintenir l\u2019int\u00e9r\u00eat de leur public et maintenir un rythme constant.<\/p>\n<p>De nombreuses filles sont curieuses de savoir de quels sujets vous et votre petit ami pouvez discuter. Pour qu\u2019une relation saine soit maintenue, les deux partenaires doivent avoir des conversations r\u00e9guli\u00e8res.<\/p>\n<p>C&#039;est une excellente id\u00e9e de s&#039;asseoir avec votre petit ami apr\u00e8s une longue journ\u00e9e de travail et de d\u00eener ensemble. Cela contribue \u00e0 am\u00e9liorer la communication et \u00e0 r\u00e9pondre \u00e0 la question de savoir comment r\u00e9duire le stress.<\/p>\n<p>Parler avec votre patron peut aider \u00e0 identifier les probl\u00e8mes au travail et conduire \u00e0 des changements de comportement. Parler r\u00e9guli\u00e8rement \u00e0 votre petit ami vous aidera \u00e0 \u00eatre plus ouvert \u00e0 ses sentiments. Vos paroles doivent \u00eatre fid\u00e8les \u00e0 vous-m\u00eame.<\/p>\n<p>Beaucoup de gens ont des probl\u00e8mes dans leurs relations, m\u00eame s\u2019ils en parlent. Parler du probl\u00e8me ne suffit pas. Il est important de comprendre le probl\u00e8me et de l\u2019\u00e9couter.<\/p>\n<h3>Chat anonyme pour adultes<\/h3>\n<p>Notre gamme amusante de masques vous aidera \u00e0 prot\u00e9ger votre identit\u00e9 pendant que vous discutez. Nous avons plus d&#039;une douzaine d&#039;options. Ces masques de discussion peuvent \u00eatre utilis\u00e9s pour susciter une conversation et cacher votre visage aux \u00e9trangers. Quelle que soit la situation, il est difficile de se faire rejeter.<\/p>\n<h3>Chat vid\u00e9o al\u00e9atoire<\/h3>\n<p>Talk To Strangers est un excellent moyen de rencontrer instantan\u00e9ment des inconnus du monde entier. Notre chat vid\u00e9o al\u00e9atoire est utilis\u00e9 chaque jour par des milliers de personnes. Connectez-vous maintenant et amusez-vous \u00e0 explorer\u00a0! Il peut \u00eatre encore plus difficile d\u2019\u00eatre rejet\u00e9 dans un contexte romantique.<\/p>\n<h3>Trouver une aventure<\/h3>\n<p>Le service de chat al\u00e9atoire Talk To Strangers vous permettra de vous connecter instantan\u00e9ment avec des personnes partageant les m\u00eames id\u00e9es. De nombreuses personnes utilisent l&#039;application de chat Talk To Strangers pour rencontrer des personnes partageant les m\u00eames id\u00e9es. Il y a des milliers de personnes en ligne pr\u00eates \u00e0 vous rencontrer.<\/p>\n<h3>S\u00e9curit\u00e9 des cam\u00e9ras de chat gratuit<\/h3>\n<p>Ne divulguez aucune information personnelle \u00e0 des inconnus. Cela vous permettra de rester anonyme et s\u00e9curis\u00e9 lors de vos communications. Talk To Strangers utilise la technologie de cryptage et SSL la plus r\u00e9cente pour assurer votre s\u00e9curit\u00e9.<\/p>\n<h3>Rencontrer de nouveaux amis<\/h3>\n<p>Talk To Strangers est un excellent moyen de rencontrer instantan\u00e9ment des inconnus du monde entier. Notre chat al\u00e9atoire pour adultes est utilis\u00e9 par des milliers de personnes chaque jour. Connectez-vous maintenant et amusez-vous \u00e0 explorer\u00a0!<\/p>\n<h3>Filtrage du chat vid\u00e9o<\/h3>\n<p>Utilisez nos filtres de chat vid\u00e9o gratuits pour supprimer les connexions ind\u00e9sirables. Vous pouvez modifier les sexes et les lieux dans lesquels vous pr\u00e9f\u00e9rez rencontrer des gens. Vous pouvez facilement trouver des femmes et des hommes dans certains endroits qui correspondent \u00e0 vos pr\u00e9f\u00e9rences.<\/p>\n<h3>Conclusion<\/h3>\n<p>Talk to Strangers offre une plateforme unique pour les personnes cherchant \u00e0 \u00e9largir leur cercle social et \u00e0 se connecter avec des personnes d&#039;horizons divers. Sa conception centr\u00e9e sur l&#039;utilisateur, associ\u00e9e \u00e0 un engagement en faveur de la confidentialit\u00e9 et de la facilit\u00e9 d&#039;utilisation, en fait un choix remarquable pour tous ceux qui souhaitent explorer le monde du chat en ligne. Que vous soyez un passionn\u00e9 de chat chevronn\u00e9 ou un nouveau venu dans le domaine, Talk to Strangers vous invite \u00e0 vous lancer dans un voyage de d\u00e9couverte, une conversation \u00e0 la fois.<\/p>","protected":false},"excerpt":{"rendered":"<p>\u00c0 l&#039;\u00e8re num\u00e9rique d&#039;aujourd&#039;hui, \u00e9tablir de nouvelles connexions et discuter avec des inconnus du monde entier n&#039;a jamais \u00e9t\u00e9 aussi simple, gr\u00e2ce \u00e0 des plateformes comme Talk to Strangers. Cette plateforme en ligne innovante offre un moyen fluide de rencontrer de nouvelles personnes, de partager des exp\u00e9riences et de nouer des amiti\u00e9s au-del\u00e0 des fronti\u00e8res. Que vous cherchiez \u00e0 d\u00e9couvrir de nouvelles cultures, pratiquez un [\u2026]<\/p>","protected":false},"author":3,"featured_media":3264,"parent":0,"menu_order":0,"comment_status":"closed","ping_status":"closed","template":"","meta":{"_acf_changed":false,"footnotes":""},"class_list":["post-2390","page","type-page","status-publish","has-post-thumbnail","hentry"],"acf":[],"yoast_head":"<!-- This site is optimized with the Yoast SEO Premium plugin v21.5 (Yoast SEO v21.5) - https:\/\/yoast.com\/wordpress\/plugins\/seo\/ -->\n<title>Talk To Strangers - Omegle Alternative<\/title>\n<meta name=\"description\" content=\"Coco Chat is the right place for you if you want the perfect match and have fun conversations and talk to strangers.\" \/>\n<meta name=\"robots\" content=\"index, follow, max-snippet:-1, max-image-preview:large, max-video-preview:-1\" \/>\n<link rel=\"canonical\" href=\"https:\/\/cocochat.live\/fr\/talk-to-strangers\/\" \/>\n<meta property=\"og:locale\" content=\"fr_FR\" \/>\n<meta property=\"og:type\" content=\"article\" \/>\n<meta property=\"og:title\" content=\"Talk To Strangers\" \/>\n<meta property=\"og:description\" content=\"We strive to provide random video chat with random females. Coco chat is a stranger chat alternative for a random video call.\" \/>\n<meta property=\"og:url\" content=\"https:\/\/cocochat.live\/fr\/talk-to-strangers\/\" \/>\n<meta property=\"og:site_name\" content=\"Coco Chat\" \/>\n<meta property=\"article:publisher\" content=\"https:\/\/www.facebook.com\/cocochat.live\" \/>\n<meta property=\"article:modified_time\" content=\"2024-03-01T07:51:23+00:00\" \/>\n<meta property=\"og:image\" content=\"https:\/\/cocochat.live\/wp-content\/uploads\/2024\/03\/Talk-To-Strangers.jpg\" \/>\n\t<meta property=\"og:image:width\" content=\"2448\" \/>\n\t<meta property=\"og:image:height\" content=\"1632\" \/>\n\t<meta property=\"og:image:type\" content=\"image\/jpeg\" \/>\n<meta name=\"twitter:card\" content=\"summary_large_image\" \/>\n<meta name=\"twitter:site\" content=\"@LaCocoChat\" \/>\n<meta name=\"twitter:label1\" content=\"Dur\u00e9e de lecture estim\u00e9e\" \/>\n\t<meta name=\"twitter:data1\" content=\"8 minutes\" \/>\n<script type=\"application\/ld+json\" class=\"yoast-schema-graph\">{\"@context\":\"https:\/\/schema.org\",\"@graph\":[{\"@type\":\"WebPage\",\"@id\":\"https:\/\/cocochat.live\/talk-to-strangers\/\",\"url\":\"https:\/\/cocochat.live\/talk-to-strangers\/\",\"name\":\"Talk To Strangers - Omegle Alternative\",\"isPartOf\":{\"@id\":\"https:\/\/cocochat.live\/fr\/#website\"},\"datePublished\":\"2022-06-03T21:07:27+00:00\",\"dateModified\":\"2024-03-01T07:51:23+00:00\",\"description\":\"Coco Chat is the right place for you if you want the perfect match and have fun conversations and talk to strangers.\",\"breadcrumb\":{\"@id\":\"https:\/\/cocochat.live\/talk-to-strangers\/#breadcrumb\"},\"inLanguage\":\"fr-FR\",\"potentialAction\":[{\"@type\":\"ReadAction\",\"target\":[\"https:\/\/cocochat.live\/talk-to-strangers\/\"]}]},{\"@type\":\"BreadcrumbList\",\"@id\":\"https:\/\/cocochat.live\/talk-to-strangers\/#breadcrumb\",\"itemListElement\":[{\"@type\":\"ListItem\",\"position\":1,\"name\":\"Home\",\"item\":\"https:\/\/cocochat.live\/fr\/\"},{\"@type\":\"ListItem\",\"position\":2,\"name\":\"Talk To Strangers\"}]},{\"@type\":\"WebSite\",\"@id\":\"https:\/\/cocochat.live\/fr\/#website\",\"url\":\"https:\/\/cocochat.live\/fr\/\",\"name\":\"Coco Chat\",\"description\":\"Cocochat - Random Video Chat\",\"publisher\":{\"@id\":\"https:\/\/cocochat.live\/fr\/#organization\"},\"potentialAction\":[{\"@type\":\"SearchAction\",\"target\":{\"@type\":\"EntryPoint\",\"urlTemplate\":\"https:\/\/cocochat.live\/fr\/?s={search_term_string}\"},\"query-input\":\"required name=search_term_string\"}],\"inLanguage\":\"fr-FR\"},{\"@type\":\"Organization\",\"@id\":\"https:\/\/cocochat.live\/fr\/#organization\",\"name\":\"Coco Chat - Random Video Chat\",\"url\":\"https:\/\/cocochat.live\/fr\/\",\"logo\":{\"@type\":\"ImageObject\",\"inLanguage\":\"fr-FR\",\"@id\":\"https:\/\/cocochat.live\/fr\/#\/schema\/logo\/image\/\",\"url\":\"https:\/\/cocochat.live\/wp-content\/uploads\/2021\/10\/cropped-cropped-coco-chat-live.jpg\",\"contentUrl\":\"https:\/\/cocochat.live\/wp-content\/uploads\/2021\/10\/cropped-cropped-coco-chat-live.jpg\",\"width\":512,\"height\":512,\"caption\":\"Coco Chat - Random Video Chat\"},\"image\":{\"@id\":\"https:\/\/cocochat.live\/fr\/#\/schema\/logo\/image\/\"},\"sameAs\":[\"https:\/\/www.facebook.com\/cocochat.live\",\"https:\/\/twitter.com\/LaCocoChat\"]}]}<\/script>\n<!-- \/ Yoast SEO Premium plugin. -->","yoast_head_json":{"title":"Talk To Strangers - Omegle Alternative","description":"Coco Chat is the right place for you if you want the perfect match and have fun conversations and talk to strangers.","robots":{"index":"index","follow":"follow","max-snippet":"max-snippet:-1","max-image-preview":"max-image-preview:large","max-video-preview":"max-video-preview:-1"},"canonical":"https:\/\/cocochat.live\/fr\/talk-to-strangers\/","og_locale":"fr_FR","og_type":"article","og_title":"Talk To Strangers","og_description":"We strive to provide random video chat with random females. Coco chat is a stranger chat alternative for a random video call.","og_url":"https:\/\/cocochat.live\/fr\/talk-to-strangers\/","og_site_name":"Coco Chat","article_publisher":"https:\/\/www.facebook.com\/cocochat.live","article_modified_time":"2024-03-01T07:51:23+00:00","og_image":[{"width":2448,"height":1632,"url":"https:\/\/cocochat.live\/wp-content\/uploads\/2024\/03\/Talk-To-Strangers.jpg","type":"image\/jpeg"}],"twitter_card":"summary_large_image","twitter_site":"@LaCocoChat","twitter_misc":{"Dur\u00e9e de lecture estim\u00e9e":"8 minutes"},"schema":{"@context":"https:\/\/schema.org","@graph":[{"@type":"WebPage","@id":"https:\/\/cocochat.live\/talk-to-strangers\/","url":"https:\/\/cocochat.live\/talk-to-strangers\/","name":"Talk To Strangers - Omegle Alternative","isPartOf":{"@id":"https:\/\/cocochat.live\/fr\/#website"},"datePublished":"2022-06-03T21:07:27+00:00","dateModified":"2024-03-01T07:51:23+00:00","description":"Coco Chat is the right place for you if you want the perfect match and have fun conversations and talk to strangers.","breadcrumb":{"@id":"https:\/\/cocochat.live\/talk-to-strangers\/#breadcrumb"},"inLanguage":"fr-FR","potentialAction":[{"@type":"ReadAction","target":["https:\/\/cocochat.live\/talk-to-strangers\/"]}]},{"@type":"BreadcrumbList","@id":"https:\/\/cocochat.live\/talk-to-strangers\/#breadcrumb","itemListElement":[{"@type":"ListItem","position":1,"name":"Home","item":"https:\/\/cocochat.live\/fr\/"},{"@type":"ListItem","position":2,"name":"Talk To Strangers"}]},{"@type":"WebSite","@id":"https:\/\/cocochat.live\/fr\/#website","url":"https:\/\/cocochat.live\/fr\/","name":"Coco Chat","description":"Cocochat - Random Video Chat","publisher":{"@id":"https:\/\/cocochat.live\/fr\/#organization"},"potentialAction":[{"@type":"SearchAction","target":{"@type":"EntryPoint","urlTemplate":"https:\/\/cocochat.live\/fr\/?s={search_term_string}"},"query-input":"required name=search_term_string"}],"inLanguage":"fr-FR"},{"@type":"Organization","@id":"https:\/\/cocochat.live\/fr\/#organization","name":"Coco Chat - Random Video Chat","url":"https:\/\/cocochat.live\/fr\/","logo":{"@type":"ImageObject","inLanguage":"fr-FR","@id":"https:\/\/cocochat.live\/fr\/#\/schema\/logo\/image\/","url":"https:\/\/cocochat.live\/wp-content\/uploads\/2021\/10\/cropped-cropped-coco-chat-live.jpg","contentUrl":"https:\/\/cocochat.live\/wp-content\/uploads\/2021\/10\/cropped-cropped-coco-chat-live.jpg","width":512,"height":512,"caption":"Coco Chat - Random Video Chat"},"image":{"@id":"https:\/\/cocochat.live\/fr\/#\/schema\/logo\/image\/"},"sameAs":["https:\/\/www.facebook.com\/cocochat.live","https:\/\/twitter.com\/LaCocoChat"]}]}},"_links":{"self":[{"href":"https:\/\/cocochat.live\/fr\/wp-json\/wp\/v2\/pages\/2390","targetHints":{"allow":["GET"]}}],"collection":[{"href":"https:\/\/cocochat.live\/fr\/wp-json\/wp\/v2\/pages"}],"about":[{"href":"https:\/\/cocochat.live\/fr\/wp-json\/wp\/v2\/types\/page"}],"author":[{"embeddable":true,"href":"https:\/\/cocochat.live\/fr\/wp-json\/wp\/v2\/users\/3"}],"replies":[{"embeddable":true,"href":"https:\/\/cocochat.live\/fr\/wp-json\/wp\/v2\/comments?post=2390"}],"version-history":[{"count":17,"href":"https:\/\/cocochat.live\/fr\/wp-json\/wp\/v2\/pages\/2390\/revisions"}],"predecessor-version":[{"id":3266,"href":"https:\/\/cocochat.live\/fr\/wp-json\/wp\/v2\/pages\/2390\/revisions\/3266"}],"wp:featuredmedia":[{"embeddable":true,"href":"https:\/\/cocochat.live\/fr\/wp-json\/wp\/v2\/media\/3264"}],"wp:attachment":[{"href":"https:\/\/cocochat.live\/fr\/wp-json\/wp\/v2\/media?parent=2390"}],"curies":[{"name":"wp","href":"https:\/\/api.w.org\/{rel}","templated":true}]}}