{"id":2239,"date":"2022-04-24T14:13:48","date_gmt":"2022-04-24T12:13:48","guid":{"rendered":"https:\/\/cocochat.live\/?page_id=2239"},"modified":"2024-02-27T12:37:34","modified_gmt":"2024-02-27T10:37:34","slug":"chatzy","status":"publish","type":"page","link":"https:\/\/cocochat.live\/fr\/chatzy\/","title":{"rendered":"Chatzy"},"content":{"rendered":"<p>Beaucoup d\u2019hommes ont du mal \u00e0 croire que des conversations al\u00e9atoires puissent les amener \u00e0 rencontrer d\u2019autres hommes. Chatzy propose une solution simple. Discutez avec des filles qui s&#039;ennuient et amusez-vous.<br \/>\nChatzy vous permet de vous connecter avec d&#039;autres personnes partageant les m\u00eames int\u00e9r\u00eats. Il fonctionne avec n&#039;importe quel navigateur Web. Ces services sont fournis gratuitement et ne n\u00e9cessitent aucune application. Il est possible de visualiser l\u2019int\u00e9gralit\u00e9 du texte de leur chat en ligne en caract\u00e8res illimit\u00e9s. Vous pouvez cliquer sur le bouton inf\u00e9rieur pour fermer le chat. Vous pouvez \u00e9galement cliquer sur \u00ab\u00a0Quitter\u00a0\u00bb<\/p>\n<h2>Chatzy s&#039;engage \u00e0 fournir une exp\u00e9rience de chat vid\u00e9o al\u00e9atoire et gratuite.<\/h2>\n<p>Il associe les utilisateurs de mani\u00e8re al\u00e9atoire \u00e0 des groupes de discussion. Cela permet de r\u00e9duire le nombre d\u2019inconnus avec qui vous discutez. Discuter avec d&#039;autres personnes transformera les touches entr\u00e9e\/retour de votre clavier en un bouton d&#039;envoi. Coco chat est compatible avec n&#039;importe quel Google ou <a href=\"https:\/\/android.com\">Android<\/a> t\u00e9l\u00e9phone intelligent.<\/p>\n<h2>Chatzy gratuit de cam \u00e0 cam<\/h2>\n<p>Chatzy abrite plus de 10 000 belles femmes du monde entier. M\u00eame si vous ne parlez pas couramment sa langue, il est possible de communiquer avec elle. Notre \u00e9quipe a r\u00e9solu ce probl\u00e8me ! Notre \u00e9quipe a cr\u00e9\u00e9 un syst\u00e8me qui traduit instantan\u00e9ment les messages entrants et entrants. Profitez de votre amiti\u00e9 en ligne.<\/p>\n<p>Il remplit deux fonctions principales. Il facilite l&#039;amiti\u00e9 entre des personnes qui parlent anglais, fran\u00e7ais ou une autre langue. Nous sommes conscients que l&#039;amiti\u00e9 transcende les fronti\u00e8res.<\/p>\n<p>Chatzy a \u00e9t\u00e9 con\u00e7u pour aider les gens \u00e0 trouver l&#039;amiti\u00e9. Chatzy peut \u00eatre utilis\u00e9 dans de nombreuses langues pour communiquer avec les autres. Chatzy est capable de communiquer avec des personnes de toutes cultures et de toutes origines linguistiques, quelle que soit leur origine ethnique.<\/p>\n<p>Alternatives Chatzy<\/p>\n<p>C&#039;est une excellente alternative \u00e0 Omegle. Il fournit toutes les fonctionnalit\u00e9s de r\u00e9seaux sociaux telles que le partage de photos, la messagerie priv\u00e9e, le partage de photos et le partage de photos. Pour utiliser le service, vous devez vous inscrire ou vous connecter via Facebook. Une fois qu&#039;ils auront cr\u00e9\u00e9 un compte, ils pourront acc\u00e9der au service. Chatzy permet \u00e9galement aux utilisateurs de cr\u00e9er leurs propres publications. Chatzy est similaire \u00e0 Omegle.<\/p>\n<p>Chatzy peut \u00eatre utilis\u00e9 comme alternative \u00e0 Omegle. Chatzy peut \u00eatre plus efficace que Cocochat mais il vous permet de filtrer ce dont vous n&#039;avez pas besoin. Chatzy est id\u00e9al pour le travail et la famille, selon vos besoins. Il vous sera demand\u00e9 de cr\u00e9er un compte afin d&#039;acc\u00e9der \u00e0 ces services. Beaucoup de ces services sont gratuits tandis que d\u2019autres n\u00e9cessitent un abonnement premium.<\/p>\n<p>Il est facile de cr\u00e9er des statuts et un surnom que vous souhaitez partager avec vos amis. Votre apparence et la fa\u00e7on dont vous vous exprimez peuvent permettre d&#039;attirer facilement des personnes partageant les m\u00eames int\u00e9r\u00eats. Cela augmentera vos chances de rencontrer de nouvelles personnes et \u00e9ventuellement de devenir votre meilleur ami.<\/p>\n<p>C&#039;est simple de cr\u00e9er des statuts que vous aimez et de trouver un surnom \u00e0 partager avec vos amis. Vous pouvez attirer des personnes qui partagent vos int\u00e9r\u00eats gr\u00e2ce \u00e0 votre apparence et aux expressions faciales que vous utilisez. Cela augmentera vos chances de rencontrer de nouvelles personnes qui pourraient devenir votre meilleur ami.<\/p>\n<h3>Application Stranger Cam<\/h3>\n<p>Vous pouvez profiter de la compagnie et de l\u2019amiti\u00e9 d\u2019une personne via notre Soci\u00e9t\u00e9 sans partager aucune information personnelle. On ne vous demandera jamais vos informations priv\u00e9es. Il est facile d\u2019avoir une belle fille \u00e0 tout moment.<\/p>\n<h3>Chat al\u00e9atoire<\/h3>\n<p>Pour cr\u00e9er un compte en ligne pour un chat vid\u00e9o en direct, vous n&#039;avez pas besoin de fournir d&#039;informations priv\u00e9es. Discuter dans des sessions vid\u00e9o al\u00e9atoires ne partagera pas vos informations personnelles.<\/p>\n<h3>Cam\u00e9ra en direct gratuite<\/h3>\n<p>Une autre fonctionnalit\u00e9 de s\u00e9curit\u00e9 est la technologie de cryptage. Strangercam utilise la technologie de s\u00e9quences de cam\u00e9ras de s\u00e9curit\u00e9 la plus r\u00e9cente afin de crypter la vid\u00e9o et la parole.<\/p>\n<h3>Appels vid\u00e9o gratuits<\/h3>\n<p>Pour cr\u00e9er un lien fluide et rapide, il utilise la m\u00eame technologie de compression d&#039;image que YouTube. Vous ne pouvez \u00e9changer des informations priv\u00e9es avec votre compagnon que si vous le souhaitez. Strangercam ne demande pas d&#039;informations priv\u00e9es.<\/p>\n<h3>Inscription gratuite<\/h3>\n<p>Strangercam dispose de filtres de genre qui vous permettent de rechercher plus efficacement et vous aident \u00e0 trouver le bon partenaire. Nous vous aiderons \u00e0 trouver la personne id\u00e9ale. Vous pouvez profiter de la compagnie d&#039;une personne qualifi\u00e9e d\u00e8s aujourd&#039;hui, que vous soyez un homme ou une femme.<\/p>\n<h3>Grands filtres<\/h3>\n<p>Notre site Web vous permet de trouver facilement les filles qui vous int\u00e9ressent. Vous pouvez facilement changer de fille si vous ne l&#039;aimez pas. D\u00e8s que vous allumerez votre appareil photo, un inconnu appara\u00eetra. Vous pouvez toujours appuyer sur \u00ab\u00a0Suivant\u00a0\u00bb si vous n&#039;\u00eates pas satisfait de votre match.<\/p>","protected":false},"excerpt":{"rendered":"<p>Beaucoup d&#039;hommes ont du mal \u00e0 croire que des conversations al\u00e9atoires pourraient les amener \u00e0 rencontrer d&#039;autres hommes. Chatzy propose une solution simple. Discutez avec des filles qui s&#039;ennuient et amusez-vous. Chatzy vous permet de vous connecter avec d&#039;autres personnes qui ont des int\u00e9r\u00eats similaires. Il fonctionne avec n&#039;importe quel navigateur Web. Ces services sont fournis gratuitement et ne n\u00e9cessitent aucune [\u2026]<\/p>","protected":false},"author":3,"featured_media":3196,"parent":0,"menu_order":0,"comment_status":"closed","ping_status":"closed","template":"","meta":{"_acf_changed":false,"footnotes":""},"class_list":["post-2239","page","type-page","status-publish","has-post-thumbnail","hentry"],"acf":[],"yoast_head":"<!-- This site is optimized with the Yoast SEO Premium plugin v21.5 (Yoast SEO v21.5) - https:\/\/yoast.com\/wordpress\/plugins\/seo\/ -->\n<title>Chatzy - Free Private Chat Rooms<\/title>\n<meta name=\"description\" content=\"Cocochat is the right place if youre looking for the perfect match and fun conversations. Free Private Chat Rooms are Free Private Chat Rooms\" \/>\n<meta name=\"robots\" content=\"index, follow, max-snippet:-1, max-image-preview:large, max-video-preview:-1\" \/>\n<link rel=\"canonical\" href=\"https:\/\/cocochat.live\/fr\/chatzy\/\" \/>\n<meta property=\"og:locale\" content=\"fr_FR\" \/>\n<meta property=\"og:type\" content=\"article\" \/>\n<meta property=\"og:title\" content=\"Chatzy\" \/>\n<meta property=\"og:description\" content=\"We strive to provide random video chat with random females. Coco chat is a stranger chat alternative for a random video call.\" \/>\n<meta property=\"og:url\" content=\"https:\/\/cocochat.live\/fr\/chatzy\/\" \/>\n<meta property=\"og:site_name\" content=\"Coco Chat\" \/>\n<meta property=\"article:publisher\" content=\"https:\/\/www.facebook.com\/cocochat.live\" \/>\n<meta property=\"article:modified_time\" content=\"2024-02-27T10:37:34+00:00\" \/>\n<meta property=\"og:image\" content=\"https:\/\/cocochat.live\/wp-content\/uploads\/2024\/02\/chatzy.png\" \/>\n\t<meta property=\"og:image:width\" content=\"960\" \/>\n\t<meta property=\"og:image:height\" content=\"1280\" \/>\n\t<meta property=\"og:image:type\" content=\"image\/png\" \/>\n<meta name=\"twitter:card\" content=\"summary_large_image\" \/>\n<meta name=\"twitter:site\" content=\"@LaCocoChat\" \/>\n<meta name=\"twitter:label1\" content=\"Dur\u00e9e de lecture estim\u00e9e\" \/>\n\t<meta name=\"twitter:data1\" content=\"4 minutes\" \/>\n<script type=\"application\/ld+json\" class=\"yoast-schema-graph\">{\"@context\":\"https:\/\/schema.org\",\"@graph\":[{\"@type\":\"WebPage\",\"@id\":\"https:\/\/cocochat.live\/es\/chatzy\/\",\"url\":\"https:\/\/cocochat.live\/es\/chatzy\/\",\"name\":\"Chatzy - Free Private Chat Rooms\",\"isPartOf\":{\"@id\":\"https:\/\/cocochat.live\/fr\/#website\"},\"datePublished\":\"2022-04-24T12:13:48+00:00\",\"dateModified\":\"2024-02-27T10:37:34+00:00\",\"description\":\"Cocochat is the right place if youre looking for the perfect match and fun conversations. Free Private Chat Rooms are Free Private Chat Rooms\",\"breadcrumb\":{\"@id\":\"https:\/\/cocochat.live\/es\/chatzy\/#breadcrumb\"},\"inLanguage\":\"fr-FR\",\"potentialAction\":[{\"@type\":\"ReadAction\",\"target\":[\"https:\/\/cocochat.live\/es\/chatzy\/\"]}]},{\"@type\":\"BreadcrumbList\",\"@id\":\"https:\/\/cocochat.live\/es\/chatzy\/#breadcrumb\",\"itemListElement\":[{\"@type\":\"ListItem\",\"position\":1,\"name\":\"Home\",\"item\":\"https:\/\/cocochat.live\/fr\/\"},{\"@type\":\"ListItem\",\"position\":2,\"name\":\"Chatzy\"}]},{\"@type\":\"WebSite\",\"@id\":\"https:\/\/cocochat.live\/fr\/#website\",\"url\":\"https:\/\/cocochat.live\/fr\/\",\"name\":\"Coco Chat\",\"description\":\"Cocochat - Random Video Chat\",\"publisher\":{\"@id\":\"https:\/\/cocochat.live\/fr\/#organization\"},\"potentialAction\":[{\"@type\":\"SearchAction\",\"target\":{\"@type\":\"EntryPoint\",\"urlTemplate\":\"https:\/\/cocochat.live\/fr\/?s={search_term_string}\"},\"query-input\":\"required name=search_term_string\"}],\"inLanguage\":\"fr-FR\"},{\"@type\":\"Organization\",\"@id\":\"https:\/\/cocochat.live\/fr\/#organization\",\"name\":\"Coco Chat - Random Video Chat\",\"url\":\"https:\/\/cocochat.live\/fr\/\",\"logo\":{\"@type\":\"ImageObject\",\"inLanguage\":\"fr-FR\",\"@id\":\"https:\/\/cocochat.live\/fr\/#\/schema\/logo\/image\/\",\"url\":\"https:\/\/cocochat.live\/wp-content\/uploads\/2021\/10\/cropped-cropped-coco-chat-live.jpg\",\"contentUrl\":\"https:\/\/cocochat.live\/wp-content\/uploads\/2021\/10\/cropped-cropped-coco-chat-live.jpg\",\"width\":512,\"height\":512,\"caption\":\"Coco Chat - Random Video Chat\"},\"image\":{\"@id\":\"https:\/\/cocochat.live\/fr\/#\/schema\/logo\/image\/\"},\"sameAs\":[\"https:\/\/www.facebook.com\/cocochat.live\",\"https:\/\/twitter.com\/LaCocoChat\"]}]}<\/script>\n<!-- \/ Yoast SEO Premium plugin. -->","yoast_head_json":{"title":"Chatzy - Free Private Chat Rooms","description":"Cocochat is the right place if youre looking for the perfect match and fun conversations. Free Private Chat Rooms are Free Private Chat Rooms","robots":{"index":"index","follow":"follow","max-snippet":"max-snippet:-1","max-image-preview":"max-image-preview:large","max-video-preview":"max-video-preview:-1"},"canonical":"https:\/\/cocochat.live\/fr\/chatzy\/","og_locale":"fr_FR","og_type":"article","og_title":"Chatzy","og_description":"We strive to provide random video chat with random females. Coco chat is a stranger chat alternative for a random video call.","og_url":"https:\/\/cocochat.live\/fr\/chatzy\/","og_site_name":"Coco Chat","article_publisher":"https:\/\/www.facebook.com\/cocochat.live","article_modified_time":"2024-02-27T10:37:34+00:00","og_image":[{"width":960,"height":1280,"url":"https:\/\/cocochat.live\/wp-content\/uploads\/2024\/02\/chatzy.png","type":"image\/png"}],"twitter_card":"summary_large_image","twitter_site":"@LaCocoChat","twitter_misc":{"Dur\u00e9e de lecture estim\u00e9e":"4 minutes"},"schema":{"@context":"https:\/\/schema.org","@graph":[{"@type":"WebPage","@id":"https:\/\/cocochat.live\/es\/chatzy\/","url":"https:\/\/cocochat.live\/es\/chatzy\/","name":"Chatzy - Free Private Chat Rooms","isPartOf":{"@id":"https:\/\/cocochat.live\/fr\/#website"},"datePublished":"2022-04-24T12:13:48+00:00","dateModified":"2024-02-27T10:37:34+00:00","description":"Cocochat is the right place if youre looking for the perfect match and fun conversations. Free Private Chat Rooms are Free Private Chat Rooms","breadcrumb":{"@id":"https:\/\/cocochat.live\/es\/chatzy\/#breadcrumb"},"inLanguage":"fr-FR","potentialAction":[{"@type":"ReadAction","target":["https:\/\/cocochat.live\/es\/chatzy\/"]}]},{"@type":"BreadcrumbList","@id":"https:\/\/cocochat.live\/es\/chatzy\/#breadcrumb","itemListElement":[{"@type":"ListItem","position":1,"name":"Home","item":"https:\/\/cocochat.live\/fr\/"},{"@type":"ListItem","position":2,"name":"Chatzy"}]},{"@type":"WebSite","@id":"https:\/\/cocochat.live\/fr\/#website","url":"https:\/\/cocochat.live\/fr\/","name":"Coco Chat","description":"Cocochat - Random Video Chat","publisher":{"@id":"https:\/\/cocochat.live\/fr\/#organization"},"potentialAction":[{"@type":"SearchAction","target":{"@type":"EntryPoint","urlTemplate":"https:\/\/cocochat.live\/fr\/?s={search_term_string}"},"query-input":"required name=search_term_string"}],"inLanguage":"fr-FR"},{"@type":"Organization","@id":"https:\/\/cocochat.live\/fr\/#organization","name":"Coco Chat - Random Video Chat","url":"https:\/\/cocochat.live\/fr\/","logo":{"@type":"ImageObject","inLanguage":"fr-FR","@id":"https:\/\/cocochat.live\/fr\/#\/schema\/logo\/image\/","url":"https:\/\/cocochat.live\/wp-content\/uploads\/2021\/10\/cropped-cropped-coco-chat-live.jpg","contentUrl":"https:\/\/cocochat.live\/wp-content\/uploads\/2021\/10\/cropped-cropped-coco-chat-live.jpg","width":512,"height":512,"caption":"Coco Chat - Random Video Chat"},"image":{"@id":"https:\/\/cocochat.live\/fr\/#\/schema\/logo\/image\/"},"sameAs":["https:\/\/www.facebook.com\/cocochat.live","https:\/\/twitter.com\/LaCocoChat"]}]}},"_links":{"self":[{"href":"https:\/\/cocochat.live\/fr\/wp-json\/wp\/v2\/pages\/2239","targetHints":{"allow":["GET"]}}],"collection":[{"href":"https:\/\/cocochat.live\/fr\/wp-json\/wp\/v2\/pages"}],"about":[{"href":"https:\/\/cocochat.live\/fr\/wp-json\/wp\/v2\/types\/page"}],"author":[{"embeddable":true,"href":"https:\/\/cocochat.live\/fr\/wp-json\/wp\/v2\/users\/3"}],"replies":[{"embeddable":true,"href":"https:\/\/cocochat.live\/fr\/wp-json\/wp\/v2\/comments?post=2239"}],"version-history":[{"count":23,"href":"https:\/\/cocochat.live\/fr\/wp-json\/wp\/v2\/pages\/2239\/revisions"}],"predecessor-version":[{"id":3198,"href":"https:\/\/cocochat.live\/fr\/wp-json\/wp\/v2\/pages\/2239\/revisions\/3198"}],"wp:featuredmedia":[{"embeddable":true,"href":"https:\/\/cocochat.live\/fr\/wp-json\/wp\/v2\/media\/3196"}],"wp:attachment":[{"href":"https:\/\/cocochat.live\/fr\/wp-json\/wp\/v2\/media?parent=2239"}],"curies":[{"name":"wp","href":"https:\/\/api.w.org\/{rel}","templated":true}]}}