{"id":2021,"date":"2022-03-19T23:41:50","date_gmt":"2022-03-19T21:41:50","guid":{"rendered":"https:\/\/cocochat.live\/?page_id=2021"},"modified":"2024-02-28T11:00:46","modified_gmt":"2024-02-28T09:00:46","slug":"webcam","status":"publish","type":"page","link":"https:\/\/cocochat.live\/fr\/webcam\/","title":{"rendered":"Webcam"},"content":{"rendered":"<p>Les mod\u00e8les de webcam diffusent des vid\u00e9os en direct en ligne et discutent avec les utilisateurs ou les clients qui les paient. Discuter avec une camgirl peut commencer dans une discussion de groupe. Des s\u00e9ances individuelles sont disponibles pour ceux qui souhaitent discuter avec un mod\u00e8le en priv\u00e9, ou le \u00ab montrer \u00bb. Vous pouvez choisir avec qui vous souhaitez discuter de mani\u00e8re al\u00e9atoire \u00e0 l&#039;aide de l&#039;application de chat Cocochat.live en glissant simplement vers le suivant. Vous pouvez utiliser le filtre de cam\u00e9ra pour vous assurer que vous \u00eates en mesure de r\u00e9pondre au meilleur chat vid\u00e9o al\u00e9atoire pour webcam en ligne. Notre interface d&#039;appel vid\u00e9o conviviale est simple et directe \u00e0 utiliser, ce que les membres de Cocochat adorent. L\u2019absence de composants superflus et l\u2019attention port\u00e9e aux moindres d\u00e9tails comptent parmi ses principaux m\u00e9rites. tout ce qui pourrait \u00eatre n\u00e9cessaire se trouve sur le panneau principal. Pour une meilleure accessibilit\u00e9, tous les boutons les plus essentiels sont dans une position appropri\u00e9e.<\/p>\n<h2>Coco Chat s&#039;engage \u00e0 fournir la meilleure exp\u00e9rience de chat vid\u00e9o anonyme.<\/h2>\n<p>Chaque jour, des milliers de personnes participent \u00e0 un chat vid\u00e9o en direct. Coco Chat est un site de chat en ligne qui permet aux utilisateurs de communiquer entre eux sans avoir \u00e0 s'inscrire. De mani\u00e8re al\u00e9atoire, le service met les utilisateurs en relation pour discuter dans des sessions de chat priv\u00e9es.<\/p>\n<p>Le chat vid\u00e9o et la s\u00e9curit\u00e9 ont consid\u00e9rablement augment\u00e9 et, pour cette raison, il existe d\u00e9sormais un tr\u00e8s grand groupe Cocochat. Les gens utilisent de plus en plus ce programme en permanence.<\/p>\n<h2>Chat Webcam<\/h2>\n<p>Les mod\u00e8les de webcam diffusent des vid\u00e9os en direct en ligne et discutent avec des clients ou des utilisateurs qui les paient pour le faire. Une conversation avec une camgirl peut commencer dans une discussion de groupe. Cependant, ceux qui souhaitent discuter avec un mod\u00e8le en priv\u00e9 ou pour un \u00ab show \u00bb peuvent payer plus pour une s\u00e9ance individuelle.<\/p>\n<p>Les mod\u00e8les qui travaillent comme webcams sont g\u00e9n\u00e9ralement pay\u00e9s \u00e0 la minute \u00e0 des tarifs pouvant atteindre 100 PS par heure. Beaucoup d\u2019entre eux travaillent \u00e0 distance et sont soutenus par des agences qui prennent une part.<\/p>\n<p>Les clients leur demandent souvent d&#039;accomplir des actes sexuels, mais ils ne sont pas toujours oblig\u00e9s de le faire. Ils proposent des exp\u00e9riences de niche, de la domination financi\u00e8re \u00e0 la \u00ab petite amie \u00bb, qui est la plus lucrative.<\/p>\n<p>Beaucoup de gens ne connaissent pas grand-chose au monde d\u2019une camgirl. Coco Chat a eu l&#039;occasion de parler \u00e0 un mod\u00e8le webcam qui travaillait dans l&#039;ouest de Londres. Nous lui avons pos\u00e9 plusieurs questions dont nous pensions que les gens seraient les plus int\u00e9ress\u00e9s \u00e0 conna\u00eetre les r\u00e9ponses.<\/p>\n<p>Une habitante de Hammersmith, 34 ans, a demand\u00e9 l&#039;anonymat parce qu&#039;elle a d\u00e9clar\u00e9 avoir quitt\u00e9 son emploi de secr\u00e9taire il y a pr\u00e8s d&#039;un demi-si\u00e8cle pour devenir cam girl \u00e0 plein temps. Elle gagne en moyenne 300 PS par jour, mais elle ne travaille que de 7h \u00e0 10h.<\/p>\n<p>Que diriez-vous de votre travail \u00e0 quelqu&#039;un qui ne sait pas ce qu&#039;est une camgirl ? Un mod\u00e8le de webcam serait la meilleure description. Je dirais \u00e9galement qu&#039;il s&#039;agit de mannequins pay\u00e9s \u00e0 la minute et de performances en direct dans ce que nous appelons des \u00ab spectacles \u00bb et des \u00ab appels \u00bb.<\/p>\n<h3>Application Coco Chat<\/h3>\n<p>Coco Chat App est l'application Coco Chat la plus populaire. Elle vous permet de vous connecter avec des personnes partageant les m\u00eames id\u00e9es.<\/p>\n<h3>Swipe and Meet<\/h3>\n<p>Faire des rencontres sur Coco Chat est tr\u00e8s facile. Filtrez en fonction des pr\u00e9f\u00e9rences de votre partenaire id\u00e9al, connectez-vous et profitez-en en quelques secondes.<\/p>\n<h3>Exp\u00e9rience utilisateur mobile<\/h3>\n<p>Nous offrons la meilleure exp\u00e9rience utilisateur mobile pour Apple et Android et occupons une place importante dans les recherches mobiles.<\/p>\n<h3>Vid\u00e9o optimis\u00e9e<\/h3>\n<p>Une exp\u00e9rience coh\u00e9rente, que vous discutiez sur votre ordinateur, votre tablette ou votre t\u00e9l\u00e9phone portable.<\/p>\n<h3>Inscription facultative<\/h3>\n<p>Chattez de mani\u00e8re anonyme et contr\u00f4lez quand vous fournissez des informations personnelles \u00e0 d'autres chatteurs.<\/p>\n<h3>Filtres sup\u00e9rieurs<\/h3>\n<p>Filtrez le bruit. Gr\u00e2ce aux options de filtrage avanc\u00e9es, vous pouvez facilement d\u00e9cider avec qui vous voulez vous mettre en relation. Trouvez rapidement et facilement votre partenaire id\u00e9al.<\/p>","protected":false},"excerpt":{"rendered":"<p>Les mod\u00e8les de webcam diffusent des vid\u00e9os en direct en ligne et discutent avec des utilisateurs ou des clients qui les paient. La discussion avec une camgirl peut commencer dans un chat de groupe. Des sessions individuelles sont disponibles pour ceux qui souhaitent discuter avec un mod\u00e8le en priv\u00e9 ou pour lui \u00ab montrer \u00bb. Vous pouvez choisir avec qui vous voulez discuter au hasard en utilisant le service Cocochat.live [\u2026]<\/p>","protected":false},"author":1,"featured_media":3210,"parent":0,"menu_order":0,"comment_status":"closed","ping_status":"closed","template":"","meta":{"_acf_changed":false,"footnotes":""},"class_list":["post-2021","page","type-page","status-publish","has-post-thumbnail","hentry"],"acf":[],"yoast_head":"<!-- This site is optimized with the Yoast SEO Premium plugin v21.5 (Yoast SEO v21.5) - https:\/\/yoast.com\/wordpress\/plugins\/seo\/ -->\n<title>Webcam - Random Video Chat - Coco Chat<\/title>\n<meta name=\"description\" content=\"Coco Chat is the right place for you if you have a liking or preference for the perfect match and fun conversations. Have a fun webcam chat\" \/>\n<meta name=\"robots\" content=\"index, follow, max-snippet:-1, max-image-preview:large, max-video-preview:-1\" \/>\n<link rel=\"canonical\" href=\"https:\/\/cocochat.live\/fr\/webcam\/\" \/>\n<meta property=\"og:locale\" content=\"fr_FR\" \/>\n<meta property=\"og:type\" content=\"article\" \/>\n<meta property=\"og:title\" content=\"Webcam\" \/>\n<meta property=\"og:description\" content=\"We strive to provide random video chat with random females. Coco chat is a stranger chat alternative for a random video call.\" \/>\n<meta property=\"og:url\" content=\"https:\/\/cocochat.live\/fr\/webcam\/\" \/>\n<meta property=\"og:site_name\" content=\"Coco Chat\" \/>\n<meta property=\"article:publisher\" content=\"https:\/\/www.facebook.com\/cocochat.live\" \/>\n<meta property=\"article:modified_time\" content=\"2024-02-28T09:00:46+00:00\" \/>\n<meta property=\"og:image\" content=\"https:\/\/cocochat.live\/wp-content\/uploads\/2024\/02\/webcam-chat.png\" \/>\n\t<meta property=\"og:image:width\" content=\"960\" \/>\n\t<meta property=\"og:image:height\" content=\"1280\" \/>\n\t<meta property=\"og:image:type\" content=\"image\/png\" \/>\n<meta name=\"twitter:card\" content=\"summary_large_image\" \/>\n<meta name=\"twitter:site\" content=\"@LaCocoChat\" \/>\n<meta name=\"twitter:label1\" content=\"Dur\u00e9e de lecture estim\u00e9e\" \/>\n\t<meta name=\"twitter:data1\" content=\"3 minutes\" \/>\n<script type=\"application\/ld+json\" class=\"yoast-schema-graph\">{\"@context\":\"https:\/\/schema.org\",\"@graph\":[{\"@type\":\"WebPage\",\"@id\":\"https:\/\/cocochat.live\/webcam\/\",\"url\":\"https:\/\/cocochat.live\/webcam\/\",\"name\":\"Webcam - Random Video Chat - Coco Chat\",\"isPartOf\":{\"@id\":\"https:\/\/cocochat.live\/fr\/#website\"},\"datePublished\":\"2022-03-19T21:41:50+00:00\",\"dateModified\":\"2024-02-28T09:00:46+00:00\",\"description\":\"Coco Chat is the right place for you if you have a liking or preference for the perfect match and fun conversations. Have a fun webcam chat\",\"breadcrumb\":{\"@id\":\"https:\/\/cocochat.live\/webcam\/#breadcrumb\"},\"inLanguage\":\"fr-FR\",\"potentialAction\":[{\"@type\":\"ReadAction\",\"target\":[\"https:\/\/cocochat.live\/webcam\/\"]}]},{\"@type\":\"BreadcrumbList\",\"@id\":\"https:\/\/cocochat.live\/webcam\/#breadcrumb\",\"itemListElement\":[{\"@type\":\"ListItem\",\"position\":1,\"name\":\"Home\",\"item\":\"https:\/\/cocochat.live\/fr\/\"},{\"@type\":\"ListItem\",\"position\":2,\"name\":\"Webcam\"}]},{\"@type\":\"WebSite\",\"@id\":\"https:\/\/cocochat.live\/fr\/#website\",\"url\":\"https:\/\/cocochat.live\/fr\/\",\"name\":\"Coco Chat\",\"description\":\"Cocochat - Random Video Chat\",\"publisher\":{\"@id\":\"https:\/\/cocochat.live\/fr\/#organization\"},\"potentialAction\":[{\"@type\":\"SearchAction\",\"target\":{\"@type\":\"EntryPoint\",\"urlTemplate\":\"https:\/\/cocochat.live\/fr\/?s={search_term_string}\"},\"query-input\":\"required name=search_term_string\"}],\"inLanguage\":\"fr-FR\"},{\"@type\":\"Organization\",\"@id\":\"https:\/\/cocochat.live\/fr\/#organization\",\"name\":\"Coco Chat - Random Video Chat\",\"url\":\"https:\/\/cocochat.live\/fr\/\",\"logo\":{\"@type\":\"ImageObject\",\"inLanguage\":\"fr-FR\",\"@id\":\"https:\/\/cocochat.live\/fr\/#\/schema\/logo\/image\/\",\"url\":\"https:\/\/cocochat.live\/wp-content\/uploads\/2021\/10\/cropped-cropped-coco-chat-live.jpg\",\"contentUrl\":\"https:\/\/cocochat.live\/wp-content\/uploads\/2021\/10\/cropped-cropped-coco-chat-live.jpg\",\"width\":512,\"height\":512,\"caption\":\"Coco Chat - Random Video Chat\"},\"image\":{\"@id\":\"https:\/\/cocochat.live\/fr\/#\/schema\/logo\/image\/\"},\"sameAs\":[\"https:\/\/www.facebook.com\/cocochat.live\",\"https:\/\/twitter.com\/LaCocoChat\"]}]}<\/script>\n<!-- \/ Yoast SEO Premium plugin. -->","yoast_head_json":{"title":"Webcam - Random Video Chat - Coco Chat","description":"Coco Chat is the right place for you if you have a liking or preference for the perfect match and fun conversations. Have a fun webcam chat","robots":{"index":"index","follow":"follow","max-snippet":"max-snippet:-1","max-image-preview":"max-image-preview:large","max-video-preview":"max-video-preview:-1"},"canonical":"https:\/\/cocochat.live\/fr\/webcam\/","og_locale":"fr_FR","og_type":"article","og_title":"Webcam","og_description":"We strive to provide random video chat with random females. Coco chat is a stranger chat alternative for a random video call.","og_url":"https:\/\/cocochat.live\/fr\/webcam\/","og_site_name":"Coco Chat","article_publisher":"https:\/\/www.facebook.com\/cocochat.live","article_modified_time":"2024-02-28T09:00:46+00:00","og_image":[{"width":960,"height":1280,"url":"https:\/\/cocochat.live\/wp-content\/uploads\/2024\/02\/webcam-chat.png","type":"image\/png"}],"twitter_card":"summary_large_image","twitter_site":"@LaCocoChat","twitter_misc":{"Dur\u00e9e de lecture estim\u00e9e":"3 minutes"},"schema":{"@context":"https:\/\/schema.org","@graph":[{"@type":"WebPage","@id":"https:\/\/cocochat.live\/webcam\/","url":"https:\/\/cocochat.live\/webcam\/","name":"Webcam - Random Video Chat - Coco Chat","isPartOf":{"@id":"https:\/\/cocochat.live\/fr\/#website"},"datePublished":"2022-03-19T21:41:50+00:00","dateModified":"2024-02-28T09:00:46+00:00","description":"Coco Chat is the right place for you if you have a liking or preference for the perfect match and fun conversations. Have a fun webcam chat","breadcrumb":{"@id":"https:\/\/cocochat.live\/webcam\/#breadcrumb"},"inLanguage":"fr-FR","potentialAction":[{"@type":"ReadAction","target":["https:\/\/cocochat.live\/webcam\/"]}]},{"@type":"BreadcrumbList","@id":"https:\/\/cocochat.live\/webcam\/#breadcrumb","itemListElement":[{"@type":"ListItem","position":1,"name":"Home","item":"https:\/\/cocochat.live\/fr\/"},{"@type":"ListItem","position":2,"name":"Webcam"}]},{"@type":"WebSite","@id":"https:\/\/cocochat.live\/fr\/#website","url":"https:\/\/cocochat.live\/fr\/","name":"Coco Chat","description":"Cocochat - Random Video Chat","publisher":{"@id":"https:\/\/cocochat.live\/fr\/#organization"},"potentialAction":[{"@type":"SearchAction","target":{"@type":"EntryPoint","urlTemplate":"https:\/\/cocochat.live\/fr\/?s={search_term_string}"},"query-input":"required name=search_term_string"}],"inLanguage":"fr-FR"},{"@type":"Organization","@id":"https:\/\/cocochat.live\/fr\/#organization","name":"Coco Chat - Random Video Chat","url":"https:\/\/cocochat.live\/fr\/","logo":{"@type":"ImageObject","inLanguage":"fr-FR","@id":"https:\/\/cocochat.live\/fr\/#\/schema\/logo\/image\/","url":"https:\/\/cocochat.live\/wp-content\/uploads\/2021\/10\/cropped-cropped-coco-chat-live.jpg","contentUrl":"https:\/\/cocochat.live\/wp-content\/uploads\/2021\/10\/cropped-cropped-coco-chat-live.jpg","width":512,"height":512,"caption":"Coco Chat - Random Video Chat"},"image":{"@id":"https:\/\/cocochat.live\/fr\/#\/schema\/logo\/image\/"},"sameAs":["https:\/\/www.facebook.com\/cocochat.live","https:\/\/twitter.com\/LaCocoChat"]}]}},"_links":{"self":[{"href":"https:\/\/cocochat.live\/fr\/wp-json\/wp\/v2\/pages\/2021","targetHints":{"allow":["GET"]}}],"collection":[{"href":"https:\/\/cocochat.live\/fr\/wp-json\/wp\/v2\/pages"}],"about":[{"href":"https:\/\/cocochat.live\/fr\/wp-json\/wp\/v2\/types\/page"}],"author":[{"embeddable":true,"href":"https:\/\/cocochat.live\/fr\/wp-json\/wp\/v2\/users\/1"}],"replies":[{"embeddable":true,"href":"https:\/\/cocochat.live\/fr\/wp-json\/wp\/v2\/comments?post=2021"}],"version-history":[{"count":16,"href":"https:\/\/cocochat.live\/fr\/wp-json\/wp\/v2\/pages\/2021\/revisions"}],"predecessor-version":[{"id":3214,"href":"https:\/\/cocochat.live\/fr\/wp-json\/wp\/v2\/pages\/2021\/revisions\/3214"}],"wp:featuredmedia":[{"embeddable":true,"href":"https:\/\/cocochat.live\/fr\/wp-json\/wp\/v2\/media\/3210"}],"wp:attachment":[{"href":"https:\/\/cocochat.live\/fr\/wp-json\/wp\/v2\/media?parent=2021"}],"curies":[{"name":"wp","href":"https:\/\/api.w.org\/{rel}","templated":true}]}}