{"id":772,"date":"2018-02-20T17:23:26","date_gmt":"2018-02-20T15:23:26","guid":{"rendered":"https:\/\/landkit.madrasthemes.com\/?page_id=772"},"modified":"2024-02-28T10:48:12","modified_gmt":"2024-02-28T08:48:12","slug":"coco-chat","status":"publish","type":"page","link":"https:\/\/cocochat.live\/es\/coco-chat\/","title":{"rendered":"Video chat aleatorio con chicas"},"content":{"rendered":"<p>Puedes elegir con qui\u00e9n quieres chatear al azar usando la aplicaci\u00f3n de chat Cocochat.live simplemente deslizando el dedo hacia la siguiente. Puedes usar el filtro de c\u00e1mara para asegurarte de que puedes conocer al mejor chat de video aleatorio para c\u00e1mara web en l\u00ednea. Nuestra interfaz de videollamada f\u00e1cil de usar es sencilla y f\u00e1cil de usar, algo que a los miembros de Cocochat les encanta. La falta de componentes superfluos y la atenci\u00f3n al m\u00e1s m\u00ednimo detalle son algunos de sus principales m\u00e9ritos. Todo lo que se pueda necesitar est\u00e1 en el panel principal. Para una mejor accesibilidad, todos los botones m\u00e1s esenciales est\u00e1n en una posici\u00f3n adecuada.<\/p>\n<h2>Coco Chat se compromete a brindar la mejor experiencia de videollamada aleatoria.<\/h2>\n<p>Todos los d\u00edas, miles de personas viven en video chat. Coco Chat es un sitio de chat en l\u00ednea que permite a los usuarios comunicarse entre s\u00ed con la opci\u00f3n de registrarse. De forma aleatoria, el servicio empareja a los usuarios para chatear en sesiones de chat privadas.<\/p>\n<p>El video chat y la seguridad han aumentado significativamente y, debido a esto, ahora existe un grupo Cocochat muy grande. La gente utiliza cada vez m\u00e1s este programa todo el tiempo.<\/p>\n<h2>\u00bfQu\u00e9 es CocoChat?<\/h2>\n<h4>c\u00e1mara con extra\u00f1os<\/h4>\n<p>Conozca gente nueva en l\u00ednea con la ayuda de Coco Chat, hay opciones aleatorias de video chat disponibles en Coco Chat. Estos incluyen m\u00e1scaras faciales, filtros de g\u00e9nero y pa\u00eds, chat privado y m\u00e1s. Chatea con personas aleatorias en l\u00ednea de todo el mundo en tiempo real. Conozca nuevas personas y lugares, encuentre una cita, demuestre sus habilidades y busque orientaci\u00f3n. Tambi\u00e9n puede participar en debates pol\u00edticos o simplemente disfrutar de un relajado chat de v\u00eddeo con alguien que de otro modo nunca habr\u00eda conocido. Es completamente gratis y sencillo comenzar a chatear por video y divertirse. \u00a1Nunca sabes con qui\u00e9n te encontrar\u00e1s en la calle!<\/p>\n<p>Un video chat aleatorio es el mejor m\u00e9todo para conocer gente nueva si quieres hacer nuevos amigos, y Chat Coconut es el veh\u00edculo que te llevar\u00e1 all\u00ed. Hemos simplificado nuestro software para que recibas exactamente lo que est\u00e1s buscando: un m\u00e9todo para conocer gente nueva y hacer nuevas conexiones. \u00bfEntonces, Qu\u00e9 esperas? \u00a1Empieza ahora! \u00a1Ahora es el momento de hablar con personas extra\u00f1as aqu\u00ed usando Coco Chat!<\/p>\n<h2>\u00bfPor qu\u00e9 crear una cuenta?<\/h2>\n<h4>Contenido premium<\/h4>\n<p>Para utilizar Coco Chat y ayudarte a descubrir el compa\u00f1ero adecuado con quien hablar, primero debes registrarte. El proceso de registro para obtener una cuenta en Cocochat.live es simple y solo toma unos segundos. Como miembro de nuestra comunidad, podr\u00e1 utilizar todas nuestras mejores funciones de chat para adultos, incluido el chat para adultos, el chat de video aleatorio y mucho m\u00e1s. Convi\u00e9rtase en miembro de la aplicaci\u00f3n de video Coco Chat para disfrutar de la mejor experiencia de video sin censura ni cortes. Aqu\u00ed encontrar\u00e1s literalmente cientos de miles de personas y chicas calientes en c\u00e1mara, todos esperando ansiosamente tu visita.<\/p>\n<h2>\u00bfQu\u00e9 debes saber al utilizar el chat en vivo de Coco Chat?<\/h2>\n<h4>T\u00fa tienes el control<\/h4>\n<p>A diferencia de otras salas de chat y conversaciones por v\u00eddeo, usted tiene control total sobre con qui\u00e9n se comunica en Internet. Unirse a una de las decenas de miles de salas de chat disponibles le permitir\u00e1 chatear por v\u00eddeo con cualquier persona en el planeta en cualquier momento. No es necesario que revele ninguna informaci\u00f3n personal sobre usted para utilizar el servicio Coco Chat.<\/p>\n<p>Las personas no podr\u00e1n ver tu nombre ni tu rostro a menos que les des permiso para hacerlo. \u00a1Esta colecci\u00f3n de pegatinas de debate est\u00e1 disponible sin coste alguno! Haz algo amable por tu pareja para demostrarle que est\u00e1s pensando en ella. \u00a1Coco Chat ahora te permite chatear por video con otros usuarios!<\/p>\n<h2>Beneficios de Coco Chat<\/h2>\n<h4>Chat con extra\u00f1os<\/h4>\n<p>Coco Chat tiene muchos beneficios. Coco Chat es una gran alternativa a Omegle y Coco Chat porque no tiene perfiles privados. Te conecta con personas aleatorias en tu \u00e1rea. La aplicaci\u00f3n te permite iniciar una conversaci\u00f3n sin decir nada.<\/p>\n<p style=\"text-align: center;\"><strong>Aqu\u00ed te explicamos c\u00f3mo puedes empezar.<\/strong><\/p>\n<ul>\n<li>Cree un nombre de usuario\/contrase\u00f1a y descargue la aplicaci\u00f3n desde iOS App Store o Google Play Store. Cuando se registre por primera vez, se le pedir\u00e1 que proporcione su edad y ubicaci\u00f3n. Sin embargo, esta informaci\u00f3n no es obligatoria.<\/li>\n<li>Una vez que haya descargado la aplicaci\u00f3n, puede abrirla y hacer clic en &quot;comenzar a hablar&quot; en la parte superior. Ver\u00e1s una lista con personas cercanas que est\u00e1n interesadas en chatear contigo. Sin embargo, hay otras opciones en la parte inferior que le permiten ver resultados m\u00e1s espec\u00edficos (por ejemplo, personas de su \u00e1rea). Despl\u00e1cese hacia abajo hasta encontrar a la persona que le interesa, o desl\u00edcese hacia la izquierda o hacia la derecha hasta que la vea fuera de la pantalla. Seguir\u00e1n siendo visibles si recibieron mensajes de otro usuario mientras estaban desconectados.<\/li>\n<li>Coco Chat se puede utilizar sin necesidad de descargar una aplicaci\u00f3n. Es probable que Coco Chat haya aparecido en tu secci\u00f3n de noticias de Facebook. Coco Chat es una nueva funci\u00f3n que permite a los usuarios chatear con extra\u00f1os, aunque no se conozcan.<\/li>\n<li>Coco Chat se puede encontrar en el sitio web y la aplicaci\u00f3n m\u00f3vil de Facebook. Sin embargo, funciona igualmente bien en computadoras de escritorio. Abra Facebook Messenger y haga clic en el icono en la parte inferior derecha. Luego puede iniciar una conversaci\u00f3n haciendo clic en el bot\u00f3n rosa &quot;Iniciar&quot; junto al nombre de un contacto. Puedes chatear con ellos tantas veces como desees.<\/li>\n<\/ul>\n<p>&nbsp;<\/p>\n<p style=\"text-align: center;\"><strong>Estos pasos te ayudar\u00e1n a configurar Coco Chat:<\/strong><\/p>\n<ul>\n<li>Puede configurar configuraciones de privacidad para permitir que extra\u00f1os vean los mensajes que le enviaron otras personas en el chat grupal.<\/li>\n<li>Crea tu propio filtro de con qui\u00e9n quieres conocer y chatear.<\/li>\n<li>Con las suscripciones premium siempre podr\u00e1s encontrar el mejor socio<\/li>\n<li>Privacidad y c\u00e1mara segura con experiencias m\u00e1s extra\u00f1as<\/li>\n<\/ul>\n<h2>Chatea con cualquier persona, en cualquier momento con Coco Chat<\/h2>\n<p>El chat de Cocochat.live te permite desplazarte por una lista de usuarios aleatorios para elegir a alguien con quien conversar. Si quieres encontrar el mejor chat de video aleatorio por c\u00e1mara web en l\u00ednea, puedes usar el filtro de c\u00e1mara de chat de Coconut.<\/p>\n<p>A los usuarios de Cocochat les encanta nuestra sencilla interfaz de videollamadas porque es f\u00e1cil de usar y no requiere mucho tiempo. Sus principales ventajas son que no tiene muchas partes adicionales y que presta atenci\u00f3n a los detalles m\u00e1s peque\u00f1os. En el panel principal, encontrar\u00e1 todo lo que pueda necesitar. Todos los botones m\u00e1s importantes se han colocado donde es m\u00e1s probable que se utilicen.<\/p>\n<h3>Es f\u00e1cil tener una conversaci\u00f3n<\/h3>\n<p>Con tu c\u00e1mara, puedes iniciar un chat de video aleatorio en cuesti\u00f3n de segundos. \u00a1Lo que es a\u00fan m\u00e1s emocionante es que puedes usar todo tipo de maravillosas funciones de c\u00e1mara gratuitas para animar las cosas durante el chat de video! Tanto para Apple como para Android, ofrecemos la mejor experiencia m\u00f3vil y tenemos una buena clasificaci\u00f3n en los resultados de b\u00fasqueda para dispositivos m\u00f3viles.<\/p>\n<h3>Se da prioridad a la seguridad<\/h3>\n<p>Aseg\u00farate de que est\u00e1s seguro mientras conoces a nuevas personas en Internet. Te recomendamos encarecidamente que no reveles informaci\u00f3n personal en una conversaci\u00f3n de v\u00eddeo improvisada a completos desconocidos. Tu n\u00famero de tel\u00e9fono, direcci\u00f3n y correo electr\u00f3nico no deben compartirse con nadie que conozcas en una conversaci\u00f3n al azar con una persona al azar. \u00a1No te preocupes si tampoco te gusta el chat por webcam! No est\u00e1s obligado a hacerlo. Visita nuestros T\u00e9rminos de servicio para obtener m\u00e1s informaci\u00f3n.<\/p>\n<h3>Encuentra un compa\u00f1ero y ten una conversaci\u00f3n<\/h3>\n<p>Habla ahora mismo con una de las miles de personas que est\u00e1n en l\u00ednea. Para conseguir una nueva pareja en cuesti\u00f3n de segundos, pulsa la flecha siguiente cuando hayas terminado de conversar y se hayan aplicado los ajustes de filtro. Podr\u00e1s encontrar m\u00e1s parejas compatibles si limitas tu b\u00fasqueda por g\u00e9nero y pa\u00eds.<\/p>\n<h3>Comience a utilizar la aplicaci\u00f3n de video en l\u00ednea Coco Chat<\/h3>\n<p>Sabemos que la aplicaci\u00f3n de video Coco Chat Online en educaci\u00f3n tiene muchos beneficios y seguir\u00e1 us\u00e1ndose durante alg\u00fan tiempo como resultado de nuestra experiencia con ella. Sin embargo, adoptar el uso de videoconferencias en educaci\u00f3n requiere mucha reflexi\u00f3n y preparaci\u00f3n. Los maestros, los estudiantes y sus familias pueden mantenerse en contacto f\u00e1cilmente usando esta plataforma cocochat.live<\/p>\n<h2>Videochat aleatorio<\/h2>\n<p>A diferencia de otras salas de chat y videochats, tienes control total sobre con qui\u00e9n chateas. Puedes unirte a cualquiera de las miles de salas de chat y chatear por video con cualquier persona de todo el mundo. Coco Chat no requiere que reveles ninguna informaci\u00f3n personal.<\/p>\n<p>Sin tu permiso, nadie ver\u00e1 tu nombre ni tu rostro en tus contactos. \u00a1Esta gama de stickers para chat es completamente gratuita! Demu\u00e9strale a tu pareja que te importa haciendo algo agradable por ella. \u00a1Coco Chat ahora est\u00e1 disponible para video chat! Encontrar\u00e1s chats amigables y relajados a trav\u00e9s de una c\u00e1mara web. Puedes chatear con desconocidos al azar en l\u00ednea para conocer gente o hacer amigos.<\/p>\n<p>Con solo unos pocos clics podr\u00e1s encontrar chicas o chicos atractivos que quieran conocerte. El chat de video con alguien a trav\u00e9s de tu tel\u00e9fono m\u00f3vil o computadora port\u00e1til es mejor que cualquier chat aleatorio, mensajer\u00eda o video chat.<\/p>\n<p>\u00a1Solo se ofrece video chat en vivo! Habla en privado, nadie te interrumpir\u00e1, interferir\u00e1 en l\u00ednea ni te molestar\u00e1. Chatea en l\u00ednea con dos personas a la vez. El video chat Cocochat es diferente de otros video chats. Tiene un sistema de moderaci\u00f3n.<\/p>\n<p>Cocochat es un chat de video gratuito que est\u00e1 disponible de forma gratuita. Tambi\u00e9n ofrece una opci\u00f3n premium que permite a las personas extrovertidas hacer videollamadas aleatorias entre s\u00ed.<\/p>\n<p>El lugar perfecto para conocer gente nueva y chatear con desconocidos al instante es nuestra aplicaci\u00f3n de chat de video aleatorio. Cocochat quiere que sea lo m\u00e1s f\u00e1cil posible para las personas conocer gente nueva.<\/p>\n<p>Nuestra plataforma de chat de video aleatorio utiliza servidores de alta velocidad para brindar conexiones r\u00e1pidas en l\u00ednea y transmisiones de alt\u00edsima calidad. Nos complace anunciar el lanzamiento en l\u00ednea de la aplicaci\u00f3n Coco para Android, que es un complemento perfecto para nuestra plataforma de chat basada en la web. Ahora puedes hacer nuevos amigos y conectarte con personas de todo el mundo.<\/p>\n<p>Coco Chat es uno de los sitios de video chat m\u00e1s populares en l\u00ednea. Ofrece conexiones ultrarr\u00e1pidas y la posibilidad de filtrar el video y el idioma. Chatea con chicas verificadas de forma gratuita. Para disfrutar de los mejores beneficios, convi\u00e9rtete en miembro premium.<\/p>\n<p>La plataforma de videoconferencia Cocochat Premium es una plataforma consolidada que se est\u00e1 actualizando y evolucionando para convertirse en el mejor servicio de chat con c\u00e1mara web. Por supuesto, esto requiere apoyo financiero. Para ganar dinero, podemos llenar el sitio web con publicidad y anuncios emergentes durante las conversaciones. Sin embargo, hacerlo ser\u00eda una falta de respeto a nuestros usuarios.<\/p>\n<p>Se estableci\u00f3 Premium, que permite a los usuarios acceder a todos los beneficios y capacidades del sitio por un cargo modesto. Entonces, compre nuestra membres\u00eda premium para comunicarse con hermosos desconocidos en l\u00ednea.<\/p>\n<p>Creamos una plataforma sencilla, segura y f\u00e1cil de usar para chats de video aleatorios. Optimizada para videos incre\u00edblemente r\u00e1pidos en <a href=\"https:\/\/apple.com\">Manzana<\/a> o <a href=\"https:\/\/android.com\">Androide<\/a> Tel\u00e9fonos m\u00f3viles. Coco Chat es el lugar adecuado para ti si te gusta o prefieres la pareja perfecta y conversaciones divertidas.<\/p>\n<h3>Aplicaci\u00f3n CocoChat<\/h3>\n<p>La aplicaci\u00f3n CocoChat es la aplicaci\u00f3n CocoChat m\u00e1s popular. Le permite conectarse con personas de ideas afines.<\/p>\n<h3>Desliza y conoce<\/h3>\n<p>Hacer coincidir en Coco Chat es s\u00faper f\u00e1cil. Filtra seg\u00fan tus preferencias de pareja ideal, con\u00e9ctate y disfruta en unos segundos.<\/p>\n<h3>Experiencia de usuario m\u00f3vil<\/h3>\n<p>Brindamos la mejor experiencia de usuario m\u00f3vil para Apple y Android y ocupamos un lugar destacado en las b\u00fasquedas m\u00f3viles.<\/p>\n<h3>Chat de v\u00eddeo optimizado<\/h3>\n<p>Una experiencia r\u00e1pida, fluida y consistente sin almacenamiento en b\u00fafer, ya sea que est\u00e9s chateando en tu computadora, tableta o tel\u00e9fono m\u00f3vil.<\/p>\n<h3>Chat an\u00f3nimo<\/h3>\n<p>Otra ventaja de la aplicaci\u00f3n de video chat en l\u00ednea Coco Chat es que guarda los registros para futuras referencias. Las personas que utilizan una variedad de recursos en l\u00ednea pueden encontrar esta funci\u00f3n menos \u00fatil cuando se utiliza la videoconferencia. Las personas ahora tienen otra herramienta \u00fatil a su disposici\u00f3n. Existe un anonimato total de qui\u00e9n est\u00e1 chateando y esto me da tranquilidad.<\/p>\n<h3>Registro Opcional<\/h3>\n<p>Chatea de forma an\u00f3nima y ten el control de tu informaci\u00f3n. Nunca debes compartir tu informaci\u00f3n personal privada en l\u00ednea con nadie.<\/p>\n<h3>Genere confianza en l\u00ednea<\/h3>\n<p>Coco Chat tambi\u00e9n se puede utilizar ampliamente para atraer a chicas webcam y otras personas influyentes a un chat de v\u00eddeo.<br \/>\nCoco Chat puede reunir a hermosas chicas de todo el mundo en la misma mesa (virtual), sin importar d\u00f3nde se encuentren f\u00edsicamente. Las personas pueden conectarse y comunicarse por webcam con extra\u00f1os de todo el mundo.<\/p>\n<h3>Filtros superiores<\/h3>\n<p>Filtra el ruido. Con las opciones de filtro avanzadas, puedes decidir f\u00e1cilmente con qui\u00e9n quieres coincidir. Encuentra tu pareja perfecta de forma r\u00e1pida y sencilla.<\/p>\n<h3>Chat con extra\u00f1os<\/h3>\n<p>Con la aplicaci\u00f3n de chat de video en l\u00ednea Coco, es m\u00e1s probable que hombres y mujeres se comuniquen y colaboren entre s\u00ed que con los m\u00e9todos convencionales de chat en l\u00ednea e interacci\u00f3n por c\u00e1mara alternativa. Como resultado, las personas pueden sentirse m\u00e1s motivadas e involucradas en sus conversaciones entre s\u00ed, especialmente si son extra\u00f1os.<\/p>\n<h2>Experiencia de chat de ruleta de 5 estrellas<\/h2>\n<p>A menudo, se dice que un hotel de 5 estrellas es excelente, caro o lujoso. Es posible que muchos no puedan permit\u00edrselo. En realidad, una experiencia de 5 estrellas no tiene por qu\u00e9 ser cara. Se puede lograr una experiencia de 5 estrellas en cualquier sector, pero es necesario ofrecer un servicio adecuado y excelente. Esto requiere mucha inteligencia emocional y un gran producto. B\u00e1sicamente, esto transforma el servicio transaccional que se ofrece actualmente en una experiencia agradable y divertida que los clientes recordar\u00e1n y disfrutar\u00e1n.<\/p>","protected":false},"excerpt":{"rendered":"<p>Puedes elegir con qui\u00e9n quieres chatear al azar usando la aplicaci\u00f3n de chat Cocochat.live simplemente deslizando el dedo hacia la siguiente opci\u00f3n. Puedes usar el filtro de c\u00e1mara para asegurarte de que puedas conocer a la mejor persona para chatear al azar por c\u00e1mara web en l\u00ednea. Nuestra interfaz de videollamadas f\u00e1cil de usar es sencilla y f\u00e1cil de usar, lo que hace que los miembros de Cocochat [\u2026]<\/p>","protected":false},"author":3,"featured_media":3204,"parent":0,"menu_order":0,"comment_status":"closed","ping_status":"closed","template":"","meta":{"_acf_changed":false,"footnotes":""},"class_list":["post-772","page","type-page","status-publish","has-post-thumbnail","hentry"],"acf":[],"yoast_head":"<!-- This site is optimized with the Yoast SEO Premium plugin v21.5 (Yoast SEO v21.5) - https:\/\/yoast.com\/wordpress\/plugins\/seo\/ -->\n<title>Random Video Chat with Girls<\/title>\n<meta name=\"description\" content=\"Coco Chat is the right place for you if you have a liking for the perfect match and fun conversations. Have a fun random video chat!\" \/>\n<meta name=\"robots\" content=\"index, follow, max-snippet:-1, max-image-preview:large, max-video-preview:-1\" \/>\n<link rel=\"canonical\" href=\"https:\/\/cocochat.live\/es\/coco-chat\/\" \/>\n<meta property=\"og:locale\" content=\"es_ES\" \/>\n<meta property=\"og:type\" content=\"article\" \/>\n<meta property=\"og:title\" content=\"Random Video Chat with Girls\" \/>\n<meta property=\"og:description\" content=\"We strive to provide random video chat with random females. Coco chat is a stranger chat alternative for a random video call.\" \/>\n<meta property=\"og:url\" content=\"https:\/\/cocochat.live\/es\/coco-chat\/\" \/>\n<meta property=\"og:site_name\" content=\"Coco Chat\" \/>\n<meta property=\"article:publisher\" content=\"https:\/\/www.facebook.com\/cocochat.live\" \/>\n<meta property=\"article:modified_time\" content=\"2024-02-28T08:48:12+00:00\" \/>\n<meta property=\"og:image\" content=\"https:\/\/cocochat.live\/wp-content\/uploads\/2024\/02\/coco-chat.png\" \/>\n\t<meta property=\"og:image:width\" content=\"1024\" \/>\n\t<meta property=\"og:image:height\" content=\"1024\" \/>\n\t<meta property=\"og:image:type\" content=\"image\/png\" \/>\n<meta name=\"twitter:card\" content=\"summary_large_image\" \/>\n<meta name=\"twitter:site\" content=\"@LaCocoChat\" \/>\n<meta name=\"twitter:label1\" content=\"Tiempo de lectura\" \/>\n\t<meta name=\"twitter:data1\" content=\"10 minutos\" \/>\n<script type=\"application\/ld+json\" class=\"yoast-schema-graph\">{\"@context\":\"https:\/\/schema.org\",\"@graph\":[{\"@type\":\"WebPage\",\"@id\":\"https:\/\/cocochat.live\/coco-chat\/\",\"url\":\"https:\/\/cocochat.live\/coco-chat\/\",\"name\":\"Random Video Chat with Girls\",\"isPartOf\":{\"@id\":\"https:\/\/cocochat.live\/fr\/#website\"},\"datePublished\":\"2018-02-20T15:23:26+00:00\",\"dateModified\":\"2024-02-28T08:48:12+00:00\",\"description\":\"Coco Chat is the right place for you if you have a liking for the perfect match and fun conversations. Have a fun random video chat!\",\"breadcrumb\":{\"@id\":\"https:\/\/cocochat.live\/coco-chat\/#breadcrumb\"},\"inLanguage\":\"es\",\"potentialAction\":[{\"@type\":\"ReadAction\",\"target\":[\"https:\/\/cocochat.live\/coco-chat\/\"]}]},{\"@type\":\"BreadcrumbList\",\"@id\":\"https:\/\/cocochat.live\/coco-chat\/#breadcrumb\",\"itemListElement\":[{\"@type\":\"ListItem\",\"position\":1,\"name\":\"Home\",\"item\":\"https:\/\/cocochat.live\/fr\/\"},{\"@type\":\"ListItem\",\"position\":2,\"name\":\"Random Video Chat with Girls\"}]},{\"@type\":\"WebSite\",\"@id\":\"https:\/\/cocochat.live\/fr\/#website\",\"url\":\"https:\/\/cocochat.live\/fr\/\",\"name\":\"Coco Chat\",\"description\":\"Cocochat - Random Video Chat\",\"publisher\":{\"@id\":\"https:\/\/cocochat.live\/fr\/#organization\"},\"potentialAction\":[{\"@type\":\"SearchAction\",\"target\":{\"@type\":\"EntryPoint\",\"urlTemplate\":\"https:\/\/cocochat.live\/fr\/?s={search_term_string}\"},\"query-input\":\"required name=search_term_string\"}],\"inLanguage\":\"es\"},{\"@type\":\"Organization\",\"@id\":\"https:\/\/cocochat.live\/fr\/#organization\",\"name\":\"Coco Chat - Random Video Chat\",\"url\":\"https:\/\/cocochat.live\/fr\/\",\"logo\":{\"@type\":\"ImageObject\",\"inLanguage\":\"es\",\"@id\":\"https:\/\/cocochat.live\/fr\/#\/schema\/logo\/image\/\",\"url\":\"https:\/\/cocochat.live\/wp-content\/uploads\/2021\/10\/cropped-cropped-coco-chat-live.jpg\",\"contentUrl\":\"https:\/\/cocochat.live\/wp-content\/uploads\/2021\/10\/cropped-cropped-coco-chat-live.jpg\",\"width\":512,\"height\":512,\"caption\":\"Coco Chat - Random Video Chat\"},\"image\":{\"@id\":\"https:\/\/cocochat.live\/fr\/#\/schema\/logo\/image\/\"},\"sameAs\":[\"https:\/\/www.facebook.com\/cocochat.live\",\"https:\/\/twitter.com\/LaCocoChat\"]}]}<\/script>\n<!-- \/ Yoast SEO Premium plugin. -->","yoast_head_json":{"title":"Random Video Chat with Girls","description":"Coco Chat is the right place for you if you have a liking for the perfect match and fun conversations. Have a fun random video chat!","robots":{"index":"index","follow":"follow","max-snippet":"max-snippet:-1","max-image-preview":"max-image-preview:large","max-video-preview":"max-video-preview:-1"},"canonical":"https:\/\/cocochat.live\/es\/coco-chat\/","og_locale":"es_ES","og_type":"article","og_title":"Random Video Chat with Girls","og_description":"We strive to provide random video chat with random females. Coco chat is a stranger chat alternative for a random video call.","og_url":"https:\/\/cocochat.live\/es\/coco-chat\/","og_site_name":"Coco Chat","article_publisher":"https:\/\/www.facebook.com\/cocochat.live","article_modified_time":"2024-02-28T08:48:12+00:00","og_image":[{"width":1024,"height":1024,"url":"https:\/\/cocochat.live\/wp-content\/uploads\/2024\/02\/coco-chat.png","type":"image\/png"}],"twitter_card":"summary_large_image","twitter_site":"@LaCocoChat","twitter_misc":{"Tiempo de lectura":"10 minutos"},"schema":{"@context":"https:\/\/schema.org","@graph":[{"@type":"WebPage","@id":"https:\/\/cocochat.live\/coco-chat\/","url":"https:\/\/cocochat.live\/coco-chat\/","name":"Random Video Chat with Girls","isPartOf":{"@id":"https:\/\/cocochat.live\/fr\/#website"},"datePublished":"2018-02-20T15:23:26+00:00","dateModified":"2024-02-28T08:48:12+00:00","description":"Coco Chat is the right place for you if you have a liking for the perfect match and fun conversations. Have a fun random video chat!","breadcrumb":{"@id":"https:\/\/cocochat.live\/coco-chat\/#breadcrumb"},"inLanguage":"es","potentialAction":[{"@type":"ReadAction","target":["https:\/\/cocochat.live\/coco-chat\/"]}]},{"@type":"BreadcrumbList","@id":"https:\/\/cocochat.live\/coco-chat\/#breadcrumb","itemListElement":[{"@type":"ListItem","position":1,"name":"Home","item":"https:\/\/cocochat.live\/fr\/"},{"@type":"ListItem","position":2,"name":"Random Video Chat with Girls"}]},{"@type":"WebSite","@id":"https:\/\/cocochat.live\/fr\/#website","url":"https:\/\/cocochat.live\/fr\/","name":"Coco Chat","description":"Cocochat - Random Video Chat","publisher":{"@id":"https:\/\/cocochat.live\/fr\/#organization"},"potentialAction":[{"@type":"SearchAction","target":{"@type":"EntryPoint","urlTemplate":"https:\/\/cocochat.live\/fr\/?s={search_term_string}"},"query-input":"required name=search_term_string"}],"inLanguage":"es"},{"@type":"Organization","@id":"https:\/\/cocochat.live\/fr\/#organization","name":"Coco Chat - Random Video Chat","url":"https:\/\/cocochat.live\/fr\/","logo":{"@type":"ImageObject","inLanguage":"es","@id":"https:\/\/cocochat.live\/fr\/#\/schema\/logo\/image\/","url":"https:\/\/cocochat.live\/wp-content\/uploads\/2021\/10\/cropped-cropped-coco-chat-live.jpg","contentUrl":"https:\/\/cocochat.live\/wp-content\/uploads\/2021\/10\/cropped-cropped-coco-chat-live.jpg","width":512,"height":512,"caption":"Coco Chat - Random Video Chat"},"image":{"@id":"https:\/\/cocochat.live\/fr\/#\/schema\/logo\/image\/"},"sameAs":["https:\/\/www.facebook.com\/cocochat.live","https:\/\/twitter.com\/LaCocoChat"]}]}},"_links":{"self":[{"href":"https:\/\/cocochat.live\/es\/wp-json\/wp\/v2\/pages\/772","targetHints":{"allow":["GET"]}}],"collection":[{"href":"https:\/\/cocochat.live\/es\/wp-json\/wp\/v2\/pages"}],"about":[{"href":"https:\/\/cocochat.live\/es\/wp-json\/wp\/v2\/types\/page"}],"author":[{"embeddable":true,"href":"https:\/\/cocochat.live\/es\/wp-json\/wp\/v2\/users\/3"}],"replies":[{"embeddable":true,"href":"https:\/\/cocochat.live\/es\/wp-json\/wp\/v2\/comments?post=772"}],"version-history":[{"count":229,"href":"https:\/\/cocochat.live\/es\/wp-json\/wp\/v2\/pages\/772\/revisions"}],"predecessor-version":[{"id":3209,"href":"https:\/\/cocochat.live\/es\/wp-json\/wp\/v2\/pages\/772\/revisions\/3209"}],"wp:featuredmedia":[{"embeddable":true,"href":"https:\/\/cocochat.live\/es\/wp-json\/wp\/v2\/media\/3204"}],"wp:attachment":[{"href":"https:\/\/cocochat.live\/es\/wp-json\/wp\/v2\/media?parent=772"}],"curies":[{"name":"wp","href":"https:\/\/api.w.org\/{rel}","templated":true}]}}