{"id":2578,"date":"2022-09-08T12:01:09","date_gmt":"2022-09-08T10:01:09","guid":{"rendered":"https:\/\/cocochat.live\/?page_id=2578"},"modified":"2024-02-29T11:39:11","modified_gmt":"2024-02-29T09:39:11","slug":"coco-tchat","status":"publish","type":"page","link":"https:\/\/cocochat.live\/es\/coco-tchat\/","title":{"rendered":"coco chat"},"content":{"rendered":"<p>Coco tchat es una plataforma de video y transmisi\u00f3n en vivo premium que permite que las personas se conecten con otras personas y gagner m\u00e1s seguidores para nuestras transmisiones en vivo. Coco tchat permite a los usuarios de charlar con los amigos o en solitario para crear peque\u00f1os grupos de discusi\u00f3n. Coco tchat te permite crear y compartir cortos v\u00eddeos creativos e interesantes para compartir con otras personas.<\/p>\n<h3>Chat gratis por webcam<\/h3>\n<p><!-- Text --><\/p>\n<p>Mejores funciones de Coco tchat Video Chat: puedes utilizar la aplicaci\u00f3n de chat aleatorio. Vous pouvez vous faire des amis au hasard. Match en quelques secondes Plate-forme s\u00fbre et s\u00e9curis\u00e9e. Mascarilla facial IA. Chat Premium con opci\u00f3n para la selecci\u00f3n de sexo. Utilice la opci\u00f3n de filtro de pago<\/p>\n<h3>Chat aleatorio por c\u00e1mara<\/h3>\n<p><!-- Text --><\/p>\n<p>La aplicaci\u00f3n se puede utilizar para organizar fiestas, aprender nuevos idiomas y cantar personas para otros.<br \/>\nSitio de v\u00eddeo de chat en directo: encuentre personas verificadas. Despu\u00e9s de la verificaci\u00f3n, la cuenta ser\u00e1 aprobada. Parametros de filtrado por sexo, puede contactar r\u00e1pidamente y facilitar un compa\u00f1ero premium.<\/p>\n<h3>C\u00e1mara para los extranjeros<\/h3>\n<p><!-- Text --><\/p>\n<p>Les cuentas creadas por quienlqu&#039;un d&#039;otre no ser\u00e1n aceptadas. Si descubrimos que un ensayo de usurpaci\u00f3n de la identidad de otra persona, tomamos las medidas apropiadas. Todas las mujeres miembros deben tener una verdadera identidad para ser elegibles para la adhesi\u00f3n premium.<\/p>\n<h2>\u00bfPor qu\u00e9 usar Coco Chat?<\/h2>\n<p>Avec Coco tchat, vous pouvez. Charla por v\u00eddeo con nuevas personas en todo el mundo. Puedes enviar mensajes de v\u00eddeo a tus amigos y a tus seguidores. Haz una transmisi\u00f3n en vivo con un amigo y podr\u00e1s hacer una transmisi\u00f3n en vivo. Encuentre personas que participen en sus intereses.<br \/>\n<!-- Check --><br \/>\n<!-- Text --><\/p>\n<h2>Coco tchat ofrece una experiencia de chat en v\u00eddeo gratuito.<\/h2>\n<p>Sabemos que tenemos la opci\u00f3n de elegir un compa\u00f1ero de v\u00eddeo al\u00e9atoire. Tenemos que tener en cuenta que elegiremos Coco tchat como partenaire de divertissement par webcam y para nuestros encuentros. Antes de conocer a otras personas en la aplicaci\u00f3n, ya tenemos un plan. Nous avons de vraies conversations et rendons justicia. C&#039;est un endroit merveilleux pour rencontrer des gens. Il faut du temps pour apprendre \u00e0 conna\u00eetre quelqu&#039;un. Despu\u00e9s de descargar la aplicaci\u00f3n, se produce un golpe de efecto.<\/p>\n<h2>Alternativa a Omegle<\/h2>\n<p>Encuentra personas aut\u00e9nticas y divertidas. M\u00eame si je ne peux pas garantir que tout le monde vivra la m\u00eame exp\u00e9rience, c&#039;est \u00e0 vous de la rendre agr\u00e9able et positiv.<\/p>\n<p>Si est\u00e1 listo para aceptar, existen opciones de partes privadas. Ne soyez pas tent\u00e9 de d\u00e9penser de l&#039;argent que vous n&#039;avez pas \u00e0 d\u00e9penser. Soyez pr\u00e9venu. Los consejos no se limitan a los favores, a los tipos de cuerpo o a los bellos rostros. La personalidad es igualmente importante.<\/p>\n<p>Podr\u00e1s detenerlo para un \u201cbuen d\u00eda\u201d que no importa. Respectez-les s&#039;ils vous traient bien. Disons simplement qu&#039;il faut s&#039;amuser et vivre sa vie, mais n&#039;oubliez pas de r\u00e9colter ce que l&#039;on s\u00e8me.<\/p>\n<p>Je suis de retour sur esta aplicaci\u00f3n y j&#039;appartiens quelque part \u00e0 un groupe que je consid\u00e8re como mi familia. Es inteligente y gen\u00e9rico y dice que utiliza la aplicaci\u00f3n.<\/p>\n<p>Bien que la aplicaci\u00f3n sea peque\u00f1a, encontrar\u00e1s una gran comunidad una vez que tu red se desarrollar\u00e1 y comenzar\u00e1s a seguir a los dem\u00e1s. Esta aplicaci\u00f3n es una gran aplicaci\u00f3n de streaming en directo, aunque otras aplicaciones son m\u00e1s llamativas y m\u00e1s complicadas.<\/p>\n<p>Esta aplicaci\u00f3n simplifica los elementos de la transmisi\u00f3n en vivo y permite a los usuarios reales de encontrar m\u00e1s personas y solo bots como Facebook. Elle n&#039;en est encore qu&#039;\u00e0 ses debuts, alors je suis impaciente de ver ce qui va se passer.<\/p>\n<h3>Chat de adultos an\u00f3nimo<\/h3>\n<p>Nuestra gama divertida de m\u00e1scaras te ayudar\u00e1 a proteger tu identidad mientras discutes. Nous avons plus d&#039;une douzaine d&#039;options. Estas m\u00e1scaras de chat se pueden utilizar para cerrar una conversaci\u00f3n y guardar su rostro con extra\u00f1os. Peu import la situaci\u00f3n, il est difficile de se faire rejeter.<\/p>\n<h3>Chat de video al azar<\/h3>\n<p>Coco Chat es un excelente medio para encontrar instant\u00e1neamente personas desconocidas en todo el mundo. Nuestro chat de v\u00eddeo al\u00e9atoire est\u00e1 utilizado por millones de personas cada d\u00eda. \u00a1Con\u00e9ctate y divi\u00e9rtete con el explorador! Podr\u00eda ser a\u00fan m\u00e1s dif\u00edcil poder rechazarlo en un contexto rom\u00e1ntico.<\/p>\n<h3>Encuentra una aventura<\/h3>\n<p>Flingster como el servicio de chat al\u00e9atoire le permite conectarse instant\u00e1neamente con las personas que comparten las mismas ideas. Muchas personas utilizan la aplicaci\u00f3n de chat web gratuita Coco chat para encontrar personas que comparten las mismas ideas. Il ya des millers de personnes en ligne, pr\u00eates \u00e0 vous rencontrer.<\/p>\n<h3>Chat gratis Cam Seguridad<\/h3>\n<p>Ne divulguez aucune information personalle \u00e0 des inconnus. Esto le permitir\u00e1 permanecer an\u00f3nimo y seguro en toda comunicaci\u00f3n. Coco Chat utiliza la tecnolog\u00eda de cifrado y SSL m\u00e1s reciente para protegerlo.<\/p>\n<h3>Encuentro de nuevos amigos<\/h3>\n<p>Coco Chat es un excelente medio para encontrar instant\u00e1neamente personas desconocidas en todo el mundo. Notre chat adulte al\u00e9atoire est utilis\u00e9 par des millers de personnes cada d\u00eda. \u00a1Con\u00e9ctate y divi\u00e9rtete con el explorador!<\/p>\n<h3>Filtraci\u00f3n del chat de v\u00eddeo<\/h3>\n<p>Utilice los filtros de chat y v\u00eddeo gratuitos para eliminar las conexiones indeseables. Puedes modificar los sexos y los lugares que prefieres encontrar. Podr\u00e1s encontrar f\u00e1cilmente mujeres y hombres en ciertos lugares que corresponden a tus preferencias.<\/p>\n<h3>Inicie el chat con c\u00e1mara web gratis durante el d\u00eda. \u00a1Divi\u00e9rtete!<\/h3>\n<p>Existen muchos filtros de b\u00fasqueda en nuestro sitio web que son incre\u00edbles. Vous pouvez rechercher sur our site Web la personne que vous recherchez.<\/p>\n<h3>\u00bfPor qu\u00e9 las videollamadas de Zoom son inc\u00f3modas? \u00bfPero los lugares de reuni\u00f3n de la vida real no lo son?<\/h3>\n<p>\u00bfPor qu\u00e9 las videollamadas de Zoom son inc\u00f3modas? Pero las reuniones de la vida real no lo son. Despu\u00e9s de que el anfitri\u00f3n hace la pregunta t\u00e1cita: &quot;\u00bfC\u00f3mo est\u00e1s?&quot;, la primera pausa de la llamada de Zoom es cuando el anfitri\u00f3n hace la pregunta t\u00e1cita: &quot;\u00bfC\u00f3mo est\u00e1s?&quot;.<\/p>","protected":false},"excerpt":{"rendered":"<p>Coco tchat es una plataforma de video y transmisi\u00f3n en vivo premium que permite que las personas se conecten con otras personas y gagner m\u00e1s seguidores para nuestras transmisiones en vivo. Coco tchat permite a los usuarios de charlar con los amigos o en solitario para crear peque\u00f1os grupos de discusi\u00f3n. Coco tchat vous permet [\u2026]<\/p>","protected":false},"author":3,"featured_media":3252,"parent":0,"menu_order":0,"comment_status":"closed","ping_status":"closed","template":"","meta":{"_acf_changed":false,"footnotes":""},"class_list":["post-2578","page","type-page","status-publish","has-post-thumbnail","hentry"],"acf":[],"yoast_head":"<!-- This site is optimized with the Yoast SEO Premium plugin v21.5 (Yoast SEO v21.5) - https:\/\/yoast.com\/wordpress\/plugins\/seo\/ -->\n<title>Coco Tchat<\/title>\n<meta name=\"description\" content=\"Coco permet aux utilisateurs de chatter avec des amis ou en solo pour des discussions en petits groupes. Coco tchat.\" \/>\n<meta name=\"robots\" content=\"index, follow, max-snippet:-1, max-image-preview:large, max-video-preview:-1\" \/>\n<link rel=\"canonical\" href=\"https:\/\/cocochat.live\/es\/coco-tchat\/\" \/>\n<meta property=\"og:locale\" content=\"es_ES\" \/>\n<meta property=\"og:type\" content=\"article\" \/>\n<meta property=\"og:title\" content=\"Coco Tchat\" \/>\n<meta property=\"og:description\" content=\"We strive to provide random video chat with random females. Coco chat is a stranger chat alternative for a random video call.\" \/>\n<meta property=\"og:url\" content=\"https:\/\/cocochat.live\/es\/coco-tchat\/\" \/>\n<meta property=\"og:site_name\" content=\"Coco Chat\" \/>\n<meta property=\"article:publisher\" content=\"https:\/\/www.facebook.com\/cocochat.live\" \/>\n<meta property=\"article:modified_time\" content=\"2024-02-29T09:39:11+00:00\" \/>\n<meta property=\"og:image\" content=\"https:\/\/cocochat.live\/wp-content\/uploads\/2024\/02\/Coco-Tchat.png\" \/>\n\t<meta property=\"og:image:width\" content=\"1024\" \/>\n\t<meta property=\"og:image:height\" content=\"1024\" \/>\n\t<meta property=\"og:image:type\" content=\"image\/png\" \/>\n<meta name=\"twitter:card\" content=\"summary_large_image\" \/>\n<meta name=\"twitter:site\" content=\"@LaCocoChat\" \/>\n<meta name=\"twitter:label1\" content=\"Tiempo de lectura\" \/>\n\t<meta name=\"twitter:data1\" content=\"5 minutos\" \/>\n<script type=\"application\/ld+json\" class=\"yoast-schema-graph\">{\"@context\":\"https:\/\/schema.org\",\"@graph\":[{\"@type\":\"WebPage\",\"@id\":\"https:\/\/cocochat.live\/coco-tchat\/\",\"url\":\"https:\/\/cocochat.live\/coco-tchat\/\",\"name\":\"Coco Tchat\",\"isPartOf\":{\"@id\":\"https:\/\/cocochat.live\/fr\/#website\"},\"datePublished\":\"2022-09-08T10:01:09+00:00\",\"dateModified\":\"2024-02-29T09:39:11+00:00\",\"description\":\"Coco permet aux utilisateurs de chatter avec des amis ou en solo pour des discussions en petits groupes. Coco tchat.\",\"breadcrumb\":{\"@id\":\"https:\/\/cocochat.live\/coco-tchat\/#breadcrumb\"},\"inLanguage\":\"es\",\"potentialAction\":[{\"@type\":\"ReadAction\",\"target\":[\"https:\/\/cocochat.live\/coco-tchat\/\"]}]},{\"@type\":\"BreadcrumbList\",\"@id\":\"https:\/\/cocochat.live\/coco-tchat\/#breadcrumb\",\"itemListElement\":[{\"@type\":\"ListItem\",\"position\":1,\"name\":\"Home\",\"item\":\"https:\/\/cocochat.live\/fr\/\"},{\"@type\":\"ListItem\",\"position\":2,\"name\":\"Coco Tchat\"}]},{\"@type\":\"WebSite\",\"@id\":\"https:\/\/cocochat.live\/fr\/#website\",\"url\":\"https:\/\/cocochat.live\/fr\/\",\"name\":\"Coco Chat\",\"description\":\"Cocochat - Random Video Chat\",\"publisher\":{\"@id\":\"https:\/\/cocochat.live\/fr\/#organization\"},\"potentialAction\":[{\"@type\":\"SearchAction\",\"target\":{\"@type\":\"EntryPoint\",\"urlTemplate\":\"https:\/\/cocochat.live\/fr\/?s={search_term_string}\"},\"query-input\":\"required name=search_term_string\"}],\"inLanguage\":\"es\"},{\"@type\":\"Organization\",\"@id\":\"https:\/\/cocochat.live\/fr\/#organization\",\"name\":\"Coco Chat - Random Video Chat\",\"url\":\"https:\/\/cocochat.live\/fr\/\",\"logo\":{\"@type\":\"ImageObject\",\"inLanguage\":\"es\",\"@id\":\"https:\/\/cocochat.live\/fr\/#\/schema\/logo\/image\/\",\"url\":\"https:\/\/cocochat.live\/wp-content\/uploads\/2021\/10\/cropped-cropped-coco-chat-live.jpg\",\"contentUrl\":\"https:\/\/cocochat.live\/wp-content\/uploads\/2021\/10\/cropped-cropped-coco-chat-live.jpg\",\"width\":512,\"height\":512,\"caption\":\"Coco Chat - Random Video Chat\"},\"image\":{\"@id\":\"https:\/\/cocochat.live\/fr\/#\/schema\/logo\/image\/\"},\"sameAs\":[\"https:\/\/www.facebook.com\/cocochat.live\",\"https:\/\/twitter.com\/LaCocoChat\"]}]}<\/script>\n<!-- \/ Yoast SEO Premium plugin. -->","yoast_head_json":{"title":"Coco Tchat","description":"Coco permet aux utilisateurs de chatter avec des amis ou en solo pour des discussions en petits groupes. Coco tchat.","robots":{"index":"index","follow":"follow","max-snippet":"max-snippet:-1","max-image-preview":"max-image-preview:large","max-video-preview":"max-video-preview:-1"},"canonical":"https:\/\/cocochat.live\/es\/coco-tchat\/","og_locale":"es_ES","og_type":"article","og_title":"Coco Tchat","og_description":"We strive to provide random video chat with random females. Coco chat is a stranger chat alternative for a random video call.","og_url":"https:\/\/cocochat.live\/es\/coco-tchat\/","og_site_name":"Coco Chat","article_publisher":"https:\/\/www.facebook.com\/cocochat.live","article_modified_time":"2024-02-29T09:39:11+00:00","og_image":[{"width":1024,"height":1024,"url":"https:\/\/cocochat.live\/wp-content\/uploads\/2024\/02\/Coco-Tchat.png","type":"image\/png"}],"twitter_card":"summary_large_image","twitter_site":"@LaCocoChat","twitter_misc":{"Tiempo de lectura":"5 minutos"},"schema":{"@context":"https:\/\/schema.org","@graph":[{"@type":"WebPage","@id":"https:\/\/cocochat.live\/coco-tchat\/","url":"https:\/\/cocochat.live\/coco-tchat\/","name":"Coco Tchat","isPartOf":{"@id":"https:\/\/cocochat.live\/fr\/#website"},"datePublished":"2022-09-08T10:01:09+00:00","dateModified":"2024-02-29T09:39:11+00:00","description":"Coco permet aux utilisateurs de chatter avec des amis ou en solo pour des discussions en petits groupes. Coco tchat.","breadcrumb":{"@id":"https:\/\/cocochat.live\/coco-tchat\/#breadcrumb"},"inLanguage":"es","potentialAction":[{"@type":"ReadAction","target":["https:\/\/cocochat.live\/coco-tchat\/"]}]},{"@type":"BreadcrumbList","@id":"https:\/\/cocochat.live\/coco-tchat\/#breadcrumb","itemListElement":[{"@type":"ListItem","position":1,"name":"Home","item":"https:\/\/cocochat.live\/fr\/"},{"@type":"ListItem","position":2,"name":"Coco Tchat"}]},{"@type":"WebSite","@id":"https:\/\/cocochat.live\/fr\/#website","url":"https:\/\/cocochat.live\/fr\/","name":"Coco Chat","description":"Cocochat - Random Video Chat","publisher":{"@id":"https:\/\/cocochat.live\/fr\/#organization"},"potentialAction":[{"@type":"SearchAction","target":{"@type":"EntryPoint","urlTemplate":"https:\/\/cocochat.live\/fr\/?s={search_term_string}"},"query-input":"required name=search_term_string"}],"inLanguage":"es"},{"@type":"Organization","@id":"https:\/\/cocochat.live\/fr\/#organization","name":"Coco Chat - Random Video Chat","url":"https:\/\/cocochat.live\/fr\/","logo":{"@type":"ImageObject","inLanguage":"es","@id":"https:\/\/cocochat.live\/fr\/#\/schema\/logo\/image\/","url":"https:\/\/cocochat.live\/wp-content\/uploads\/2021\/10\/cropped-cropped-coco-chat-live.jpg","contentUrl":"https:\/\/cocochat.live\/wp-content\/uploads\/2021\/10\/cropped-cropped-coco-chat-live.jpg","width":512,"height":512,"caption":"Coco Chat - Random Video Chat"},"image":{"@id":"https:\/\/cocochat.live\/fr\/#\/schema\/logo\/image\/"},"sameAs":["https:\/\/www.facebook.com\/cocochat.live","https:\/\/twitter.com\/LaCocoChat"]}]}},"_links":{"self":[{"href":"https:\/\/cocochat.live\/es\/wp-json\/wp\/v2\/pages\/2578","targetHints":{"allow":["GET"]}}],"collection":[{"href":"https:\/\/cocochat.live\/es\/wp-json\/wp\/v2\/pages"}],"about":[{"href":"https:\/\/cocochat.live\/es\/wp-json\/wp\/v2\/types\/page"}],"author":[{"embeddable":true,"href":"https:\/\/cocochat.live\/es\/wp-json\/wp\/v2\/users\/3"}],"replies":[{"embeddable":true,"href":"https:\/\/cocochat.live\/es\/wp-json\/wp\/v2\/comments?post=2578"}],"version-history":[{"count":8,"href":"https:\/\/cocochat.live\/es\/wp-json\/wp\/v2\/pages\/2578\/revisions"}],"predecessor-version":[{"id":3254,"href":"https:\/\/cocochat.live\/es\/wp-json\/wp\/v2\/pages\/2578\/revisions\/3254"}],"wp:featuredmedia":[{"embeddable":true,"href":"https:\/\/cocochat.live\/es\/wp-json\/wp\/v2\/media\/3252"}],"wp:attachment":[{"href":"https:\/\/cocochat.live\/es\/wp-json\/wp\/v2\/media?parent=2578"}],"curies":[{"name":"wp","href":"https:\/\/api.w.org\/{rel}","templated":true}]}}