{"id":2239,"date":"2022-04-24T14:13:48","date_gmt":"2022-04-24T12:13:48","guid":{"rendered":"https:\/\/cocochat.live\/?page_id=2239"},"modified":"2024-02-27T12:37:34","modified_gmt":"2024-02-27T10:37:34","slug":"chatzy","status":"publish","type":"page","link":"https:\/\/cocochat.live\/es\/chatzy\/","title":{"rendered":"charlat\u00e1n"},"content":{"rendered":"<p>A muchos hombres les resulta dif\u00edcil creer que conversaciones aleatorias puedan llevarlos a conocer a otros chicos. Chatzy ofrece una soluci\u00f3n sencilla. Chatea con chicas aburridas y divi\u00e9rtete.<br \/>\nChatzy te permite conectarte con otras personas que tienen intereses similares. Funciona con cualquier navegador web. Estos servicios se brindan sin costo y no requieren ninguna aplicaci\u00f3n. Es posible ver el texto completo de su chat en l\u00ednea en caracteres ilimitados. Puede hacer clic en el bot\u00f3n de abajo para cerrar el chat. Tambi\u00e9n puede hacer clic en &quot;Salir&quot;<\/p>\n<h2>Chatzy se compromete a brindar una experiencia de video chat aleatorio y gratuito.<\/h2>\n<p>Empareja a los usuarios aleatoriamente con grupos de chat. Permite reducir el n\u00famero de extra\u00f1os con los que chateas. Chatear con otras personas har\u00e1 que las teclas Intro\/Retorno de su teclado se conviertan en un bot\u00f3n de env\u00edo. Coco chat es compatible con cualquier Google o <a href=\"https:\/\/android.com\">Androide<\/a> tel\u00e9fono inteligente.<\/p>\n<h2>Chatzy c\u00e1mara a c\u00e1mara gratuita<\/h2>\n<p>Chatzy es el hogar de m\u00e1s de 10.000 mujeres hermosas de todo el mundo. Aunque es posible que no domines su idioma, es posible comunicarte con ella. \u00a1Nuestro equipo resolvi\u00f3 este problema! Nuestro equipo cre\u00f3 un sistema que traduce instant\u00e1neamente los mensajes entrantes y entrantes. Disfruta de tu amistad en l\u00ednea.<\/p>\n<p>Cumple dos funciones principales. Facilita la amistad entre personas que hablan ingl\u00e9s, franc\u00e9s u otro idioma. Somos conscientes de que la amistad trasciende fronteras.<\/p>\n<p>Chatzy fue dise\u00f1ado para ayudar a las personas a encontrar amistades. Chatzy se puede utilizar en muchos idiomas para comunicarse con otras personas. Chatzy puede comunicarse con personas de cualquier cultura e idioma, sin importar su origen \u00e9tnico.<\/p>\n<p>Alternativas charlatanas<\/p>\n<p>Es una gran alternativa para Omegle. Proporciona todas las funciones de redes sociales, como compartir fotos, enviar mensajes privados, compartir fotos y compartir fotos. Para utilizar el servicio, debe registrarse o iniciar sesi\u00f3n a trav\u00e9s de Facebook. Una vez que hayan creado una cuenta, podr\u00e1n acceder al servicio. Chatzy tambi\u00e9n permite a los usuarios crear sus propias publicaciones. Chatzy es similar a Omegle.<\/p>\n<p>Chatzy se puede utilizar como alternativa a Omegle. Chatzy puede ser m\u00e1s eficiente que Cocochat pero te permite filtrar lo que no necesitas. Chatzy es ideal para el trabajo y la familia, seg\u00fan sus necesidades. Se le pedir\u00e1 que cree una cuenta para poder acceder a estos servicios. Muchos de estos servicios son gratuitos mientras que otros requieren una suscripci\u00f3n premium.<\/p>\n<p>Es f\u00e1cil crear estados y un apodo que quieras compartir con amigos. Su apariencia y forma de expresarse pueden facilitar la atracci\u00f3n de personas con intereses similares. Esto aumentar\u00e1 tus posibilidades de conocer gente nueva y posiblemente convertirte en tu mejor amigo.<\/p>\n<p>Es sencillo crear estados que te gusten y encontrar un apodo para compartir con amigos. Puedes atraer personas que comparten tus intereses por tu apariencia y las expresiones faciales que usas. Esto aumentar\u00e1 las posibilidades de que conozcas gente nueva, que podr\u00eda convertirse en tu mejor amigo.<\/p>\n<h3>Aplicaci\u00f3n de c\u00e1mara extra\u00f1a<\/h3>\n<p>Puede disfrutar de la compa\u00f1\u00eda y la amistad de una persona a trav\u00e9s de nuestra Empresa sin compartir ninguna informaci\u00f3n personal. Nunca se le pedir\u00e1 su informaci\u00f3n privada. Es f\u00e1cil tener una chica hermosa cerca en todo momento.<\/p>\n<h3>Charla al azar<\/h3>\n<p>Para crear una cuenta en l\u00ednea para video chat en vivo, no es necesario proporcionar ninguna informaci\u00f3n privada. Chatear en sesiones de video aleatorias no compartir\u00e1 su informaci\u00f3n personal.<\/p>\n<h3>C\u00e1mara en vivo gratis<\/h3>\n<p>Otra caracter\u00edstica de seguridad es la tecnolog\u00eda de cifrado. Strangercam emplea la tecnolog\u00eda de grabaci\u00f3n de c\u00e1maras de seguridad m\u00e1s reciente para cifrar v\u00eddeo y voz.<\/p>\n<h3>Videollamadas gratuitas<\/h3>\n<p>Para crear un enlace r\u00e1pido y fluido, utiliza la misma tecnolog\u00eda de compresi\u00f3n de im\u00e1genes que YouTube. S\u00f3lo podr\u00e1s intercambiar informaci\u00f3n privada con tu acompa\u00f1ante si as\u00ed lo deseas. Strangercam no solicita informaci\u00f3n privada.<\/p>\n<h3>Registro gratis<\/h3>\n<p>Bazoocam tiene filtros de g\u00e9nero que te permiten buscar de manera m\u00e1s eficiente y te ayudan a encontrar la pareja adecuada. Te ayudaremos a encontrar la pareja perfecta. Hoy podr\u00e1s disfrutar de la compa\u00f1\u00eda de una persona calificada, sin importar si eres hombre o mujer.<\/p>\n<h3>Grandes filtros<\/h3>\n<p>Nuestro sitio web hace que sea f\u00e1cil encontrar las chicas que te interesan. Puedes cambiar f\u00e1cilmente a la chica si no te gusta. Tan pronto como enciendas tu c\u00e1mara, aparecer\u00e1 un extra\u00f1o. Siempre puedes presionar &quot;Siguiente&quot; si no est\u00e1s satisfecho con tu coincidencia.<\/p>","protected":false},"excerpt":{"rendered":"<p>A muchos hombres les resulta dif\u00edcil creer que conversaciones aleatorias puedan llevarlos a conocer a otros chicos. Chatzy ofrece una soluci\u00f3n sencilla. Chatea con chicas aburridas y divi\u00e9rtete. Chatzy te permite conectarte con otras personas que tienen intereses similares. Funciona con cualquier navegador web. Estos servicios se brindan sin costo y no requieren [\u2026]<\/p>","protected":false},"author":3,"featured_media":3196,"parent":0,"menu_order":0,"comment_status":"closed","ping_status":"closed","template":"","meta":{"_acf_changed":false,"footnotes":""},"class_list":["post-2239","page","type-page","status-publish","has-post-thumbnail","hentry"],"acf":[],"yoast_head":"<!-- This site is optimized with the Yoast SEO Premium plugin v21.5 (Yoast SEO v21.5) - https:\/\/yoast.com\/wordpress\/plugins\/seo\/ -->\n<title>Chatzy - Free Private Chat Rooms<\/title>\n<meta name=\"description\" content=\"Cocochat is the right place if youre looking for the perfect match and fun conversations. Free Private Chat Rooms are Free Private Chat Rooms\" \/>\n<meta name=\"robots\" content=\"index, follow, max-snippet:-1, max-image-preview:large, max-video-preview:-1\" \/>\n<link rel=\"canonical\" href=\"https:\/\/cocochat.live\/es\/chatzy\/\" \/>\n<meta property=\"og:locale\" content=\"es_ES\" \/>\n<meta property=\"og:type\" content=\"article\" \/>\n<meta property=\"og:title\" content=\"Chatzy\" \/>\n<meta property=\"og:description\" content=\"We strive to provide random video chat with random females. Coco chat is a stranger chat alternative for a random video call.\" \/>\n<meta property=\"og:url\" content=\"https:\/\/cocochat.live\/es\/chatzy\/\" \/>\n<meta property=\"og:site_name\" content=\"Coco Chat\" \/>\n<meta property=\"article:publisher\" content=\"https:\/\/www.facebook.com\/cocochat.live\" \/>\n<meta property=\"article:modified_time\" content=\"2024-02-27T10:37:34+00:00\" \/>\n<meta property=\"og:image\" content=\"https:\/\/cocochat.live\/wp-content\/uploads\/2024\/02\/chatzy.png\" \/>\n\t<meta property=\"og:image:width\" content=\"960\" \/>\n\t<meta property=\"og:image:height\" content=\"1280\" \/>\n\t<meta property=\"og:image:type\" content=\"image\/png\" \/>\n<meta name=\"twitter:card\" content=\"summary_large_image\" \/>\n<meta name=\"twitter:site\" content=\"@LaCocoChat\" \/>\n<meta name=\"twitter:label1\" content=\"Tiempo de lectura\" \/>\n\t<meta name=\"twitter:data1\" content=\"4 minutos\" \/>\n<script type=\"application\/ld+json\" class=\"yoast-schema-graph\">{\"@context\":\"https:\/\/schema.org\",\"@graph\":[{\"@type\":\"WebPage\",\"@id\":\"https:\/\/cocochat.live\/es\/chatzy\/\",\"url\":\"https:\/\/cocochat.live\/es\/chatzy\/\",\"name\":\"Chatzy - Free Private Chat Rooms\",\"isPartOf\":{\"@id\":\"https:\/\/cocochat.live\/fr\/#website\"},\"datePublished\":\"2022-04-24T12:13:48+00:00\",\"dateModified\":\"2024-02-27T10:37:34+00:00\",\"description\":\"Cocochat is the right place if youre looking for the perfect match and fun conversations. Free Private Chat Rooms are Free Private Chat Rooms\",\"breadcrumb\":{\"@id\":\"https:\/\/cocochat.live\/es\/chatzy\/#breadcrumb\"},\"inLanguage\":\"es\",\"potentialAction\":[{\"@type\":\"ReadAction\",\"target\":[\"https:\/\/cocochat.live\/es\/chatzy\/\"]}]},{\"@type\":\"BreadcrumbList\",\"@id\":\"https:\/\/cocochat.live\/es\/chatzy\/#breadcrumb\",\"itemListElement\":[{\"@type\":\"ListItem\",\"position\":1,\"name\":\"Home\",\"item\":\"https:\/\/cocochat.live\/fr\/\"},{\"@type\":\"ListItem\",\"position\":2,\"name\":\"Chatzy\"}]},{\"@type\":\"WebSite\",\"@id\":\"https:\/\/cocochat.live\/fr\/#website\",\"url\":\"https:\/\/cocochat.live\/fr\/\",\"name\":\"Coco Chat\",\"description\":\"Cocochat - Random Video Chat\",\"publisher\":{\"@id\":\"https:\/\/cocochat.live\/fr\/#organization\"},\"potentialAction\":[{\"@type\":\"SearchAction\",\"target\":{\"@type\":\"EntryPoint\",\"urlTemplate\":\"https:\/\/cocochat.live\/fr\/?s={search_term_string}\"},\"query-input\":\"required name=search_term_string\"}],\"inLanguage\":\"es\"},{\"@type\":\"Organization\",\"@id\":\"https:\/\/cocochat.live\/fr\/#organization\",\"name\":\"Coco Chat - Random Video Chat\",\"url\":\"https:\/\/cocochat.live\/fr\/\",\"logo\":{\"@type\":\"ImageObject\",\"inLanguage\":\"es\",\"@id\":\"https:\/\/cocochat.live\/fr\/#\/schema\/logo\/image\/\",\"url\":\"https:\/\/cocochat.live\/wp-content\/uploads\/2021\/10\/cropped-cropped-coco-chat-live.jpg\",\"contentUrl\":\"https:\/\/cocochat.live\/wp-content\/uploads\/2021\/10\/cropped-cropped-coco-chat-live.jpg\",\"width\":512,\"height\":512,\"caption\":\"Coco Chat - Random Video Chat\"},\"image\":{\"@id\":\"https:\/\/cocochat.live\/fr\/#\/schema\/logo\/image\/\"},\"sameAs\":[\"https:\/\/www.facebook.com\/cocochat.live\",\"https:\/\/twitter.com\/LaCocoChat\"]}]}<\/script>\n<!-- \/ Yoast SEO Premium plugin. -->","yoast_head_json":{"title":"Chatzy - Free Private Chat Rooms","description":"Cocochat is the right place if youre looking for the perfect match and fun conversations. Free Private Chat Rooms are Free Private Chat Rooms","robots":{"index":"index","follow":"follow","max-snippet":"max-snippet:-1","max-image-preview":"max-image-preview:large","max-video-preview":"max-video-preview:-1"},"canonical":"https:\/\/cocochat.live\/es\/chatzy\/","og_locale":"es_ES","og_type":"article","og_title":"Chatzy","og_description":"We strive to provide random video chat with random females. Coco chat is a stranger chat alternative for a random video call.","og_url":"https:\/\/cocochat.live\/es\/chatzy\/","og_site_name":"Coco Chat","article_publisher":"https:\/\/www.facebook.com\/cocochat.live","article_modified_time":"2024-02-27T10:37:34+00:00","og_image":[{"width":960,"height":1280,"url":"https:\/\/cocochat.live\/wp-content\/uploads\/2024\/02\/chatzy.png","type":"image\/png"}],"twitter_card":"summary_large_image","twitter_site":"@LaCocoChat","twitter_misc":{"Tiempo de lectura":"4 minutos"},"schema":{"@context":"https:\/\/schema.org","@graph":[{"@type":"WebPage","@id":"https:\/\/cocochat.live\/es\/chatzy\/","url":"https:\/\/cocochat.live\/es\/chatzy\/","name":"Chatzy - Free Private Chat Rooms","isPartOf":{"@id":"https:\/\/cocochat.live\/fr\/#website"},"datePublished":"2022-04-24T12:13:48+00:00","dateModified":"2024-02-27T10:37:34+00:00","description":"Cocochat is the right place if youre looking for the perfect match and fun conversations. Free Private Chat Rooms are Free Private Chat Rooms","breadcrumb":{"@id":"https:\/\/cocochat.live\/es\/chatzy\/#breadcrumb"},"inLanguage":"es","potentialAction":[{"@type":"ReadAction","target":["https:\/\/cocochat.live\/es\/chatzy\/"]}]},{"@type":"BreadcrumbList","@id":"https:\/\/cocochat.live\/es\/chatzy\/#breadcrumb","itemListElement":[{"@type":"ListItem","position":1,"name":"Home","item":"https:\/\/cocochat.live\/fr\/"},{"@type":"ListItem","position":2,"name":"Chatzy"}]},{"@type":"WebSite","@id":"https:\/\/cocochat.live\/fr\/#website","url":"https:\/\/cocochat.live\/fr\/","name":"Coco Chat","description":"Cocochat - Random Video Chat","publisher":{"@id":"https:\/\/cocochat.live\/fr\/#organization"},"potentialAction":[{"@type":"SearchAction","target":{"@type":"EntryPoint","urlTemplate":"https:\/\/cocochat.live\/fr\/?s={search_term_string}"},"query-input":"required name=search_term_string"}],"inLanguage":"es"},{"@type":"Organization","@id":"https:\/\/cocochat.live\/fr\/#organization","name":"Coco Chat - Random Video Chat","url":"https:\/\/cocochat.live\/fr\/","logo":{"@type":"ImageObject","inLanguage":"es","@id":"https:\/\/cocochat.live\/fr\/#\/schema\/logo\/image\/","url":"https:\/\/cocochat.live\/wp-content\/uploads\/2021\/10\/cropped-cropped-coco-chat-live.jpg","contentUrl":"https:\/\/cocochat.live\/wp-content\/uploads\/2021\/10\/cropped-cropped-coco-chat-live.jpg","width":512,"height":512,"caption":"Coco Chat - Random Video Chat"},"image":{"@id":"https:\/\/cocochat.live\/fr\/#\/schema\/logo\/image\/"},"sameAs":["https:\/\/www.facebook.com\/cocochat.live","https:\/\/twitter.com\/LaCocoChat"]}]}},"_links":{"self":[{"href":"https:\/\/cocochat.live\/es\/wp-json\/wp\/v2\/pages\/2239","targetHints":{"allow":["GET"]}}],"collection":[{"href":"https:\/\/cocochat.live\/es\/wp-json\/wp\/v2\/pages"}],"about":[{"href":"https:\/\/cocochat.live\/es\/wp-json\/wp\/v2\/types\/page"}],"author":[{"embeddable":true,"href":"https:\/\/cocochat.live\/es\/wp-json\/wp\/v2\/users\/3"}],"replies":[{"embeddable":true,"href":"https:\/\/cocochat.live\/es\/wp-json\/wp\/v2\/comments?post=2239"}],"version-history":[{"count":23,"href":"https:\/\/cocochat.live\/es\/wp-json\/wp\/v2\/pages\/2239\/revisions"}],"predecessor-version":[{"id":3198,"href":"https:\/\/cocochat.live\/es\/wp-json\/wp\/v2\/pages\/2239\/revisions\/3198"}],"wp:featuredmedia":[{"embeddable":true,"href":"https:\/\/cocochat.live\/es\/wp-json\/wp\/v2\/media\/3196"}],"wp:attachment":[{"href":"https:\/\/cocochat.live\/es\/wp-json\/wp\/v2\/media?parent=2239"}],"curies":[{"name":"wp","href":"https:\/\/api.w.org\/{rel}","templated":true}]}}