{"id":2045,"date":"2022-03-28T22:56:38","date_gmt":"2022-03-28T20:56:38","guid":{"rendered":"https:\/\/cocochat.live\/?page_id=2045"},"modified":"2024-02-28T12:10:56","modified_gmt":"2024-02-28T10:10:56","slug":"emeraldchat","status":"publish","type":"page","link":"https:\/\/cocochat.live\/es\/emeraldchat\/","title":{"rendered":"Chat esmeralda"},"content":{"rendered":"<p>EmeraldChat se destaca en el \u00e1mbito de las plataformas de chat en l\u00ednea, ya que ofrece a los usuarios una forma innovadora de conocer gente nueva, conectarse con amigos y participar en conversaciones significativas. Sus caracter\u00edsticas \u00fanicas, su interfaz f\u00e1cil de usar y sus s\u00f3lidas medidas de seguridad lo convierten en la opci\u00f3n preferida de las personas que buscan mejorar sus interacciones sociales en l\u00ednea. Esta gu\u00eda profundiza en el funcionamiento de EmeraldChat y explica c\u00f3mo comenzar, iniciar sesi\u00f3n, suscribirse y utilizar sus filtros para una experiencia de chat optimizada.<\/p>\n<h3>C\u00f3mo funciona EmeraldChat<\/h3>\n<p>EmeraldChat revoluciona la forma en que nos conectamos con desconocidos y amigos mediante el uso de algoritmos de emparejamiento avanzados. Empareja a los usuarios en funci\u00f3n de sus intereses y preferencias, lo que garantiza que las conversaciones sean significativas y agradables. Ya sea que busques una charla informal o quieras hacer amistades duraderas, EmeraldChat satisface todas tus necesidades sociales con facilidad.<\/p>\n<h3>C\u00f3mo iniciar sesi\u00f3n en EmeraldChat<\/h3>\n<p>Acceder al mundo de EmeraldChat es sencillo:<\/p>\n<ol>\n<li>Visita el sitio web de EmeraldChat.<\/li>\n<li>Haga clic en el bot\u00f3n \u201cIniciar sesi\u00f3n\u201d ubicado en la esquina superior derecha.<\/li>\n<li>Puede iniciar sesi\u00f3n usando su correo electr\u00f3nico o aprovechar la funci\u00f3n de inicio de sesi\u00f3n r\u00e1pido a trav\u00e9s de Google o Facebook para ingresar sin complicaciones.<\/li>\n<\/ol>\n<p>Este sencillo proceso garantiza que est\u00e9s a solo unos clics de conectarte con otras personas alrededor del mundo.<\/p>\n<h3>C\u00f3mo suscribirse a EmeraldChat<\/h3>\n<p>Para los usuarios que buscan una experiencia mejorada, EmeraldChat ofrece opciones de suscripci\u00f3n que desbloquean funciones premium, como chat sin publicidad, filtros avanzados y m\u00e1s. Para suscribirse:<\/p>\n<ol>\n<li>Ingrese a su cuenta.<\/li>\n<li>Vaya a la secci\u00f3n \u201cConfiguraci\u00f3n\u201d o \u201cSuscripci\u00f3n\u201d.<\/li>\n<li>Elija su plan de suscripci\u00f3n preferido y siga las instrucciones para completar el pago.<\/li>\n<\/ol>\n<p>Suscribirse a EmeraldChat no solo enriquece su experiencia de chat, sino que tambi\u00e9n ayuda a la plataforma a brindar servicios de alta calidad.<\/p>\n<h3>C\u00f3mo entender los filtros de EmeraldChat<\/h3>\n<p>Los filtros de EmeraldChat est\u00e1n dise\u00f1ados para adaptar su experiencia de chat a sus intereses y preferencias espec\u00edficos. Estos filtros incluyen:<\/p>\n<ul>\n<li><strong>Filtro de ubicaci\u00f3n<\/strong>: Con\u00e9ctese con usuarios de regiones o pa\u00edses espec\u00edficos.<\/li>\n<li><strong>Filtro de inter\u00e9s<\/strong>:Con\u00e9ctate con personas que comparten intereses o pasatiempos similares a los tuyos.<\/li>\n<li><strong>Filtro de g\u00e9nero<\/strong>:Especifica si quieres chatear con hombres, mujeres o con todo el mundo.<\/li>\n<\/ul>\n<p>Para aplicar estos filtros, simplemente vaya a la configuraci\u00f3n del chat y seleccione sus preferencias. Esta personalizaci\u00f3n permite conversaciones m\u00e1s espec\u00edficas, lo que hace que cada sesi\u00f3n de chat sea m\u00e1s relevante y atractiva.<\/p>\n<p>Emerald Chat ofrece muchas funciones \u00fanicas que no se encuentran a menudo en las salas de chat en l\u00ednea. Uno de los mejores sitios web de salas de chat te permite conocer a desconocidos y, a menudo, te sorprende. La aplicaci\u00f3n de chat te permite emparejar a personas para que puedan chatear y conocerse entre s\u00ed. Puedes calificar a los usuarios seg\u00fan su amabilidad y hospitalidad. Tambi\u00e9n te permite decidir si los recomendar\u00edas como amigos. La aplicaci\u00f3n de c\u00e1mara web es muy similar a Shagle y Camsurf, pero se puede utilizar para chatear con desconocidos en l\u00ednea.<!-- Controls --><code style=\"min-height: 183px;\" data-toggle=\"typed\" data-options=\"{&quot;backSpeed&quot;:null,&quot;strings&quot;:[&quot;&gt; $ Is it easy to use?&lt;br \/&gt; &lt;span class=&quot;text-success&quot;&gt;Click and Cam! That's it. No sign ups and complicated tweaks to get going.&lt;\/span&gt;&lt;\/p&gt; &lt;p&gt;&gt; $ Are you safe?&lt;br \/&gt; &lt;span class=&quot;text-success&quot;&gt;No personal information is required to build a profile for live video chatting online.&lt;\/span&gt;&lt;br \/&gt; &lt;span class=&quot;text-success&quot;&gt;Never give your personal details to anyone!&lt;\/span&gt;&lt;br \/&gt; &lt;span class=&quot;text-success&quot;&gt;That's a rule :)&lt;\/span&gt;&lt;\/p&gt; &lt;p&gt;&gt; $ One last thing...&lt;br \/&gt; &lt;span class=&quot;text-success&quot;&gt;Enjoy and have fun!&lt;\/span&gt;&quot;]}\" data-aos-id=\"typed:in\" data-aos=\"1\"><\/code><\/p>\n<h2>Coco Chat se compromete a proporcionar una alternativa de video chat de Emerald Chat.<\/h2>\n<p>Puedes enviar fotos y v\u00eddeos a las personas con las que est\u00e1s conversando. Tambi\u00e9n pueden hablar de cualquier cosa. A trav\u00e9s del m\u00e9todo que elijas, puedes revelar qui\u00e9n eres realmente. Nunca ha sido tan f\u00e1cil hacer amigos en l\u00ednea. Chatea con otras personas de todo el mundo en salas de chat privadas. \u00bfQuiz\u00e1s puedas quedar en persona con uno de tus amigos en l\u00ednea?<\/p>\n<h2>Alternativa a Emerald Chat<\/h2>\n<h3><strong>\u00bfQu\u00e9 es Emerald Chat?<\/strong><\/h3>\n<p>Hay tres formas de hablar con desconocidos a trav\u00e9s del sitio web. Puedes elegir una de estas opciones para empezar a hablar con ellos. Emerald Chat es un nivel adicional de seguridad que da a los clientes la sensaci\u00f3n de estar utilizando un sitio de chat para desconocidos.<\/p>\n<p>Podemos ayudarte a encontrar alternativas a los servicios que utilizas actualmente y brindarte evaluaciones. Emerald Chat te empareja aleatoriamente con mujeres en vivo que realizan espect\u00e1culos seductores. Es como una Chatroulette para adultos, pero solo con mujeres. Su sitio web tambi\u00e9n tiene secciones para mujeres, hombres y muchos m\u00e1s. Durante un breve per\u00edodo, los usuarios que tengan puntajes de karma bajos pueden ser expulsados del sitio. Si la funci\u00f3n de chat grupal es una indicaci\u00f3n, entonces los usuarios no volver\u00e1n. Aunque no los he probado yo mismo, estoy seguro de que muchos otros lo han hecho y est\u00e1n buscando la forma m\u00e1s segura de tener estos chats.<\/p>\n<p>Te hace sentir vivo, puede mejorar tu estado de \u00e1nimo y hacerte sentir m\u00e1s vivo. A veces incluso podemos usar frases para expresar nuestros sentimientos, de modo que podamos dedicarle canciones a alguien o recordarle canciones. Emerald Chat, que te permite chatear con personas al azar, es similar a las canciones. Este es un lugar donde puedes compartir tu conocimiento o hablar con personas al azar para cambiar sus estados de \u00e1nimo o para pasar el tiempo. Los sitios de video chat como omegle y chaturbate, junto con los mejores sitios web de c\u00e1maras como chaturbate, est\u00e1n cambiando la forma en que las personas interact\u00faan.<\/p>\n<p>Haz amigos en l\u00ednea al instante y chatea con otros. Chatea an\u00f3nimamente con miles de personas. Chatea con otras personas en una sala de chat. Video Chat: esta es una excelente manera de interactuar con personas que conversan al azar y conectarte con miles de personas a trav\u00e9s de una c\u00e1mara web. Usa el cuadro &quot;\u00bfDe qu\u00e9 te interesa hablar?&quot;. Usa el cuadro &quot;\u00bfDe qu\u00e9 te interesa hablar?&quot; para encontrar personas con intereses similares. Puedes agregar intereses para aumentar tus posibilidades de conocer nuevos amigos y reducir la aleatoriedad en las conversaciones de chat. Para encontrar usuarios de video aleatorios, desactiva la &quot;B\u00fasqueda segura&quot;. Haz clic en el bot\u00f3n de inicio para unirte instant\u00e1neamente a la aplicaci\u00f3n de chat. \u00a1Tienes miles de amigos disponibles ahora mismo!<\/p>\n<p>Cocochat, como <a href=\"http:\/\/spiegelcam.com\">c\u00e1mara esp\u00eda<\/a> Es muy f\u00e1cil de usar. Solo tienes que pulsar el bot\u00f3n de encendido. El sistema te conectar\u00e1 inmediatamente con personas an\u00f3nimas. Puedes filtrar tu b\u00fasqueda eligiendo una selecci\u00f3n aleatoria, por ejemplo, si una conversaci\u00f3n ser\u00e1 sobre un idioma espec\u00edfico o un tema basado en la ubicaci\u00f3n.<\/p>\n<h3>Aplicaci\u00f3n CocoChat<\/h3>\n<p>La aplicaci\u00f3n CocoChat es la aplicaci\u00f3n CocoChat m\u00e1s popular. Le permite conectarse con personas de ideas afines.<\/p>\n<h3>Desliza y conoce<\/h3>\n<p>Hacer coincidir en Coco Chat es s\u00faper f\u00e1cil. Filtra seg\u00fan tus preferencias de pareja ideal, con\u00e9ctate y disfruta en unos segundos.<\/p>\n<h3>Experiencia de usuario m\u00f3vil<\/h3>\n<p>Brindamos la mejor experiencia de usuario m\u00f3vil para Apple y Android y ocupamos un lugar destacado en las b\u00fasquedas m\u00f3viles.<\/p>\n<h3>V\u00eddeo optimizado<\/h3>\n<p>Una experiencia consistente ya sea que est\u00e9s chateando en tu computadora, tableta o tel\u00e9fono m\u00f3vil.<\/p>\n<h3>Registro Opcional<\/h3>\n<p>Chatea de forma an\u00f3nima y controla cu\u00e1ndo proporcionas informaci\u00f3n personal a otros usuarios del chat.<\/p>\n<h3>Filtros superiores<\/h3>\n<p>Filtra el ruido. Con las opciones de filtro avanzadas, puedes decidir f\u00e1cilmente con qui\u00e9n quieres coincidir. Encuentra tu pareja perfecta de forma r\u00e1pida y sencilla.<\/p>\n<div class=\"relative flex w-full flex-col agent-turn\">\n<div class=\"flex-col gap-1 md:gap-3\">\n<div class=\"flex flex-grow flex-col max-w-full\">\n<div class=\"min-h-[20px] text-message flex flex-col items-start gap-3 whitespace-pre-wrap break-words [.text-message+&amp;]:mt-5 overflow-x-auto\" data-message-author-role=\"assistant\" data-message-id=\"d63c71bc-ecfd-43c8-9f9f-647c9f734a14\">\n<div class=\"markdown prose w-full break-words dark:prose-invert light\">\n<p><strong>Explorando EmeraldChat: una gu\u00eda completa para conexiones en l\u00ednea fluidas<\/strong><\/p>\n<p>EmeraldChat se destaca en el \u00e1mbito de las plataformas de chat en l\u00ednea, ya que ofrece a los usuarios una forma innovadora de conocer gente nueva, conectarse con amigos y participar en conversaciones significativas. Sus caracter\u00edsticas \u00fanicas, su interfaz f\u00e1cil de usar y sus s\u00f3lidas medidas de seguridad lo convierten en la opci\u00f3n preferida de las personas que buscan mejorar sus interacciones sociales en l\u00ednea. Esta gu\u00eda profundiza en el funcionamiento de EmeraldChat y explica c\u00f3mo comenzar, iniciar sesi\u00f3n, suscribirse y utilizar sus filtros para una experiencia de chat optimizada.<\/p>\n<h3>C\u00f3mo funciona EmeraldChat<\/h3>\n<p>EmeraldChat revoluciona la forma en que nos conectamos con desconocidos y amigos mediante el uso de algoritmos de emparejamiento avanzados. Empareja a los usuarios en funci\u00f3n de sus intereses y preferencias, lo que garantiza que las conversaciones sean significativas y agradables. Ya sea que busques una charla informal o quieras hacer amistades duraderas, EmeraldChat satisface todas tus necesidades sociales con facilidad.<\/p>\n<h3>C\u00f3mo iniciar sesi\u00f3n en EmeraldChat<\/h3>\n<p>Acceder al mundo de EmeraldChat es sencillo:<\/p>\n<ol>\n<li>Visita el sitio web de EmeraldChat.<\/li>\n<li>Haga clic en el bot\u00f3n \u201cIniciar sesi\u00f3n\u201d ubicado en la esquina superior derecha.<\/li>\n<li>Puede iniciar sesi\u00f3n usando su correo electr\u00f3nico o aprovechar la funci\u00f3n de inicio de sesi\u00f3n r\u00e1pido a trav\u00e9s de Google o Facebook para ingresar sin complicaciones.<\/li>\n<\/ol>\n<p>Este sencillo proceso garantiza que est\u00e9s a solo unos clics de conectarte con otras personas alrededor del mundo.<\/p>\n<h3>C\u00f3mo suscribirse a EmeraldChat<\/h3>\n<p>Para los usuarios que buscan una experiencia mejorada, EmeraldChat ofrece opciones de suscripci\u00f3n que desbloquean funciones premium, como chat sin publicidad, filtros avanzados y m\u00e1s. Para suscribirse:<\/p>\n<ol>\n<li>Ingrese a su cuenta.<\/li>\n<li>Vaya a la secci\u00f3n \u201cConfiguraci\u00f3n\u201d o \u201cSuscripci\u00f3n\u201d.<\/li>\n<li>Elija su plan de suscripci\u00f3n preferido y siga las instrucciones para completar el pago.<\/li>\n<\/ol>\n<p>Suscribirse a EmeraldChat no solo enriquece su experiencia de chat, sino que tambi\u00e9n ayuda a la plataforma a brindar servicios de alta calidad.<\/p>\n<h3>C\u00f3mo entender los filtros de EmeraldChat<\/h3>\n<p>Los filtros de EmeraldChat est\u00e1n dise\u00f1ados para adaptar su experiencia de chat a sus intereses y preferencias espec\u00edficos. Estos filtros incluyen:<\/p>\n<ul>\n<li><strong>Filtro de ubicaci\u00f3n<\/strong>: Con\u00e9ctese con usuarios de regiones o pa\u00edses espec\u00edficos.<\/li>\n<li><strong>Filtro de inter\u00e9s<\/strong>:Con\u00e9ctate con personas que comparten intereses o pasatiempos similares a los tuyos.<\/li>\n<li><strong>Filtro de g\u00e9nero<\/strong>:Especifica si quieres chatear con hombres, mujeres o con todo el mundo.<\/li>\n<\/ul>\n<p>Para aplicar estos filtros, simplemente vaya a la configuraci\u00f3n del chat y seleccione sus preferencias. Esta personalizaci\u00f3n permite conversaciones m\u00e1s espec\u00edficas, lo que hace que cada sesi\u00f3n de chat sea m\u00e1s relevante y atractiva.<\/p>\n<h3>Conclusi\u00f3n<\/h3>\n<p>EmeraldChat ofrece un enfoque renovador de la socializaci\u00f3n en l\u00ednea, que combina la emoci\u00f3n de conocer gente nueva con la comodidad de conversaciones seleccionadas. Al comprender c\u00f3mo navegar, iniciar sesi\u00f3n, suscribirse y usar filtros en EmeraldChat, los usuarios pueden maximizar su experiencia de chat. Ya sea que est\u00e9 buscando expandir su c\u00edrculo social o encontrar compa\u00f1\u00eda, EmeraldChat ofrece una plataforma segura, agradable y f\u00e1cil de usar para todas sus necesidades sociales.<\/p>\n<\/div>\n<\/div>\n<\/div>\n<\/div>\n<\/div>","protected":false},"excerpt":{"rendered":"<p>EmeraldChat se destaca en el \u00e1mbito de las plataformas de chat en l\u00ednea, ya que ofrece a los usuarios una forma innovadora de conocer gente nueva, conectarse con amigos y participar en conversaciones significativas. Sus caracter\u00edsticas \u00fanicas, su interfaz f\u00e1cil de usar y sus s\u00f3lidas medidas de seguridad lo convierten en la opci\u00f3n preferida de las personas que buscan mejorar sus interacciones sociales en l\u00ednea. Esta gu\u00eda profundiza en [\u2026]<\/p>","protected":false},"author":3,"featured_media":3231,"parent":0,"menu_order":0,"comment_status":"closed","ping_status":"closed","template":"","meta":{"_acf_changed":false,"footnotes":""},"class_list":["post-2045","page","type-page","status-publish","has-post-thumbnail","hentry"],"acf":[],"yoast_head":"<!-- This site is optimized with the Yoast SEO Premium plugin v21.5 (Yoast SEO v21.5) - https:\/\/yoast.com\/wordpress\/plugins\/seo\/ -->\n<title>Emeraldchat - Omegle Alternative<\/title>\n<meta name=\"description\" content=\"Coco Chat is the right place for you if you love to find the perfect match and have fun conversations. Have a fun with emeraldchat\" \/>\n<meta name=\"robots\" content=\"index, follow, max-snippet:-1, max-image-preview:large, max-video-preview:-1\" \/>\n<link rel=\"canonical\" href=\"https:\/\/cocochat.live\/es\/emeraldchat\/\" \/>\n<meta property=\"og:locale\" content=\"es_ES\" \/>\n<meta property=\"og:type\" content=\"article\" \/>\n<meta property=\"og:title\" content=\"Emeraldchat\" \/>\n<meta property=\"og:description\" content=\"We strive to provide random video chat with random females. Coco chat is a stranger chat alternative for a random video call.\" \/>\n<meta property=\"og:url\" content=\"https:\/\/cocochat.live\/es\/emeraldchat\/\" \/>\n<meta property=\"og:site_name\" content=\"Coco Chat\" \/>\n<meta property=\"article:publisher\" content=\"https:\/\/www.facebook.com\/cocochat.live\" \/>\n<meta property=\"article:modified_time\" content=\"2024-02-28T10:10:56+00:00\" \/>\n<meta property=\"og:image\" content=\"https:\/\/cocochat.live\/wp-content\/uploads\/2024\/02\/emeraldchat.png\" \/>\n\t<meta property=\"og:image:width\" content=\"768\" \/>\n\t<meta property=\"og:image:height\" content=\"1366\" \/>\n\t<meta property=\"og:image:type\" content=\"image\/png\" \/>\n<meta name=\"twitter:card\" content=\"summary_large_image\" \/>\n<meta name=\"twitter:site\" content=\"@LaCocoChat\" \/>\n<meta name=\"twitter:label1\" content=\"Tiempo de lectura\" \/>\n\t<meta name=\"twitter:data1\" content=\"7 minutos\" \/>\n<script type=\"application\/ld+json\" class=\"yoast-schema-graph\">{\"@context\":\"https:\/\/schema.org\",\"@graph\":[{\"@type\":\"WebPage\",\"@id\":\"https:\/\/cocochat.live\/es\/emeraldchat\/\",\"url\":\"https:\/\/cocochat.live\/es\/emeraldchat\/\",\"name\":\"Emeraldchat - Omegle Alternative\",\"isPartOf\":{\"@id\":\"https:\/\/cocochat.live\/fr\/#website\"},\"datePublished\":\"2022-03-28T20:56:38+00:00\",\"dateModified\":\"2024-02-28T10:10:56+00:00\",\"description\":\"Coco Chat is the right place for you if you love to find the perfect match and have fun conversations. Have a fun with emeraldchat\",\"breadcrumb\":{\"@id\":\"https:\/\/cocochat.live\/es\/emeraldchat\/#breadcrumb\"},\"inLanguage\":\"es\",\"potentialAction\":[{\"@type\":\"ReadAction\",\"target\":[\"https:\/\/cocochat.live\/es\/emeraldchat\/\"]}]},{\"@type\":\"BreadcrumbList\",\"@id\":\"https:\/\/cocochat.live\/es\/emeraldchat\/#breadcrumb\",\"itemListElement\":[{\"@type\":\"ListItem\",\"position\":1,\"name\":\"Home\",\"item\":\"https:\/\/cocochat.live\/fr\/\"},{\"@type\":\"ListItem\",\"position\":2,\"name\":\"Emeraldchat\"}]},{\"@type\":\"WebSite\",\"@id\":\"https:\/\/cocochat.live\/fr\/#website\",\"url\":\"https:\/\/cocochat.live\/fr\/\",\"name\":\"Coco Chat\",\"description\":\"Cocochat - Random Video Chat\",\"publisher\":{\"@id\":\"https:\/\/cocochat.live\/fr\/#organization\"},\"potentialAction\":[{\"@type\":\"SearchAction\",\"target\":{\"@type\":\"EntryPoint\",\"urlTemplate\":\"https:\/\/cocochat.live\/fr\/?s={search_term_string}\"},\"query-input\":\"required name=search_term_string\"}],\"inLanguage\":\"es\"},{\"@type\":\"Organization\",\"@id\":\"https:\/\/cocochat.live\/fr\/#organization\",\"name\":\"Coco Chat - Random Video Chat\",\"url\":\"https:\/\/cocochat.live\/fr\/\",\"logo\":{\"@type\":\"ImageObject\",\"inLanguage\":\"es\",\"@id\":\"https:\/\/cocochat.live\/fr\/#\/schema\/logo\/image\/\",\"url\":\"https:\/\/cocochat.live\/wp-content\/uploads\/2021\/10\/cropped-cropped-coco-chat-live.jpg\",\"contentUrl\":\"https:\/\/cocochat.live\/wp-content\/uploads\/2021\/10\/cropped-cropped-coco-chat-live.jpg\",\"width\":512,\"height\":512,\"caption\":\"Coco Chat - Random Video Chat\"},\"image\":{\"@id\":\"https:\/\/cocochat.live\/fr\/#\/schema\/logo\/image\/\"},\"sameAs\":[\"https:\/\/www.facebook.com\/cocochat.live\",\"https:\/\/twitter.com\/LaCocoChat\"]}]}<\/script>\n<!-- \/ Yoast SEO Premium plugin. -->","yoast_head_json":{"title":"Emeraldchat - Omegle Alternative","description":"Coco Chat is the right place for you if you love to find the perfect match and have fun conversations. Have a fun with emeraldchat","robots":{"index":"index","follow":"follow","max-snippet":"max-snippet:-1","max-image-preview":"max-image-preview:large","max-video-preview":"max-video-preview:-1"},"canonical":"https:\/\/cocochat.live\/es\/emeraldchat\/","og_locale":"es_ES","og_type":"article","og_title":"Emeraldchat","og_description":"We strive to provide random video chat with random females. Coco chat is a stranger chat alternative for a random video call.","og_url":"https:\/\/cocochat.live\/es\/emeraldchat\/","og_site_name":"Coco Chat","article_publisher":"https:\/\/www.facebook.com\/cocochat.live","article_modified_time":"2024-02-28T10:10:56+00:00","og_image":[{"width":768,"height":1366,"url":"https:\/\/cocochat.live\/wp-content\/uploads\/2024\/02\/emeraldchat.png","type":"image\/png"}],"twitter_card":"summary_large_image","twitter_site":"@LaCocoChat","twitter_misc":{"Tiempo de lectura":"7 minutos"},"schema":{"@context":"https:\/\/schema.org","@graph":[{"@type":"WebPage","@id":"https:\/\/cocochat.live\/es\/emeraldchat\/","url":"https:\/\/cocochat.live\/es\/emeraldchat\/","name":"Emeraldchat - Omegle Alternative","isPartOf":{"@id":"https:\/\/cocochat.live\/fr\/#website"},"datePublished":"2022-03-28T20:56:38+00:00","dateModified":"2024-02-28T10:10:56+00:00","description":"Coco Chat is the right place for you if you love to find the perfect match and have fun conversations. Have a fun with emeraldchat","breadcrumb":{"@id":"https:\/\/cocochat.live\/es\/emeraldchat\/#breadcrumb"},"inLanguage":"es","potentialAction":[{"@type":"ReadAction","target":["https:\/\/cocochat.live\/es\/emeraldchat\/"]}]},{"@type":"BreadcrumbList","@id":"https:\/\/cocochat.live\/es\/emeraldchat\/#breadcrumb","itemListElement":[{"@type":"ListItem","position":1,"name":"Home","item":"https:\/\/cocochat.live\/fr\/"},{"@type":"ListItem","position":2,"name":"Emeraldchat"}]},{"@type":"WebSite","@id":"https:\/\/cocochat.live\/fr\/#website","url":"https:\/\/cocochat.live\/fr\/","name":"Coco Chat","description":"Cocochat - Random Video Chat","publisher":{"@id":"https:\/\/cocochat.live\/fr\/#organization"},"potentialAction":[{"@type":"SearchAction","target":{"@type":"EntryPoint","urlTemplate":"https:\/\/cocochat.live\/fr\/?s={search_term_string}"},"query-input":"required name=search_term_string"}],"inLanguage":"es"},{"@type":"Organization","@id":"https:\/\/cocochat.live\/fr\/#organization","name":"Coco Chat - Random Video Chat","url":"https:\/\/cocochat.live\/fr\/","logo":{"@type":"ImageObject","inLanguage":"es","@id":"https:\/\/cocochat.live\/fr\/#\/schema\/logo\/image\/","url":"https:\/\/cocochat.live\/wp-content\/uploads\/2021\/10\/cropped-cropped-coco-chat-live.jpg","contentUrl":"https:\/\/cocochat.live\/wp-content\/uploads\/2021\/10\/cropped-cropped-coco-chat-live.jpg","width":512,"height":512,"caption":"Coco Chat - Random Video Chat"},"image":{"@id":"https:\/\/cocochat.live\/fr\/#\/schema\/logo\/image\/"},"sameAs":["https:\/\/www.facebook.com\/cocochat.live","https:\/\/twitter.com\/LaCocoChat"]}]}},"_links":{"self":[{"href":"https:\/\/cocochat.live\/es\/wp-json\/wp\/v2\/pages\/2045","targetHints":{"allow":["GET"]}}],"collection":[{"href":"https:\/\/cocochat.live\/es\/wp-json\/wp\/v2\/pages"}],"about":[{"href":"https:\/\/cocochat.live\/es\/wp-json\/wp\/v2\/types\/page"}],"author":[{"embeddable":true,"href":"https:\/\/cocochat.live\/es\/wp-json\/wp\/v2\/users\/3"}],"replies":[{"embeddable":true,"href":"https:\/\/cocochat.live\/es\/wp-json\/wp\/v2\/comments?post=2045"}],"version-history":[{"count":32,"href":"https:\/\/cocochat.live\/es\/wp-json\/wp\/v2\/pages\/2045\/revisions"}],"predecessor-version":[{"id":3233,"href":"https:\/\/cocochat.live\/es\/wp-json\/wp\/v2\/pages\/2045\/revisions\/3233"}],"wp:featuredmedia":[{"embeddable":true,"href":"https:\/\/cocochat.live\/es\/wp-json\/wp\/v2\/media\/3231"}],"wp:attachment":[{"href":"https:\/\/cocochat.live\/es\/wp-json\/wp\/v2\/media?parent=2045"}],"curies":[{"name":"wp","href":"https:\/\/api.w.org\/{rel}","templated":true}]}}