{"id":2021,"date":"2022-03-19T23:41:50","date_gmt":"2022-03-19T21:41:50","guid":{"rendered":"https:\/\/cocochat.live\/?page_id=2021"},"modified":"2024-02-28T11:00:46","modified_gmt":"2024-02-28T09:00:46","slug":"webcam","status":"publish","type":"page","link":"https:\/\/cocochat.live\/es\/webcam\/","title":{"rendered":"C\u00e1mara web"},"content":{"rendered":"<p>Los modelos de webcam transmiten v\u00eddeos en directo online y chatean con usuarios o clientes que les pagan. Chatear con una camgirl puede comenzar en un chat grupal. Las sesiones individuales est\u00e1n disponibles para aquellos que quieran chatear con una modelo en privado o &quot;mostrarla&quot;. Puedes elegir con qui\u00e9n quieres chatear aleatoriamente usando la aplicaci\u00f3n de chat Cocochat.live simplemente desliz\u00e1ndote al siguiente. Puede utilizar el filtro de c\u00e1mara para asegurarse de poder encontrar el mejor chat de v\u00eddeo aleatorio para c\u00e1mara web en l\u00ednea. Nuestra interfaz de videollamada f\u00e1cil de usar es sencilla y sencilla de operar, algo que a los miembros de Cocochat les encanta. Entre sus principales ventajas se encuentran la ausencia de componentes superfluos y la atenci\u00f3n al m\u00e1s m\u00ednimo detalle. Todo lo que pueda ser necesario est\u00e1 en el panel principal. Para mejorar la accesibilidad, todos los botones m\u00e1s esenciales est\u00e1n en una posici\u00f3n adecuada.<\/p>\n<h2>Coco Chat se compromete a brindar la mejor experiencia de video chat an\u00f3nimo.<\/h2>\n<p>Todos los d\u00edas, miles de personas viven en video chat. Coco Chat es un sitio de chat en l\u00ednea que permite a los usuarios comunicarse entre s\u00ed con la opci\u00f3n de registrarse. De forma aleatoria, el servicio empareja a los usuarios para chatear en sesiones de chat privadas.<\/p>\n<p>El video chat y la seguridad han aumentado significativamente y, debido a esto, ahora existe un grupo Cocochat muy grande. La gente utiliza cada vez m\u00e1s este programa todo el tiempo.<\/p>\n<h2>Chat con c\u00e1mara web<\/h2>\n<p>Los modelos de webcam transmiten v\u00eddeos en directo online y chatean con clientes o usuarios que les pagan por hacerlo. Un chat con una camgirl puede comenzar en un chat grupal. Sin embargo, aquellos que deseen hablar con una modelo en privado o para un \u201cshow\u201d pueden pagar m\u00e1s por una sesi\u00f3n individual.<\/p>\n<p>A los modelos que trabajan como c\u00e1maras web se les suele pagar por minuto a tarifas que pueden llegar a las 100 libras por hora. Muchos de ellos trabajan de forma remota y cuentan con el apoyo de agencias que reciben una parte.<\/p>\n<p>Los clientes suelen pedirles que realicen actos sexuales, pero no siempre es necesario. Ofrecen experiencias de nicho, desde el dominio financiero hasta la \u201cexperiencia de novia\u201d, que es la m\u00e1s lucrativa.<\/p>\n<p>Mucha gente no sabe mucho sobre el mundo de una camgirl. Coco Chat tuvo la oportunidad de hablar con una modelo webcam que trabajaba en el oeste de Londres. Le hicimos varias preguntas y pensamos que la gente estar\u00eda m\u00e1s interesada en conocer las respuestas.<\/p>\n<p>La residente de Hammersmith, de 34 a\u00f1os, solicit\u00f3 el anonimato porque dijo que dej\u00f3 su trabajo como secretaria hace casi medio siglo para convertirse en una chica de c\u00e1mara a tiempo completo. Gana un promedio de 300 libras por d\u00eda, pero trabaja s\u00f3lo de 7 a.m. a 10 a.m.<\/p>\n<p>\u00bfQu\u00e9 le dir\u00edas sobre tu trabajo a alguien que no sabe lo que es una camgirl? Un modelo de c\u00e1mara web ser\u00eda la mejor descripci\u00f3n. Tambi\u00e9n dir\u00eda que es modelaje de pago por minuto y presentaciones en vivo en lo que llamamos \u201cshows\u201d y \u201ccalls\u201d.<\/p>\n<h3>Aplicaci\u00f3n CocoChat<\/h3>\n<p>La aplicaci\u00f3n CocoChat es la aplicaci\u00f3n CocoChat m\u00e1s popular. Le permite conectarse con personas de ideas afines.<\/p>\n<h3>Desliza y conoce<\/h3>\n<p>Hacer coincidir en Coco Chat es s\u00faper f\u00e1cil. Filtra seg\u00fan tus preferencias de pareja ideal, con\u00e9ctate y disfruta en unos segundos.<\/p>\n<h3>Experiencia de usuario m\u00f3vil<\/h3>\n<p>Brindamos la mejor experiencia de usuario m\u00f3vil para Apple y Android y ocupamos un lugar destacado en las b\u00fasquedas m\u00f3viles.<\/p>\n<h3>V\u00eddeo optimizado<\/h3>\n<p>Una experiencia consistente ya sea que est\u00e9s chateando en tu computadora, tableta o tel\u00e9fono m\u00f3vil.<\/p>\n<h3>Registro Opcional<\/h3>\n<p>Chatea de forma an\u00f3nima y controla cu\u00e1ndo proporcionas informaci\u00f3n personal a otros usuarios del chat.<\/p>\n<h3>Filtros superiores<\/h3>\n<p>Filtra el ruido. Con las opciones de filtro avanzadas, puedes decidir f\u00e1cilmente con qui\u00e9n quieres coincidir. Encuentra tu pareja perfecta de forma r\u00e1pida y sencilla.<\/p>","protected":false},"excerpt":{"rendered":"<p>Los modelos de webcam transmiten v\u00eddeos en directo online y chatean con usuarios o clientes que les pagan. Chatear con una camgirl puede comenzar en un chat grupal. Las sesiones individuales est\u00e1n disponibles para aquellos que quieran chatear con una modelo en privado o &quot;mostrarla&quot;. Puedes elegir con qui\u00e9n quieres chatear aleatoriamente usando Cocochat.live [\u2026]<\/p>","protected":false},"author":1,"featured_media":3210,"parent":0,"menu_order":0,"comment_status":"closed","ping_status":"closed","template":"","meta":{"_acf_changed":false,"footnotes":""},"class_list":["post-2021","page","type-page","status-publish","has-post-thumbnail","hentry"],"acf":[],"yoast_head":"<!-- This site is optimized with the Yoast SEO Premium plugin v21.5 (Yoast SEO v21.5) - https:\/\/yoast.com\/wordpress\/plugins\/seo\/ -->\n<title>Webcam - Random Video Chat - Coco Chat<\/title>\n<meta name=\"description\" content=\"Coco Chat is the right place for you if you have a liking or preference for the perfect match and fun conversations. Have a fun webcam chat\" \/>\n<meta name=\"robots\" content=\"index, follow, max-snippet:-1, max-image-preview:large, max-video-preview:-1\" \/>\n<link rel=\"canonical\" href=\"https:\/\/cocochat.live\/es\/webcam\/\" \/>\n<meta property=\"og:locale\" content=\"es_ES\" \/>\n<meta property=\"og:type\" content=\"article\" \/>\n<meta property=\"og:title\" content=\"Webcam\" \/>\n<meta property=\"og:description\" content=\"We strive to provide random video chat with random females. Coco chat is a stranger chat alternative for a random video call.\" \/>\n<meta property=\"og:url\" content=\"https:\/\/cocochat.live\/es\/webcam\/\" \/>\n<meta property=\"og:site_name\" content=\"Coco Chat\" \/>\n<meta property=\"article:publisher\" content=\"https:\/\/www.facebook.com\/cocochat.live\" \/>\n<meta property=\"article:modified_time\" content=\"2024-02-28T09:00:46+00:00\" \/>\n<meta property=\"og:image\" content=\"https:\/\/cocochat.live\/wp-content\/uploads\/2024\/02\/webcam-chat.png\" \/>\n\t<meta property=\"og:image:width\" content=\"960\" \/>\n\t<meta property=\"og:image:height\" content=\"1280\" \/>\n\t<meta property=\"og:image:type\" content=\"image\/png\" \/>\n<meta name=\"twitter:card\" content=\"summary_large_image\" \/>\n<meta name=\"twitter:site\" content=\"@LaCocoChat\" \/>\n<meta name=\"twitter:label1\" content=\"Tiempo de lectura\" \/>\n\t<meta name=\"twitter:data1\" content=\"3 minutos\" \/>\n<script type=\"application\/ld+json\" class=\"yoast-schema-graph\">{\"@context\":\"https:\/\/schema.org\",\"@graph\":[{\"@type\":\"WebPage\",\"@id\":\"https:\/\/cocochat.live\/webcam\/\",\"url\":\"https:\/\/cocochat.live\/webcam\/\",\"name\":\"Webcam - Random Video Chat - Coco Chat\",\"isPartOf\":{\"@id\":\"https:\/\/cocochat.live\/fr\/#website\"},\"datePublished\":\"2022-03-19T21:41:50+00:00\",\"dateModified\":\"2024-02-28T09:00:46+00:00\",\"description\":\"Coco Chat is the right place for you if you have a liking or preference for the perfect match and fun conversations. Have a fun webcam chat\",\"breadcrumb\":{\"@id\":\"https:\/\/cocochat.live\/webcam\/#breadcrumb\"},\"inLanguage\":\"es\",\"potentialAction\":[{\"@type\":\"ReadAction\",\"target\":[\"https:\/\/cocochat.live\/webcam\/\"]}]},{\"@type\":\"BreadcrumbList\",\"@id\":\"https:\/\/cocochat.live\/webcam\/#breadcrumb\",\"itemListElement\":[{\"@type\":\"ListItem\",\"position\":1,\"name\":\"Home\",\"item\":\"https:\/\/cocochat.live\/fr\/\"},{\"@type\":\"ListItem\",\"position\":2,\"name\":\"Webcam\"}]},{\"@type\":\"WebSite\",\"@id\":\"https:\/\/cocochat.live\/fr\/#website\",\"url\":\"https:\/\/cocochat.live\/fr\/\",\"name\":\"Coco Chat\",\"description\":\"Cocochat - Random Video Chat\",\"publisher\":{\"@id\":\"https:\/\/cocochat.live\/fr\/#organization\"},\"potentialAction\":[{\"@type\":\"SearchAction\",\"target\":{\"@type\":\"EntryPoint\",\"urlTemplate\":\"https:\/\/cocochat.live\/fr\/?s={search_term_string}\"},\"query-input\":\"required name=search_term_string\"}],\"inLanguage\":\"es\"},{\"@type\":\"Organization\",\"@id\":\"https:\/\/cocochat.live\/fr\/#organization\",\"name\":\"Coco Chat - Random Video Chat\",\"url\":\"https:\/\/cocochat.live\/fr\/\",\"logo\":{\"@type\":\"ImageObject\",\"inLanguage\":\"es\",\"@id\":\"https:\/\/cocochat.live\/fr\/#\/schema\/logo\/image\/\",\"url\":\"https:\/\/cocochat.live\/wp-content\/uploads\/2021\/10\/cropped-cropped-coco-chat-live.jpg\",\"contentUrl\":\"https:\/\/cocochat.live\/wp-content\/uploads\/2021\/10\/cropped-cropped-coco-chat-live.jpg\",\"width\":512,\"height\":512,\"caption\":\"Coco Chat - Random Video Chat\"},\"image\":{\"@id\":\"https:\/\/cocochat.live\/fr\/#\/schema\/logo\/image\/\"},\"sameAs\":[\"https:\/\/www.facebook.com\/cocochat.live\",\"https:\/\/twitter.com\/LaCocoChat\"]}]}<\/script>\n<!-- \/ Yoast SEO Premium plugin. -->","yoast_head_json":{"title":"Webcam - Random Video Chat - Coco Chat","description":"Coco Chat is the right place for you if you have a liking or preference for the perfect match and fun conversations. Have a fun webcam chat","robots":{"index":"index","follow":"follow","max-snippet":"max-snippet:-1","max-image-preview":"max-image-preview:large","max-video-preview":"max-video-preview:-1"},"canonical":"https:\/\/cocochat.live\/es\/webcam\/","og_locale":"es_ES","og_type":"article","og_title":"Webcam","og_description":"We strive to provide random video chat with random females. Coco chat is a stranger chat alternative for a random video call.","og_url":"https:\/\/cocochat.live\/es\/webcam\/","og_site_name":"Coco Chat","article_publisher":"https:\/\/www.facebook.com\/cocochat.live","article_modified_time":"2024-02-28T09:00:46+00:00","og_image":[{"width":960,"height":1280,"url":"https:\/\/cocochat.live\/wp-content\/uploads\/2024\/02\/webcam-chat.png","type":"image\/png"}],"twitter_card":"summary_large_image","twitter_site":"@LaCocoChat","twitter_misc":{"Tiempo de lectura":"3 minutos"},"schema":{"@context":"https:\/\/schema.org","@graph":[{"@type":"WebPage","@id":"https:\/\/cocochat.live\/webcam\/","url":"https:\/\/cocochat.live\/webcam\/","name":"Webcam - Random Video Chat - Coco Chat","isPartOf":{"@id":"https:\/\/cocochat.live\/fr\/#website"},"datePublished":"2022-03-19T21:41:50+00:00","dateModified":"2024-02-28T09:00:46+00:00","description":"Coco Chat is the right place for you if you have a liking or preference for the perfect match and fun conversations. Have a fun webcam chat","breadcrumb":{"@id":"https:\/\/cocochat.live\/webcam\/#breadcrumb"},"inLanguage":"es","potentialAction":[{"@type":"ReadAction","target":["https:\/\/cocochat.live\/webcam\/"]}]},{"@type":"BreadcrumbList","@id":"https:\/\/cocochat.live\/webcam\/#breadcrumb","itemListElement":[{"@type":"ListItem","position":1,"name":"Home","item":"https:\/\/cocochat.live\/fr\/"},{"@type":"ListItem","position":2,"name":"Webcam"}]},{"@type":"WebSite","@id":"https:\/\/cocochat.live\/fr\/#website","url":"https:\/\/cocochat.live\/fr\/","name":"Coco Chat","description":"Cocochat - Random Video Chat","publisher":{"@id":"https:\/\/cocochat.live\/fr\/#organization"},"potentialAction":[{"@type":"SearchAction","target":{"@type":"EntryPoint","urlTemplate":"https:\/\/cocochat.live\/fr\/?s={search_term_string}"},"query-input":"required name=search_term_string"}],"inLanguage":"es"},{"@type":"Organization","@id":"https:\/\/cocochat.live\/fr\/#organization","name":"Coco Chat - Random Video Chat","url":"https:\/\/cocochat.live\/fr\/","logo":{"@type":"ImageObject","inLanguage":"es","@id":"https:\/\/cocochat.live\/fr\/#\/schema\/logo\/image\/","url":"https:\/\/cocochat.live\/wp-content\/uploads\/2021\/10\/cropped-cropped-coco-chat-live.jpg","contentUrl":"https:\/\/cocochat.live\/wp-content\/uploads\/2021\/10\/cropped-cropped-coco-chat-live.jpg","width":512,"height":512,"caption":"Coco Chat - Random Video Chat"},"image":{"@id":"https:\/\/cocochat.live\/fr\/#\/schema\/logo\/image\/"},"sameAs":["https:\/\/www.facebook.com\/cocochat.live","https:\/\/twitter.com\/LaCocoChat"]}]}},"_links":{"self":[{"href":"https:\/\/cocochat.live\/es\/wp-json\/wp\/v2\/pages\/2021","targetHints":{"allow":["GET"]}}],"collection":[{"href":"https:\/\/cocochat.live\/es\/wp-json\/wp\/v2\/pages"}],"about":[{"href":"https:\/\/cocochat.live\/es\/wp-json\/wp\/v2\/types\/page"}],"author":[{"embeddable":true,"href":"https:\/\/cocochat.live\/es\/wp-json\/wp\/v2\/users\/1"}],"replies":[{"embeddable":true,"href":"https:\/\/cocochat.live\/es\/wp-json\/wp\/v2\/comments?post=2021"}],"version-history":[{"count":16,"href":"https:\/\/cocochat.live\/es\/wp-json\/wp\/v2\/pages\/2021\/revisions"}],"predecessor-version":[{"id":3214,"href":"https:\/\/cocochat.live\/es\/wp-json\/wp\/v2\/pages\/2021\/revisions\/3214"}],"wp:featuredmedia":[{"embeddable":true,"href":"https:\/\/cocochat.live\/es\/wp-json\/wp\/v2\/media\/3210"}],"wp:attachment":[{"href":"https:\/\/cocochat.live\/es\/wp-json\/wp\/v2\/media?parent=2021"}],"curies":[{"name":"wp","href":"https:\/\/api.w.org\/{rel}","templated":true}]}}