{"id":2005,"date":"2022-03-13T12:52:50","date_gmt":"2022-03-13T10:52:50","guid":{"rendered":"https:\/\/cocochat.live\/?page_id=2005"},"modified":"2024-02-28T12:21:45","modified_gmt":"2024-02-28T10:21:45","slug":"omegle-chats","status":"publish","type":"page","link":"https:\/\/cocochat.live\/es\/omegle-chats\/","title":{"rendered":"Chats de Omegle"},"content":{"rendered":"<p>Omegle Chats ofrece una plataforma \u00fanica para conocer gente nueva, compartir intereses y explorar un mundo de conversaciones espont\u00e1neas. Esta gu\u00eda profundiza en las caracter\u00edsticas clave de Omegle, su funcionalidad, proceso de inicio de sesi\u00f3n, detalles de suscripci\u00f3n y c\u00f3mo funcionan sus filtros, brindando una descripci\u00f3n general completa para cualquiera que quiera comenzar.<\/p>\n<h4>Caracter\u00edsticas clave de los chats de Omegle<\/h4>\n<p>Omegle destaca por su sencillez y su interfaz f\u00e1cil de usar, facilitando chats an\u00f3nimos con desconocidos en todo el mundo. Las caracter\u00edsticas clave incluyen:<\/p>\n<ul>\n<li><strong>Opciones de chat de texto y video:<\/strong> Elija entre chats basados en texto o conversaciones de video para conectarse con otras personas.<\/li>\n<li><strong>Etiquetas de inter\u00e9s:<\/strong> Agregue sus intereses para relacionarse con personas de ideas afines, mejorando la relevancia de sus conexiones.<\/li>\n<li><strong>Coincidencia aleatoria:<\/strong> El algoritmo de Omegle empareja usuarios aleatoriamente, ofreciendo la emoci\u00f3n de la imprevisibilidad en cada conversaci\u00f3n.<\/li>\n<\/ul>\n<h4>C\u00f3mo funciona Omegle: una experiencia perfecta<\/h4>\n<p>Comenzar a utilizar Omegle es sencillo. La plataforma funciona seg\u00fan el principio de anonimato y facilidad, y no requiere informaci\u00f3n personal para comenzar a chatear. Los usuarios se emparejan aleatoriamente en funci\u00f3n de intereses compartidos (si se especifican), lo que permite conversaciones naturales y fluidas con la emoci\u00f3n adicional de no saber con qui\u00e9n se encontrar\u00e1 a continuaci\u00f3n.<\/p>\n<h4>Iniciar sesi\u00f3n en Omegle: paso a paso<\/h4>\n<p>Iniciar sesi\u00f3n en Omegle es tan sencillo como visitar el sitio web:<\/p>\n<ol>\n<li><strong>Vaya a Omegle.com:<\/strong> Abra su navegador web y vaya a la p\u00e1gina de inicio de Omegle.<\/li>\n<li><strong>Elija su preferencia de chat:<\/strong> Seleccione entre las opciones de chat de texto o video. Para los chats de v\u00eddeo, es posible que tengas que otorgar permisos de c\u00e1mara y micr\u00f3fono.<\/li>\n<li><strong>Empezar a chatear:<\/strong> Haga clic en el bot\u00f3n &quot;Iniciar chat&quot; para comenzar su aventura en Omegle. No es necesario iniciar sesi\u00f3n ni registrarse de forma tradicional, lo que preserva su anonimato.<\/li>\n<\/ol>\n<h4>Suscribirse a Omegle: mejore su experiencia<\/h4>\n<p>Si bien Omegle es de uso gratuito, suscribirse o acceder a ciertas funciones puede mejorar su experiencia. Tenga en cuenta que Omegle no ofrece un modelo de suscripci\u00f3n tradicional, pero mantenerse informado sobre cualquier actualizaci\u00f3n o caracter\u00edstica puede resultar beneficioso. Est\u00e9 atento al sitio web oficial de Omegle o a los foros relacionados para obtener la informaci\u00f3n m\u00e1s reciente.<\/p>\n<h4>Navegando por los filtros de Omegle: personalice sus conversaciones<\/h4>\n<p>Los filtros de Omegle son fundamentales para personalizar su experiencia de chat:<\/p>\n<ul>\n<li><strong>Etiquetas de inter\u00e9s:<\/strong> Al agregar etiquetas que reflejen sus intereses, es m\u00e1s probable que lo emparejen con alguien con preferencias similares.<\/li>\n<li><strong>Chat de estudiantes universitarios:<\/strong> Con una direcci\u00f3n de correo electr\u00f3nico universitaria, puedes optar por chatear con otros estudiantes, lo que ofrece un grupo de conversaci\u00f3n m\u00e1s espec\u00edfico.<\/li>\n<li><strong>Secciones para adultos y no moderadas:<\/strong> Para aquellos que buscan conversaciones m\u00e1s maduras, Omegle ofrece secciones menos reguladas. Los usuarios deben tener 18 a\u00f1os o m\u00e1s para acceder a estas \u00e1reas.<\/li>\n<\/ul>\n<p>&nbsp;<\/p>\n<p>Puedes elegir con qui\u00e9n quieres chatear aleatoriamente en Omegle usando la aplicaci\u00f3n de chat Cocochat.live simplemente desliz\u00e1ndote al siguiente. Puede utilizar el filtro de c\u00e1mara para asegurarse de poder encontrar el mejor chat de v\u00eddeo aleatorio para c\u00e1mara web en l\u00ednea. Nuestra interfaz de videollamada f\u00e1cil de usar es sencilla y sencilla de operar, algo que a los miembros de Cocochat les encanta. Entre sus principales ventajas se encuentran la ausencia de componentes superfluos y la atenci\u00f3n al m\u00e1s m\u00ednimo detalle. Todo lo que pueda ser necesario est\u00e1 en el panel principal. Para mejorar la accesibilidad, todos los botones m\u00e1s esenciales est\u00e1n en una posici\u00f3n adecuada.<\/p>\n<h2>Omegle chatear con chicas<\/h2>\n<p>Es bien sabido que Omegle es el sitio de chat m\u00f3vil m\u00e1s conocido del mercado. A veces, sin embargo, la gente busca alternativas a los chats de Omegle. Estos son otros sitios web de chat m\u00f3vil similares a Omegle. Incluso <a href=\"http:\/\/www.facebook.com\">Facebook<\/a> Tiene opciones similares pero no tan buenas.<\/p>\n<p>\u00bfEst\u00e1s abierto a conocer gente nueva y a conversar sobre temas que te interesan? \u00bfTiene secretos que le gustar\u00eda compartir con personas que tal vez nunca vuelva a ver? OmeTV, una plataforma de chat m\u00f3vil, cumplir\u00e1 todas tus expectativas. Habla con extra\u00f1os sobre cualquier tema que elijas. Su identificaci\u00f3n no se utiliza en la conversaci\u00f3n, por lo que permanece en el anonimato. Veamos qu\u00e9 eliges: \u00bfquieres conocer a alguien nuevo, un ni\u00f1o o una ni\u00f1a? \u00bfO tal vez un interno o un extranjero? Todos los usuarios de este sitio deben ser mayores de edad en sus respectivos pa\u00edses. \u00a1Esta es una forma segura y divertida de volverse loco! Abra su c\u00e1mara web y haga clic para explorar nuevas historias y vidas en todo el mundo.<\/p>\n<p>LuckyCrush es una aplicaci\u00f3n de chat m\u00f3vil similar a los chats de Omegle que te permite divertirte y socializar sin tener que vestirte elegante. Luckycrush es una excelente manera de conocer gente al azar. Los filtros de ubicaci\u00f3n se pueden utilizar para encontrar personas cercanas a usted o m\u00e1s alejadas. Este sitio de chat m\u00f3vil se puede utilizar en todo el mundo para conocer gente de otras culturas. Este sitio es excelente para divertirse y tambi\u00e9n una excelente manera de conocer gente nueva. No todos sabemos qui\u00e9nes podr\u00edan ser nuestras almas gemelas, pero Luckycrush puede permitirles encontrarnos.<\/p>\n<p>El mundo gira sobre s\u00ed mismo y las personas tambi\u00e9n giran sobre s\u00ed mismas. Stranger Cam, un sitio web de chat m\u00f3vil, est\u00e1 trabajando con este pedido en l\u00ednea. No puedes reunirte con diez personas en un caf\u00e9 o en una sala de conciertos. Es m\u00e1s f\u00e1cil aprender y compartir m\u00e1s sobre la vida. Stranger Cam puede ayudarte a conocer hasta veinte personas por d\u00eda. Strangercam te permite compartir tus problemas en el trabajo o conocer los detalles de los amigos de Stranger Cam que has hecho. Stranger Cam es una plataforma de chat m\u00f3vil utilizada internacionalmente. Es posible que puedas aprender nuevos idiomas y conocer gente mientras viajas al extranjero gracias a Strangercam. Stranger cam ofrece muchos filtros para hacer que tu conexi\u00f3n sea m\u00e1s divertida, ocultar tu fatiga y crear nuevas cuentas que podr\u00edan ser de tu inter\u00e9s seg\u00fan tus preferencias.<\/p>\n<h3>Aplicaci\u00f3n CocoChat<\/h3>\n<p>La aplicaci\u00f3n CocoChat es la aplicaci\u00f3n CocoChat m\u00e1s popular. Le permite conectarse con personas de ideas afines.<\/p>\n<h3>Desliza y conoce<\/h3>\n<p>Hacer coincidir en Coco Chat es s\u00faper f\u00e1cil. Filtra seg\u00fan tus preferencias de pareja ideal, con\u00e9ctate y disfruta en unos segundos.<\/p>\n<h3>Experiencia de usuario m\u00f3vil<\/h3>\n<p>Brindamos la mejor experiencia de usuario m\u00f3vil para Apple y Android y ocupamos un lugar destacado en las b\u00fasquedas m\u00f3viles.<\/p>\n<h3>V\u00eddeo optimizado<\/h3>\n<p>Chatea con extra\u00f1os de todo el mundo de forma gratuita. Omegle Chat con otras personas que hablan el mismo idioma y alivian la fatiga. Una experiencia consistente ya sea que est\u00e9s chateando en tu computadora, tableta o tel\u00e9fono m\u00f3vil.<\/p>\n<h3>Registro Opcional<\/h3>\n<p>Puede diversificar sus preferencias de comunicaci\u00f3n utilizando opciones de chat de texto y video. Puedes chatear por video con tu c\u00e1mara web usando los dispositivos que tienes. Tambi\u00e9n puedes utilizar el chat de texto. Chatea de forma an\u00f3nima y controla cu\u00e1ndo proporcionas informaci\u00f3n personal a otros usuarios del chat.<\/p>\n<h3>Filtros superiores<\/h3>\n<p>Comience a chatear r\u00e1pidamente seleccionando un g\u00e9nero para iniciar nuevas amistades en nuestro sistema de chat. Filtra el ruido. Con las opciones de filtro avanzadas, puedes decidir f\u00e1cilmente con qui\u00e9n quieres coincidir. Encuentra tu pareja perfecta de forma r\u00e1pida y sencilla.<\/p>\n<h3>Conclusi\u00f3n: el mundo de Omegle te espera<\/h3>\n<p>Omegle Chats ofrece una plataforma \u00fanica para interacciones espont\u00e1neas y an\u00f3nimas con personas de todo el mundo. Ya sea que est\u00e9 buscando hacer nuevos amigos, compartir intereses o simplemente disfrutar de la emoci\u00f3n de lo desconocido, Omegle ofrece una forma accesible y atractiva de conectarse con otras personas. Recuerda navegar por la plataforma de manera responsable, respetando la privacidad y comodidad de todos los usuarios que encuentres. \u00a1Feliz charla!<\/p>","protected":false},"excerpt":{"rendered":"<p>Omegle Chats ofrece una plataforma \u00fanica para conocer gente nueva, compartir intereses y explorar un mundo de conversaciones espont\u00e1neas. Esta gu\u00eda profundiza en las caracter\u00edsticas clave de Omegle, su funcionalidad, proceso de inicio de sesi\u00f3n, detalles de suscripci\u00f3n y c\u00f3mo funcionan sus filtros, brindando una descripci\u00f3n general completa para cualquiera que quiera comenzar. Caracter\u00edsticas clave de Omegle Chats Omegle [\u2026]<\/p>","protected":false},"author":1,"featured_media":3236,"parent":0,"menu_order":0,"comment_status":"closed","ping_status":"closed","template":"","meta":{"_acf_changed":false,"footnotes":""},"class_list":["post-2005","page","type-page","status-publish","has-post-thumbnail","hentry"],"acf":[],"yoast_head":"<!-- This site is optimized with the Yoast SEO Premium plugin v21.5 (Yoast SEO v21.5) - https:\/\/yoast.com\/wordpress\/plugins\/seo\/ -->\n<title>Omegle Chats - Coco Chat<\/title>\n<meta name=\"description\" content=\"Coco Chat is the right place for you if you have a liking or preference for the perfect match for conversations. Omegle Chats are fun.\" \/>\n<meta name=\"robots\" content=\"index, follow, max-snippet:-1, max-image-preview:large, max-video-preview:-1\" \/>\n<link rel=\"canonical\" href=\"https:\/\/cocochat.live\/es\/omegle-chats\/\" \/>\n<meta property=\"og:locale\" content=\"es_ES\" \/>\n<meta property=\"og:type\" content=\"article\" \/>\n<meta property=\"og:title\" content=\"Omegle Chats\" \/>\n<meta property=\"og:description\" content=\"We strive to provide random video chat with random females. Coco chat is a stranger chat alternative for a random video call.\" \/>\n<meta property=\"og:url\" content=\"https:\/\/cocochat.live\/es\/omegle-chats\/\" \/>\n<meta property=\"og:site_name\" content=\"Coco Chat\" \/>\n<meta property=\"article:publisher\" content=\"https:\/\/www.facebook.com\/cocochat.live\" \/>\n<meta property=\"article:modified_time\" content=\"2024-02-28T10:21:45+00:00\" \/>\n<meta property=\"og:image\" content=\"https:\/\/cocochat.live\/wp-content\/uploads\/2024\/02\/omegle-chats-1.png\" \/>\n\t<meta property=\"og:image:width\" content=\"1024\" \/>\n\t<meta property=\"og:image:height\" content=\"1024\" \/>\n\t<meta property=\"og:image:type\" content=\"image\/png\" \/>\n<meta name=\"twitter:card\" content=\"summary_large_image\" \/>\n<meta name=\"twitter:site\" content=\"@LaCocoChat\" \/>\n<meta name=\"twitter:label1\" content=\"Tiempo de lectura\" \/>\n\t<meta name=\"twitter:data1\" content=\"6 minutos\" \/>\n<script type=\"application\/ld+json\" class=\"yoast-schema-graph\">{\"@context\":\"https:\/\/schema.org\",\"@graph\":[{\"@type\":\"WebPage\",\"@id\":\"https:\/\/cocochat.live\/de\/omegle-chats\/\",\"url\":\"https:\/\/cocochat.live\/de\/omegle-chats\/\",\"name\":\"Omegle Chats - Coco Chat\",\"isPartOf\":{\"@id\":\"https:\/\/cocochat.live\/fr\/#website\"},\"datePublished\":\"2022-03-13T10:52:50+00:00\",\"dateModified\":\"2024-02-28T10:21:45+00:00\",\"description\":\"Coco Chat is the right place for you if you have a liking or preference for the perfect match for conversations. Omegle Chats are fun.\",\"breadcrumb\":{\"@id\":\"https:\/\/cocochat.live\/de\/omegle-chats\/#breadcrumb\"},\"inLanguage\":\"es\",\"potentialAction\":[{\"@type\":\"ReadAction\",\"target\":[\"https:\/\/cocochat.live\/de\/omegle-chats\/\"]}]},{\"@type\":\"BreadcrumbList\",\"@id\":\"https:\/\/cocochat.live\/de\/omegle-chats\/#breadcrumb\",\"itemListElement\":[{\"@type\":\"ListItem\",\"position\":1,\"name\":\"Home\",\"item\":\"https:\/\/cocochat.live\/fr\/\"},{\"@type\":\"ListItem\",\"position\":2,\"name\":\"Omegle Chats\"}]},{\"@type\":\"WebSite\",\"@id\":\"https:\/\/cocochat.live\/fr\/#website\",\"url\":\"https:\/\/cocochat.live\/fr\/\",\"name\":\"Coco Chat\",\"description\":\"Cocochat - Random Video Chat\",\"publisher\":{\"@id\":\"https:\/\/cocochat.live\/fr\/#organization\"},\"potentialAction\":[{\"@type\":\"SearchAction\",\"target\":{\"@type\":\"EntryPoint\",\"urlTemplate\":\"https:\/\/cocochat.live\/fr\/?s={search_term_string}\"},\"query-input\":\"required name=search_term_string\"}],\"inLanguage\":\"es\"},{\"@type\":\"Organization\",\"@id\":\"https:\/\/cocochat.live\/fr\/#organization\",\"name\":\"Coco Chat - Random Video Chat\",\"url\":\"https:\/\/cocochat.live\/fr\/\",\"logo\":{\"@type\":\"ImageObject\",\"inLanguage\":\"es\",\"@id\":\"https:\/\/cocochat.live\/fr\/#\/schema\/logo\/image\/\",\"url\":\"https:\/\/cocochat.live\/wp-content\/uploads\/2021\/10\/cropped-cropped-coco-chat-live.jpg\",\"contentUrl\":\"https:\/\/cocochat.live\/wp-content\/uploads\/2021\/10\/cropped-cropped-coco-chat-live.jpg\",\"width\":512,\"height\":512,\"caption\":\"Coco Chat - Random Video Chat\"},\"image\":{\"@id\":\"https:\/\/cocochat.live\/fr\/#\/schema\/logo\/image\/\"},\"sameAs\":[\"https:\/\/www.facebook.com\/cocochat.live\",\"https:\/\/twitter.com\/LaCocoChat\"]}]}<\/script>\n<!-- \/ Yoast SEO Premium plugin. -->","yoast_head_json":{"title":"Omegle Chats - Coco Chat","description":"Coco Chat is the right place for you if you have a liking or preference for the perfect match for conversations. Omegle Chats are fun.","robots":{"index":"index","follow":"follow","max-snippet":"max-snippet:-1","max-image-preview":"max-image-preview:large","max-video-preview":"max-video-preview:-1"},"canonical":"https:\/\/cocochat.live\/es\/omegle-chats\/","og_locale":"es_ES","og_type":"article","og_title":"Omegle Chats","og_description":"We strive to provide random video chat with random females. Coco chat is a stranger chat alternative for a random video call.","og_url":"https:\/\/cocochat.live\/es\/omegle-chats\/","og_site_name":"Coco Chat","article_publisher":"https:\/\/www.facebook.com\/cocochat.live","article_modified_time":"2024-02-28T10:21:45+00:00","og_image":[{"width":1024,"height":1024,"url":"https:\/\/cocochat.live\/wp-content\/uploads\/2024\/02\/omegle-chats-1.png","type":"image\/png"}],"twitter_card":"summary_large_image","twitter_site":"@LaCocoChat","twitter_misc":{"Tiempo de lectura":"6 minutos"},"schema":{"@context":"https:\/\/schema.org","@graph":[{"@type":"WebPage","@id":"https:\/\/cocochat.live\/de\/omegle-chats\/","url":"https:\/\/cocochat.live\/de\/omegle-chats\/","name":"Omegle Chats - Coco Chat","isPartOf":{"@id":"https:\/\/cocochat.live\/fr\/#website"},"datePublished":"2022-03-13T10:52:50+00:00","dateModified":"2024-02-28T10:21:45+00:00","description":"Coco Chat is the right place for you if you have a liking or preference for the perfect match for conversations. Omegle Chats are fun.","breadcrumb":{"@id":"https:\/\/cocochat.live\/de\/omegle-chats\/#breadcrumb"},"inLanguage":"es","potentialAction":[{"@type":"ReadAction","target":["https:\/\/cocochat.live\/de\/omegle-chats\/"]}]},{"@type":"BreadcrumbList","@id":"https:\/\/cocochat.live\/de\/omegle-chats\/#breadcrumb","itemListElement":[{"@type":"ListItem","position":1,"name":"Home","item":"https:\/\/cocochat.live\/fr\/"},{"@type":"ListItem","position":2,"name":"Omegle Chats"}]},{"@type":"WebSite","@id":"https:\/\/cocochat.live\/fr\/#website","url":"https:\/\/cocochat.live\/fr\/","name":"Coco Chat","description":"Cocochat - Random Video Chat","publisher":{"@id":"https:\/\/cocochat.live\/fr\/#organization"},"potentialAction":[{"@type":"SearchAction","target":{"@type":"EntryPoint","urlTemplate":"https:\/\/cocochat.live\/fr\/?s={search_term_string}"},"query-input":"required name=search_term_string"}],"inLanguage":"es"},{"@type":"Organization","@id":"https:\/\/cocochat.live\/fr\/#organization","name":"Coco Chat - Random Video Chat","url":"https:\/\/cocochat.live\/fr\/","logo":{"@type":"ImageObject","inLanguage":"es","@id":"https:\/\/cocochat.live\/fr\/#\/schema\/logo\/image\/","url":"https:\/\/cocochat.live\/wp-content\/uploads\/2021\/10\/cropped-cropped-coco-chat-live.jpg","contentUrl":"https:\/\/cocochat.live\/wp-content\/uploads\/2021\/10\/cropped-cropped-coco-chat-live.jpg","width":512,"height":512,"caption":"Coco Chat - Random Video Chat"},"image":{"@id":"https:\/\/cocochat.live\/fr\/#\/schema\/logo\/image\/"},"sameAs":["https:\/\/www.facebook.com\/cocochat.live","https:\/\/twitter.com\/LaCocoChat"]}]}},"_links":{"self":[{"href":"https:\/\/cocochat.live\/es\/wp-json\/wp\/v2\/pages\/2005","targetHints":{"allow":["GET"]}}],"collection":[{"href":"https:\/\/cocochat.live\/es\/wp-json\/wp\/v2\/pages"}],"about":[{"href":"https:\/\/cocochat.live\/es\/wp-json\/wp\/v2\/types\/page"}],"author":[{"embeddable":true,"href":"https:\/\/cocochat.live\/es\/wp-json\/wp\/v2\/users\/1"}],"replies":[{"embeddable":true,"href":"https:\/\/cocochat.live\/es\/wp-json\/wp\/v2\/comments?post=2005"}],"version-history":[{"count":23,"href":"https:\/\/cocochat.live\/es\/wp-json\/wp\/v2\/pages\/2005\/revisions"}],"predecessor-version":[{"id":3238,"href":"https:\/\/cocochat.live\/es\/wp-json\/wp\/v2\/pages\/2005\/revisions\/3238"}],"wp:featuredmedia":[{"embeddable":true,"href":"https:\/\/cocochat.live\/es\/wp-json\/wp\/v2\/media\/3236"}],"wp:attachment":[{"href":"https:\/\/cocochat.live\/es\/wp-json\/wp\/v2\/media?parent=2005"}],"curies":[{"name":"wp","href":"https:\/\/api.w.org\/{rel}","templated":true}]}}