{"id":1942,"date":"2022-03-07T15:08:15","date_gmt":"2022-03-07T13:08:15","guid":{"rendered":"https:\/\/cocochat.live\/?page_id=1942"},"modified":"2024-02-27T12:44:45","modified_gmt":"2024-02-27T10:44:45","slug":"chat-alternative","status":"publish","type":"page","link":"https:\/\/cocochat.live\/es\/chat-alternative\/","title":{"rendered":"CocoChat"},"content":{"rendered":"<p>Puedes elegir con qui\u00e9n quieres chatear aleatoriamente usando la aplicaci\u00f3n alternativa de chat Cocochat.live simplemente desliz\u00e1ndote hacia la siguiente. Puede utilizar el filtro de c\u00e1mara para asegurarse de poder encontrar el mejor chat de v\u00eddeo aleatorio para c\u00e1mara web en l\u00ednea. Nuestra interfaz de videollamada f\u00e1cil de usar es sencilla y sencilla de operar, algo que a los miembros de Coco Chat les encanta. Entre sus principales ventajas se encuentran la ausencia de componentes superfluos y la atenci\u00f3n al m\u00e1s m\u00ednimo detalle. Todo lo que pueda ser necesario est\u00e1 en el panel principal. Para mejorar la accesibilidad, todos los botones m\u00e1s esenciales est\u00e1n en una posici\u00f3n adecuada.<\/p>\n<p>Puede sentarse frente a su computadora, su computadora port\u00e1til o su tel\u00e9fono mientras viaja, o simplemente relajarse en su autob\u00fas y ver pel\u00edculas con su socio alternativo de Coco Chat. Cocochat.live es un gran lugar para iniciar c\u00e1maras web de chat en vivo. Te encantar\u00e1 la espontaneidad y la diversi\u00f3n del chat en vivo. Puedes usar la aplicaci\u00f3n para chatear con tus amigos, aprender nuevos idiomas, cantar juntos y hablar sobre amor, pol\u00edtica, f\u00fatbol e incluso tus pel\u00edculas favoritas. Cocochat es incre\u00edblemente sencillo de usar; todo lo que debes hacer es presionar el bot\u00f3n de encendido. Luego, lo conectaremos con algunas personas an\u00f3nimas de inmediato. Tambi\u00e9n puede filtrar en una variedad aleatoria, por ejemplo, si desea tener una conversaci\u00f3n basada en la ubicaci\u00f3n o discutir un idioma espec\u00edfico.<\/p>\n<h2>Coco Chat se compromete a brindar la mejor experiencia de video chat an\u00f3nimo.<\/h2>\n<p>Todos los d\u00edas, miles de personas viven en video chat. Coco Chat es un sitio de chat en l\u00ednea que permite a los usuarios comunicarse entre s\u00ed con la opci\u00f3n de registrarse. De forma aleatoria, el servicio empareja a los usuarios para chatear en sesiones alternativas de chat privado.<\/p>\n<p>El video chat y la seguridad han aumentado significativamente y, debido a esto, ahora existe un grupo Cocochat muy grande. La gente utiliza cada vez m\u00e1s este programa todo el tiempo.<\/p>\n<h2>Alternativa de chat<\/h2>\n<p>Omegle es un lugar divertido donde puedes hablar con extra\u00f1os. Lo que lo hace destacar entre la multitud de chats de video con extra\u00f1os o un sitio de camgirls sexys es que el sitio web es r\u00e1pido, aleatorio y siempre trae algo nuevo a la mesa. \u00bfVer\u00e1s a un mago haciendo el truco, otro grupo de personas jugando como t\u00fa, o algo tan aleatorio, loco y divertido que te caer\u00e1s de tu asiento?<\/p>\n<p>Si bien Omegle puede ser el viaje salvaje que todos amamos y disfrutamos, hay muchos buenos sitios web con mucho m\u00e1s que ofrecer. No nos malinterpretes, nos encanta Omegle por todo lo que es, pero a veces es necesario un cambio de escenario. Aqu\u00ed est\u00e1n nuestros diez mejores sitios de chat como Omegle para ayudarle a lograr este cambio.<\/p>\n<h3>c\u00e1mara esp\u00eda<\/h3>\n<p>La primera opci\u00f3n l\u00f3gica ser\u00eda sin duda Spiegelcam, ya que se encuentra entre las redes de este tipo m\u00e1s grandes que existen. Con la friolera de 100 millones de usuarios registrados, es f\u00e1cil imaginar por qu\u00e9 es as\u00ed. No importa cu\u00e1l sea su preferencia, lo m\u00e1s probable es que pueda encontrar a alguien adecuado con quien comenzar a chatear en este sitio web. Es eficiente; Ofrece una amplia variedad de cuentas con las que puedes interactuar.<\/p>\n<p>Otro factor importante es el anonimato, que est\u00e1 pr\u00e1cticamente garantizado, pero si realmente te importa, probablemente deber\u00edas tener una direcci\u00f3n de correo electr\u00f3nico separada que puedas vincular a la cuenta, s\u00f3lo para estar seguro. Puedes registrarte y navegar gratis, pero debes suscribirte para poder chatear con otras personas. El lado positivo es que esto significa que hay muchos menos estafadores y bots recorriendo este sitio web, lo que deber\u00eda proporcionar una experiencia m\u00e1s segura para todos los involucrados.<\/p>\n<h3>Ome TV<\/h3>\n<p>OmeTV es otra alternativa de moda a Omegle. Piense en OmeTV como una versi\u00f3n m\u00e1s pulida, elegante y profesional de Omegle. Mientras est\u00e1s en Omegle, es probable que te encuentres con alguien que no busca nada m\u00e1s que perder el tiempo; en OmeTV probablemente te encontrar\u00e1s con personas genuinas.<br \/>\nEste sitio web de chat con extra\u00f1os es una buena opci\u00f3n si buscas lograr una conversi\u00f3n genuina con alguien. La mayor\u00eda de sus miembros son personas de entre 25 y 35 a\u00f1os. Es un gran lugar para socializar, reflexionar y contemplar, por eso lo incluimos en esta lista.<\/p>\n<h3>c\u00e1mara extra\u00f1a<\/h3>\n<p>Cuando piensas en sitios web como Omegle que no son Omegle, probablemente te viene a la mente Strangercam. Si bien Strangercam no es el jugador de mayor edad en el juego, es el mejor establecido con diferencia. Con una comunidad muy vibrante, una interfaz optimizada y elegante, as\u00ed como una gran selecci\u00f3n de miembros, es una alternativa viable a Omegle.<\/p>\n<p>Algunas personas geniales pueblan este sitio web. Cuando lo descubrimos, la mayor\u00eda de las personas con las que coincidimos estaban en una fiesta buscando algo que hacer en las primeras horas de la noche, y con todas las cosas locas que hemos visto en este sitio web, volveremos. con seguridad.<\/p>\n<p>Este fant\u00e1stico servicio est\u00e1 disponible tanto para tu Android como para tu iPhone, lo que significa que no necesitas tener una c\u00e1mara web o un micr\u00f3fono de repuesto: tu tel\u00e9fono ya te cubre.<\/p>\n<h3>ChatAleatorio<\/h3>\n<p>ChatRandom era un servicio magn\u00edfico, ca\u00f3tico y lleno de gente donde la gente ven\u00eda a hacer todo tipo de cosas. \u00bfEstabas buscando cosas divertidas o pr\u00e1cticamente cualquier cosa menos? Puedes estar seguro de que ChatRandom estaba lleno de ellas.<\/p>\n<p>Lamentablemente, este sitio web de chat extra\u00f1o no es tan popular como antes, pero sigue prosperando a los ojos de muchos. Tiene una comunidad decente, una amplia variedad de personas diferentes.<\/p>\n<p>Ha sufrido un par de cambios a lo largo de los a\u00f1os y ahora tiene una interfaz de usuario mucho m\u00e1s pulida, un mejor algoritmo de emparejamiento y tiende a atender a ambos g\u00e9neros, lo que lo convierte en uno de los mejores sitios web como Omegle que existen.<\/p>\n<h3>TinyChat<\/h3>\n<p>TinyChat es la segunda plataforma de videochat m\u00e1s popular para escribir este art\u00edculo, s\u00f3lo superada por Omegle, que mantiene firmemente el primer puesto. Sin embargo, incluso si ese es el caso, TinyChat no es nada de qu\u00e9 burlarse. Es un sitio web bien hecho, pulido y repleto de funciones que sigue un formato de sala de chat en lugar de un chat aleatorio.<\/p>\n<p>Necesitar\u00e1 una cuenta para acceder a la mayor\u00eda de las salas, pero crear una es bastante sencillo. Dado que debe registrarse para utilizar la mayor\u00eda de las funciones del sitio web, hay muchos menos trolls, estafadores y bagres en este sitio web en comparaci\u00f3n con su competencia.<\/p>\n<p>Adem\u00e1s, esta comunidad de chat de extra\u00f1os no s\u00f3lo es enorme, sino que tambi\u00e9n es relativamente diversa. Aqu\u00ed encontrar\u00e1s todo tipo de salas de chat, desde aquellas que buscan amigos hasta discusiones genuinas sobre cualquier tema que puedas imaginar.<\/p>\n<h3>PalTalk<\/h3>\n<p>PalTalk es una adici\u00f3n relativamente desconocida a nuestros sitios como la lista Omegle, y es un sitio web de video chat con el que nos topamos accidentalmente mientras busc\u00e1bamos sitios web para esta lista, y tenemos que decir que nos llevamos un poco atr\u00e1s. Es un servicio de chat con extra\u00f1os fant\u00e1stico, simple y optimizado disponible para Windows, iOS e incluso Android.<\/p>\n<p>Tiene m\u00e1s de 90.000 miembros activos en cualquier momento del d\u00eda, y tenemos que decirlo: no nos encontramos con nada que no quisi\u00e9ramos encontrar, a diferencia de la mayor\u00eda de los sitios web de este nicho.<\/p>\n<p>Este sitio web de chat est\u00e1 dise\u00f1ado para brindarle la oportunidad de conocer gente nueva, hacer nuevos amigos, hablar con extra\u00f1os e iniciar relaciones de todo tipo. Sea como fuere, a\u00fan requiere registro y descarga, lo que le quita un poco el anonimato que otras plataformas aportan.<\/p>\n<h3>EsmeraldaChat<\/h3>\n<p>EmeraldChat es un sitio web atractivo para personas atractivas. La mayor\u00eda de las personas que hemos visto en este sitio web lo hacen para encontrar nuevos amigos, y hay una sorprendente cantidad de mujeres, lo que no es el caso de la mayor\u00eda de las otras plataformas de video chat.<\/p>\n<p>Cuenta con una de las interfaces de usuario m\u00e1s hermosas del mercado, lo que no hace m\u00e1s que aumentar el atractivo del sitio web. Si buscas chats interesantes y limpios, quiz\u00e1s quieras darle una oportunidad a EmeraldChat.<\/p>\n<h3>Chatliv<\/h3>\n<p>Chatliv es uno de los muchos sitios como Omegle, pero tiene un toque \u00fanico: es salvaje. Es un sitio web fant\u00e1stico al que debes visitar si buscas divertirte. Las personas m\u00e1s locas con las que hemos chateado por video eran todas de Chatliv. Chatliv en s\u00ed es un sitio web directo que se parece pr\u00e1cticamente a OmeTV.<\/p>\n<p>La diferencia entre estos dos es la gente que pasa el rato por ah\u00ed. Mientras que en OmeTV encontrar\u00e1s algunas personas que buscan una conversaci\u00f3n genuina sobre una variedad de temas, CamSurf tiene una audiencia mucho m\u00e1s amplia. Es nuestra mejor elecci\u00f3n para nuestra pr\u00f3xima fiesta.<\/p>\n<h3>Luckycrush<\/h3>\n<p>Luckycrush es otro veterano en la comunidad de chat en vivo y es una de las alternativas a Omegle m\u00e1s populares del mercado. Es simple, ingenioso pero tiene una interfaz \u00fanica que le da un aspecto mucho m\u00e1s original y pulido que la mayor\u00eda de otros sitios de chat desconocidos.<\/p>\n<p>Luckycrush se trata de hacer las cosas lo m\u00e1s r\u00e1pidas y sencillas posible. Todo lo que necesita hacer es habilitar su c\u00e1mara web y su micr\u00f3fono, presionar el bot\u00f3n de b\u00fasqueda e instant\u00e1neamente encontrar\u00e1 coincidencias con algunos de los muchos usuarios del sitio web.<\/p>\n<h3>chatroulette<\/h3>\n<p>Chatroulette es una herramienta de video chat que no es tan popular como sus competidores, pero es un buen sitio web como Omegle que puedes usar para chatear con extra\u00f1os. Tiene un ambiente \u00fanico, relajado y relajado que mucha gente busca. Tiene salas de chat, funciones de video chat uno a uno y una variedad de otras opciones para que elijas.<\/p>\n<p>Todos los miembros son amigables y hay una sorprendente cantidad de mujeres en este sitio web, lo que no es lo mismo en la mayor\u00eda de los otros sitios web de video chat con extra\u00f1os.<\/p>\n<h2><strong>\u00bfQu\u00e9 es CocoChat?<\/strong><\/h2>\n<p>Coco Chat es un servicio de video chat que se lanz\u00f3 en 2019 y desde entonces ha dominado el mercado de \u201chablar con extra\u00f1os\u201d. Es conocido por sus numerosos usuarios, su interfaz GUI muy f\u00e1cil de usar y su variedad de caracter\u00edsticas que la convierten en la mejor plataforma alternativa de video chat aleatorio del mercado.<\/p>\n<p>Coco Chat ha ganado popularidad en los \u00faltimos a\u00f1os, en parte debido a que muchos YouTubers, streamers y creadores de contenido lo promocionan en sus videos.<\/p>\n<p>Incluso YouTubers de primer nivel como PewDiePie, SSSniperWolf y James Charles han incluido este sitio web en sus videos, lo que le otorga a\u00fan m\u00e1s popularidad.<\/p>\n<h3><b>Las muchas caracter\u00edsticas de Coco Chat<\/b><\/h3>\n<p>Lo que hizo que Cocochat fuera mucho m\u00e1s popular es que es muy f\u00e1cil, directo y simple. Todo lo que necesitas hacer si quieres participar en la acci\u00f3n es visitar el sitio web, hacer clic en un bot\u00f3n y ya est\u00e1s dentro.<\/p>\n<p>No es necesario crear una cuenta detallada. No es necesario que proporcione ninguna informaci\u00f3n personal sobre usted ni que espere a ser autenticado y confirmado por los administradores del sitio web.<\/p>\n<p>Sin embargo, existen varias formas de modificar con qui\u00e9n vas a chatear. En primer lugar, existen dos medios de chat diferentes: chat de v\u00eddeo y chat de texto en vivo. La mayor\u00eda de las personas acceden a Omegle para chatear en forma de video, pero la funci\u00f3n de chat de texto en vivo todav\u00eda tiene muchos usuarios.<\/p>\n<p>Sin embargo, ambos medios comparten muchas de las mismas caracter\u00edsticas, la m\u00e1s destacada de las cuales es la barra de intereses. En la barra de intereses, puedes agregar un par de cosas que te interesen, como bandas, pol\u00edtica o incluso comida, y el algoritmo avanzado de Coco Chat funcionar\u00e1 para conectarte con las personas que tienen las mismas cosas de su inter\u00e9s. caja.<\/p>\n<p>Puedes jugar con esto tanto como quieras.<\/p>\n<p>Dado que la mayor\u00eda de los usuarios de Coco Chat provienen de EE. UU., personas de otros pa\u00edses han comenzado a poner el nombre de su pa\u00eds en la barra de intereses para que coincida con personas de su \u00e1rea general.<\/p>\n<p>Por \u00faltimo, una de las caracter\u00edsticas m\u00e1s interesantes de Coco Chat es el modo esp\u00eda\/pregunta. En este modo, un tercero plantea una pregunta y las dos personas conectadas al chat la responden. La persona que hizo la pregunta no puede interactuar con los dos usuarios que discuten o responden de ninguna manera, pero s\u00ed puede observar sus respuestas y conversaciones.<\/p>\n<h3><b>\u00bfC\u00f3mo funciona CocoChat?<\/b><\/h3>\n<p>CocoChat funciona de forma bastante sencilla. En primer lugar, el algoritmo avanzado relaciona a las personas a trav\u00e9s de un RNG, por lo que, a menos que especifiques tus intereses, puedes conectarte con cualquier otra persona que tambi\u00e9n est\u00e9 buscando hablar en la plataforma Cocochat.<\/p>\n<p>Todo lo que necesitas hacer para participar en la funci\u00f3n de video Cocochat es una c\u00e1mara web y un micr\u00f3fono que funcionen. Dependiendo de la configuraci\u00f3n de su navegador web, es posible que la combinaci\u00f3n de c\u00e1mara y micr\u00f3fono deba habilitarse manualmente para que funcione correctamente.<\/p>\n<p>Aparte de eso, los administradores de Cocochat observan continuamente las secciones moderadas de video y chat de texto para garantizar que no se est\u00e9n realizando actividades il\u00edcitas, pornogr\u00e1ficas o ilegales.<\/p>\n<p>Las secciones no moderadas, aunque en su mayor\u00eda est\u00e1n libres de reglas, todav\u00eda tienen una pol\u00edtica contra actividades ilegales, as\u00ed que no esperes encontrar mucha gente haciendo cosas ilegales en la secci\u00f3n no moderada.<\/p>\n<h3><b>L\u00ednea de fondo<\/b><\/h3>\n<p>Si buscas diversi\u00f3n y chatear por video con extra\u00f1os en Internet, hay muchas m\u00e1s opciones que simplemente Cocochat para elegir.<\/p>\n<p>Elija cualquiera de los sitios web de esta lista y disfrute de un emocionante viaje de video chat desde la comodidad de su hogar.<\/p>\n<h3>Alternativa de chat de Coco<\/h3>\n<p>Coco Chat Alternative es la aplicaci\u00f3n CocoChat m\u00e1s popular. Le permite conectarse con personas de ideas afines.<\/p>\n<h3>Desliza y conoce<\/h3>\n<p>Hacer coincidir en Coco Chat es s\u00faper f\u00e1cil. Filtra seg\u00fan tus preferencias de pareja ideal, con\u00e9ctate y disfruta en unos segundos.<\/p>\n<h3>Experiencia de usuario m\u00f3vil<\/h3>\n<p>Brindamos la mejor experiencia de usuario m\u00f3vil para Apple y Android y ocupamos un lugar destacado en las b\u00fasquedas m\u00f3viles.<\/p>\n<h3>V\u00eddeo optimizado<\/h3>\n<p>Una experiencia consistente ya sea que est\u00e9s chateando en tu computadora, tableta o tel\u00e9fono m\u00f3vil.<\/p>\n<h3>Registro Opcional<\/h3>\n<p>Chatea de forma an\u00f3nima y controla cu\u00e1ndo proporcionas informaci\u00f3n personal a otros usuarios del chat.<\/p>\n<h3>Filtros superiores<\/h3>\n<p>Filtra el ruido. Con las opciones de filtro avanzadas, puedes decidir f\u00e1cilmente con qui\u00e9n quieres coincidir. Encuentra tu pareja perfecta de forma r\u00e1pida y sencilla.<\/p>","protected":false},"excerpt":{"rendered":"<p>Puedes elegir con qui\u00e9n quieres chatear aleatoriamente usando la aplicaci\u00f3n alternativa de chat Cocochat.live simplemente desliz\u00e1ndote hacia la siguiente. Puede utilizar el filtro de c\u00e1mara para asegurarse de poder encontrar el mejor chat de v\u00eddeo aleatorio para c\u00e1mara web en l\u00ednea. Nuestra interfaz de videollamada f\u00e1cil de usar es sencilla y sencilla de operar, que Coco [\u2026]<\/p>","protected":false},"author":1,"featured_media":3199,"parent":0,"menu_order":0,"comment_status":"closed","ping_status":"closed","template":"","meta":{"_acf_changed":false,"footnotes":""},"class_list":["post-1942","page","type-page","status-publish","has-post-thumbnail","hentry"],"acf":[],"yoast_head":"<!-- This site is optimized with the Yoast SEO Premium plugin v21.5 (Yoast SEO v21.5) - https:\/\/yoast.com\/wordpress\/plugins\/seo\/ -->\n<title>Coco Chat - Chat Alternative - Random Chat<\/title>\n<meta name=\"description\" content=\"Coco Chat is the right place for you if you have a liking or preference for the perfect match fun conversations. Have a fun chat alternative\" \/>\n<meta name=\"robots\" content=\"index, follow, max-snippet:-1, max-image-preview:large, max-video-preview:-1\" \/>\n<link rel=\"canonical\" href=\"https:\/\/cocochat.live\/es\/chat-alternative\/\" \/>\n<meta property=\"og:locale\" content=\"es_ES\" \/>\n<meta property=\"og:type\" content=\"article\" \/>\n<meta property=\"og:title\" content=\"Coco Chat\" \/>\n<meta property=\"og:description\" content=\"We strive to provide random video chat with random females. Coco chat is a stranger chat alternative for a random video call.\" \/>\n<meta property=\"og:url\" content=\"https:\/\/cocochat.live\/es\/chat-alternative\/\" \/>\n<meta property=\"og:site_name\" content=\"Coco Chat\" \/>\n<meta property=\"article:publisher\" content=\"https:\/\/www.facebook.com\/cocochat.live\" \/>\n<meta property=\"article:modified_time\" content=\"2024-02-27T10:44:45+00:00\" \/>\n<meta property=\"og:image\" content=\"https:\/\/cocochat.live\/wp-content\/uploads\/2024\/02\/chat-alternative.png\" \/>\n\t<meta property=\"og:image:width\" content=\"960\" \/>\n\t<meta property=\"og:image:height\" content=\"1280\" \/>\n\t<meta property=\"og:image:type\" content=\"image\/png\" \/>\n<meta name=\"twitter:card\" content=\"summary_large_image\" \/>\n<meta name=\"twitter:site\" content=\"@LaCocoChat\" \/>\n<meta name=\"twitter:label1\" content=\"Tiempo de lectura\" \/>\n\t<meta name=\"twitter:data1\" content=\"11 minutos\" \/>\n<script type=\"application\/ld+json\" class=\"yoast-schema-graph\">{\"@context\":\"https:\/\/schema.org\",\"@graph\":[{\"@type\":\"WebPage\",\"@id\":\"https:\/\/cocochat.live\/fr\/chat-alternative\/\",\"url\":\"https:\/\/cocochat.live\/fr\/chat-alternative\/\",\"name\":\"Coco Chat - Chat Alternative - Random Chat\",\"isPartOf\":{\"@id\":\"https:\/\/cocochat.live\/fr\/#website\"},\"datePublished\":\"2022-03-07T13:08:15+00:00\",\"dateModified\":\"2024-02-27T10:44:45+00:00\",\"description\":\"Coco Chat is the right place for you if you have a liking or preference for the perfect match fun conversations. Have a fun chat alternative\",\"breadcrumb\":{\"@id\":\"https:\/\/cocochat.live\/fr\/chat-alternative\/#breadcrumb\"},\"inLanguage\":\"es\",\"potentialAction\":[{\"@type\":\"ReadAction\",\"target\":[\"https:\/\/cocochat.live\/fr\/chat-alternative\/\"]}]},{\"@type\":\"BreadcrumbList\",\"@id\":\"https:\/\/cocochat.live\/fr\/chat-alternative\/#breadcrumb\",\"itemListElement\":[{\"@type\":\"ListItem\",\"position\":1,\"name\":\"Home\",\"item\":\"https:\/\/cocochat.live\/fr\/\"},{\"@type\":\"ListItem\",\"position\":2,\"name\":\"Coco Chat\"}]},{\"@type\":\"WebSite\",\"@id\":\"https:\/\/cocochat.live\/fr\/#website\",\"url\":\"https:\/\/cocochat.live\/fr\/\",\"name\":\"Coco Chat\",\"description\":\"Cocochat - Random Video Chat\",\"publisher\":{\"@id\":\"https:\/\/cocochat.live\/fr\/#organization\"},\"potentialAction\":[{\"@type\":\"SearchAction\",\"target\":{\"@type\":\"EntryPoint\",\"urlTemplate\":\"https:\/\/cocochat.live\/fr\/?s={search_term_string}\"},\"query-input\":\"required name=search_term_string\"}],\"inLanguage\":\"es\"},{\"@type\":\"Organization\",\"@id\":\"https:\/\/cocochat.live\/fr\/#organization\",\"name\":\"Coco Chat - Random Video Chat\",\"url\":\"https:\/\/cocochat.live\/fr\/\",\"logo\":{\"@type\":\"ImageObject\",\"inLanguage\":\"es\",\"@id\":\"https:\/\/cocochat.live\/fr\/#\/schema\/logo\/image\/\",\"url\":\"https:\/\/cocochat.live\/wp-content\/uploads\/2021\/10\/cropped-cropped-coco-chat-live.jpg\",\"contentUrl\":\"https:\/\/cocochat.live\/wp-content\/uploads\/2021\/10\/cropped-cropped-coco-chat-live.jpg\",\"width\":512,\"height\":512,\"caption\":\"Coco Chat - Random Video Chat\"},\"image\":{\"@id\":\"https:\/\/cocochat.live\/fr\/#\/schema\/logo\/image\/\"},\"sameAs\":[\"https:\/\/www.facebook.com\/cocochat.live\",\"https:\/\/twitter.com\/LaCocoChat\"]}]}<\/script>\n<!-- \/ Yoast SEO Premium plugin. -->","yoast_head_json":{"title":"Coco Chat - Chat Alternative - Random Chat","description":"Coco Chat is the right place for you if you have a liking or preference for the perfect match fun conversations. Have a fun chat alternative","robots":{"index":"index","follow":"follow","max-snippet":"max-snippet:-1","max-image-preview":"max-image-preview:large","max-video-preview":"max-video-preview:-1"},"canonical":"https:\/\/cocochat.live\/es\/chat-alternative\/","og_locale":"es_ES","og_type":"article","og_title":"Coco Chat","og_description":"We strive to provide random video chat with random females. Coco chat is a stranger chat alternative for a random video call.","og_url":"https:\/\/cocochat.live\/es\/chat-alternative\/","og_site_name":"Coco Chat","article_publisher":"https:\/\/www.facebook.com\/cocochat.live","article_modified_time":"2024-02-27T10:44:45+00:00","og_image":[{"width":960,"height":1280,"url":"https:\/\/cocochat.live\/wp-content\/uploads\/2024\/02\/chat-alternative.png","type":"image\/png"}],"twitter_card":"summary_large_image","twitter_site":"@LaCocoChat","twitter_misc":{"Tiempo de lectura":"11 minutos"},"schema":{"@context":"https:\/\/schema.org","@graph":[{"@type":"WebPage","@id":"https:\/\/cocochat.live\/fr\/chat-alternative\/","url":"https:\/\/cocochat.live\/fr\/chat-alternative\/","name":"Coco Chat - Chat Alternative - Random Chat","isPartOf":{"@id":"https:\/\/cocochat.live\/fr\/#website"},"datePublished":"2022-03-07T13:08:15+00:00","dateModified":"2024-02-27T10:44:45+00:00","description":"Coco Chat is the right place for you if you have a liking or preference for the perfect match fun conversations. Have a fun chat alternative","breadcrumb":{"@id":"https:\/\/cocochat.live\/fr\/chat-alternative\/#breadcrumb"},"inLanguage":"es","potentialAction":[{"@type":"ReadAction","target":["https:\/\/cocochat.live\/fr\/chat-alternative\/"]}]},{"@type":"BreadcrumbList","@id":"https:\/\/cocochat.live\/fr\/chat-alternative\/#breadcrumb","itemListElement":[{"@type":"ListItem","position":1,"name":"Home","item":"https:\/\/cocochat.live\/fr\/"},{"@type":"ListItem","position":2,"name":"Coco Chat"}]},{"@type":"WebSite","@id":"https:\/\/cocochat.live\/fr\/#website","url":"https:\/\/cocochat.live\/fr\/","name":"Coco Chat","description":"Cocochat - Random Video Chat","publisher":{"@id":"https:\/\/cocochat.live\/fr\/#organization"},"potentialAction":[{"@type":"SearchAction","target":{"@type":"EntryPoint","urlTemplate":"https:\/\/cocochat.live\/fr\/?s={search_term_string}"},"query-input":"required name=search_term_string"}],"inLanguage":"es"},{"@type":"Organization","@id":"https:\/\/cocochat.live\/fr\/#organization","name":"Coco Chat - Random Video Chat","url":"https:\/\/cocochat.live\/fr\/","logo":{"@type":"ImageObject","inLanguage":"es","@id":"https:\/\/cocochat.live\/fr\/#\/schema\/logo\/image\/","url":"https:\/\/cocochat.live\/wp-content\/uploads\/2021\/10\/cropped-cropped-coco-chat-live.jpg","contentUrl":"https:\/\/cocochat.live\/wp-content\/uploads\/2021\/10\/cropped-cropped-coco-chat-live.jpg","width":512,"height":512,"caption":"Coco Chat - Random Video Chat"},"image":{"@id":"https:\/\/cocochat.live\/fr\/#\/schema\/logo\/image\/"},"sameAs":["https:\/\/www.facebook.com\/cocochat.live","https:\/\/twitter.com\/LaCocoChat"]}]}},"_links":{"self":[{"href":"https:\/\/cocochat.live\/es\/wp-json\/wp\/v2\/pages\/1942","targetHints":{"allow":["GET"]}}],"collection":[{"href":"https:\/\/cocochat.live\/es\/wp-json\/wp\/v2\/pages"}],"about":[{"href":"https:\/\/cocochat.live\/es\/wp-json\/wp\/v2\/types\/page"}],"author":[{"embeddable":true,"href":"https:\/\/cocochat.live\/es\/wp-json\/wp\/v2\/users\/1"}],"replies":[{"embeddable":true,"href":"https:\/\/cocochat.live\/es\/wp-json\/wp\/v2\/comments?post=1942"}],"version-history":[{"count":21,"href":"https:\/\/cocochat.live\/es\/wp-json\/wp\/v2\/pages\/1942\/revisions"}],"predecessor-version":[{"id":3202,"href":"https:\/\/cocochat.live\/es\/wp-json\/wp\/v2\/pages\/1942\/revisions\/3202"}],"wp:featuredmedia":[{"embeddable":true,"href":"https:\/\/cocochat.live\/es\/wp-json\/wp\/v2\/media\/3199"}],"wp:attachment":[{"href":"https:\/\/cocochat.live\/es\/wp-json\/wp\/v2\/media?parent=1942"}],"curies":[{"name":"wp","href":"https:\/\/api.w.org\/{rel}","templated":true}]}}