{"id":772,"date":"2018-02-20T17:23:26","date_gmt":"2018-02-20T15:23:26","guid":{"rendered":"https:\/\/landkit.madrasthemes.com\/?page_id=772"},"modified":"2024-02-28T10:48:12","modified_gmt":"2024-02-28T08:48:12","slug":"coco-chat","status":"publish","type":"page","link":"https:\/\/cocochat.live\/de\/coco-chat\/","title":{"rendered":"Zuf\u00e4lliger Videochat mit M\u00e4dchen"},"content":{"rendered":"<p>Sie k\u00f6nnen mit der Chat-Anwendung Cocochat.live ausw\u00e4hlen, mit wem Sie zuf\u00e4llig chatten m\u00f6chten, indem Sie einfach zum n\u00e4chsten wischen. Sie k\u00f6nnen den Cam-Filter verwenden, um sicherzustellen, dass Sie den besten zuf\u00e4lligen Video-Chat f\u00fcr Webcam online finden. Unsere benutzerfreundliche Videoanruf-Schnittstelle ist unkompliziert und einfach zu bedienen, was Cocochat-Mitglieder lieben. Das Fehlen \u00fcberfl\u00fcssiger Komponenten und die Liebe zum kleinsten Detail geh\u00f6ren zu seinen Hauptvorteilen. Alles, was ben\u00f6tigt werden k\u00f6nnte, befindet sich auf dem Hauptpanel. F\u00fcr eine verbesserte Zug\u00e4nglichkeit befinden sich alle wichtigsten Schaltfl\u00e4chen an einer geeigneten Position.<\/p>\n<h2>Coco Chat hat es sich zum Ziel gesetzt, das beste Erlebnis bei zuf\u00e4lligen Videoanrufen zu bieten.<\/h2>\n<p>Jeden Tag chatten Tausende von Menschen per Live-Video. Coco Chat ist eine Online-Chat-Site, auf der Benutzer miteinander kommunizieren k\u00f6nnen, wobei eine Registrierung erforderlich ist. Der Dienst verbindet Benutzer nach dem Zufallsprinzip, um in privaten Chat-Sitzungen zu chatten.<\/p>\n<p>Videochat und Sicherheit haben deutlich zugenommen, und aus diesem Grund gibt es jetzt eine sehr gro\u00dfe Cocochat-Gruppe. Immer mehr Menschen nutzen dieses Programm.<\/p>\n<h2>Was ist Coco Chat?<\/h2>\n<h4>Cam mit Fremden<\/h4>\n<p>Lernen Sie neue Leute online mit Hilfe von Coco Chat kennen. Auf Coco Chat sind zuf\u00e4llige Video-Chat-Optionen verf\u00fcgbar. Dazu geh\u00f6ren Gesichtsmasken, Geschlechts- und L\u00e4nderfilter, privater Chat und mehr. Chatten Sie online in Echtzeit mit zuf\u00e4lligen Personen aus der ganzen Welt. Lernen Sie neue Menschen und Orte kennen, finden Sie ein Date, stellen Sie Ihre F\u00e4higkeiten unter Beweis und lassen Sie sich beraten. Sie k\u00f6nnen sich auch an politischen Diskussionen beteiligen oder einfach einen entspannten Video-Chat mit jemandem genie\u00dfen, den Sie sonst nie getroffen h\u00e4tten. Es ist v\u00f6llig kostenlos und einfach, mit Video-Chats zu beginnen und Spa\u00df zu haben. Man wei\u00df nie, wem man als n\u00e4chstes auf der Stra\u00dfe begegnet!<\/p>\n<p>Ein zuf\u00e4lliger Video-Chat ist die beste Methode, neue Leute kennenzulernen, wenn Sie neue Freunde finden m\u00f6chten, und Chat Coconut ist das Vehikel, das Sie dorthin bringt. Wir haben unsere Software vereinfacht, damit Sie genau das erhalten, was Sie suchen: eine M\u00f6glichkeit, neue Leute kennenzulernen und neue Kontakte zu kn\u00fcpfen. Also, worauf wartest Du? Jetzt loslegen! Jetzt ist es an der Zeit, \u00fcber Coco Chat mit fremden Personen zu sprechen!<\/p>\n<h2>Warum ein Konto erstellen?<\/h2>\n<h4>Premium-Inhalte<\/h4>\n<p>Um mit Coco Chat den richtigen Gespr\u00e4chspartner zu finden, m\u00fcssen Sie sich zun\u00e4chst registrieren. Die Anmeldung f\u00fcr ein Konto bei Cocochat.live ist einfach und dauert nur wenige Sekunden. Als Mitglied unserer Community k\u00f6nnen Sie alle unsere besten Chat-Funktionen f\u00fcr Erwachsene nutzen, darunter den Erwachsenen-Chat, den Zufalls-Video-Chat und vieles mehr. Werden Sie Mitglied der Coco-Chat-Video-App f\u00fcr das ultimative Videoerlebnis, das v\u00f6llig unzensiert und ungeschnitten ist. Hier finden Sie buchst\u00e4blich Hunderttausende Menschen und hei\u00dfe Camgirls, die alle sehns\u00fcchtig auf Ihren Besuch warten.<\/p>\n<h2>Was sollten Sie bei der Nutzung des Coco-Chat-Livechats wissen?<\/h2>\n<h4>du hast die Kontrolle<\/h4>\n<p>Im Gegensatz zu anderen Chatrooms und Videogespr\u00e4chen haben Sie im Internet die vollst\u00e4ndige Kontrolle dar\u00fcber, mit wem Sie kommunizieren. Wenn Sie einem der Zehntausenden verf\u00fcgbaren Chatrooms beitreten, k\u00f6nnen Sie jederzeit mit jedem auf der Welt per Video-Chat chatten. F\u00fcr die Nutzung des Coco Chat-Dienstes ist es nicht erforderlich, dass Sie personenbezogene Daten \u00fcber sich preisgeben.<\/p>\n<p>Personen k\u00f6nnen Ihren Namen oder Ihr Gesicht nicht sehen, es sei denn, Sie erteilen ihnen die Erlaubnis dazu. Diese Sammlung von Diskussionsaufklebern steht Ihnen kostenlos zur Verf\u00fcgung! Tun Sie Ihrem Partner etwas Gutes, um ihm zu zeigen, dass Sie an ihn denken. Coco Chat erm\u00f6glicht Ihnen jetzt den Video-Chat mit anderen Benutzern!<\/p>\n<h2>Vorteile von Coco Chat<\/h2>\n<h4>Fremder Chat<\/h4>\n<p>Coco Chat bietet viele Vorteile. Coco Chat ist eine gro\u00dfartige Alternative zu Omegle und Coco Chat, da es keine privaten Profile gibt. Es verbindet Sie mit zuf\u00e4lligen Personen in Ihrer N\u00e4he. Mit der App k\u00f6nnen Sie ein Gespr\u00e4ch beginnen, ohne etwas zu sagen.<\/p>\n<p style=\"text-align: center;\"><strong>So k\u00f6nnen Sie loslegen.<\/strong><\/p>\n<ul>\n<li>Erstellen Sie einen Benutzernamen\/ein Passwort und laden Sie die App entweder aus dem iOS App Store oder dem Google Play Store herunter. Wenn Sie sich zum ersten Mal anmelden, werden Sie gebeten, Ihr Alter und Ihren Standort anzugeben. Diese Angaben sind jedoch nicht verpflichtend.<\/li>\n<li>Nachdem Sie die App heruntergeladen haben, k\u00f6nnen Sie diese \u00f6ffnen und oben auf \u201eStart Speaking\u201c klicken. Sie sehen eine Liste mit Personen in der N\u00e4he, die daran interessiert sind, mit Ihnen zu chatten. Es gibt jedoch unten weitere Optionen, mit denen Sie spezifischere Ergebnisse anzeigen k\u00f6nnen (z. B. Personen aus Ihrer N\u00e4he). Scrollen Sie nach unten, bis Sie die Person finden, die Sie interessiert, oder wischen Sie nach links oder rechts, bis Sie sie au\u00dferhalb des Bildschirms sehen. Sie sind weiterhin sichtbar, wenn sie Nachrichten von einem anderen Benutzer erhalten haben, w\u00e4hrend sie offline waren.<\/li>\n<li>Coco Chat kann genutzt werden, ohne dass eine App heruntergeladen werden muss. Coco Chat ist wahrscheinlich in Ihrem Facebook-Newsfeed aufgetaucht. Coco Chat ist eine neue Funktion, die es Benutzern erm\u00f6glicht, mit Fremden zu chatten, auch wenn sie sich nicht kennen.<\/li>\n<li>Coco Chat ist auf der mobilen Website und App von Facebook zu finden. Es funktioniert jedoch genauso gut auf Desktop-Computern. \u00d6ffnen Sie den Facebook Messenger und klicken Sie auf das Symbol unten rechts. Sie k\u00f6nnen dann ein Gespr\u00e4ch beginnen, indem Sie auf die rosa Schaltfl\u00e4che \u201eStart\u201c neben dem Namen eines Kontakts klicken. Sie k\u00f6nnen so oft Sie m\u00f6chten mit ihnen chatten.<\/li>\n<\/ul>\n<p>&nbsp;<\/p>\n<p style=\"text-align: center;\"><strong>Diese Schritte helfen Ihnen beim Einrichten von Coco Chat:<\/strong><\/p>\n<ul>\n<li>Sie k\u00f6nnen Datenschutzeinstellungen einrichten, um es Fremden zu erm\u00f6glichen, Nachrichten zu sehen, die Ihnen andere im Gruppenchat gesendet haben.<\/li>\n<li>Erstellen Sie Ihren eigenen Filter f\u00fcr die Personen, die Sie treffen und mit denen Sie chatten m\u00f6chten.<\/li>\n<li>Mit Premium-Abonnements finden Sie immer den besten Partner<\/li>\n<li>Privatsph\u00e4re und sichere Kamera mit fremden Erlebnissen<\/li>\n<\/ul>\n<h2>Chatten Sie mit Coco Chat jederzeit und mit jedem<\/h2>\n<p>Im Cocochat.live-Chat k\u00f6nnen Sie durch eine Liste zuf\u00e4llig ausgew\u00e4hlter Benutzer scrollen und jemanden f\u00fcr ein Gespr\u00e4ch ausw\u00e4hlen. Wenn Sie den besten zuf\u00e4lligen Videochat f\u00fcr die Webcam online finden m\u00f6chten, k\u00f6nnen Sie den Chat-Coconut-Cam-Filter verwenden.<\/p>\n<p>Die Benutzer von Cocochat lieben unsere einfache Videoanruf-Oberfl\u00e4che, weil sie einfach zu bedienen ist und nicht viel Zeit in Anspruch nimmt. Ihre Hauptvorteile sind, dass sie nicht viele zus\u00e4tzliche Teile hat und auf die kleinsten Details achtet. Auf dem Hauptpanel finden Sie alles, was Sie brauchen k\u00f6nnten. Alle wichtigen Schaltfl\u00e4chen wurden dort platziert, wo sie am wahrscheinlichsten verwendet werden.<\/p>\n<h3>Es ist ganz einfach, ein Gespr\u00e4ch zu f\u00fchren<\/h3>\n<p>Mit Ihrer Kamera k\u00f6nnen Sie in Sekundenschnelle einen zuf\u00e4lligen Videochat starten. Noch spannender ist die Tatsache, dass Sie alle m\u00f6glichen wunderbaren kostenlosen Kamerafunktionen nutzen k\u00f6nnen, um den Videochat aufzupeppen! Sowohl f\u00fcr Apple als auch f\u00fcr Android bieten wir das beste mobile Erlebnis und sind in den mobilen Suchergebnissen gut platziert.<\/p>\n<h3>Sicherheit hat Priorit\u00e4t<\/h3>\n<p>Achten Sie auf Ihre Sicherheit, wenn Sie neue Leute im Internet kennenlernen. Wir raten Ihnen dringend davon ab, bei einem spontanen Videogespr\u00e4ch pers\u00f6nliche Informationen an v\u00f6llig Fremde weiterzugeben. Ihre Telefonnummer, Adresse und E-Mail-Adresse sollten Sie nicht an jemanden weitergeben, den Sie in einem zuf\u00e4lligen Gespr\u00e4ch mit einer zuf\u00e4lligen Person treffen. Machen Sie sich keine Sorgen, wenn Sie auch kein Fan von Webcam-Chats sind! Sie sind nicht dazu verpflichtet. Weitere Informationen finden Sie in unseren Nutzungsbedingungen.<\/p>\n<h3>Finden Sie einen Partner und f\u00fchren Sie ein Gespr\u00e4ch<\/h3>\n<p>Sprechen Sie jetzt mit einem von Tausenden von Menschen, die gerade online sind. Um in Sekundenschnelle ein neues Match zu erhalten, klicken Sie auf den Weiter-Pfeil, wenn Sie mit dem Gespr\u00e4ch fertig sind und Ihre Filtereinstellungen angewendet wurden. Sie k\u00f6nnen passendere Matches finden, indem Sie Ihre Suche nach Geschlecht und Land eingrenzen.<\/p>\n<h3>Beginnen Sie mit der Nutzung der Coco Chat Online-Video-App<\/h3>\n<p>Wir wissen, dass die Coco Chat Online-Video-App im Bildungsbereich viele Vorteile bietet und aufgrund unserer Erfahrungen damit auch noch einige Zeit genutzt werden wird. Die Einf\u00fchrung von Videokonferenzen im Bildungsbereich erfordert jedoch erhebliche \u00dcberlegungen und Vorbereitungen. Lehrer, Sch\u00fcler und ihre Familien k\u00f6nnen mithilfe dieser Plattform cocochat.live problemlos in Kontakt bleiben.<\/p>\n<h2>Zuf\u00e4lliger Video-Chat<\/h2>\n<p>Im Gegensatz zu anderen Chatrooms und Videochats haben Sie die vollst\u00e4ndige Kontrolle dar\u00fcber, mit wem Sie chatten. Sie k\u00f6nnen jedem der Tausenden von Chatrooms beitreten und mit jedem auf der Welt per Video chatten. Coco Chat verlangt von Ihnen keine Angabe pers\u00f6nlicher Daten.<\/p>\n<p>Ohne Ihre Erlaubnis wird niemand Ihren Namen oder Ihr Gesicht bei Ihren Kontakten sehen. Diese Auswahl an Chat-Stickern ist v\u00f6llig kostenlos! Zeigen Sie Ihrem Partner, dass Sie ihm etwas bedeuten, indem Sie etwas Nettes f\u00fcr ihn tun. Coco Chat ist jetzt f\u00fcr Video-Chat verf\u00fcgbar! Sie finden freundliche, lockere Chats per Webcam. Sie k\u00f6nnen mit zuf\u00e4lligen Fremden online chatten, um Leute kennenzulernen oder Freundschaften zu schlie\u00dfen.<\/p>\n<p>Mit nur wenigen Klicks finden Sie hei\u00dfe M\u00e4dchen oder Jungs, die Sie kennenlernen m\u00f6chten. Ein Videochat mit jemandem \u00fcber Ihr Mobiltelefon oder Ihren Laptop ist besser als jeder beliebige Chat, Messenger oder Videochat.<\/p>\n<p>Es wird nur Live-Video-Chat angeboten! Sprechen Sie privat, niemand wird Sie unterbrechen, online eingreifen oder bel\u00e4stigen. Chatten Sie online mit zwei Personen gleichzeitig. Der Video-Chat Cocochat unterscheidet sich von anderen Video-Chats. Er verf\u00fcgt \u00fcber ein Moderationssystem.<\/p>\n<p>Cocochat ist ein kostenloser Videochat, der kostenlos zur Verf\u00fcgung steht. Es gibt auch eine Premium-Option, mit der kontaktfreudige Personen zuf\u00e4llige Videoanrufe miteinander t\u00e4tigen k\u00f6nnen.<\/p>\n<p>Der perfekte Ort, um neue Leute kennenzulernen und sofort mit Fremden zu chatten, ist unsere App f\u00fcr zuf\u00e4llige Videochats. Cocochat m\u00f6chte es den Leuten so einfach wie m\u00f6glich machen, neue Leute kennenzulernen.<\/p>\n<p>Unsere zuf\u00e4llige Video-Chat-Plattform verwendet Hochgeschwindigkeitsserver, um schnelle Online-Verbindungen und Streams in extrem hoher Qualit\u00e4t bereitzustellen. Wir freuen uns, den Online-Start der Android Coco-App bekannt zu geben, die eine perfekte Erg\u00e4nzung zu unserer webbasierten Chat-Plattform darstellt. Sie k\u00f6nnen jetzt neue Freunde finden und mit Menschen aus der ganzen Welt in Kontakt treten.<\/p>\n<p>Coco Chat ist eine der beliebtesten Video-Chat-Seiten im Internet. Sie bietet blitzschnelle Verbindungen und die M\u00f6glichkeit, Ihr Video und Ihre Sprache zu filtern. Chatten Sie kostenlos mit verifizierten M\u00e4dchen. Um die besten Vorteile zu genie\u00dfen, werden Sie Premium-Mitglied.<\/p>\n<p>Cocochat Premium Videokonferenzen sind eine etablierte Plattform, die aktualisiert und weiterentwickelt wird, um der beste Webcam-Chat-Dienst zu werden. Dies erfordert nat\u00fcrlich finanzielle Unterst\u00fctzung. Um Geld zu verdienen, f\u00fcllen wir die Website m\u00f6glicherweise mit Werbung und Pop-up-Anzeigen w\u00e4hrend der Gespr\u00e4che. Dies w\u00e4re jedoch eine Respektlosigkeit gegen\u00fcber unseren Benutzern.<\/p>\n<p>Premium wurde eingef\u00fchrt, wodurch Benutzer gegen eine geringe Geb\u00fchr auf alle Vorteile und Funktionen der Site zugreifen k\u00f6nnen. Kaufen Sie also unsere Premium-Mitgliedschaft, um online mit sch\u00f6nen Fremden zu kommunizieren.<\/p>\n<p>Wir haben eine einfache, sichere und benutzerfreundliche Plattform f\u00fcr zuf\u00e4lligen Videochat geschaffen. Optimiert f\u00fcr erstaunlich schnelles Video auf <a href=\"https:\/\/apple.com\">Apfel<\/a> oder <a href=\"https:\/\/android.com\">Android<\/a> Mobiltelefone. Coco Chat ist der richtige Ort f\u00fcr Sie, wenn Sie eine Vorliebe f\u00fcr den perfekten Partner und unterhaltsame Gespr\u00e4che haben.<\/p>\n<h3>Coco-Chat-App<\/h3>\n<p>Die CocoChat-App ist die beliebteste CocoChat-App. Es erm\u00f6glicht Ihnen, mit Gleichgesinnten in Kontakt zu treten.<\/p>\n<h3>Swipe and Meet<\/h3>\n<p>Das Matching auf Coco Chat ist super einfach. Filtern Sie nach Ihren idealen Spielpr\u00e4ferenzen, verbinden Sie sich und genie\u00dfen Sie innerhalb weniger Sekunden.<\/p>\n<h3>Mobile Benutzererfahrung<\/h3>\n<p>Wir bieten das beste mobile Benutzererlebnis f\u00fcr Apple und Android und erzielen bei der mobilen Suche einen hohen Stellenwert.<\/p>\n<h3>Optimierter Video-Chat<\/h3>\n<p>Ein schnelles, nahtloses und konsistentes Erlebnis ohne Pufferung, egal ob Sie auf Ihrem Computer, Tablet oder Mobiltelefon chatten.<\/p>\n<h3>Anonymer Chat<\/h3>\n<p>Ein weiterer Vorteil der Online-Videochat-App Coco Chat besteht darin, dass sie Protokolle f\u00fcr zuk\u00fcnftige Referenzzwecke speichert. Personen, die eine Vielzahl von Online-Ressourcen nutzen, finden diese Funktion bei Videokonferenzen m\u00f6glicherweise weniger n\u00fctzlich. Den Menschen steht jetzt ein weiteres n\u00fctzliches Tool zur Verf\u00fcgung. Es besteht vollst\u00e4ndige Anonymit\u00e4t dar\u00fcber, wer chattet, und das gibt mir Sicherheit.<\/p>\n<h3>Anmeldung optional<\/h3>\n<p>Chatten Sie anonym und behalten Sie die Kontrolle \u00fcber Ihre Informationen. Sie sollten Ihre privaten pers\u00f6nlichen Daten niemals online an Dritte weitergeben.<\/p>\n<h3>Bauen Sie online Vertrauen auf<\/h3>\n<p>Coco Chat kann auch umfassend genutzt werden, um Webcam-Girls und andere Influencer in einen Video-Chat einzubinden.<br \/>\nCoco Chat bringt wundersch\u00f6ne M\u00e4dchen aus aller Welt an einen (virtuellen) Tisch, unabh\u00e4ngig davon, wo sie sich physisch befinden. Menschen k\u00f6nnen sich mit Fremden aus aller Welt verbinden und mit ihnen chatten.<\/p>\n<h3>\u00dcberlegene Filter<\/h3>\n<p>Filtern Sie den L\u00e4rm heraus. Mit den erweiterten Filteroptionen k\u00f6nnen Sie ganz einfach entscheiden, mit wem Sie \u00fcbereinstimmen m\u00f6chten. Finden Sie schnell und einfach Ihren perfekten Partner.<\/p>\n<h3>Fremder Chat<\/h3>\n<p>Mit der Coco-Chat-Online-Video-App k\u00f6nnen M\u00e4nner und Frauen eher miteinander kommunizieren und zusammenarbeiten als mit herk\u00f6mmlichen Methoden des Online-Chats und der Chat-Alternative-Cam-Interaktion. Dadurch k\u00f6nnen die Leute motivierter und engagierter miteinander sprechen, insbesondere wenn es sich um Fremde handelt.<\/p>\n<h2>5-Sterne-Roulette-Chat-Erlebnis<\/h2>\n<p>5-Sterne werden oft als hervorragend, teuer oder luxuri\u00f6s bezeichnet. Viele k\u00f6nnen sich das vielleicht nicht leisten. In Wirklichkeit muss ein 5-Sterne-Erlebnis nicht teuer sein. Sie k\u00f6nnen in jeder Branche ein 5-Sterne-Erlebnis erreichen, aber dazu m\u00fcssen Sie einen angemessenen und hervorragenden Service bieten. Dies erfordert viel emotionale Intelligenz und ein gro\u00dfartiges Produkt. Im Grunde verwandelt dies den derzeit angebotenen Transaktionsservice in ein angenehmes und unterhaltsames Erlebnis, an das sich die Kunden erinnern und das sie genie\u00dfen werden.<\/p>","protected":false},"excerpt":{"rendered":"<p>Sie k\u00f6nnen mit der Chat-Anwendung Cocochat.live ausw\u00e4hlen, mit wem Sie zuf\u00e4llig chatten m\u00f6chten, indem Sie einfach zum n\u00e4chsten wischen. Sie k\u00f6nnen den Cam-Filter verwenden, um sicherzustellen, dass Sie den besten zuf\u00e4lligen Video-Chat f\u00fcr Webcam online finden. Unsere benutzerfreundliche Videoanruf-Oberfl\u00e4che ist unkompliziert und einfach zu bedienen, was Cocochat-Mitgliedern [\u2026]<\/p>","protected":false},"author":3,"featured_media":3204,"parent":0,"menu_order":0,"comment_status":"closed","ping_status":"closed","template":"","meta":{"_acf_changed":false,"footnotes":""},"class_list":["post-772","page","type-page","status-publish","has-post-thumbnail","hentry"],"acf":[],"yoast_head":"<!-- This site is optimized with the Yoast SEO Premium plugin v21.5 (Yoast SEO v21.5) - https:\/\/yoast.com\/wordpress\/plugins\/seo\/ -->\n<title>Random Video Chat with Girls<\/title>\n<meta name=\"description\" content=\"Coco Chat is the right place for you if you have a liking for the perfect match and fun conversations. Have a fun random video chat!\" \/>\n<meta name=\"robots\" content=\"index, follow, max-snippet:-1, max-image-preview:large, max-video-preview:-1\" \/>\n<link rel=\"canonical\" href=\"https:\/\/cocochat.live\/de\/coco-chat\/\" \/>\n<meta property=\"og:locale\" content=\"de_DE\" \/>\n<meta property=\"og:type\" content=\"article\" \/>\n<meta property=\"og:title\" content=\"Random Video Chat with Girls\" \/>\n<meta property=\"og:description\" content=\"We strive to provide random video chat with random females. Coco chat is a stranger chat alternative for a random video call.\" \/>\n<meta property=\"og:url\" content=\"https:\/\/cocochat.live\/de\/coco-chat\/\" \/>\n<meta property=\"og:site_name\" content=\"Coco Chat\" \/>\n<meta property=\"article:publisher\" content=\"https:\/\/www.facebook.com\/cocochat.live\" \/>\n<meta property=\"article:modified_time\" content=\"2024-02-28T08:48:12+00:00\" \/>\n<meta property=\"og:image\" content=\"https:\/\/cocochat.live\/wp-content\/uploads\/2024\/02\/coco-chat.png\" \/>\n\t<meta property=\"og:image:width\" content=\"1024\" \/>\n\t<meta property=\"og:image:height\" content=\"1024\" \/>\n\t<meta property=\"og:image:type\" content=\"image\/png\" \/>\n<meta name=\"twitter:card\" content=\"summary_large_image\" \/>\n<meta name=\"twitter:site\" content=\"@LaCocoChat\" \/>\n<meta name=\"twitter:label1\" content=\"Gesch\u00e4tzte Lesezeit\" \/>\n\t<meta name=\"twitter:data1\" content=\"10\u00a0Minuten\" \/>\n<script type=\"application\/ld+json\" class=\"yoast-schema-graph\">{\"@context\":\"https:\/\/schema.org\",\"@graph\":[{\"@type\":\"WebPage\",\"@id\":\"https:\/\/cocochat.live\/coco-chat\/\",\"url\":\"https:\/\/cocochat.live\/coco-chat\/\",\"name\":\"Random Video Chat with Girls\",\"isPartOf\":{\"@id\":\"https:\/\/cocochat.live\/fr\/#website\"},\"datePublished\":\"2018-02-20T15:23:26+00:00\",\"dateModified\":\"2024-02-28T08:48:12+00:00\",\"description\":\"Coco Chat is the right place for you if you have a liking for the perfect match and fun conversations. Have a fun random video chat!\",\"breadcrumb\":{\"@id\":\"https:\/\/cocochat.live\/coco-chat\/#breadcrumb\"},\"inLanguage\":\"de\",\"potentialAction\":[{\"@type\":\"ReadAction\",\"target\":[\"https:\/\/cocochat.live\/coco-chat\/\"]}]},{\"@type\":\"BreadcrumbList\",\"@id\":\"https:\/\/cocochat.live\/coco-chat\/#breadcrumb\",\"itemListElement\":[{\"@type\":\"ListItem\",\"position\":1,\"name\":\"Home\",\"item\":\"https:\/\/cocochat.live\/fr\/\"},{\"@type\":\"ListItem\",\"position\":2,\"name\":\"Random Video Chat with Girls\"}]},{\"@type\":\"WebSite\",\"@id\":\"https:\/\/cocochat.live\/fr\/#website\",\"url\":\"https:\/\/cocochat.live\/fr\/\",\"name\":\"Coco Chat\",\"description\":\"Cocochat - Random Video Chat\",\"publisher\":{\"@id\":\"https:\/\/cocochat.live\/fr\/#organization\"},\"potentialAction\":[{\"@type\":\"SearchAction\",\"target\":{\"@type\":\"EntryPoint\",\"urlTemplate\":\"https:\/\/cocochat.live\/fr\/?s={search_term_string}\"},\"query-input\":\"required name=search_term_string\"}],\"inLanguage\":\"de\"},{\"@type\":\"Organization\",\"@id\":\"https:\/\/cocochat.live\/fr\/#organization\",\"name\":\"Coco Chat - Random Video Chat\",\"url\":\"https:\/\/cocochat.live\/fr\/\",\"logo\":{\"@type\":\"ImageObject\",\"inLanguage\":\"de\",\"@id\":\"https:\/\/cocochat.live\/fr\/#\/schema\/logo\/image\/\",\"url\":\"https:\/\/cocochat.live\/wp-content\/uploads\/2021\/10\/cropped-cropped-coco-chat-live.jpg\",\"contentUrl\":\"https:\/\/cocochat.live\/wp-content\/uploads\/2021\/10\/cropped-cropped-coco-chat-live.jpg\",\"width\":512,\"height\":512,\"caption\":\"Coco Chat - Random Video Chat\"},\"image\":{\"@id\":\"https:\/\/cocochat.live\/fr\/#\/schema\/logo\/image\/\"},\"sameAs\":[\"https:\/\/www.facebook.com\/cocochat.live\",\"https:\/\/twitter.com\/LaCocoChat\"]}]}<\/script>\n<!-- \/ Yoast SEO Premium plugin. -->","yoast_head_json":{"title":"Random Video Chat with Girls","description":"Coco Chat is the right place for you if you have a liking for the perfect match and fun conversations. Have a fun random video chat!","robots":{"index":"index","follow":"follow","max-snippet":"max-snippet:-1","max-image-preview":"max-image-preview:large","max-video-preview":"max-video-preview:-1"},"canonical":"https:\/\/cocochat.live\/de\/coco-chat\/","og_locale":"de_DE","og_type":"article","og_title":"Random Video Chat with Girls","og_description":"We strive to provide random video chat with random females. Coco chat is a stranger chat alternative for a random video call.","og_url":"https:\/\/cocochat.live\/de\/coco-chat\/","og_site_name":"Coco Chat","article_publisher":"https:\/\/www.facebook.com\/cocochat.live","article_modified_time":"2024-02-28T08:48:12+00:00","og_image":[{"width":1024,"height":1024,"url":"https:\/\/cocochat.live\/wp-content\/uploads\/2024\/02\/coco-chat.png","type":"image\/png"}],"twitter_card":"summary_large_image","twitter_site":"@LaCocoChat","twitter_misc":{"Gesch\u00e4tzte Lesezeit":"10\u00a0Minuten"},"schema":{"@context":"https:\/\/schema.org","@graph":[{"@type":"WebPage","@id":"https:\/\/cocochat.live\/coco-chat\/","url":"https:\/\/cocochat.live\/coco-chat\/","name":"Random Video Chat with Girls","isPartOf":{"@id":"https:\/\/cocochat.live\/fr\/#website"},"datePublished":"2018-02-20T15:23:26+00:00","dateModified":"2024-02-28T08:48:12+00:00","description":"Coco Chat is the right place for you if you have a liking for the perfect match and fun conversations. Have a fun random video chat!","breadcrumb":{"@id":"https:\/\/cocochat.live\/coco-chat\/#breadcrumb"},"inLanguage":"de","potentialAction":[{"@type":"ReadAction","target":["https:\/\/cocochat.live\/coco-chat\/"]}]},{"@type":"BreadcrumbList","@id":"https:\/\/cocochat.live\/coco-chat\/#breadcrumb","itemListElement":[{"@type":"ListItem","position":1,"name":"Home","item":"https:\/\/cocochat.live\/fr\/"},{"@type":"ListItem","position":2,"name":"Random Video Chat with Girls"}]},{"@type":"WebSite","@id":"https:\/\/cocochat.live\/fr\/#website","url":"https:\/\/cocochat.live\/fr\/","name":"Coco Chat","description":"Cocochat - Random Video Chat","publisher":{"@id":"https:\/\/cocochat.live\/fr\/#organization"},"potentialAction":[{"@type":"SearchAction","target":{"@type":"EntryPoint","urlTemplate":"https:\/\/cocochat.live\/fr\/?s={search_term_string}"},"query-input":"required name=search_term_string"}],"inLanguage":"de"},{"@type":"Organization","@id":"https:\/\/cocochat.live\/fr\/#organization","name":"Coco Chat - Random Video Chat","url":"https:\/\/cocochat.live\/fr\/","logo":{"@type":"ImageObject","inLanguage":"de","@id":"https:\/\/cocochat.live\/fr\/#\/schema\/logo\/image\/","url":"https:\/\/cocochat.live\/wp-content\/uploads\/2021\/10\/cropped-cropped-coco-chat-live.jpg","contentUrl":"https:\/\/cocochat.live\/wp-content\/uploads\/2021\/10\/cropped-cropped-coco-chat-live.jpg","width":512,"height":512,"caption":"Coco Chat - Random Video Chat"},"image":{"@id":"https:\/\/cocochat.live\/fr\/#\/schema\/logo\/image\/"},"sameAs":["https:\/\/www.facebook.com\/cocochat.live","https:\/\/twitter.com\/LaCocoChat"]}]}},"_links":{"self":[{"href":"https:\/\/cocochat.live\/de\/wp-json\/wp\/v2\/pages\/772","targetHints":{"allow":["GET"]}}],"collection":[{"href":"https:\/\/cocochat.live\/de\/wp-json\/wp\/v2\/pages"}],"about":[{"href":"https:\/\/cocochat.live\/de\/wp-json\/wp\/v2\/types\/page"}],"author":[{"embeddable":true,"href":"https:\/\/cocochat.live\/de\/wp-json\/wp\/v2\/users\/3"}],"replies":[{"embeddable":true,"href":"https:\/\/cocochat.live\/de\/wp-json\/wp\/v2\/comments?post=772"}],"version-history":[{"count":229,"href":"https:\/\/cocochat.live\/de\/wp-json\/wp\/v2\/pages\/772\/revisions"}],"predecessor-version":[{"id":3209,"href":"https:\/\/cocochat.live\/de\/wp-json\/wp\/v2\/pages\/772\/revisions\/3209"}],"wp:featuredmedia":[{"embeddable":true,"href":"https:\/\/cocochat.live\/de\/wp-json\/wp\/v2\/media\/3204"}],"wp:attachment":[{"href":"https:\/\/cocochat.live\/de\/wp-json\/wp\/v2\/media?parent=772"}],"curies":[{"name":"wp","href":"https:\/\/api.w.org\/{rel}","templated":true}]}}