{"id":2578,"date":"2022-09-08T12:01:09","date_gmt":"2022-09-08T10:01:09","guid":{"rendered":"https:\/\/cocochat.live\/?page_id=2578"},"modified":"2024-02-29T11:39:11","modified_gmt":"2024-02-29T09:39:11","slug":"coco-tchat","status":"publish","type":"page","link":"https:\/\/cocochat.live\/de\/coco-tchat\/","title":{"rendered":"Coco Tchat"},"content":{"rendered":"<p>Coco tchat ist eine Premium-Video- und Livestream-Plattform, die es allen erm\u00f6glicht, sich mit anderen Personen und Followern sowie Followern f\u00fcr ihre Live-Streams zu verbinden. Coco tchat erm\u00f6glicht Chatter-Nutzern mit Freunden oder allein, um kleine Diskussionsgruppen zu gr\u00fcnden. Coco tchat erm\u00f6glicht es Ihnen, kreative und interessante Videos gemeinsam mit anderen Personen zu erstellen und zu teilen.<\/p>\n<h3>Kostenloser Chat per Webcam<\/h3>\n<p><!-- Text --><\/p>\n<p>Beste Funktionen von Coco tchat Video-Chat: Sie k\u00f6nnen die Anwendung \u201eRandom Chatting\u201c nutzen. Sie k\u00f6nnen Ihre Freunde auf dem Laufenden halten. Passen Sie in Sekundenschnelle an. Die Platte muss fest und sicher sein. Gesichtsmaske IA. Chat Premium mit Option zur Geschlechtsauswahl. Nutzen Sie die entsprechende Filteroption<\/p>\n<h3>Kamera-Chat-Alarm<\/h3>\n<p><!-- Text --><\/p>\n<p>Die Bewerbung kann f\u00fcr die Organisation von Festen verwendet werden, lernen Sie neue Sprachen kennen und singen Sie uns f\u00fcr andere.<br \/>\nWebsite-Chat-Video direkt: Finden Sie \u00fcberpr\u00fcfte Personen. Nach der \u00dcberpr\u00fcfung wird der Rechnungsbetrag genehmigt. Filterparameter nach Geschlecht, Sie k\u00f6nnen schnell und einfach einen Premium-Mitarbeiter kontaktieren.<\/p>\n<h3>Cam f\u00fcr Fremde<\/h3>\n<p><!-- Text --><\/p>\n<p>Die von einem anderen erstellten Rechnungen werden nicht akzeptiert. Wenn wir erfahren haben, dass wir einen Versuch unternommen haben, die Identit\u00e4t einer anderen Person an sich zu rei\u00dfen, haben wir entsprechende Ma\u00dfnahmen ergriffen. Alle weiblichen Mitglieder m\u00fcssen sich mit ihrer wahren Identit\u00e4t identifizieren, um Anspruch auf Premium-Haftung zu haben.<\/p>\n<h2>Warum verwende ich Coco Tchat?<\/h2>\n<p>Avec Coco tchat, vous pouvez. Chatter per Video mit neuen Personen im ganzen Land. Sie k\u00f6nnen Videonachrichten an Ihre Freunde und Ihre Follower senden. Erleben Sie den Livestream mit einer Freundin und Sie k\u00f6nnen den Livestream erleben. Suchen Sie nach Personen, die an Ihren Interessen interessiert sind.<br \/>\n<!-- Check --><br \/>\n<!-- Text --><\/p>\n<h2>Coco Tchat bietet ein kostenloses Chat-Videoerlebnis.<\/h2>\n<p>Wir verstehen, dass Sie die Wahl haben, bevor Sie sich f\u00fcr einen Partner f\u00fcr ein App-Video entscheiden. Wir sind der Meinung, dass Sie Coco tchat als Partner f\u00fcr Unterhaltung vor der Webcam und f\u00fcr Ihre Begegnungen ausgew\u00e4hlt haben. Bevor andere Personen mit der Bewerbung beginnen, ist ein Plan vorhanden. Wir f\u00fchren Gespr\u00e4che und stellen Gerechtigkeit her. Es ist ein wunderbares Ende f\u00fcr die Begegnung der Generationen. Ich muss mir die Zeit nehmen, um herauszufinden, wer jemand ist. Sobald Sie die Bewerbung abgeschickt haben, kommt es zu einem Schlagabtausch.<\/p>\n<h2>Omegle-Alternative<\/h2>\n<p>Suchen Sie nach Personen, die authentisch sind und den Spa\u00df daran haben. Auch wenn ich nicht garantieren kann, dass die ganze Welt diese Erfahrung macht, ist das f\u00fcr Sie ein angenehmes und positives Ergebnis.<\/p>\n<p>Wenn Sie vor der Annahme stehen, stehen Ihnen Optionen f\u00fcr private Parteien zur Verf\u00fcgung. Versuchen Sie nicht, Geld zu bezahlen, wenn Sie nichts bezahlen m\u00fcssen. Soyez pr\u00e9venu. Die Ratschl\u00e4ge d\u00fcrfen nicht auf Favoriten, K\u00f6rpertypen oder sch\u00f6ne Gesichter beschr\u00e4nkt sein. Die Pers\u00f6nlichkeit ist ganz wichtig.<\/p>\n<p>Sie k\u00f6nnen sich auf keinen Fall f\u00fcr ein \u201eBonjour\u201c entscheiden. Respektieren Sie es, damit es Ihnen gut geht. Denken Sie einfach daran, dass er Spa\u00df daran hat, das Leben zu genie\u00dfen, aber vergessen Sie nicht, sich dar\u00fcber Gedanken zu machen, was er Ihnen sagt.<\/p>\n<p>Ich kehre auf diese Bewerbung zur\u00fcck und geh\u00f6re zu einer Gruppe, die ich als Familie ansehe. Es ist intelligent und generisch und kann die Anwendung nutzen.<\/p>\n<p>Da die Bewerbung noch klein ist, finden Sie eine gro\u00dfe Gemeinschaft, die Ihr Projekt entwickeln soll, und beginnen mit der Fortsetzung der anderen. Diese Anwendung bietet das Potenzial einer gro\u00dfartigen Direkt-Streaming-Anwendung, auch wenn andere Anwendungen nicht auff\u00e4llig und kompliziert sind.<\/p>\n<p>Diese Anwendung vereinfacht die Elemente des Live-Streamings und erm\u00f6glicht es den Nutzern, mehr Menschen zu finden und Bots wie auf Facebook zu bedienen. Es war noch keine Zugabe zu ihrem Deb\u00fct, und ich war ungeduldig, als ich h\u00f6rte, was passierte.<\/p>\n<h3>Anonymer Chat f\u00fcr Erwachsene<\/h3>\n<p>Es gibt viele lustige Masken, die Ihnen dabei helfen, Ihre Identit\u00e4t zu sch\u00fctzen, wenn Sie dar\u00fcber sprechen. Wir haben mehr als zwei Optionen. Diese Chat-Masken k\u00f6nnen genutzt werden, um ein Gespr\u00e4ch zu beenden und Ihr Gesicht bei Entfremdung zu sichern. Peu wichtig, die Situation, es ist schwierig, sie fair abzuwehren.<\/p>\n<h3>Algebraischer Video-Chat<\/h3>\n<p>Coco Chat ist ein ausgezeichnetes M\u00e4dchen, das die ganze Welt nicht kennt. Unser Chat-Video wird jeden Tag von Milliers de Persons genutzt. Verbinden Sie sich mit uns und genie\u00dfen Sie den Explorer! Es kann sein, dass es noch schwieriger wird, sie in einem romantischen Kontext abzulehnen.<\/p>\n<h3>Ein Abenteuer finden<\/h3>\n<p>Flingster verf\u00fcgt \u00fcber einen Chat-Service, mit dem Sie sich sofort mit Personen verbinden k\u00f6nnen, die an meinen Ideen beteiligt sind. Zahlreiche Personen nutzen die kostenlose Web-Chat-Anwendung Coco Chat, um Personen aus ihren eigenen Ideen zu treffen. Es sind Milliers de Personnes in linge, die sich auf Ihr Treffen vorbereiten.<\/p>\n<h3>Kostenloser Chat mit sicherer Cam<\/h3>\n<p>Geben Sie keinem unbekannten Personal weitere Informationen weiter. Es ist Ihnen nicht gestattet, anonym zu bleiben und alles in der Kommunikation zu sichern. Coco Chat nutzt die neueste Verschl\u00fcsselungs- und SSL-Technologie, um Sie zu sch\u00fctzen.<\/p>\n<h3>Neue Freunde treffen<\/h3>\n<p>Coco Chat ist ein ausgezeichnetes M\u00e4dchen, das die ganze Welt nicht kennt. Unser Chat f\u00fcr Erwachsene wird jeden Tag von Milliers de Persons genutzt. Verbinden Sie sich mit uns und genie\u00dfen Sie den Explorer!<\/p>\n<h3>Video-Chat-Filter<\/h3>\n<p>Nutzen Sie unsere kostenlosen Chat-Videofilter, um unerw\u00fcnschte Verbindungen zu unterdr\u00fccken. Sie k\u00f6nnen die Geschlechter und die Orte \u00e4ndern, die Sie f\u00fcr eine Begegnung bevorzugen. Sie k\u00f6nnen leicht Frauen und M\u00e4nner in bestimmten Bereichen finden, die Ihren Pr\u00e4ferenzen entsprechen.<\/p>\n<h3>Starten Sie den Webcam-Chat bereits vor Kurzem kostenlos. Am\u00fcsieren Sie sich!<\/h3>\n<p>Es gibt eine Vielzahl von Filtern, die auf unserer Website recherchiert werden k\u00f6nnen und die unerschwinglich sind. Sie k\u00f6nnen auf unserer Website die Person suchen, die Sie suchen.<\/p>\n<h3>Warum sind Videoanrufe \u00fcber Zoom unangenehm? Aber Treffen im echten Leben nicht?<\/h3>\n<p>Warum sind Zoom-Videoanrufe unangenehm? Aber Treffen im echten Leben sind es nicht? Nachdem der Gastgeber die unausgesprochene Frage gestellt hat: \u201eWie geht es dir?\u201c Die erste Pause des Zoom-Anrufs ist, wenn der<\/p>","protected":false},"excerpt":{"rendered":"<p>Coco Tchat ist eine Premium-Video- und Livestream-Plattform, die es Leuten erm\u00f6glicht, sich mit anderen zu verbinden und mehr Follower f\u00fcr ihre Live-Streams zu gewinnen. Coco Tchat erm\u00f6glicht es Benutzern, mit Freunden zu chatten oder nur kleine Diskussionsgruppen zu erstellen. Coco, tchat, erlaubt Ihnen [\u2026]<\/p>","protected":false},"author":3,"featured_media":3252,"parent":0,"menu_order":0,"comment_status":"closed","ping_status":"closed","template":"","meta":{"_acf_changed":false,"footnotes":""},"class_list":["post-2578","page","type-page","status-publish","has-post-thumbnail","hentry"],"acf":[],"yoast_head":"<!-- This site is optimized with the Yoast SEO Premium plugin v21.5 (Yoast SEO v21.5) - https:\/\/yoast.com\/wordpress\/plugins\/seo\/ -->\n<title>Coco Tchat<\/title>\n<meta name=\"description\" content=\"Coco permet aux utilisateurs de chatter avec des amis ou en solo pour des discussions en petits groupes. Coco tchat.\" \/>\n<meta name=\"robots\" content=\"index, follow, max-snippet:-1, max-image-preview:large, max-video-preview:-1\" \/>\n<link rel=\"canonical\" href=\"https:\/\/cocochat.live\/de\/coco-tchat\/\" \/>\n<meta property=\"og:locale\" content=\"de_DE\" \/>\n<meta property=\"og:type\" content=\"article\" \/>\n<meta property=\"og:title\" content=\"Coco Tchat\" \/>\n<meta property=\"og:description\" content=\"We strive to provide random video chat with random females. Coco chat is a stranger chat alternative for a random video call.\" \/>\n<meta property=\"og:url\" content=\"https:\/\/cocochat.live\/de\/coco-tchat\/\" \/>\n<meta property=\"og:site_name\" content=\"Coco Chat\" \/>\n<meta property=\"article:publisher\" content=\"https:\/\/www.facebook.com\/cocochat.live\" \/>\n<meta property=\"article:modified_time\" content=\"2024-02-29T09:39:11+00:00\" \/>\n<meta property=\"og:image\" content=\"https:\/\/cocochat.live\/wp-content\/uploads\/2024\/02\/Coco-Tchat.png\" \/>\n\t<meta property=\"og:image:width\" content=\"1024\" \/>\n\t<meta property=\"og:image:height\" content=\"1024\" \/>\n\t<meta property=\"og:image:type\" content=\"image\/png\" \/>\n<meta name=\"twitter:card\" content=\"summary_large_image\" \/>\n<meta name=\"twitter:site\" content=\"@LaCocoChat\" \/>\n<meta name=\"twitter:label1\" content=\"Gesch\u00e4tzte Lesezeit\" \/>\n\t<meta name=\"twitter:data1\" content=\"5\u00a0Minuten\" \/>\n<script type=\"application\/ld+json\" class=\"yoast-schema-graph\">{\"@context\":\"https:\/\/schema.org\",\"@graph\":[{\"@type\":\"WebPage\",\"@id\":\"https:\/\/cocochat.live\/coco-tchat\/\",\"url\":\"https:\/\/cocochat.live\/coco-tchat\/\",\"name\":\"Coco Tchat\",\"isPartOf\":{\"@id\":\"https:\/\/cocochat.live\/fr\/#website\"},\"datePublished\":\"2022-09-08T10:01:09+00:00\",\"dateModified\":\"2024-02-29T09:39:11+00:00\",\"description\":\"Coco permet aux utilisateurs de chatter avec des amis ou en solo pour des discussions en petits groupes. Coco tchat.\",\"breadcrumb\":{\"@id\":\"https:\/\/cocochat.live\/coco-tchat\/#breadcrumb\"},\"inLanguage\":\"de\",\"potentialAction\":[{\"@type\":\"ReadAction\",\"target\":[\"https:\/\/cocochat.live\/coco-tchat\/\"]}]},{\"@type\":\"BreadcrumbList\",\"@id\":\"https:\/\/cocochat.live\/coco-tchat\/#breadcrumb\",\"itemListElement\":[{\"@type\":\"ListItem\",\"position\":1,\"name\":\"Home\",\"item\":\"https:\/\/cocochat.live\/fr\/\"},{\"@type\":\"ListItem\",\"position\":2,\"name\":\"Coco Tchat\"}]},{\"@type\":\"WebSite\",\"@id\":\"https:\/\/cocochat.live\/fr\/#website\",\"url\":\"https:\/\/cocochat.live\/fr\/\",\"name\":\"Coco Chat\",\"description\":\"Cocochat - Random Video Chat\",\"publisher\":{\"@id\":\"https:\/\/cocochat.live\/fr\/#organization\"},\"potentialAction\":[{\"@type\":\"SearchAction\",\"target\":{\"@type\":\"EntryPoint\",\"urlTemplate\":\"https:\/\/cocochat.live\/fr\/?s={search_term_string}\"},\"query-input\":\"required name=search_term_string\"}],\"inLanguage\":\"de\"},{\"@type\":\"Organization\",\"@id\":\"https:\/\/cocochat.live\/fr\/#organization\",\"name\":\"Coco Chat - Random Video Chat\",\"url\":\"https:\/\/cocochat.live\/fr\/\",\"logo\":{\"@type\":\"ImageObject\",\"inLanguage\":\"de\",\"@id\":\"https:\/\/cocochat.live\/fr\/#\/schema\/logo\/image\/\",\"url\":\"https:\/\/cocochat.live\/wp-content\/uploads\/2021\/10\/cropped-cropped-coco-chat-live.jpg\",\"contentUrl\":\"https:\/\/cocochat.live\/wp-content\/uploads\/2021\/10\/cropped-cropped-coco-chat-live.jpg\",\"width\":512,\"height\":512,\"caption\":\"Coco Chat - Random Video Chat\"},\"image\":{\"@id\":\"https:\/\/cocochat.live\/fr\/#\/schema\/logo\/image\/\"},\"sameAs\":[\"https:\/\/www.facebook.com\/cocochat.live\",\"https:\/\/twitter.com\/LaCocoChat\"]}]}<\/script>\n<!-- \/ Yoast SEO Premium plugin. -->","yoast_head_json":{"title":"Coco Tchat","description":"Coco permet aux utilisateurs de chatter avec des amis ou en solo pour des discussions en petits groupes. Coco tchat.","robots":{"index":"index","follow":"follow","max-snippet":"max-snippet:-1","max-image-preview":"max-image-preview:large","max-video-preview":"max-video-preview:-1"},"canonical":"https:\/\/cocochat.live\/de\/coco-tchat\/","og_locale":"de_DE","og_type":"article","og_title":"Coco Tchat","og_description":"We strive to provide random video chat with random females. Coco chat is a stranger chat alternative for a random video call.","og_url":"https:\/\/cocochat.live\/de\/coco-tchat\/","og_site_name":"Coco Chat","article_publisher":"https:\/\/www.facebook.com\/cocochat.live","article_modified_time":"2024-02-29T09:39:11+00:00","og_image":[{"width":1024,"height":1024,"url":"https:\/\/cocochat.live\/wp-content\/uploads\/2024\/02\/Coco-Tchat.png","type":"image\/png"}],"twitter_card":"summary_large_image","twitter_site":"@LaCocoChat","twitter_misc":{"Gesch\u00e4tzte Lesezeit":"5\u00a0Minuten"},"schema":{"@context":"https:\/\/schema.org","@graph":[{"@type":"WebPage","@id":"https:\/\/cocochat.live\/coco-tchat\/","url":"https:\/\/cocochat.live\/coco-tchat\/","name":"Coco Tchat","isPartOf":{"@id":"https:\/\/cocochat.live\/fr\/#website"},"datePublished":"2022-09-08T10:01:09+00:00","dateModified":"2024-02-29T09:39:11+00:00","description":"Coco permet aux utilisateurs de chatter avec des amis ou en solo pour des discussions en petits groupes. Coco tchat.","breadcrumb":{"@id":"https:\/\/cocochat.live\/coco-tchat\/#breadcrumb"},"inLanguage":"de","potentialAction":[{"@type":"ReadAction","target":["https:\/\/cocochat.live\/coco-tchat\/"]}]},{"@type":"BreadcrumbList","@id":"https:\/\/cocochat.live\/coco-tchat\/#breadcrumb","itemListElement":[{"@type":"ListItem","position":1,"name":"Home","item":"https:\/\/cocochat.live\/fr\/"},{"@type":"ListItem","position":2,"name":"Coco Tchat"}]},{"@type":"WebSite","@id":"https:\/\/cocochat.live\/fr\/#website","url":"https:\/\/cocochat.live\/fr\/","name":"Coco Chat","description":"Cocochat - Random Video Chat","publisher":{"@id":"https:\/\/cocochat.live\/fr\/#organization"},"potentialAction":[{"@type":"SearchAction","target":{"@type":"EntryPoint","urlTemplate":"https:\/\/cocochat.live\/fr\/?s={search_term_string}"},"query-input":"required name=search_term_string"}],"inLanguage":"de"},{"@type":"Organization","@id":"https:\/\/cocochat.live\/fr\/#organization","name":"Coco Chat - Random Video Chat","url":"https:\/\/cocochat.live\/fr\/","logo":{"@type":"ImageObject","inLanguage":"de","@id":"https:\/\/cocochat.live\/fr\/#\/schema\/logo\/image\/","url":"https:\/\/cocochat.live\/wp-content\/uploads\/2021\/10\/cropped-cropped-coco-chat-live.jpg","contentUrl":"https:\/\/cocochat.live\/wp-content\/uploads\/2021\/10\/cropped-cropped-coco-chat-live.jpg","width":512,"height":512,"caption":"Coco Chat - Random Video Chat"},"image":{"@id":"https:\/\/cocochat.live\/fr\/#\/schema\/logo\/image\/"},"sameAs":["https:\/\/www.facebook.com\/cocochat.live","https:\/\/twitter.com\/LaCocoChat"]}]}},"_links":{"self":[{"href":"https:\/\/cocochat.live\/de\/wp-json\/wp\/v2\/pages\/2578","targetHints":{"allow":["GET"]}}],"collection":[{"href":"https:\/\/cocochat.live\/de\/wp-json\/wp\/v2\/pages"}],"about":[{"href":"https:\/\/cocochat.live\/de\/wp-json\/wp\/v2\/types\/page"}],"author":[{"embeddable":true,"href":"https:\/\/cocochat.live\/de\/wp-json\/wp\/v2\/users\/3"}],"replies":[{"embeddable":true,"href":"https:\/\/cocochat.live\/de\/wp-json\/wp\/v2\/comments?post=2578"}],"version-history":[{"count":8,"href":"https:\/\/cocochat.live\/de\/wp-json\/wp\/v2\/pages\/2578\/revisions"}],"predecessor-version":[{"id":3254,"href":"https:\/\/cocochat.live\/de\/wp-json\/wp\/v2\/pages\/2578\/revisions\/3254"}],"wp:featuredmedia":[{"embeddable":true,"href":"https:\/\/cocochat.live\/de\/wp-json\/wp\/v2\/media\/3252"}],"wp:attachment":[{"href":"https:\/\/cocochat.live\/de\/wp-json\/wp\/v2\/media?parent=2578"}],"curies":[{"name":"wp","href":"https:\/\/api.w.org\/{rel}","templated":true}]}}