{"id":2451,"date":"2022-06-19T12:20:11","date_gmt":"2022-06-19T10:20:11","guid":{"rendered":"https:\/\/cocochat.live\/?page_id=2451"},"modified":"2024-03-01T09:31:23","modified_gmt":"2024-03-01T07:31:23","slug":"imeetzu","status":"publish","type":"page","link":"https:\/\/cocochat.live\/de\/imeetzu\/","title":{"rendered":"iMeetzu"},"content":{"rendered":"<p>Im digitalen Zeitalter war das Verlangen nach menschlicher Verbindung und die Freude, neue Leute aus aller Welt kennenzulernen, noch nie so stark sp\u00fcrbar. iMeetzu Random Video Chat erweist sich als Leuchtturm spontaner sozialer Interaktion und bietet eine einzigartige Plattform, auf der Grenzen verschwimmen und Gespr\u00e4che flie\u00dfen. Dieser SEO-optimierte Blogbeitrag taucht in die faszinierende Welt von iMeetzu ein, erkundet seine Features, seine Funktionalit\u00e4t und wie Sie in diesen globalen Schmelztiegel der Kulturen und Gespr\u00e4che eintauchen k\u00f6nnen.<\/p>\n<h3>Funktionen des iMeetzu-Zufallsvideochats<\/h3>\n<p>iMeetzu zeichnet sich durch seine vielf\u00e4ltigen Funktionen aus, die auf die dynamischen Bed\u00fcrfnisse moderner Chat-Enthusiasten zugeschnitten sind. Im Kern bietet iMeetzu:<\/p>\n<ul>\n<li><strong>Zuf\u00e4lliger Video-Chat<\/strong>: Verbinden Sie sich in Echtzeit mit Fremden auf der ganzen Welt und genie\u00dfen Sie ein authentisches und spontanes Chat-Erlebnis.<\/li>\n<li><strong>Text-Chat-Optionen<\/strong>: F\u00fcr diejenigen, die lieber tippen als sprechen, bietet iMeetzu ebenso spannende Text-Chatrooms.<\/li>\n<li><strong>Gruppen-Chatr\u00e4ume<\/strong>: Beteiligen Sie sich an Diskussionen in Gruppenkonstellationen, ideal f\u00fcr diejenigen, die mit mehreren Personen gleichzeitig interagieren m\u00f6chten.<\/li>\n<li><strong>Freundschaft und Dating<\/strong>: \u00dcber zwanglose Chats hinaus erleichtert iMeetzu Kontakte, aus denen sich Freundschaften oder mehr entwickeln k\u00f6nnen.<\/li>\n<\/ul>\n<h3>So funktioniert iMeetzu<\/h3>\n<p>Dank der intuitiven Benutzeroberfl\u00e4che von iMeetzu ist der Einstieg in ein Gespr\u00e4ch unkompliziert und problemlos:<\/p>\n<ol>\n<li><strong>Zuf\u00e4llige Zuordnung<\/strong>: Beim Betreten des Video-Chats koppelt iMeetzu Sie nach dem Zufallsprinzip mit einem anderen Benutzer, sodass jede Sitzung eine \u00dcberraschung ist.<\/li>\n<li><strong>Echtzeit-Interaktion<\/strong>: Nehmen Sie an Live-Video-Chats oder Textgespr\u00e4chen teil und erleben Sie Antworten in Echtzeit und echte Interaktionen.<\/li>\n<\/ol>\n<h3>Bei iMeetzu anmelden<\/h3>\n<p>Der Einstieg in iMeetzu ist ganz einfach:<\/p>\n<ol>\n<li><strong>Besuchen Sie die Website<\/strong>: Navigieren Sie zur iMeetzu-Startseite.<\/li>\n<li><strong>Keine obligatorische Kontoerstellung<\/strong>: Sie k\u00f6nnen sofort mit dem Chatten beginnen, ohne ein Konto zu erstellen, und so Ihre Anonymit\u00e4t wahren. Wenn Sie auf zus\u00e4tzliche Funktionen zugreifen m\u00f6chten, sollten Sie sich registrieren.<\/li>\n<\/ol>\n<h3>Abonnieren von iMeetzu<\/h3>\n<p>F\u00fcr alle, die ihr iMeetzu-Erlebnis verbessern m\u00f6chten:<\/p>\n<ol>\n<li><strong>Erstelle einen kostenlosen Account<\/strong>: Registrieren Sie sich, um zus\u00e4tzliche Funktionen freizuschalten.<\/li>\n<li><strong>Entscheiden Sie sich f\u00fcr ein Premium-Abonnement<\/strong>: iMeetzu bietet Premium-Abonnements f\u00fcr Benutzer, die erweiterte Funktionen w\u00fcnschen, darunter werbefreies Chatten, vorrangigen Support und mehr.<\/li>\n<\/ol>\n<h3>Navigieren durch Filter auf iMeetzu<\/h3>\n<p>Die Filter von iMeetzu sind darauf ausgelegt, Ihr Chat-Erlebnis individuell zu gestalten:<\/p>\n<ul>\n<li><strong>Standort- und Sprachfilter<\/strong>: Geben Sie die Region oder Spracheinstellung an, um eine Verbindung mit Benutzern herzustellen, die Ihren Kriterien entsprechen.<\/li>\n<li><strong>Interessenbasierte Filter<\/strong>: W\u00e4hlen Sie interessante Themen aus, um Chatpartner mit \u00e4hnlichen Hobbys oder Gespr\u00e4chsvorlieben zu finden.<\/li>\n<\/ul>\n<p>&nbsp;<\/p>\n<p>Webcam-Chat ist eine gro\u00dfartige M\u00f6glichkeit, Leute aus aller Welt kennenzulernen. Sie k\u00f6nnen Webcam-Chat verwenden, um mit Fremden zu sprechen, die in Ihrer N\u00e4he oder sogar auf der anderen Seite der Welt leben. Es gibt viele verschiedene M\u00f6glichkeiten, wie Sie Webcam-Chat verwenden k\u00f6nnen, um neue Freunde kennenzulernen. Sie k\u00f6nnen entweder an einen \u00f6ffentlichen Ort wie ein Caf\u00e9 oder eine Bibliothek gehen, wo jeder an der Unterhaltung teilnehmen kann, oder Sie k\u00f6nnen Ihren eigenen privaten Raum einrichten. iMeetzu Web Cam Chat ist ein Live-Webcam-Chatraum, in dem Benutzer mit anderen Menschen auf der ganzen Welt in Kontakt treten k\u00f6nnen.<a href=\"https:\/\/facebook.com\"> Facebook<\/a> und Instagram bietet nur Einweg-Videooptionen. Es gibt viele andere Orte, an denen sich Menschen treffen k\u00f6nnen. Viele Websites \u00e4hneln Foren oder Bulletin Boards. Sie k\u00f6nnen Kommentare hinterlassen und zur\u00fcckkommen, um zu sehen, ob jemand geantwortet hat. Viele Websites bieten Echtzeit-Chats, mit denen Sie in Echtzeit mit anderen kommunizieren k\u00f6nnen.<\/p>\n<h2>Video-Chat<\/h2>\n<p><!-- Text --><\/p>\n<p>Beste Funktionen von Web Cam Chat Video Chat: Sie k\u00f6nnen die Zufalls-Chat-App ganz einfach verwenden. Sie k\u00f6nnen gerne zuf\u00e4llige Freunde finden. Match in Sekunden. Sichere Plattform. KI-Gesichtsmaske. Premium-Chat mit Option zur Geschlechtsauswahl. Nutzen Sie die Option zum Filtern nach Land<\/p>\n<h2>Zuf\u00e4lliger Cam-Chat<\/h2>\n<p><!-- Text --><\/p>\n<p>Mit der App k\u00f6nnen Sie Partys veranstalten, neue Sprachen lernen und miteinander singen.<br \/>\nLive-Chat-Videoseite: Finden Sie verifizierte Personen. Nach der Verifizierung wird das Konto freigegeben. Durch die nach Geschlecht gefilterten Filtereinstellungen k\u00f6nnen Sie schnell und einfach Kontakt zu einem Premium-Begleiter aufnehmen.<\/p>\n<h2>Omegle-Girl-Chat<\/h2>\n<p><!-- Text --><\/p>\n<p>Von jemand anderem erstellte Konten werden nicht akzeptiert. Wenn wir feststellen, dass jemand versucht, sich als eine andere Person auszugeben, werden wir die entsprechenden Ma\u00dfnahmen ergreifen. Alle weiblichen Mitglieder m\u00fcssen ihren wahren Ausweis angeben, um Anspruch auf eine Premium-Mitgliedschaft zu haben.<\/p>\n<h3>iMeetzu bietet kostenloses zuf\u00e4lliges Video-Chat-Erlebnis<\/h3>\n<p>Sie m\u00fcssen nichts bezahlen, um diesen kostenlosen Chatroom zu betreten. Sie m\u00fcssen sich nur registrieren. Sobald Sie registriert sind, k\u00f6nnen Sie mit anderen Mitgliedern chatten, ohne etwas zu bezahlen. Sie k\u00f6nnen sogar Freundschaften mit Leuten aus verschiedenen L\u00e4ndern schlie\u00dfen. Benutzer k\u00f6nnen auch Nachrichten senden, ihre Lieblingsvideos teilen, Spiele miteinander spielen und vieles mehr. iMeetzu ist nicht nur bei Teenagern beliebt. Auch viele Erwachsene nutzen den Dienst.<\/p>\n<h3>Omegle-Alternative<\/h3>\n<p>Ja! Wenn Sie lieber einen Videoanruf als einen textbasierten Chat f\u00fchren m\u00f6chten, sollten Sie die Android-App iMeetzu ausprobieren. Dies ist eine kostenlose Anwendung f\u00fcr zuf\u00e4llige Videochats, mit der Sie Videoanrufe mit anderen Benutzern t\u00e4tigen k\u00f6nnen. Sie k\u00f6nnen sich dar\u00fcber mit anderen Benutzern verbinden und auch nach Benutzern in der N\u00e4he suchen, wenn Sie noch keine kennen.<\/p>\n<p>Wie verwende ich die iMeetzu-App? Um einen Videoanruf zu starten, \u00f6ffnen Sie einfach die App und tippen Sie auf die gr\u00fcne Schaltfl\u00e4che \u201eAnrufen\u201c. Geben Sie dann die Telefonnummer des Benutzers ein und klicken Sie auf \u201eAnrufen\u201c. Sie k\u00f6nnen jetzt mit ihnen chatten!<\/p>\n<p>In den zuf\u00e4lligen Video-Chatr\u00e4umen k\u00f6nnen Sie kostenlos mit zuf\u00e4llig ausgew\u00e4hlten Personen aus der ganzen Welt per Video chatten. Die Nutzung ist kostenlos!<\/p>\n<h3>Anonymer Chat f\u00fcr Erwachsene<\/h3>\n<p>Unser unterhaltsames Maskensortiment hilft Ihnen, Ihre Identit\u00e4t beim Chatten zu sch\u00fctzen. Wir haben \u00fcber ein Dutzend Optionen. Mit diesen Chat-Masken k\u00f6nnen Sie Gespr\u00e4che anregen und Ihr Gesicht vor Fremden verbergen. Egal in welcher Situation, es ist schwer, abgelehnt zu werden.<\/p>\n<h3>Zuf\u00e4lliger Video-Chat<\/h3>\n<p>Web-Cam-Chat ist eine gro\u00dfartige M\u00f6glichkeit, Fremde aus der ganzen Welt sofort zu treffen. Unser zuf\u00e4lliger Chat f\u00fcr Erwachsene wird t\u00e4glich von Tausenden von Menschen genutzt. Vernetzen Sie sich jetzt und haben Sie Spa\u00df beim Entdecken! Noch schwieriger kann es sein, in einem romantischen Kontext abgelehnt zu werden.<\/p>\n<h3>Finde eine Aff\u00e4re<\/h3>\n<p>Mit dem Zufalls-Chat-Dienst von iMeetzu k\u00f6nnen Sie sofort mit Gleichgesinnten in Kontakt treten. Viele Menschen nutzen die kostenlose Web-Chat-App iMeetzu, um Gleichgesinnte kennenzulernen. Tausende von Menschen sind online und bereit, Sie kennenzulernen.<\/p>\n<h3>Sicherheit bei Freechat-Cams<\/h3>\n<p>Geben Sie keine pers\u00f6nlichen Daten an Fremde weiter. Dadurch bleiben Sie bei der Kommunikation anonym und sicher. Web Cam Chat verwendet die neueste Verschl\u00fcsselungs- und SSL-Technologie, um Ihre Sicherheit zu gew\u00e4hrleisten.<\/p>\n<h3>Neue Freunde treffen<\/h3>\n<p>iMeetzu ist eine gro\u00dfartige M\u00f6glichkeit, sofort Fremde aus der ganzen Welt kennenzulernen. Unser zuf\u00e4lliger Erwachsenen-Chat wird t\u00e4glich von Tausenden von Menschen genutzt. Verbinden Sie sich jetzt und haben Sie Spa\u00df beim Entdecken!<\/p>\n<h3>Video-Chat-Filterung<\/h3>\n<p>Nutzen Sie unsere kostenlosen Video-Chat-Filter, um unerw\u00fcnschte Verbindungen zu entfernen. Sie k\u00f6nnen das Geschlecht und die Orte \u00e4ndern, an denen Sie sich mit Menschen treffen m\u00f6chten. Sie k\u00f6nnen an bestimmten Orten leicht Frauen und M\u00e4nner finden, die Ihren Vorlieben entsprechen.<\/p>\n<h3>Abschluss<\/h3>\n<p>iMeetzu Random Video Chat er\u00f6ffnet eine Welt, in der Gespr\u00e4che unvorhersehbar sind, Freundschaften nur einen Klick entfernt sind und die Welt etwas kleiner erscheint. Egal, ob Sie nur kurz chatten oder dauerhafte Verbindungen kn\u00fcpfen m\u00f6chten, iMeetzu bietet eine Plattform, die sowohl ansprechend als auch einfach zu navigieren ist. Tauchen Sie noch heute in die Welt von iMeetzu ein und verbinden Sie sich mit der Welt auf eine Art und Weise, die Sie nie f\u00fcr m\u00f6glich gehalten h\u00e4tten.<\/p>","protected":false},"excerpt":{"rendered":"<p>Im digitalen Zeitalter war das Verlangen nach menschlicher Verbindung und die Freude, neue Leute aus aller Welt kennenzulernen, noch nie so stark. iMeetzu Random Video Chat erweist sich als Leuchtturm spontaner sozialer Interaktion und bietet eine einzigartige Plattform, auf der Grenzen verschwimmen und Gespr\u00e4che flie\u00dfen. Dieser SEO-optimierte Blogbeitrag befasst sich mit der faszinierenden [\u2026]<\/p>","protected":false},"author":3,"featured_media":3256,"parent":0,"menu_order":0,"comment_status":"closed","ping_status":"closed","template":"","meta":{"_acf_changed":false,"footnotes":""},"class_list":["post-2451","page","type-page","status-publish","has-post-thumbnail","hentry"],"acf":[],"yoast_head":"<!-- This site is optimized with the Yoast SEO Premium plugin v21.5 (Yoast SEO v21.5) - https:\/\/yoast.com\/wordpress\/plugins\/seo\/ -->\n<title>iMeetzu - Best Random Video Chat<\/title>\n<meta name=\"description\" content=\"Coco Chat is the right place for you if you want the perfect match and have fun conversations and iMeetzu.\" \/>\n<meta name=\"robots\" content=\"index, follow, max-snippet:-1, max-image-preview:large, max-video-preview:-1\" \/>\n<link rel=\"canonical\" href=\"https:\/\/cocochat.live\/de\/imeetzu\/\" \/>\n<meta property=\"og:locale\" content=\"de_DE\" \/>\n<meta property=\"og:type\" content=\"article\" \/>\n<meta property=\"og:title\" content=\"iMeetzu\" \/>\n<meta property=\"og:description\" content=\"We strive to provide random video chat with random females. Coco chat is a stranger chat alternative for a random video call.\" \/>\n<meta property=\"og:url\" content=\"https:\/\/cocochat.live\/de\/imeetzu\/\" \/>\n<meta property=\"og:site_name\" content=\"Coco Chat\" \/>\n<meta property=\"article:publisher\" content=\"https:\/\/www.facebook.com\/cocochat.live\" \/>\n<meta property=\"article:modified_time\" content=\"2024-03-01T07:31:23+00:00\" \/>\n<meta property=\"og:image\" content=\"https:\/\/cocochat.live\/wp-content\/uploads\/2024\/03\/iMeetzu.png\" \/>\n\t<meta property=\"og:image:width\" content=\"1024\" \/>\n\t<meta property=\"og:image:height\" content=\"1024\" \/>\n\t<meta property=\"og:image:type\" content=\"image\/png\" \/>\n<meta name=\"twitter:card\" content=\"summary_large_image\" \/>\n<meta name=\"twitter:site\" content=\"@LaCocoChat\" \/>\n<meta name=\"twitter:label1\" content=\"Gesch\u00e4tzte Lesezeit\" \/>\n\t<meta name=\"twitter:data1\" content=\"6\u00a0Minuten\" \/>\n<script type=\"application\/ld+json\" class=\"yoast-schema-graph\">{\"@context\":\"https:\/\/schema.org\",\"@graph\":[{\"@type\":\"WebPage\",\"@id\":\"https:\/\/cocochat.live\/fr\/imeetzu\/\",\"url\":\"https:\/\/cocochat.live\/fr\/imeetzu\/\",\"name\":\"iMeetzu - Best Random Video Chat\",\"isPartOf\":{\"@id\":\"https:\/\/cocochat.live\/fr\/#website\"},\"datePublished\":\"2022-06-19T10:20:11+00:00\",\"dateModified\":\"2024-03-01T07:31:23+00:00\",\"description\":\"Coco Chat is the right place for you if you want the perfect match and have fun conversations and iMeetzu.\",\"breadcrumb\":{\"@id\":\"https:\/\/cocochat.live\/fr\/imeetzu\/#breadcrumb\"},\"inLanguage\":\"de\",\"potentialAction\":[{\"@type\":\"ReadAction\",\"target\":[\"https:\/\/cocochat.live\/fr\/imeetzu\/\"]}]},{\"@type\":\"BreadcrumbList\",\"@id\":\"https:\/\/cocochat.live\/fr\/imeetzu\/#breadcrumb\",\"itemListElement\":[{\"@type\":\"ListItem\",\"position\":1,\"name\":\"Home\",\"item\":\"https:\/\/cocochat.live\/fr\/\"},{\"@type\":\"ListItem\",\"position\":2,\"name\":\"iMeetzu\"}]},{\"@type\":\"WebSite\",\"@id\":\"https:\/\/cocochat.live\/fr\/#website\",\"url\":\"https:\/\/cocochat.live\/fr\/\",\"name\":\"Coco Chat\",\"description\":\"Cocochat - Random Video Chat\",\"publisher\":{\"@id\":\"https:\/\/cocochat.live\/fr\/#organization\"},\"potentialAction\":[{\"@type\":\"SearchAction\",\"target\":{\"@type\":\"EntryPoint\",\"urlTemplate\":\"https:\/\/cocochat.live\/fr\/?s={search_term_string}\"},\"query-input\":\"required name=search_term_string\"}],\"inLanguage\":\"de\"},{\"@type\":\"Organization\",\"@id\":\"https:\/\/cocochat.live\/fr\/#organization\",\"name\":\"Coco Chat - Random Video Chat\",\"url\":\"https:\/\/cocochat.live\/fr\/\",\"logo\":{\"@type\":\"ImageObject\",\"inLanguage\":\"de\",\"@id\":\"https:\/\/cocochat.live\/fr\/#\/schema\/logo\/image\/\",\"url\":\"https:\/\/cocochat.live\/wp-content\/uploads\/2021\/10\/cropped-cropped-coco-chat-live.jpg\",\"contentUrl\":\"https:\/\/cocochat.live\/wp-content\/uploads\/2021\/10\/cropped-cropped-coco-chat-live.jpg\",\"width\":512,\"height\":512,\"caption\":\"Coco Chat - Random Video Chat\"},\"image\":{\"@id\":\"https:\/\/cocochat.live\/fr\/#\/schema\/logo\/image\/\"},\"sameAs\":[\"https:\/\/www.facebook.com\/cocochat.live\",\"https:\/\/twitter.com\/LaCocoChat\"]}]}<\/script>\n<!-- \/ Yoast SEO Premium plugin. -->","yoast_head_json":{"title":"iMeetzu - Best Random Video Chat","description":"Coco Chat is the right place for you if you want the perfect match and have fun conversations and iMeetzu.","robots":{"index":"index","follow":"follow","max-snippet":"max-snippet:-1","max-image-preview":"max-image-preview:large","max-video-preview":"max-video-preview:-1"},"canonical":"https:\/\/cocochat.live\/de\/imeetzu\/","og_locale":"de_DE","og_type":"article","og_title":"iMeetzu","og_description":"We strive to provide random video chat with random females. Coco chat is a stranger chat alternative for a random video call.","og_url":"https:\/\/cocochat.live\/de\/imeetzu\/","og_site_name":"Coco Chat","article_publisher":"https:\/\/www.facebook.com\/cocochat.live","article_modified_time":"2024-03-01T07:31:23+00:00","og_image":[{"width":1024,"height":1024,"url":"https:\/\/cocochat.live\/wp-content\/uploads\/2024\/03\/iMeetzu.png","type":"image\/png"}],"twitter_card":"summary_large_image","twitter_site":"@LaCocoChat","twitter_misc":{"Gesch\u00e4tzte Lesezeit":"6\u00a0Minuten"},"schema":{"@context":"https:\/\/schema.org","@graph":[{"@type":"WebPage","@id":"https:\/\/cocochat.live\/fr\/imeetzu\/","url":"https:\/\/cocochat.live\/fr\/imeetzu\/","name":"iMeetzu - Best Random Video Chat","isPartOf":{"@id":"https:\/\/cocochat.live\/fr\/#website"},"datePublished":"2022-06-19T10:20:11+00:00","dateModified":"2024-03-01T07:31:23+00:00","description":"Coco Chat is the right place for you if you want the perfect match and have fun conversations and iMeetzu.","breadcrumb":{"@id":"https:\/\/cocochat.live\/fr\/imeetzu\/#breadcrumb"},"inLanguage":"de","potentialAction":[{"@type":"ReadAction","target":["https:\/\/cocochat.live\/fr\/imeetzu\/"]}]},{"@type":"BreadcrumbList","@id":"https:\/\/cocochat.live\/fr\/imeetzu\/#breadcrumb","itemListElement":[{"@type":"ListItem","position":1,"name":"Home","item":"https:\/\/cocochat.live\/fr\/"},{"@type":"ListItem","position":2,"name":"iMeetzu"}]},{"@type":"WebSite","@id":"https:\/\/cocochat.live\/fr\/#website","url":"https:\/\/cocochat.live\/fr\/","name":"Coco Chat","description":"Cocochat - Random Video Chat","publisher":{"@id":"https:\/\/cocochat.live\/fr\/#organization"},"potentialAction":[{"@type":"SearchAction","target":{"@type":"EntryPoint","urlTemplate":"https:\/\/cocochat.live\/fr\/?s={search_term_string}"},"query-input":"required name=search_term_string"}],"inLanguage":"de"},{"@type":"Organization","@id":"https:\/\/cocochat.live\/fr\/#organization","name":"Coco Chat - Random Video Chat","url":"https:\/\/cocochat.live\/fr\/","logo":{"@type":"ImageObject","inLanguage":"de","@id":"https:\/\/cocochat.live\/fr\/#\/schema\/logo\/image\/","url":"https:\/\/cocochat.live\/wp-content\/uploads\/2021\/10\/cropped-cropped-coco-chat-live.jpg","contentUrl":"https:\/\/cocochat.live\/wp-content\/uploads\/2021\/10\/cropped-cropped-coco-chat-live.jpg","width":512,"height":512,"caption":"Coco Chat - Random Video Chat"},"image":{"@id":"https:\/\/cocochat.live\/fr\/#\/schema\/logo\/image\/"},"sameAs":["https:\/\/www.facebook.com\/cocochat.live","https:\/\/twitter.com\/LaCocoChat"]}]}},"_links":{"self":[{"href":"https:\/\/cocochat.live\/de\/wp-json\/wp\/v2\/pages\/2451","targetHints":{"allow":["GET"]}}],"collection":[{"href":"https:\/\/cocochat.live\/de\/wp-json\/wp\/v2\/pages"}],"about":[{"href":"https:\/\/cocochat.live\/de\/wp-json\/wp\/v2\/types\/page"}],"author":[{"embeddable":true,"href":"https:\/\/cocochat.live\/de\/wp-json\/wp\/v2\/users\/3"}],"replies":[{"embeddable":true,"href":"https:\/\/cocochat.live\/de\/wp-json\/wp\/v2\/comments?post=2451"}],"version-history":[{"count":13,"href":"https:\/\/cocochat.live\/de\/wp-json\/wp\/v2\/pages\/2451\/revisions"}],"predecessor-version":[{"id":3258,"href":"https:\/\/cocochat.live\/de\/wp-json\/wp\/v2\/pages\/2451\/revisions\/3258"}],"wp:featuredmedia":[{"embeddable":true,"href":"https:\/\/cocochat.live\/de\/wp-json\/wp\/v2\/media\/3256"}],"wp:attachment":[{"href":"https:\/\/cocochat.live\/de\/wp-json\/wp\/v2\/media?parent=2451"}],"curies":[{"name":"wp","href":"https:\/\/api.w.org\/{rel}","templated":true}]}}