{"id":2390,"date":"2022-06-03T23:07:27","date_gmt":"2022-06-03T21:07:27","guid":{"rendered":"https:\/\/cocochat.live\/?page_id=2390"},"modified":"2024-03-01T09:51:23","modified_gmt":"2024-03-01T07:51:23","slug":"talk-to-strangers","status":"publish","type":"page","link":"https:\/\/cocochat.live\/de\/talk-to-strangers\/","title":{"rendered":"Mit Fremden sprechen"},"content":{"rendered":"<p>Im heutigen digitalen Zeitalter war es dank Plattformen wie Talk to Strangers nie einfacher, neue Kontakte zu kn\u00fcpfen und mit Fremden aus der ganzen Welt zu chatten. Diese innovative Online-Plattform bietet eine nahtlose M\u00f6glichkeit, neue Leute kennenzulernen, Erfahrungen auszutauschen und Freundschaften \u00fcber Grenzen hinweg zu pflegen. Egal, ob Sie neue Kulturen kennenlernen, eine Sprache \u00fcben oder einfach nur ein unterhaltsames Gespr\u00e4ch f\u00fchren m\u00f6chten, Talk to Strangers bietet daf\u00fcr eine sichere und benutzerfreundliche Umgebung. In diesem Leitfaden gehen wir auf die Funktionen von Talk to Strangers ein, erkl\u00e4ren, wie es funktioniert und was Sie f\u00fcr den Einstieg wissen m\u00fcssen.<\/p>\n<h3>So funktioniert \u201eMit Fremden reden\u201c<\/h3>\n<p>Talk to Strangers wurde mit dem Ziel der Einfachheit und Benutzerfreundlichkeit entwickelt. Die Plattform funktioniert nach einem einfachen Prinzip: Sie verbindet Sie per Live-Chat oder Videoanruf mit Menschen aus aller Welt. Wenn Sie die Website aufrufen, sind Sie nur ein paar Klicks davon entfernt, ein Gespr\u00e4ch mit jemandem Neuem zu beginnen. Das System f\u00fchrt zuf\u00e4llige Zuordnungen von Benutzern durch und stellt sicher, dass jede Interaktion einzigartig und spontan ist.<\/p>\n<h3>Funktionen von \u201eMit Fremden sprechen\u201c<\/h3>\n<ul>\n<li><strong>Anonymer Chat:<\/strong> Datenschutz hat Priorit\u00e4t, Sie k\u00f6nnen anonym chatten, ohne Ihre Identit\u00e4t preiszugeben.<\/li>\n<li><strong>Video- und Text-Chat-Optionen:<\/strong> Egal, ob Sie lieber tippen oder sich pers\u00f6nlich unterhalten, Talk to Strangers unterst\u00fctzt sowohl Text- als auch Video-Chat.<\/li>\n<li><strong>Globale Konnektivit\u00e4t:<\/strong> Kn\u00fcpfen Sie Kontakte zu Menschen aus unterschiedlichen L\u00e4ndern, \u00fcberwinden Sie Barrieren und erweitern Sie Ihren Horizont.<\/li>\n<li><strong>Benutzerfreundliches Bedienfeld:<\/strong> Die Plattform ist einfach zu navigieren und daher f\u00fcr Benutzer aller Altersgruppen und mit jedem technischen Hintergrund zug\u00e4nglich.<\/li>\n<\/ul>\n<h3>So melden Sie sich an<\/h3>\n<p>Der Einstieg bei Talk to Strangers ist so einfach wie nur m\u00f6glich. Es ist kein langwieriger Anmeldevorgang oder Login erforderlich. Besuchen Sie einfach die Website und Sie k\u00f6nnen sofort mit Fremden chatten. Diese Funktion ohne Login unterstreicht das Engagement der Plattform f\u00fcr Benutzeranonymit\u00e4t und Benutzerfreundlichkeit.<\/p>\n<h3>So abonnieren Sie<\/h3>\n<p>F\u00fcr diejenigen, die ihr Erlebnis verbessern m\u00f6chten, bietet Talk to Strangers Abonnementoptionen an, die zus\u00e4tzliche Funktionen freischalten. Das Abonnieren ist unkompliziert:<\/p>\n<ol>\n<li>Navigieren Sie auf der Website zum Abonnementbereich.<\/li>\n<li>W\u00e4hlen Sie Ihr bevorzugtes Abonnement.<\/li>\n<li>Schlie\u00dfen Sie den Bezahlvorgang \u00fcber eine sichere Zahlungsmethode ab.<\/li>\n<li>Genie\u00dfen Sie die zus\u00e4tzlichen Funktionen wie werbefreies Chatten und Priorit\u00e4tsmatching.<\/li>\n<\/ol>\n<h3>Die Filter verstehen<\/h3>\n<p>Talk to Strangers enth\u00e4lt Filter, mit denen Sie Ihr Chat-Erlebnis Ihren W\u00fcnschen entsprechend anpassen k\u00f6nnen. Diese Filter umfassen:<\/p>\n<ul>\n<li><strong>Standortfilter:<\/strong> W\u00e4hlen Sie die M\u00f6glichkeit, mit Personen aus bestimmten L\u00e4ndern oder Regionen in Kontakt zu treten.<\/li>\n<li><strong>Sprachfilter:<\/strong> W\u00e4hlen Sie Sprachen aus, in denen Sie gerne chatten, und gestalten Sie die Kommunikation reibungsloser.<\/li>\n<li><strong>Interessenfilter:<\/strong> Geben Sie Ihre Interessen an, um mit Personen zusammenzukommen, die \u00e4hnliche Hobbys oder Gespr\u00e4chsthemen haben.<\/li>\n<\/ul>\n<p>Durch die Nutzung dieser Filter k\u00f6nnen Sie Ihre Interaktionen bei Talk to Strangers anpassen und so jedes Gespr\u00e4ch relevanter und angenehmer gestalten.<\/p>\n<h2>Sprechen Sie jetzt mit Fremden<\/h2>\n<p>Willkommen beim Talk To Strangers Video Chat. Talk to Strangers Video Chat ist eine Chat-Anwendung, die anonymes Chatten mit Fremden erm\u00f6glicht. Talk to Strangers Video Chat bietet viele Funktionen, darunter privaten Chat, Gesichtsmasken, Geschlechtsfilter und Geschlechtsfilter. Chatten Sie sofort mit zuf\u00e4lligen M\u00e4dchen und Jungen online. Deshalb <a href=\"https:\/\/facebook.com\">Facebook<\/a> ist so beliebt. Es gibt viele andere Orte, an denen sich Menschen treffen k\u00f6nnen. Viele Websites \u00e4hneln Foren oder Bulletin Boards. Sie k\u00f6nnen Kommentare hinterlassen und sp\u00e4ter nachsehen, ob jemand geantwortet hat. Viele Websites bieten Echtzeit-Chats an, mit denen Sie in Echtzeit mit anderen kommunizieren k\u00f6nnen.<\/p>\n<h3>Video-Chat<\/h3>\n<p><!-- Text --><\/p>\n<p>Beste Funktionen von Web Cam Chat Video Chat: Sie k\u00f6nnen die Zufalls-Chat-App ganz einfach verwenden. Sie k\u00f6nnen gerne zuf\u00e4llige Freunde finden. Match in Sekunden. Sichere Plattform. KI-Gesichtsmaske. Premium-Chat mit Option zur Geschlechtsauswahl. Nutzen Sie die Option zum Filtern nach Land<!-- \/ .row --><!-- Heading --><\/p>\n<h3>Zuf\u00e4lliger Cam-Chat<\/h3>\n<p><!-- Text --><\/p>\n<p>Mit der App k\u00f6nnen Sie Partys veranstalten, neue Sprachen lernen und miteinander singen.<br \/>\nLive-Chat-Videoseite: Finden Sie verifizierte Personen. Nach der Verifizierung wird das Konto freigegeben. Durch die nach Geschlecht gefilterten Filtereinstellungen k\u00f6nnen Sie schnell und einfach Kontakt zu einem Premium-Begleiter aufnehmen.<\/p>\n<h3><!-- Number --><br \/>\nOmegle-Girl-Chat<\/h3>\n<p><!-- Text --><\/p>\n<p>Von jemand anderem erstellte Konten werden nicht akzeptiert. Wenn wir feststellen, dass jemand versucht, sich als eine andere Person auszugeben, ergreifen wir die entsprechenden Ma\u00dfnahmen. Alle weiblichen Mitglieder m\u00fcssen ihre wahre Identit\u00e4t angeben, um f\u00fcr die Premium-Mitgliedschaft in Frage zu kommen. Sprechen Sie mit Fremden \u00fcber die Zufalls-Chat-Alternative Coco Chat<\/p>\n<p>Finde neue Freunde, kn\u00fcpfe neue Bekanntschaften und teile deine Musik. Du kannst \u00fcber Fu\u00dfball chatten, mit Fremden per Videochat kommunizieren oder dich entspannen, w\u00e4hrend du die neueste Netflix-Serie anschaust. Mit Fremden per Videochat zu sprechen ist einfach und kostenlos. Viel Spa\u00df! Es ist m\u00f6glich, jemanden auf der anderen Seite des Zauns zu treffen. Zuf\u00e4lliger Videochat ist eine gro\u00dfartige M\u00f6glichkeit, anonym neue Leute kennenzulernen. Mit Fremden auf Coco Chat zu sprechen ist die Chat-Anwendung, die dich dorthin bringt. Unsere Chat-App ist so optimiert, dass du ausw\u00e4hlen kannst, mit wem du chatten m\u00f6chtest. Dies ist eine einzigartige M\u00f6glichkeit, neue Leute kennenzulernen.<\/p>\n<h2>Coco Chat Talk to Strangers bietet ein kostenloses, zuf\u00e4lliges Video-Chat-Erlebnis.<\/h2>\n<p>Mit Talk to Strangers Video Chat k\u00f6nnen Sie mit zuf\u00e4lligen Fremden auf Ihrem Handy oder Computer chatten. Unsere App w\u00e4hlt nach dem Zufallsprinzip jemanden aus einem beliebigen Land Ihrer Wahl aus. Die n\u00e4chste Person, die Sie online treffen, k\u00f6nnte Ihr zuk\u00fcnftiger Partner oder Freund sein. Coco Chat ist v\u00f6llig kostenlos. Unbegrenzte Chats sind kostenlos! Das Chatten ist kostenlos. Unbegrenzter Zugriff auf die wahnsinnig unterhaltsame, zuf\u00e4llige Online-Dating-App und die App f\u00fcr Videochats mit Fremden.<\/p>\n<h2>Chatroulette-Alternative<\/h2>\n<p>Wenn wir mit jemandem sprechen, m\u00f6chten wir seine Emotionen sp\u00fcren. Manche Menschen f\u00fchlen sich unzufrieden, wenn sie seine Emotionen nicht sehen. Pers\u00f6nliche Gespr\u00e4che k\u00f6nnen dabei helfen, die Gedanken und Gef\u00fchle anderer besser zu verstehen. Videoanrufe k\u00f6nnen eine gro\u00dfartige M\u00f6glichkeit f\u00fcr Fremde sein, miteinander zu kommunizieren. Videoanrufe sind eine hervorragende M\u00f6glichkeit, die Absichten von Fremden einzusch\u00e4tzen.<\/p>\n<p>Wenn ein Junge und ein M\u00e4dchen miteinander sprechen und das Gef\u00fchl haben, dass sie zusammenpassen, k\u00f6nnen sie sich entscheiden, sich zu treffen, bevor sie einen Termin vereinbaren. Sie k\u00f6nnen auch einen Videoanruf t\u00e4tigen, um zu entscheiden, ob Sie Ihre Beziehung fortsetzen m\u00f6chten. Sie k\u00f6nnen sich auch verabschieden, wenn Sie Ihre Beziehung nicht fortsetzen m\u00f6chten.<\/p>\n<p>Videoanrufe k\u00f6nnen f\u00fcr M\u00e4dchen auch sehr hilfreich sein. M\u00e4dchen k\u00f6nnen den Mann sehen und verstehen, bevor sie ihm vertrauen. Es ist keine gute Idee, dem Internet blind zu vertrauen. Es ist unm\u00f6glich, die Person zu identifizieren, mit der Sie sprechen. Videoanrufe und Textnachrichten sind nicht fair. Videoanrufe k\u00f6nnen verwendet werden, um sichere Entscheidungen zu treffen. Dies ist sicherer als das Treffen mit Fremden und kann f\u00fcr M\u00e4dchen \u00c4rger verursachen. Sie k\u00f6nnen per Videochat mit Fremden sprechen und dann entscheiden, ob sie vertrauensw\u00fcrdig genug sind, um Sie zu treffen.<\/p>\n<p>Wenn Sie jemanden auf einer Party ansprechen, m\u00fcssen Sie pr\u00e4zise sein. Sprechen Sie ein M\u00e4dchen auf der Party mit ihren Freundinnen an und sprechen Sie sie nicht an, w\u00e4hrend sie reden. Es ist keine gute Idee, mit zwei Leuten zu sprechen, die sich gegenseitig anschauen. Bevor Sie jemanden ansprechen, warten Sie, bis er aufh\u00f6rt zu reden. Entspannen Sie sich und sprechen Sie dann mit ihnen.<\/p>\n<p>Experten gehen davon aus, dass Menschen, die offener f\u00fcr neue Gespr\u00e4che sind und mit gespreizten Beinen Abstand halten, offener sind als Menschen mit verschlossener K\u00f6rpersprache. Wenn Sie m\u00f6chten, dass jemand auf Sie zukommt, ist es besser, keine SMS zu schreiben oder zu telefonieren. Es ist auch eine gute Idee, nicht zu telefonieren, sondern nach dem Ende des Telefonats auf jemanden zuzugehen.<\/p>\n<p>Vortragende m\u00fcssen in der Lage sein, klar mit ihrem Publikum zu kommunizieren. Vortragende sollten das Interesse ihres Publikums aufrechterhalten und ein gleichm\u00e4\u00dfiges Tempo beibehalten.<\/p>\n<p>Viele M\u00e4dchen sind neugierig, welche Themen Sie und Ihr Freund besprechen k\u00f6nnen. Damit eine gesunde Beziehung bestehen bleibt, m\u00fcssen beide Partner regelm\u00e4\u00dfig miteinander reden.<\/p>\n<p>Es ist eine tolle Idee, sich nach einem langen Arbeitstag mit Ihrem Freund zusammenzusetzen und gemeinsam zu Abend zu essen. Dies tr\u00e4gt dazu bei, die Kommunikation zu verbessern und die Frage zu beantworten, wie Stress abgebaut werden kann.<\/p>\n<p>Gespr\u00e4che mit Ihrem Chef k\u00f6nnen helfen, Probleme bei der Arbeit zu erkennen und Verhaltens\u00e4nderungen herbeizuf\u00fchren. Regelm\u00e4\u00dfige Gespr\u00e4che mit Ihrem Freund helfen Ihnen, offener f\u00fcr seine Gef\u00fchle zu sein. Ihre Worte m\u00fcssen Ihnen selbst treu sein.<\/p>\n<p>Viele Menschen haben Probleme in ihren Beziehungen, selbst wenn sie \u00fcber ihre Probleme sprechen. \u00dcber das Problem zu sprechen, reicht nicht aus. Es ist wichtig, das Problem zu verstehen und ihm zuzuh\u00f6ren.<\/p>\n<h3>Anonymer Chat f\u00fcr Erwachsene<\/h3>\n<p>Unser unterhaltsames Maskensortiment hilft Ihnen, Ihre Identit\u00e4t beim Chatten zu sch\u00fctzen. Wir haben \u00fcber ein Dutzend Optionen. Mit diesen Chat-Masken k\u00f6nnen Sie Gespr\u00e4che anregen und Ihr Gesicht vor Fremden verbergen. Egal in welcher Situation, es ist schwer, abgelehnt zu werden.<\/p>\n<h3>Zuf\u00e4lliger Video-Chat<\/h3>\n<p>Web-Cam-Chat ist eine gro\u00dfartige M\u00f6glichkeit, Fremde aus der ganzen Welt sofort zu treffen. Unser zuf\u00e4lliger Chat f\u00fcr Erwachsene wird t\u00e4glich von Tausenden von Menschen genutzt. Vernetzen Sie sich jetzt und haben Sie Spa\u00df beim Entdecken! Noch schwieriger kann es sein, in einem romantischen Kontext abgelehnt zu werden.<\/p>\n<h3>Finde eine Aff\u00e4re<\/h3>\n<p>Mit dem zuf\u00e4lligen Chat-Dienst \u201eTalk To Strangers\u201c k\u00f6nnen Sie sofort mit Gleichgesinnten in Kontakt treten. Viele Menschen nutzen die Chat-App \u201eTalk To Strangers\u201c, um Gleichgesinnte kennenzulernen. Tausende von Menschen sind online und warten darauf, Sie kennenzulernen.<\/p>\n<h3>Sicherheit bei Freechat-Cams<\/h3>\n<p>Geben Sie Fremden keine pers\u00f6nlichen Informationen. So bleiben Sie bei der Kommunikation anonym und sicher. Talk To Strangers verwendet die neueste Verschl\u00fcsselungs- und SSL-Technologie, um Ihre Sicherheit zu gew\u00e4hrleisten.<\/p>\n<h3>Neue Freunde treffen<\/h3>\n<p>Talk To Strangers ist eine gro\u00dfartige M\u00f6glichkeit, sofort Fremde aus der ganzen Welt kennenzulernen. Unser zuf\u00e4lliger Erwachsenen-Chat wird t\u00e4glich von Tausenden von Menschen genutzt. Verbinden Sie sich jetzt und haben Sie Spa\u00df beim Entdecken!<\/p>\n<h3>Video-Chat-Filterung<\/h3>\n<p>Nutzen Sie unsere kostenlosen Video-Chat-Filter, um unerw\u00fcnschte Verbindungen zu entfernen. Sie k\u00f6nnen das Geschlecht und die Orte \u00e4ndern, an denen Sie sich mit Menschen treffen m\u00f6chten. Sie k\u00f6nnen an bestimmten Orten leicht Frauen und M\u00e4nner finden, die Ihren Vorlieben entsprechen.<\/p>\n<h3>Abschluss<\/h3>\n<p>Talk to Strangers bietet eine einzigartige Plattform f\u00fcr Personen, die ihren sozialen Kreis erweitern und mit Menschen aus unterschiedlichen Hintergr\u00fcnden in Kontakt treten m\u00f6chten. Sein benutzerzentriertes Design, gepaart mit einem Engagement f\u00fcr Privatsph\u00e4re und Benutzerfreundlichkeit, macht es zu einer hervorragenden Wahl f\u00fcr alle, die die Welt des Online-Chats erkunden m\u00f6chten. Egal, ob Sie ein erfahrener Chat-Enthusiast oder neu in der Szene sind, Talk to Strangers l\u00e4dt Sie ein, sich auf eine Entdeckungsreise zu begeben, ein Gespr\u00e4ch nach dem anderen.<\/p>","protected":false},"excerpt":{"rendered":"<p>Im heutigen digitalen Zeitalter war es dank Plattformen wie Talk to Strangers nie einfacher, neue Kontakte zu kn\u00fcpfen und mit Fremden aus aller Welt zu chatten. Diese innovative Online-Plattform bietet eine nahtlose M\u00f6glichkeit, neue Leute kennenzulernen, Erfahrungen auszutauschen und Freundschaften \u00fcber Grenzen hinweg zu pflegen. Egal, ob Sie neue Kulturen kennenlernen, eine [\u2026]<\/p>","protected":false},"author":3,"featured_media":3264,"parent":0,"menu_order":0,"comment_status":"closed","ping_status":"closed","template":"","meta":{"_acf_changed":false,"footnotes":""},"class_list":["post-2390","page","type-page","status-publish","has-post-thumbnail","hentry"],"acf":[],"yoast_head":"<!-- This site is optimized with the Yoast SEO Premium plugin v21.5 (Yoast SEO v21.5) - https:\/\/yoast.com\/wordpress\/plugins\/seo\/ -->\n<title>Talk To Strangers - Omegle Alternative<\/title>\n<meta name=\"description\" content=\"Coco Chat is the right place for you if you want the perfect match and have fun conversations and talk to strangers.\" \/>\n<meta name=\"robots\" content=\"index, follow, max-snippet:-1, max-image-preview:large, max-video-preview:-1\" \/>\n<link rel=\"canonical\" href=\"https:\/\/cocochat.live\/de\/talk-to-strangers\/\" \/>\n<meta property=\"og:locale\" content=\"de_DE\" \/>\n<meta property=\"og:type\" content=\"article\" \/>\n<meta property=\"og:title\" content=\"Talk To Strangers\" \/>\n<meta property=\"og:description\" content=\"We strive to provide random video chat with random females. Coco chat is a stranger chat alternative for a random video call.\" \/>\n<meta property=\"og:url\" content=\"https:\/\/cocochat.live\/de\/talk-to-strangers\/\" \/>\n<meta property=\"og:site_name\" content=\"Coco Chat\" \/>\n<meta property=\"article:publisher\" content=\"https:\/\/www.facebook.com\/cocochat.live\" \/>\n<meta property=\"article:modified_time\" content=\"2024-03-01T07:51:23+00:00\" \/>\n<meta property=\"og:image\" content=\"https:\/\/cocochat.live\/wp-content\/uploads\/2024\/03\/Talk-To-Strangers.jpg\" \/>\n\t<meta property=\"og:image:width\" content=\"2448\" \/>\n\t<meta property=\"og:image:height\" content=\"1632\" \/>\n\t<meta property=\"og:image:type\" content=\"image\/jpeg\" \/>\n<meta name=\"twitter:card\" content=\"summary_large_image\" \/>\n<meta name=\"twitter:site\" content=\"@LaCocoChat\" \/>\n<meta name=\"twitter:label1\" content=\"Gesch\u00e4tzte Lesezeit\" \/>\n\t<meta name=\"twitter:data1\" content=\"8\u00a0Minuten\" \/>\n<script type=\"application\/ld+json\" class=\"yoast-schema-graph\">{\"@context\":\"https:\/\/schema.org\",\"@graph\":[{\"@type\":\"WebPage\",\"@id\":\"https:\/\/cocochat.live\/talk-to-strangers\/\",\"url\":\"https:\/\/cocochat.live\/talk-to-strangers\/\",\"name\":\"Talk To Strangers - Omegle Alternative\",\"isPartOf\":{\"@id\":\"https:\/\/cocochat.live\/fr\/#website\"},\"datePublished\":\"2022-06-03T21:07:27+00:00\",\"dateModified\":\"2024-03-01T07:51:23+00:00\",\"description\":\"Coco Chat is the right place for you if you want the perfect match and have fun conversations and talk to strangers.\",\"breadcrumb\":{\"@id\":\"https:\/\/cocochat.live\/talk-to-strangers\/#breadcrumb\"},\"inLanguage\":\"de\",\"potentialAction\":[{\"@type\":\"ReadAction\",\"target\":[\"https:\/\/cocochat.live\/talk-to-strangers\/\"]}]},{\"@type\":\"BreadcrumbList\",\"@id\":\"https:\/\/cocochat.live\/talk-to-strangers\/#breadcrumb\",\"itemListElement\":[{\"@type\":\"ListItem\",\"position\":1,\"name\":\"Home\",\"item\":\"https:\/\/cocochat.live\/fr\/\"},{\"@type\":\"ListItem\",\"position\":2,\"name\":\"Talk To Strangers\"}]},{\"@type\":\"WebSite\",\"@id\":\"https:\/\/cocochat.live\/fr\/#website\",\"url\":\"https:\/\/cocochat.live\/fr\/\",\"name\":\"Coco Chat\",\"description\":\"Cocochat - Random Video Chat\",\"publisher\":{\"@id\":\"https:\/\/cocochat.live\/fr\/#organization\"},\"potentialAction\":[{\"@type\":\"SearchAction\",\"target\":{\"@type\":\"EntryPoint\",\"urlTemplate\":\"https:\/\/cocochat.live\/fr\/?s={search_term_string}\"},\"query-input\":\"required name=search_term_string\"}],\"inLanguage\":\"de\"},{\"@type\":\"Organization\",\"@id\":\"https:\/\/cocochat.live\/fr\/#organization\",\"name\":\"Coco Chat - Random Video Chat\",\"url\":\"https:\/\/cocochat.live\/fr\/\",\"logo\":{\"@type\":\"ImageObject\",\"inLanguage\":\"de\",\"@id\":\"https:\/\/cocochat.live\/fr\/#\/schema\/logo\/image\/\",\"url\":\"https:\/\/cocochat.live\/wp-content\/uploads\/2021\/10\/cropped-cropped-coco-chat-live.jpg\",\"contentUrl\":\"https:\/\/cocochat.live\/wp-content\/uploads\/2021\/10\/cropped-cropped-coco-chat-live.jpg\",\"width\":512,\"height\":512,\"caption\":\"Coco Chat - Random Video Chat\"},\"image\":{\"@id\":\"https:\/\/cocochat.live\/fr\/#\/schema\/logo\/image\/\"},\"sameAs\":[\"https:\/\/www.facebook.com\/cocochat.live\",\"https:\/\/twitter.com\/LaCocoChat\"]}]}<\/script>\n<!-- \/ Yoast SEO Premium plugin. -->","yoast_head_json":{"title":"Talk To Strangers - Omegle Alternative","description":"Coco Chat is the right place for you if you want the perfect match and have fun conversations and talk to strangers.","robots":{"index":"index","follow":"follow","max-snippet":"max-snippet:-1","max-image-preview":"max-image-preview:large","max-video-preview":"max-video-preview:-1"},"canonical":"https:\/\/cocochat.live\/de\/talk-to-strangers\/","og_locale":"de_DE","og_type":"article","og_title":"Talk To Strangers","og_description":"We strive to provide random video chat with random females. Coco chat is a stranger chat alternative for a random video call.","og_url":"https:\/\/cocochat.live\/de\/talk-to-strangers\/","og_site_name":"Coco Chat","article_publisher":"https:\/\/www.facebook.com\/cocochat.live","article_modified_time":"2024-03-01T07:51:23+00:00","og_image":[{"width":2448,"height":1632,"url":"https:\/\/cocochat.live\/wp-content\/uploads\/2024\/03\/Talk-To-Strangers.jpg","type":"image\/jpeg"}],"twitter_card":"summary_large_image","twitter_site":"@LaCocoChat","twitter_misc":{"Gesch\u00e4tzte Lesezeit":"8\u00a0Minuten"},"schema":{"@context":"https:\/\/schema.org","@graph":[{"@type":"WebPage","@id":"https:\/\/cocochat.live\/talk-to-strangers\/","url":"https:\/\/cocochat.live\/talk-to-strangers\/","name":"Talk To Strangers - Omegle Alternative","isPartOf":{"@id":"https:\/\/cocochat.live\/fr\/#website"},"datePublished":"2022-06-03T21:07:27+00:00","dateModified":"2024-03-01T07:51:23+00:00","description":"Coco Chat is the right place for you if you want the perfect match and have fun conversations and talk to strangers.","breadcrumb":{"@id":"https:\/\/cocochat.live\/talk-to-strangers\/#breadcrumb"},"inLanguage":"de","potentialAction":[{"@type":"ReadAction","target":["https:\/\/cocochat.live\/talk-to-strangers\/"]}]},{"@type":"BreadcrumbList","@id":"https:\/\/cocochat.live\/talk-to-strangers\/#breadcrumb","itemListElement":[{"@type":"ListItem","position":1,"name":"Home","item":"https:\/\/cocochat.live\/fr\/"},{"@type":"ListItem","position":2,"name":"Talk To Strangers"}]},{"@type":"WebSite","@id":"https:\/\/cocochat.live\/fr\/#website","url":"https:\/\/cocochat.live\/fr\/","name":"Coco Chat","description":"Cocochat - Random Video Chat","publisher":{"@id":"https:\/\/cocochat.live\/fr\/#organization"},"potentialAction":[{"@type":"SearchAction","target":{"@type":"EntryPoint","urlTemplate":"https:\/\/cocochat.live\/fr\/?s={search_term_string}"},"query-input":"required name=search_term_string"}],"inLanguage":"de"},{"@type":"Organization","@id":"https:\/\/cocochat.live\/fr\/#organization","name":"Coco Chat - Random Video Chat","url":"https:\/\/cocochat.live\/fr\/","logo":{"@type":"ImageObject","inLanguage":"de","@id":"https:\/\/cocochat.live\/fr\/#\/schema\/logo\/image\/","url":"https:\/\/cocochat.live\/wp-content\/uploads\/2021\/10\/cropped-cropped-coco-chat-live.jpg","contentUrl":"https:\/\/cocochat.live\/wp-content\/uploads\/2021\/10\/cropped-cropped-coco-chat-live.jpg","width":512,"height":512,"caption":"Coco Chat - Random Video Chat"},"image":{"@id":"https:\/\/cocochat.live\/fr\/#\/schema\/logo\/image\/"},"sameAs":["https:\/\/www.facebook.com\/cocochat.live","https:\/\/twitter.com\/LaCocoChat"]}]}},"_links":{"self":[{"href":"https:\/\/cocochat.live\/de\/wp-json\/wp\/v2\/pages\/2390","targetHints":{"allow":["GET"]}}],"collection":[{"href":"https:\/\/cocochat.live\/de\/wp-json\/wp\/v2\/pages"}],"about":[{"href":"https:\/\/cocochat.live\/de\/wp-json\/wp\/v2\/types\/page"}],"author":[{"embeddable":true,"href":"https:\/\/cocochat.live\/de\/wp-json\/wp\/v2\/users\/3"}],"replies":[{"embeddable":true,"href":"https:\/\/cocochat.live\/de\/wp-json\/wp\/v2\/comments?post=2390"}],"version-history":[{"count":17,"href":"https:\/\/cocochat.live\/de\/wp-json\/wp\/v2\/pages\/2390\/revisions"}],"predecessor-version":[{"id":3266,"href":"https:\/\/cocochat.live\/de\/wp-json\/wp\/v2\/pages\/2390\/revisions\/3266"}],"wp:featuredmedia":[{"embeddable":true,"href":"https:\/\/cocochat.live\/de\/wp-json\/wp\/v2\/media\/3264"}],"wp:attachment":[{"href":"https:\/\/cocochat.live\/de\/wp-json\/wp\/v2\/media?parent=2390"}],"curies":[{"name":"wp","href":"https:\/\/api.w.org\/{rel}","templated":true}]}}