{"id":2353,"date":"2022-05-12T19:26:12","date_gmt":"2022-05-12T17:26:12","guid":{"rendered":"https:\/\/cocochat.live\/?page_id=2353"},"modified":"2024-02-27T12:13:29","modified_gmt":"2024-02-27T10:13:29","slug":"bazoocam","status":"publish","type":"page","link":"https:\/\/cocochat.live\/de\/bazoocam\/","title":{"rendered":"Bazoomcam"},"content":{"rendered":"<p>Willkommen in der aufregenden Welt von Bazoocam, einer dynamischen Online-Plattform, die die Art und Weise, wie wir mit Menschen aus der ganzen Welt in Kontakt treten, neu definiert. Egal, ob Sie auf der Suche nach neuen Freunden, interessanten Gespr\u00e4chen oder einfach nur ein bisschen Spa\u00df sind, Bazoocam bietet eine ansprechende und benutzerfreundliche Umgebung zum Erkunden. Tauchen Sie in unseren umfassenden Leitfaden ein, um alles zu erfahren, von der Anmeldung bis zur Nutzung der einzigartigen Funktionen f\u00fcr ein optimiertes Chat-Erlebnis.<\/p>\n<h2>Bazoocam-Funktionen: Ein Tor zu globalen Verbindungen<\/h2>\n<p>Bazoocam sticht im \u00fcberf\u00fcllten Feld der Online-Chat-Plattformen durch sein intuitives Design und seine benutzerorientierten Funktionen hervor. Das zeichnet es aus:<\/p>\n<ul>\n<li>Zuf\u00e4lliger Video-Chat: Vernetzen Sie sich sofort mit Fremden aus verschiedenen Teilen der Welt f\u00fcr ein spontanes Chat-Erlebnis.<\/li>\n<li>Geolocation-Filter: Passen Sie Ihre Verbindungen an, indem Sie Chat-Partner aus bestimmten Regionen oder L\u00e4ndern ausw\u00e4hlen.<\/li>\n<li>Spiele: Brechen Sie das Eis und halten Sie Gespr\u00e4che am Laufen mit integrierten Multiplayer-Spielen wie Tetris, Tic Tac Toe und mehr.<\/li>\n<li>Text- und Videooptionen: W\u00e4hlen Sie Ihren bevorzugten Kommunikationsmodus, wobei sowohl Text- als auch Video-Chat-Optionen verf\u00fcgbar sind.<\/li>\n<\/ul>\n<h2>So funktioniert Bazoocam: Nahtlose Interaktionen leicht gemacht<\/h2>\n<p>Die Benutzeroberfl\u00e4che von Bazoocam ist auf Einfachheit und Benutzerfreundlichkeit ausgelegt. Beim Besuch der Website sind Sie nur einen Klick davon entfernt, per Video-Chat zuf\u00e4llig mit anderen Benutzern in Kontakt zu treten. Es ist kein langwieriger Anmeldevorgang erforderlich. Die Plattform nutzt eine Webcam und Live-Videostreams, um Gespr\u00e4che in Echtzeit zu erm\u00f6glichen und eine pers\u00f6nliche und ansprechende M\u00f6glichkeit zu bieten, neue Leute kennenzulernen.<\/p>\n<h3>So melden Sie sich an: Betreten Sie die Welt der unbegrenzten Chats<\/h3>\n<p>Die Anmeldung bei Bazoocam ist unkompliziert:<\/p>\n<ol>\n<li>Besuchen Sie die Bazoocam-Website: \u00d6ffnen Sie Ihren Webbrowser und gehen Sie zur offiziellen Website von Bazoocam.<\/li>\n<li>Aktivieren Sie Ihre Webcam: Erlauben Sie Bazoocam f\u00fcr einen Video-Chat den Zugriff auf Ihre Webcam und Ihr Mikrofon, wenn Sie dazu aufgefordert werden.<\/li>\n<li>Chatten beginnen: Klicken Sie auf die Schaltfl\u00e4che \u201eStart\u201c, um mit zuf\u00e4lligen Benutzern zu chatten. Wenn Sie Text-Chats bevorzugen, k\u00f6nnen Sie diese Option ebenfalls ausw\u00e4hlen.<\/li>\n<\/ol>\n<h3>So abonnieren Sie: Zus\u00e4tzliche Funktionen freischalten<\/h3>\n<p>W\u00e4hrend die Nutzung von Bazoocam kostenlos ist, kann das Abonnieren eines Premium-Kontos Ihr Erlebnis mit zus\u00e4tzlichen Funktionen wie werbefreiem Surfen, Geschlechtsfiltern und mehr verbessern. Zu abonnieren:<\/p>\n<ol>\n<li>Erstellen Sie ein Konto: Melden Sie sich an, indem Sie eine g\u00fcltige E-Mail-Adresse angeben und ein Passwort erstellen.<\/li>\n<li>W\u00e4hlen Sie einen Abonnementplan: W\u00e4hlen Sie den Plan aus, der Ihren Anforderungen am besten entspricht.<\/li>\n<li>Zahlung: Schlie\u00dfen Sie den Zahlungsvorgang mit einer sicheren Online-Zahlungsmethode ab.<\/li>\n<li>Genie\u00dfen Sie Premium-Funktionen: Greifen Sie auf exklusive Funktionen zu und genie\u00dfen Sie ein individuelleres Chat-Erlebnis.<\/li>\n<\/ol>\n<h3>Filter beherrschen: Personalisieren Sie Ihr Chat-Erlebnis<\/h3>\n<p>Bazoocam bietet mehrere Filter, um Ihr Erlebnis zu personalisieren und sicherzustellen, dass Sie mit Benutzern in Kontakt treten, die Ihre Interessen oder Vorlieben teilen:<\/p>\n<ul>\n<li>Geolocation-Filter: W\u00e4hlen Sie, ob Sie mit Personen aus bestimmten L\u00e4ndern oder Regionen in Kontakt treten m\u00f6chten.<\/li>\n<li>Sprachfilter: W\u00e4hlen Sie eine bevorzugte Sprache zum Chatten aus, um den Gespr\u00e4chsfluss reibungsloser zu gestalten.<\/li>\n<li>Geschlechtsfilter: Mit einem Premium-Abonnement k\u00f6nnen Sie mit diesem Filter das Geschlecht der Personen ausw\u00e4hlen, mit denen Sie chatten m\u00f6chten.<\/li>\n<\/ul>\n<h2>Die Bazoo-Kamera bietet ein kostenloses zuf\u00e4lliges Video-Chat-Erlebnis.<\/h2>\n<p>Viele Nutzer sind mit Chatroulettes und anderen Video-Chats vertraut. Bazoocam, einer der meistgenutzten Video-Chats der Welt, hat eine gro\u00dfe Nutzerbasis, die monatlich bis zu 1,5 Millionen erreicht. Frankreich ist mit 25,61 TP6T das Land mit der h\u00f6chsten Besucherzahl bei diesem Dienst. Weitere L\u00e4nder sind Algerien, 9.13%, Italien, Spanien, 6.68%, Deutschland und andere L\u00e4nder.<\/p>\n<h2>Bazoocam Webcam-Chat<\/h2>\n<p class=\" translation-block\">Kein Problem, wenn Sie Freunde finden oder mit anderen Leuten chatten m\u00f6chten. Bazoocam unterst\u00fctzt Sie gerne bei diesem Unterfangen, denn jeder, der versucht hat, mit <a href=\"https:\/\/cocochat.live\/chatroulette\/\" target=\"_self\">ChatRoulette<\/a> zu kommunizieren, war auch auf der Suche nach Abenteuern. Es ist wichtig, dass Sie keine Zeit verschwenden und sich an Ihr Mikrofon und Ihre Webcam anschlie\u00dfen und k\u00e4mpfen. Der Chat bietet Ihnen die M\u00f6glichkeit, interessante M\u00e4nner und Frauen kennenzulernen.<\/p>\n<p>Sie haben wahrscheinlich bemerkt, dass die Chat-Oberfl\u00e4che in einer Fremdsprache verf\u00fcgbar ist. Da dieser Chat auf Franz\u00f6sisch stattfindet, triffst du Leute, die Russisch sprechen k\u00f6nnen. Es wird empfohlen, mindestens eine Fremdsprache flie\u00dfend zu beherrschen. Die beliebtesten Sprachen sind Franz\u00f6sisch, Englisch und Spanisch.<\/p>\n<p>Bazoocam Roulette \u2013 Dating hier und jetzt<\/p>\n<p>Der Bazoocam-Videochat funktioniert schnell und es gibt nur sehr wenige Fehler. W\u00e4hrend Sie chatten, k\u00f6nnen Sie mit Ihrem Gespr\u00e4chspartner einfache Spiele spielen. Es ist wichtig, sich an die Regeln zu halten und sich richtig zu verhalten, sonst kann es zu einer Sperre kommen. Sie k\u00f6nnen die F7-Taste verwenden, um Moderatoren dabei zu helfen, sich schlecht benehmende Personen zu bek\u00e4mpfen.<\/p>\n<p>Der Video-Chat funktioniert auf die gleiche Weise wie der herk\u00f6mmliche Video-Chat: Dabei wird ein Gespr\u00e4chspartner nach dem Zufallsprinzip ausgew\u00e4hlt.<\/p>\n<p>Chatroulette ist ein sehr beliebter Algorithmus und praktisch niemand konnte ihn ausreichend verbessern, um ihn popul\u00e4rer zu machen. Die Benutzer sind optimistisch und suchen weiterhin nach neuen L\u00f6sungen, die das Internet explodieren lassen. Vielleicht wird BazooCam erfolgreich sein. Video-Chat See com war eine sehr interessante Umsetzung.<\/p>\n<p>Es gibt viele Gr\u00fcnde, eine Chat-Site zu nutzen, aber dies sind die drei wichtigsten Vorteile.<\/p>\n<p>Sie k\u00f6nnen per Video-Chat in Echtzeit chatten. Die Wartezeit auf eine Antwort von der Person, die Sie lieben, ist eines der gr\u00f6\u00dften Probleme bei Dating-Websites und sozialen Netzwerken. Viele traditionelle Textnachrichten bleiben unbeantwortet, was bei denjenigen, die einen Seelenverwandten suchen, Traurigkeit ausl\u00f6st. Aber bazoocam fr ist in der Lage, dieses Problem zu l\u00f6sen, indem es Paaren die M\u00f6glichkeit gibt, in Echtzeit zu interagieren und zu kommunizieren. Sie m\u00fcssen nicht auf eine Antwort oder Antwort auf Ihre brennenden Fragen warten.<\/p>\n<p>Dadurch wird die M\u00f6glichkeit einer Fehlinterpretation ausgeschlossen. Haben Sie schon einmal eine E-Mail verschickt und dann die Art und Weise, wie Sie sie geschrieben haben, bereut? Schriftliche Kommunikation kann oft auf zwei verschiedene Arten gesehen werden. Es kann auch schwierig sein, die richtigen Worte zu finden, um seine Gef\u00fchle auszudr\u00fccken. Dieses Problem kann durch Video-Chat zwischen M\u00e4nnern und Frauen gel\u00f6st werden. Paare k\u00f6nnen echte Gespr\u00e4che f\u00fchren. Die Kommunikation untereinander ist einfacher und klarer.<\/p>\n<p>Es entsteht eine echte Verbindung. Video-Chat ist das beste Medium, um eine echte Verbindung zwischen Paaren aufzubauen. Obwohl schriftliche Kommunikation wunderbar ist, kann sie ein schwaches Werkzeug sein. Die M\u00f6glichkeit, die Person, mit der Sie sprechen, zu sehen und mit ihr zu sprechen, macht die Sache jedoch viel einfacher und schneller. F\u00fcr kurze Zeit k\u00f6nnen sich Paare im russischen oder ausl\u00e4ndischen Video-Chat wohlf\u00fchlen.<\/p>\n<p>Video-Chat mit Bazoocam \u00fcberwindet Barrieren<\/p>\n<p>In den ersten Sekunden kann es schwierig sein, mit einem potenziellen Partner oder auf einer Website zu kommunizieren, die SMS als Hauptkommunikationsmethode verwendet. Es kann sein, dass sich Sprachbarrieren bilden oder der Gespr\u00e4chspartner Ihre Frage nicht versteht. Google Translate kann auch die Bedeutung Ihrer Nachricht verf\u00e4lschen.<\/p>\n<h3>Fremde Cam-App<\/h3>\n<p>Sie k\u00f6nnen \u00fcber unser Unternehmen die Gesellschaft und Freundschaft einer Person genie\u00dfen, ohne pers\u00f6nliche Daten preiszugeben. Sie werden niemals nach Ihren privaten Daten gefragt. Es ist einfach, immer ein sch\u00f6nes M\u00e4dchen um sich zu haben.<\/p>\n<h3>Zuf\u00e4lliger Chat<\/h3>\n<p>Um ein Online-Konto f\u00fcr Live-Video-Chat zu erstellen, m\u00fcssen Sie keine privaten Daten angeben. Beim Chatten in zuf\u00e4lligen Videositzungen werden Ihre pers\u00f6nlichen Daten nicht weitergegeben.<\/p>\n<h3>Kostenlose Live-Cam<\/h3>\n<p>Ein weiteres Sicherheitsmerkmal ist die Verschl\u00fcsselungstechnologie. Strangercam nutzt die neueste \u00dcberwachungskamera-Aufnahmetechnologie, um Video und Sprache zu verschl\u00fcsseln.<\/p>\n<h3>Kostenlose Videoanrufe<\/h3>\n<p>Um eine reibungslose und schnelle Verbindung herzustellen, verwendet es dieselbe Bildkomprimierungstechnologie wie YouTube. Sie k\u00f6nnen mit Ihrer Begleitung nur dann private Informationen austauschen, wenn Sie dies w\u00fcnschen. Strangercam fordert keine privaten Informationen an.<\/p>\n<h3>Kostenlose Anmeldung<\/h3>\n<p>Bazoocam verf\u00fcgt \u00fcber Geschlechtsfilter, mit denen Sie effizienter suchen und den richtigen Partner finden k\u00f6nnen. Wir helfen Ihnen dabei, den perfekten Partner zu finden. Genie\u00dfen Sie noch heute die Gesellschaft einer qualifizierten Person, egal ob Sie ein Mann oder eine Frau sind.<\/p>\n<h3>Tolle Filter<\/h3>\n<p>Bazoocam macht es einfach, interessante M\u00e4dchen zu finden. Du kannst das M\u00e4dchen leicht wechseln, wenn du sie nicht magst. Sobald Sie Ihre Kamera einschalten, erscheint ein Fremder. Sie k\u00f6nnen jederzeit auf \u201eWeiter\u201c klicken, wenn Sie mit Ihrem Spiel unzufrieden sind.<\/p>\n<h3>Starten Sie Bazoocam noch heute. Genie\u00dfen sie den Spa\u00df!<\/h3>\n<p>Es gibt viele Suchfilter auf unserer Website, die unglaublich sind. Sie k\u00f6nnen auf unserer Website nach der Person suchen, die Sie suchen.<\/p>\n<h2><strong>Ihr Abenteuer erwartet Sie auf Bazoocam<\/strong><\/h2>\n<p>Bazoocam bietet eine einzigartige Plattform f\u00fcr spontane Echtzeit-Video-Chats mit Menschen aus der ganzen Welt. Seine benutzerfreundliche Oberfl\u00e4che, kombiniert mit lustigen Spielen und vielseitigen Filtern, machen es zu einer ausgezeichneten Wahl f\u00fcr alle, die ihren sozialen Kreis erweitern oder einfach nur eine gute Zeit haben m\u00f6chten. Befolgen Sie unsere Anleitung zum Anmelden, Abonnieren und Navigieren durch die Funktionen von Bazoocam f\u00fcr ein unvergessliches Online-Chat-Erlebnis. Beginnen Sie noch heute Ihr Abenteuer und sehen Sie, wohin Bazoocam Sie f\u00fchren kann!<\/p>","protected":false},"excerpt":{"rendered":"<p>Willkommen in der spannenden Welt von Bazoocam, einer dynamischen Online-Plattform, die die Art und Weise, wie wir mit Menschen aus aller Welt in Kontakt treten, neu definiert. Egal, ob Sie neue Freunde, interessante Gespr\u00e4che oder einfach nur ein bisschen Spa\u00df suchen, Bazoocam bietet eine ansprechende und benutzerfreundliche Umgebung zum Erkunden. Tauchen Sie ein in unseren umfassenden Leitfaden, um alles zu erfahren, vom Anmelden [\u2026]<\/p>","protected":false},"author":3,"featured_media":3188,"parent":0,"menu_order":0,"comment_status":"closed","ping_status":"closed","template":"","meta":{"_acf_changed":false,"footnotes":""},"class_list":["post-2353","page","type-page","status-publish","has-post-thumbnail","hentry"],"acf":[],"yoast_head":"<!-- This site is optimized with the Yoast SEO Premium plugin v21.5 (Yoast SEO v21.5) - https:\/\/yoast.com\/wordpress\/plugins\/seo\/ -->\n<title>Bazoomcam - The Top International Video Chat with Girls!<\/title>\n<meta name=\"description\" content=\"Bazoocam is the right place for you if you want the perfect match and have fun conversations with Cocochat random video chat with girls!\" \/>\n<meta name=\"robots\" content=\"index, follow, max-snippet:-1, max-image-preview:large, max-video-preview:-1\" \/>\n<link rel=\"canonical\" href=\"https:\/\/cocochat.live\/de\/bazoocam\/\" \/>\n<meta property=\"og:locale\" content=\"de_DE\" \/>\n<meta property=\"og:type\" content=\"article\" \/>\n<meta property=\"og:title\" content=\"Bazoomcam\" \/>\n<meta property=\"og:description\" content=\"We strive to provide random video chat with random females. Coco chat is a stranger chat alternative for a random video call.\" \/>\n<meta property=\"og:url\" content=\"https:\/\/cocochat.live\/de\/bazoocam\/\" \/>\n<meta property=\"og:site_name\" content=\"Coco Chat\" \/>\n<meta property=\"article:publisher\" content=\"https:\/\/www.facebook.com\/cocochat.live\" \/>\n<meta property=\"article:modified_time\" content=\"2024-02-27T10:13:29+00:00\" \/>\n<meta property=\"og:image\" content=\"https:\/\/cocochat.live\/wp-content\/uploads\/2024\/02\/bazoocam.png\" \/>\n\t<meta property=\"og:image:width\" content=\"1024\" \/>\n\t<meta property=\"og:image:height\" content=\"1024\" \/>\n\t<meta property=\"og:image:type\" content=\"image\/png\" \/>\n<meta name=\"twitter:card\" content=\"summary_large_image\" \/>\n<meta name=\"twitter:site\" content=\"@LaCocoChat\" \/>\n<meta name=\"twitter:label1\" content=\"Gesch\u00e4tzte Lesezeit\" \/>\n\t<meta name=\"twitter:data1\" content=\"7\u00a0Minuten\" \/>\n<script type=\"application\/ld+json\" class=\"yoast-schema-graph\">{\"@context\":\"https:\/\/schema.org\",\"@graph\":[{\"@type\":\"WebPage\",\"@id\":\"https:\/\/cocochat.live\/es\/bazoocam\/\",\"url\":\"https:\/\/cocochat.live\/es\/bazoocam\/\",\"name\":\"Bazoomcam - The Top International Video Chat with Girls!\",\"isPartOf\":{\"@id\":\"https:\/\/cocochat.live\/fr\/#website\"},\"datePublished\":\"2022-05-12T17:26:12+00:00\",\"dateModified\":\"2024-02-27T10:13:29+00:00\",\"description\":\"Bazoocam is the right place for you if you want the perfect match and have fun conversations with Cocochat random video chat with girls!\",\"breadcrumb\":{\"@id\":\"https:\/\/cocochat.live\/es\/bazoocam\/#breadcrumb\"},\"inLanguage\":\"de\",\"potentialAction\":[{\"@type\":\"ReadAction\",\"target\":[\"https:\/\/cocochat.live\/es\/bazoocam\/\"]}]},{\"@type\":\"BreadcrumbList\",\"@id\":\"https:\/\/cocochat.live\/es\/bazoocam\/#breadcrumb\",\"itemListElement\":[{\"@type\":\"ListItem\",\"position\":1,\"name\":\"Home\",\"item\":\"https:\/\/cocochat.live\/fr\/\"},{\"@type\":\"ListItem\",\"position\":2,\"name\":\"Bazoomcam\"}]},{\"@type\":\"WebSite\",\"@id\":\"https:\/\/cocochat.live\/fr\/#website\",\"url\":\"https:\/\/cocochat.live\/fr\/\",\"name\":\"Coco Chat\",\"description\":\"Cocochat - Random Video Chat\",\"publisher\":{\"@id\":\"https:\/\/cocochat.live\/fr\/#organization\"},\"potentialAction\":[{\"@type\":\"SearchAction\",\"target\":{\"@type\":\"EntryPoint\",\"urlTemplate\":\"https:\/\/cocochat.live\/fr\/?s={search_term_string}\"},\"query-input\":\"required name=search_term_string\"}],\"inLanguage\":\"de\"},{\"@type\":\"Organization\",\"@id\":\"https:\/\/cocochat.live\/fr\/#organization\",\"name\":\"Coco Chat - Random Video Chat\",\"url\":\"https:\/\/cocochat.live\/fr\/\",\"logo\":{\"@type\":\"ImageObject\",\"inLanguage\":\"de\",\"@id\":\"https:\/\/cocochat.live\/fr\/#\/schema\/logo\/image\/\",\"url\":\"https:\/\/cocochat.live\/wp-content\/uploads\/2021\/10\/cropped-cropped-coco-chat-live.jpg\",\"contentUrl\":\"https:\/\/cocochat.live\/wp-content\/uploads\/2021\/10\/cropped-cropped-coco-chat-live.jpg\",\"width\":512,\"height\":512,\"caption\":\"Coco Chat - Random Video Chat\"},\"image\":{\"@id\":\"https:\/\/cocochat.live\/fr\/#\/schema\/logo\/image\/\"},\"sameAs\":[\"https:\/\/www.facebook.com\/cocochat.live\",\"https:\/\/twitter.com\/LaCocoChat\"]}]}<\/script>\n<!-- \/ Yoast SEO Premium plugin. -->","yoast_head_json":{"title":"Bazoomcam - The Top International Video Chat with Girls!","description":"Bazoocam is the right place for you if you want the perfect match and have fun conversations with Cocochat random video chat with girls!","robots":{"index":"index","follow":"follow","max-snippet":"max-snippet:-1","max-image-preview":"max-image-preview:large","max-video-preview":"max-video-preview:-1"},"canonical":"https:\/\/cocochat.live\/de\/bazoocam\/","og_locale":"de_DE","og_type":"article","og_title":"Bazoomcam","og_description":"We strive to provide random video chat with random females. Coco chat is a stranger chat alternative for a random video call.","og_url":"https:\/\/cocochat.live\/de\/bazoocam\/","og_site_name":"Coco Chat","article_publisher":"https:\/\/www.facebook.com\/cocochat.live","article_modified_time":"2024-02-27T10:13:29+00:00","og_image":[{"width":1024,"height":1024,"url":"https:\/\/cocochat.live\/wp-content\/uploads\/2024\/02\/bazoocam.png","type":"image\/png"}],"twitter_card":"summary_large_image","twitter_site":"@LaCocoChat","twitter_misc":{"Gesch\u00e4tzte Lesezeit":"7\u00a0Minuten"},"schema":{"@context":"https:\/\/schema.org","@graph":[{"@type":"WebPage","@id":"https:\/\/cocochat.live\/es\/bazoocam\/","url":"https:\/\/cocochat.live\/es\/bazoocam\/","name":"Bazoomcam - The Top International Video Chat with Girls!","isPartOf":{"@id":"https:\/\/cocochat.live\/fr\/#website"},"datePublished":"2022-05-12T17:26:12+00:00","dateModified":"2024-02-27T10:13:29+00:00","description":"Bazoocam is the right place for you if you want the perfect match and have fun conversations with Cocochat random video chat with girls!","breadcrumb":{"@id":"https:\/\/cocochat.live\/es\/bazoocam\/#breadcrumb"},"inLanguage":"de","potentialAction":[{"@type":"ReadAction","target":["https:\/\/cocochat.live\/es\/bazoocam\/"]}]},{"@type":"BreadcrumbList","@id":"https:\/\/cocochat.live\/es\/bazoocam\/#breadcrumb","itemListElement":[{"@type":"ListItem","position":1,"name":"Home","item":"https:\/\/cocochat.live\/fr\/"},{"@type":"ListItem","position":2,"name":"Bazoomcam"}]},{"@type":"WebSite","@id":"https:\/\/cocochat.live\/fr\/#website","url":"https:\/\/cocochat.live\/fr\/","name":"Coco Chat","description":"Cocochat - Random Video Chat","publisher":{"@id":"https:\/\/cocochat.live\/fr\/#organization"},"potentialAction":[{"@type":"SearchAction","target":{"@type":"EntryPoint","urlTemplate":"https:\/\/cocochat.live\/fr\/?s={search_term_string}"},"query-input":"required name=search_term_string"}],"inLanguage":"de"},{"@type":"Organization","@id":"https:\/\/cocochat.live\/fr\/#organization","name":"Coco Chat - Random Video Chat","url":"https:\/\/cocochat.live\/fr\/","logo":{"@type":"ImageObject","inLanguage":"de","@id":"https:\/\/cocochat.live\/fr\/#\/schema\/logo\/image\/","url":"https:\/\/cocochat.live\/wp-content\/uploads\/2021\/10\/cropped-cropped-coco-chat-live.jpg","contentUrl":"https:\/\/cocochat.live\/wp-content\/uploads\/2021\/10\/cropped-cropped-coco-chat-live.jpg","width":512,"height":512,"caption":"Coco Chat - Random Video Chat"},"image":{"@id":"https:\/\/cocochat.live\/fr\/#\/schema\/logo\/image\/"},"sameAs":["https:\/\/www.facebook.com\/cocochat.live","https:\/\/twitter.com\/LaCocoChat"]}]}},"_links":{"self":[{"href":"https:\/\/cocochat.live\/de\/wp-json\/wp\/v2\/pages\/2353","targetHints":{"allow":["GET"]}}],"collection":[{"href":"https:\/\/cocochat.live\/de\/wp-json\/wp\/v2\/pages"}],"about":[{"href":"https:\/\/cocochat.live\/de\/wp-json\/wp\/v2\/types\/page"}],"author":[{"embeddable":true,"href":"https:\/\/cocochat.live\/de\/wp-json\/wp\/v2\/users\/3"}],"replies":[{"embeddable":true,"href":"https:\/\/cocochat.live\/de\/wp-json\/wp\/v2\/comments?post=2353"}],"version-history":[{"count":28,"href":"https:\/\/cocochat.live\/de\/wp-json\/wp\/v2\/pages\/2353\/revisions"}],"predecessor-version":[{"id":3190,"href":"https:\/\/cocochat.live\/de\/wp-json\/wp\/v2\/pages\/2353\/revisions\/3190"}],"wp:featuredmedia":[{"embeddable":true,"href":"https:\/\/cocochat.live\/de\/wp-json\/wp\/v2\/media\/3188"}],"wp:attachment":[{"href":"https:\/\/cocochat.live\/de\/wp-json\/wp\/v2\/media?parent=2353"}],"curies":[{"name":"wp","href":"https:\/\/api.w.org\/{rel}","templated":true}]}}