{"id":2239,"date":"2022-04-24T14:13:48","date_gmt":"2022-04-24T12:13:48","guid":{"rendered":"https:\/\/cocochat.live\/?page_id=2239"},"modified":"2024-02-27T12:37:34","modified_gmt":"2024-02-27T10:37:34","slug":"chatzy","status":"publish","type":"page","link":"https:\/\/cocochat.live\/de\/chatzy\/","title":{"rendered":"Chatzy"},"content":{"rendered":"<p>Viele M\u00e4nner k\u00f6nnen kaum glauben, dass sie durch zuf\u00e4llige Gespr\u00e4che andere M\u00e4nner kennenlernen k\u00f6nnen. Chatzy bietet eine einfache L\u00f6sung. Chatten Sie mit gelangweilten M\u00e4dchen und haben Sie Spa\u00df.<br \/>\nChatzy erm\u00f6glicht es Ihnen, mit anderen in Kontakt zu treten, die \u00e4hnliche Interessen haben. Es funktioniert mit jedem Webbrowser. Diese Dienste werden kostenlos bereitgestellt und erfordern keine App. Es ist m\u00f6glich, den gesamten Text des Chats online in unbegrenzter Anzahl von Zeichen anzuzeigen. Sie k\u00f6nnen auf die untere Schaltfl\u00e4che klicken, um den Chat zu schlie\u00dfen. Sie k\u00f6nnen auch auf \u201eBeenden\u201c klicken.<\/p>\n<h2>Chatzy hat es sich zur Aufgabe gemacht, ein kostenloses, zuf\u00e4lliges Video-Chat-Erlebnis zu bieten.<\/h2>\n<p>Es ordnet Benutzer zuf\u00e4llig Chatgruppen zu. Dadurch ist es m\u00f6glich, die Anzahl der Fremden, mit denen Sie chatten, zu reduzieren. Beim Chatten mit anderen werden die Eingabe-\/Return-Tasten Ihrer Tastatur zu einer Sendetaste. Coco Chat ist mit jedem Google oder <a href=\"https:\/\/android.com\">Android<\/a> Smartphone.<\/p>\n<h2>Chatzy \u2013 Kostenlose Cam-to-Cam<\/h2>\n<p>Chatzy ist die Heimat von mehr als 10.000 wundersch\u00f6nen Frauen aus der ganzen Welt. Auch wenn Sie ihre Sprache vielleicht nicht flie\u00dfend sprechen, k\u00f6nnen Sie mit ihr kommunizieren. Unser Team hat dieses Problem gel\u00f6st! Unser Team hat ein System entwickelt, das eingehende und eingehende Nachrichten sofort \u00fcbersetzt. Genie\u00dfen Sie Ihre Online-Freundschaft.<\/p>\n<p>Es erf\u00fcllt zwei Hauptfunktionen. Es f\u00f6rdert die Freundschaft zwischen Menschen, die Englisch, Franz\u00f6sisch oder eine andere Sprache sprechen. Wir sind uns bewusst, dass Freundschaft Grenzen \u00fcberwindet.<\/p>\n<p>Chatzy wurde entwickelt, um Menschen dabei zu helfen, Freundschaften zu schlie\u00dfen. Chatzy kann in vielen Sprachen verwendet werden, um mit anderen zu kommunizieren. Chatzy kann mit Menschen jeder Kultur und Sprache kommunizieren, unabh\u00e4ngig von ihrer ethnischen Zugeh\u00f6rigkeit.<\/p>\n<p>Chatzy-Alternativen<\/p>\n<p>Es ist eine gro\u00dfartige Alternative zu Omegle. Es bietet alle Social-Networking-Funktionen wie Foto-Sharing, Versenden privater Nachrichten, Foto-Sharing und Foto-Sharing. Um den Dienst zu nutzen, m\u00fcssen Sie sich registrieren oder \u00fcber Facebook anmelden. Sobald Sie ein Konto erstellt haben, k\u00f6nnen Sie auf den Dienst zugreifen. Chatzy erm\u00f6glicht es Benutzern auch, eigene Beitr\u00e4ge zu erstellen. Chatzy ist Omegle \u00e4hnlich.<\/p>\n<p>Chatzy kann als Omegle-Alternative verwendet werden. Chatzy kann effizienter sein als Cocochat, erm\u00f6glicht es Ihnen jedoch, das herauszufiltern, was Sie nicht ben\u00f6tigen. Chatzy eignet sich je nach Bedarf hervorragend f\u00fcr Arbeit und Familie. Sie werden aufgefordert, ein Konto zu erstellen, um auf diese Dienste zugreifen zu k\u00f6nnen. Viele dieser Dienste sind kostenlos, w\u00e4hrend f\u00fcr andere ein Premium-Abonnement erforderlich ist.<\/p>\n<p>Es ist ganz einfach, Statusmeldungen und Spitznamen zu erstellen, die Sie mit Ihren Freunden teilen m\u00f6chten. Ihr Aussehen und Ihre Ausdrucksweise k\u00f6nnen es Ihnen leicht machen, Menschen mit \u00e4hnlichen Interessen anzuziehen. Dadurch erh\u00f6hen sich Ihre Chancen, neue Leute kennenzulernen und m\u00f6glicherweise Ihr bester Freund zu werden.<\/p>\n<p>Es ist ganz einfach, Statusmeldungen zu erstellen, die Ihnen gefallen, und einen Spitznamen zu finden, den Sie mit Ihren Freunden teilen k\u00f6nnen. Durch Ihr Aussehen und Ihre Mimik k\u00f6nnen Sie Menschen mit denselben Interessen anziehen. Dadurch erh\u00f6hen sich die Chancen, dass Sie neue Leute kennenlernen, die vielleicht Ihre besten Freunde werden.<\/p>\n<h3>Fremde Cam-App<\/h3>\n<p>Sie k\u00f6nnen \u00fcber unser Unternehmen die Gesellschaft und Freundschaft einer Person genie\u00dfen, ohne pers\u00f6nliche Daten preiszugeben. Sie werden niemals nach Ihren privaten Daten gefragt. Es ist einfach, immer ein sch\u00f6nes M\u00e4dchen um sich zu haben.<\/p>\n<h3>Zuf\u00e4lliger Chat<\/h3>\n<p>Um ein Online-Konto f\u00fcr Live-Video-Chat zu erstellen, m\u00fcssen Sie keine privaten Daten angeben. Beim Chatten in zuf\u00e4lligen Videositzungen werden Ihre pers\u00f6nlichen Daten nicht weitergegeben.<\/p>\n<h3>Kostenlose Live-Cam<\/h3>\n<p>Ein weiteres Sicherheitsmerkmal ist die Verschl\u00fcsselungstechnologie. Strangercam nutzt die neueste \u00dcberwachungskamera-Aufnahmetechnologie, um Video und Sprache zu verschl\u00fcsseln.<\/p>\n<h3>Kostenlose Videoanrufe<\/h3>\n<p>Um eine reibungslose und schnelle Verbindung herzustellen, verwendet es dieselbe Bildkomprimierungstechnologie wie YouTube. Sie k\u00f6nnen mit Ihrer Begleitung nur dann private Informationen austauschen, wenn Sie dies w\u00fcnschen. Strangercam fordert keine privaten Informationen an.<\/p>\n<h3>Kostenlose Anmeldung<\/h3>\n<p>Strangercam verf\u00fcgt \u00fcber Geschlechtsfilter, die Ihnen eine effizientere Suche erm\u00f6glichen und Ihnen helfen, den richtigen Partner zu finden. Wir helfen Ihnen, den perfekten Partner zu finden. Sie k\u00f6nnen heute die Gesellschaft einer qualifizierten Person genie\u00dfen, egal ob Sie m\u00e4nnlich oder weiblich sind.<\/p>\n<h3>Tolle Filter<\/h3>\n<p>Unsere Website macht es einfach, die M\u00e4dchen zu finden, die Sie interessieren. Sie k\u00f6nnen das M\u00e4dchen ganz einfach wechseln, wenn Sie sie nicht m\u00f6gen. Sobald Sie Ihre Kamera einschalten, erscheint eine Fremde. Sie k\u00f6nnen jederzeit auf \u201eWeiter\u201c klicken, wenn Sie mit Ihrem Match nicht zufrieden sind<\/p>","protected":false},"excerpt":{"rendered":"<p>Viele M\u00e4nner k\u00f6nnen kaum glauben, dass sie durch zuf\u00e4llige Gespr\u00e4che andere M\u00e4nner kennenlernen k\u00f6nnen. Chatzy bietet eine einfache L\u00f6sung. Chatten Sie mit gelangweilten M\u00e4dchen und haben Sie Spa\u00df. Chatzy l\u00e4sst Sie mit anderen in Kontakt treten, die \u00e4hnliche Interessen haben. Es funktioniert mit jedem Webbrowser. Diese Dienste werden kostenlos zur Verf\u00fcgung gestellt und erfordern keine [\u2026]<\/p>","protected":false},"author":3,"featured_media":3196,"parent":0,"menu_order":0,"comment_status":"closed","ping_status":"closed","template":"","meta":{"_acf_changed":false,"footnotes":""},"class_list":["post-2239","page","type-page","status-publish","has-post-thumbnail","hentry"],"acf":[],"yoast_head":"<!-- This site is optimized with the Yoast SEO Premium plugin v21.5 (Yoast SEO v21.5) - https:\/\/yoast.com\/wordpress\/plugins\/seo\/ -->\n<title>Chatzy - Free Private Chat Rooms<\/title>\n<meta name=\"description\" content=\"Cocochat is the right place if youre looking for the perfect match and fun conversations. Free Private Chat Rooms are Free Private Chat Rooms\" \/>\n<meta name=\"robots\" content=\"index, follow, max-snippet:-1, max-image-preview:large, max-video-preview:-1\" \/>\n<link rel=\"canonical\" href=\"https:\/\/cocochat.live\/de\/chatzy\/\" \/>\n<meta property=\"og:locale\" content=\"de_DE\" \/>\n<meta property=\"og:type\" content=\"article\" \/>\n<meta property=\"og:title\" content=\"Chatzy\" \/>\n<meta property=\"og:description\" content=\"We strive to provide random video chat with random females. Coco chat is a stranger chat alternative for a random video call.\" \/>\n<meta property=\"og:url\" content=\"https:\/\/cocochat.live\/de\/chatzy\/\" \/>\n<meta property=\"og:site_name\" content=\"Coco Chat\" \/>\n<meta property=\"article:publisher\" content=\"https:\/\/www.facebook.com\/cocochat.live\" \/>\n<meta property=\"article:modified_time\" content=\"2024-02-27T10:37:34+00:00\" \/>\n<meta property=\"og:image\" content=\"https:\/\/cocochat.live\/wp-content\/uploads\/2024\/02\/chatzy.png\" \/>\n\t<meta property=\"og:image:width\" content=\"960\" \/>\n\t<meta property=\"og:image:height\" content=\"1280\" \/>\n\t<meta property=\"og:image:type\" content=\"image\/png\" \/>\n<meta name=\"twitter:card\" content=\"summary_large_image\" \/>\n<meta name=\"twitter:site\" content=\"@LaCocoChat\" \/>\n<meta name=\"twitter:label1\" content=\"Gesch\u00e4tzte Lesezeit\" \/>\n\t<meta name=\"twitter:data1\" content=\"4\u00a0Minuten\" \/>\n<script type=\"application\/ld+json\" class=\"yoast-schema-graph\">{\"@context\":\"https:\/\/schema.org\",\"@graph\":[{\"@type\":\"WebPage\",\"@id\":\"https:\/\/cocochat.live\/es\/chatzy\/\",\"url\":\"https:\/\/cocochat.live\/es\/chatzy\/\",\"name\":\"Chatzy - Free Private Chat Rooms\",\"isPartOf\":{\"@id\":\"https:\/\/cocochat.live\/fr\/#website\"},\"datePublished\":\"2022-04-24T12:13:48+00:00\",\"dateModified\":\"2024-02-27T10:37:34+00:00\",\"description\":\"Cocochat is the right place if youre looking for the perfect match and fun conversations. Free Private Chat Rooms are Free Private Chat Rooms\",\"breadcrumb\":{\"@id\":\"https:\/\/cocochat.live\/es\/chatzy\/#breadcrumb\"},\"inLanguage\":\"de\",\"potentialAction\":[{\"@type\":\"ReadAction\",\"target\":[\"https:\/\/cocochat.live\/es\/chatzy\/\"]}]},{\"@type\":\"BreadcrumbList\",\"@id\":\"https:\/\/cocochat.live\/es\/chatzy\/#breadcrumb\",\"itemListElement\":[{\"@type\":\"ListItem\",\"position\":1,\"name\":\"Home\",\"item\":\"https:\/\/cocochat.live\/fr\/\"},{\"@type\":\"ListItem\",\"position\":2,\"name\":\"Chatzy\"}]},{\"@type\":\"WebSite\",\"@id\":\"https:\/\/cocochat.live\/fr\/#website\",\"url\":\"https:\/\/cocochat.live\/fr\/\",\"name\":\"Coco Chat\",\"description\":\"Cocochat - Random Video Chat\",\"publisher\":{\"@id\":\"https:\/\/cocochat.live\/fr\/#organization\"},\"potentialAction\":[{\"@type\":\"SearchAction\",\"target\":{\"@type\":\"EntryPoint\",\"urlTemplate\":\"https:\/\/cocochat.live\/fr\/?s={search_term_string}\"},\"query-input\":\"required name=search_term_string\"}],\"inLanguage\":\"de\"},{\"@type\":\"Organization\",\"@id\":\"https:\/\/cocochat.live\/fr\/#organization\",\"name\":\"Coco Chat - Random Video Chat\",\"url\":\"https:\/\/cocochat.live\/fr\/\",\"logo\":{\"@type\":\"ImageObject\",\"inLanguage\":\"de\",\"@id\":\"https:\/\/cocochat.live\/fr\/#\/schema\/logo\/image\/\",\"url\":\"https:\/\/cocochat.live\/wp-content\/uploads\/2021\/10\/cropped-cropped-coco-chat-live.jpg\",\"contentUrl\":\"https:\/\/cocochat.live\/wp-content\/uploads\/2021\/10\/cropped-cropped-coco-chat-live.jpg\",\"width\":512,\"height\":512,\"caption\":\"Coco Chat - Random Video Chat\"},\"image\":{\"@id\":\"https:\/\/cocochat.live\/fr\/#\/schema\/logo\/image\/\"},\"sameAs\":[\"https:\/\/www.facebook.com\/cocochat.live\",\"https:\/\/twitter.com\/LaCocoChat\"]}]}<\/script>\n<!-- \/ Yoast SEO Premium plugin. -->","yoast_head_json":{"title":"Chatzy - Free Private Chat Rooms","description":"Cocochat is the right place if youre looking for the perfect match and fun conversations. Free Private Chat Rooms are Free Private Chat Rooms","robots":{"index":"index","follow":"follow","max-snippet":"max-snippet:-1","max-image-preview":"max-image-preview:large","max-video-preview":"max-video-preview:-1"},"canonical":"https:\/\/cocochat.live\/de\/chatzy\/","og_locale":"de_DE","og_type":"article","og_title":"Chatzy","og_description":"We strive to provide random video chat with random females. Coco chat is a stranger chat alternative for a random video call.","og_url":"https:\/\/cocochat.live\/de\/chatzy\/","og_site_name":"Coco Chat","article_publisher":"https:\/\/www.facebook.com\/cocochat.live","article_modified_time":"2024-02-27T10:37:34+00:00","og_image":[{"width":960,"height":1280,"url":"https:\/\/cocochat.live\/wp-content\/uploads\/2024\/02\/chatzy.png","type":"image\/png"}],"twitter_card":"summary_large_image","twitter_site":"@LaCocoChat","twitter_misc":{"Gesch\u00e4tzte Lesezeit":"4\u00a0Minuten"},"schema":{"@context":"https:\/\/schema.org","@graph":[{"@type":"WebPage","@id":"https:\/\/cocochat.live\/es\/chatzy\/","url":"https:\/\/cocochat.live\/es\/chatzy\/","name":"Chatzy - Free Private Chat Rooms","isPartOf":{"@id":"https:\/\/cocochat.live\/fr\/#website"},"datePublished":"2022-04-24T12:13:48+00:00","dateModified":"2024-02-27T10:37:34+00:00","description":"Cocochat is the right place if youre looking for the perfect match and fun conversations. Free Private Chat Rooms are Free Private Chat Rooms","breadcrumb":{"@id":"https:\/\/cocochat.live\/es\/chatzy\/#breadcrumb"},"inLanguage":"de","potentialAction":[{"@type":"ReadAction","target":["https:\/\/cocochat.live\/es\/chatzy\/"]}]},{"@type":"BreadcrumbList","@id":"https:\/\/cocochat.live\/es\/chatzy\/#breadcrumb","itemListElement":[{"@type":"ListItem","position":1,"name":"Home","item":"https:\/\/cocochat.live\/fr\/"},{"@type":"ListItem","position":2,"name":"Chatzy"}]},{"@type":"WebSite","@id":"https:\/\/cocochat.live\/fr\/#website","url":"https:\/\/cocochat.live\/fr\/","name":"Coco Chat","description":"Cocochat - Random Video Chat","publisher":{"@id":"https:\/\/cocochat.live\/fr\/#organization"},"potentialAction":[{"@type":"SearchAction","target":{"@type":"EntryPoint","urlTemplate":"https:\/\/cocochat.live\/fr\/?s={search_term_string}"},"query-input":"required name=search_term_string"}],"inLanguage":"de"},{"@type":"Organization","@id":"https:\/\/cocochat.live\/fr\/#organization","name":"Coco Chat - Random Video Chat","url":"https:\/\/cocochat.live\/fr\/","logo":{"@type":"ImageObject","inLanguage":"de","@id":"https:\/\/cocochat.live\/fr\/#\/schema\/logo\/image\/","url":"https:\/\/cocochat.live\/wp-content\/uploads\/2021\/10\/cropped-cropped-coco-chat-live.jpg","contentUrl":"https:\/\/cocochat.live\/wp-content\/uploads\/2021\/10\/cropped-cropped-coco-chat-live.jpg","width":512,"height":512,"caption":"Coco Chat - Random Video Chat"},"image":{"@id":"https:\/\/cocochat.live\/fr\/#\/schema\/logo\/image\/"},"sameAs":["https:\/\/www.facebook.com\/cocochat.live","https:\/\/twitter.com\/LaCocoChat"]}]}},"_links":{"self":[{"href":"https:\/\/cocochat.live\/de\/wp-json\/wp\/v2\/pages\/2239","targetHints":{"allow":["GET"]}}],"collection":[{"href":"https:\/\/cocochat.live\/de\/wp-json\/wp\/v2\/pages"}],"about":[{"href":"https:\/\/cocochat.live\/de\/wp-json\/wp\/v2\/types\/page"}],"author":[{"embeddable":true,"href":"https:\/\/cocochat.live\/de\/wp-json\/wp\/v2\/users\/3"}],"replies":[{"embeddable":true,"href":"https:\/\/cocochat.live\/de\/wp-json\/wp\/v2\/comments?post=2239"}],"version-history":[{"count":23,"href":"https:\/\/cocochat.live\/de\/wp-json\/wp\/v2\/pages\/2239\/revisions"}],"predecessor-version":[{"id":3198,"href":"https:\/\/cocochat.live\/de\/wp-json\/wp\/v2\/pages\/2239\/revisions\/3198"}],"wp:featuredmedia":[{"embeddable":true,"href":"https:\/\/cocochat.live\/de\/wp-json\/wp\/v2\/media\/3196"}],"wp:attachment":[{"href":"https:\/\/cocochat.live\/de\/wp-json\/wp\/v2\/media?parent=2239"}],"curies":[{"name":"wp","href":"https:\/\/api.w.org\/{rel}","templated":true}]}}