{"id":2183,"date":"2022-04-14T08:32:41","date_gmt":"2022-04-14T06:32:41","guid":{"rendered":"https:\/\/cocochat.live\/?page_id=2183"},"modified":"2024-02-28T11:40:59","modified_gmt":"2024-02-28T09:40:59","slug":"cam-to-strangers","status":"publish","type":"page","link":"https:\/\/cocochat.live\/de\/cam-to-strangers\/","title":{"rendered":"Cam f\u00fcr Fremde"},"content":{"rendered":"<p>Im heutigen digitalen Zeitalter hat sich die Kunst, neue Kontakte zu kn\u00fcpfen, \u00fcber traditionelle Methoden hinaus entwickelt. \u201eCam to Strangers\u201c erweist sich als bahnbrechende Plattform, die eine einzigartige M\u00f6glichkeit bietet, neue Leute aus der ganzen Welt kennenzulernen. Dieser interaktive Dienst verbindet die Aufregung von Live-Videochats mit der Faszination, jemanden Neues kennenzulernen, und das alles bequem von zu Hause aus. In diesem Blogbeitrag gehen wir auf die Funktionen von Cam to Strangers ein, auf seine Betriebsmechanik, Anmeldeverfahren, Abonnementdetails und die innovative Filterfunktion, die es auszeichnet.<\/p>\n<h3>Hauptfunktionen von Cam to Strangers<\/h3>\n<p>Cam to Strangers zeichnet sich durch seine benutzerfreundliche Oberfl\u00e4che und eine Vielzahl von Funktionen aus, die Online-Interaktionen sowohl unterhaltsam als auch sicher machen. Benutzer k\u00f6nnen Live-Video-Chats mit Fremden f\u00fchren und so eine spannende und pers\u00f6nliche Echtzeitkommunikation gew\u00e4hrleisten. Die Plattform legt mit Funktionen wie Anonymit\u00e4tsoptionen und Melde-\/Blockierungsfunktionen Wert auf die Sicherheit der Benutzer und erm\u00f6glicht so eine sichere Chat-Umgebung.<\/p>\n<h3>So funktioniert Cam to Strangers<\/h3>\n<p>Die Magie von Cam to Strangers liegt in seiner Einfachheit. Die Plattform funktioniert nach einem einfachen Prinzip: Sie werden mit zuf\u00e4llig ausgew\u00e4hlten Fremden f\u00fcr einen Videochat verbunden. Sobald Sie die Site aufrufen, sind Sie nur noch einen Klick davon entfernt, ein neues Gespr\u00e4ch zu beginnen. Das System verbindet Benutzer nach dem Zufallsprinzip und bietet den Nervenkitzel des Unbekannten und die M\u00f6glichkeit, bedeutungsvolle Verbindungen herzustellen.<\/p>\n<h3>So melden Sie sich an<\/h3>\n<p>Der Einstieg bei Cam to Strangers ist so einfach wie nur m\u00f6glich. Es gibt keinen umst\u00e4ndlichen Anmeldevorgang, der Sie abschreckt. Benutzer k\u00f6nnen direkt in die Action eintauchen, ohne ein Konto erstellen zu m\u00fcssen. Dieser unkomplizierte Einstieg bedeutet, dass Sie sich auf das Wesentliche konzentrieren k\u00f6nnen: Kontakte mit neuen Leuten kn\u00fcpfen.<\/p>\n<h3>So abonnieren Sie<\/h3>\n<p>F\u00fcr diejenigen, die ihr Cam to Strangers-Erlebnis verbessern m\u00f6chten, bietet die Plattform Abonnementoptionen, die zus\u00e4tzliche Funktionen freischalten. Das Abonnieren ist ein einfacher Vorgang: Folgen Sie einfach den Anweisungen auf der Website, um Ihr Konto zu aktualisieren. Mit einem Abonnement k\u00f6nnen Benutzer auf Premiumfunktionen wie werbefreies Surfen, erweiterte Chat-Optionen und mehr zugreifen.<\/p>\n<h3>Die Filter verstehen<\/h3>\n<p>Einer der innovativsten Aspekte von Cam to Strangers ist die Filterfunktion. Mithilfe von Filtern k\u00f6nnen Benutzer ihr Chat-Erlebnis nach Pr\u00e4ferenzen wie Standort, Sprache und Interessen anpassen. Dieser ma\u00dfgeschneiderte Ansatz bedeutet, dass Sie eher mit Gleichgesinnten in Kontakt kommen, was jede Chat-Sitzung relevanter und unterhaltsamer macht.<\/p>\n<p>Cam to Strangers ist Ihr Zuhause. Cam to Strangers erm\u00f6glicht anonyme Chats zwischen Fremden. Cam to Strangers erm\u00f6glicht Ihnen die Verwendung von Gesichtsmasken, Geschlechtsfiltern und L\u00e4nderfiltern im Videochat. Auch private Chats sind m\u00f6glich. Chatten Sie sofort online mit zuf\u00e4lligen Jungen und M\u00e4dchen.<\/p>\n<h2>Cam mit Fremden mit Coco Chat<\/h2>\n<p>Lernen Sie neue Leute kennen, schlie\u00dfen Sie neue Freundschaften und treffen Sie Ihr n\u00e4chstes Date. Sie k\u00f6nnen auch Ihre Musik teilen, mit Fremden chatten, \u00fcber Fu\u00dfball chatten und einfach entspannen, um \u00fcber die neueste Netflix-Serie zu diskutieren. Cam to Strangers ist einfach und kostenlos. Viel Spa\u00df. Vielleicht treffen Sie jemanden auf der anderen Seite Ihrer Kamera.<\/p>\n<p>Zuf\u00e4lliger Videochat kann eine gro\u00dfartige M\u00f6glichkeit sein, anonym neue Leute kennenzulernen. Cocochat ist die Chat-App, die Ihnen dabei hilft. Mit unserer Chat-App k\u00f6nnen Sie ausw\u00e4hlen, mit wem Sie chatten m\u00f6chten. Dies ist eine gro\u00dfartige M\u00f6glichkeit, neue Leute kennenzulernen.<\/p>\n<h2>Coco Chat hat es sich zum Ziel gesetzt, die beste Cam-Chat-Alternative f\u00fcr Fremde bereitzustellen.<\/h2>\n<p>Sie k\u00f6nnen in Sekundenschnelle Ihren ersten Chat mit Fremden starten. Cam to Strangers bietet viele Funktionen, die Ihr Video-Chat-Erlebnis verbessern.<\/p>\n<p>Cocochat macht es einfach, Ihren perfekten Partner zu finden. Nachdem Sie mit jemandem gesprochen haben, klicken Sie auf die Schaltfl\u00e4che \u201eWeiter\u201c, um innerhalb weniger Minuten eine Verbindung mit einer anderen Person basierend auf Ihrem Filter herzustellen.<\/p>\n<p>Chatten Sie mit Fremden, um neue Freunde zu finden! Online-Begleitung ist eine gro\u00dfartige M\u00f6glichkeit, neue Leute kennenzulernen, Liebe und Freundschaft zu finden. Es ist unglaublich, nicht wahr?<\/p>\n<p>Live-Streaming-Software eignet sich hervorragend zum Streamen von Videos. Kostenloses Video-Streaming ist das Beste! Cam zu Fremden in Sekunden<\/p>\n<h2>Cam f\u00fcr Fremde<\/h2>\n<p>Wir glauben, dass jeder \u00fcber seine Webcam mit Menschen auf der ganzen Welt in Kontakt treten k\u00f6nnen sollte. Sie k\u00f6nnen sofort mit jedem auf der Welt oder von einem bestimmten Ort aus per Video chatten. Alles h\u00e4ngt von Ihren Vorlieben ab. Chatten Sie sofort mit Fremden, lernen Sie neue Leute kennen und haben Sie Spa\u00df.<\/p>\n<p>Cocochat ist ein anonymer Online-Chat, mit dem Sie sich \u00fcber jedes Ger\u00e4t mit Fremden aus der ganzen Welt verbinden k\u00f6nnen. Cocochat erm\u00f6glicht es Ihnen, anonym mit Fremden zu chatten und Ihre Lieblingsthemen zu teilen. Sie k\u00f6nnen auch neue Freunde finden, neue Freundschaften kn\u00fcpfen oder mit Singles \u00fcber einen unserer Tausenden Video-Chats flirten.<\/p>\n<p>Mit Cam-to-Cam-Chat k\u00f6nnen Sie live mit Fremden kommunizieren. Mit Cocochat ist es ganz einfach, online neue Freunde zu finden. Sie k\u00f6nnen damit mit Bikern und Pops\u00e4ngern, Briefmarkensammlern, T\u00e4nzern und vielen anderen Leuten chatten. Sie k\u00f6nnen auf die Schaltfl\u00e4che \u201eWeiter\u201c klicken, um Ihre Suche fortzusetzen. Zuf\u00e4lliger Chat kann sich sehr nach echtem Leben anf\u00fchlen. Es gibt viele Optionen, aber Sie m\u00fcssen die richtige Wahl treffen. Omegle ist ein kostenloser Online-Chat-Dienst, mit dem Sie sofort mit Fremden auf der ganzen Welt kommunizieren k\u00f6nnen.<\/p>\n<p>Chatten Sie anonym online mit Tausenden von Menschen aus der ganzen Welt. Chatrooms k\u00f6nnen kostenlos und ohne Registrierung betreten werden. Diese Chatrooms bieten die neueste Audio- und Texttechnologie. Um an privaten oder Gruppenchats teilzunehmen, werden Standard-Textnachrichten verwendet. Sprechen Sie mit Freunden und Fremden \u00fcber jedes Thema und f\u00fchren Sie Gespr\u00e4che zu einer breiten Palette von Themen.<\/p>\n<p>Jeder ist herzlich eingeladen, unseren kostenlosen Online-Foren beizutreten. Sie k\u00f6nnen mit Menschen auf der ganzen Welt in Kontakt treten, darunter aus Deutschland, Norwegen und Griechenland. Ihre E-Mail-Adresse reicht zur Registrierung aus. Der Chatraum kann jede Art von Eintrag anzeigen. Sie ben\u00f6tigen lediglich einen Benutzernamen, der von anderen akzeptiert wird, und dann k\u00f6nnen Sie mit dem Chatten beginnen. Sie k\u00f6nnen jetzt in Ihrer Umgebung sprechen. Es gibt viele Optionen, aber wir sind m\u00f6glicherweise die beste Option, um Gespr\u00e4che mit neuen Leuten zu beginnen. Worauf warten Sie also noch? Beginnen Sie noch heute eine Kameradschaft.<\/p>\n<p>Telefonanrufe und Filme: Sie k\u00f6nnen mit Ihren Freunden und Ihrer Familie \u00fcber Textnachrichten, aber auch \u00fcber Audio- und Videointeraktionen kommunizieren. Mit dem neuesten Update k\u00f6nnen Benutzer jetzt per Sprache oder Video mit ihren Freunden kommunizieren. Diese Funktionen sind dieselben wie die auf <a href=\"https:\/\/android.com\">Android<\/a> und iOS. Moderation ist notwendig, um unerw\u00fcnschte oder willk\u00fcrliche Telefonanrufe zu verhindern<\/p>\n<p>Mit den verf\u00fcgbaren Anwendungs\u00e4nderungen k\u00f6nnen Sie Ihren Chatroom erstellen. Das Hilfeforum enth\u00e4lt eine Schritt-f\u00fcr-Schritt-Anleitung. Sie k\u00f6nnen auch ein kostenloses Exemplar der Anleitung anfordern, indem Sie sich an unseren Helpdesk wenden. Als kostenloser Benutzer k\u00f6nnen Sie nur eine kleine Anzahl von Netzwerken erstellen. Sie k\u00f6nnen Besucher \u00fcber einen von uns bereitgestellten Link in den Chatroom empfangen. Auf diese Weise k\u00f6nnen Sie Ihre Leserschaft erh\u00f6hen. Wenn Sie ein YouTuber sind oder Fans haben, mit denen Sie sofort in Kontakt treten m\u00f6chten, k\u00f6nnen Sie einen Chatroom erstellen. Wir legen gro\u00dfen Wert darauf, sicherzustellen, dass unsere Benutzer \u00fcber die aktuellsten und n\u00fctzlichsten Gespr\u00e4chskenntnisse verf\u00fcgen.<\/p>\n<p>Mobilfreundliches \u00d6kosystem Die Benutzeroberfl\u00e4che Ihres mobilen Chatrooms erm\u00f6glicht Ihnen dank der beruhigenden Farben und benutzerfreundlichen Designs eine schnellere Kommunikation mit Freunden. Sie k\u00f6nnen die Abmessungen und Funktionen nach Ihren W\u00fcnschen \u00e4ndern. Das Chatten wird oft aufgrund der geringen Gr\u00f6\u00dfe der Bildschirme vieler Netzwerke kritisiert. Mit unserer kostenlosen Software k\u00f6nnen Sie jedes unserer Boards personalisieren.<\/p>\n<p>Melden Sie sich bei der Cam an, um mit anderen auf der ganzen Welt in Kontakt zu bleiben und zu kommunizieren. Dies ist eine gro\u00dfartige M\u00f6glichkeit, mit anderen Menschen zu kommunizieren und eine neue Sprache zu lernen. Geben Sie einfach Ihren Spitznamen ein und Sie k\u00f6nnen mit Menschen in den Vereinigten Arabischen Emiraten, Indonesien und anderen L\u00e4ndern sprechen. Melden Sie sich jetzt an, um loszulegen<\/p>\n<p>Express-Massenmedien: Wenn Sie sich in einer Situation befinden, in der Sie Videos oder Bilder nicht mit Ihrem Freund oder besten Freund teilen k\u00f6nnen, k\u00f6nnen Sie Grimassen schneiden. Wir erlauben es nicht, dass Leute Grimassen schneiden, wenn es um das Teilen von Videos und Bildern geht. Jeder kann jederzeit Videos und Fotos teilen. Es ist \u00fcblich, Clips und Bilder online zu teilen und sich gegenseitig dar\u00fcber zu informieren, welche Arten ihnen gefallen. Alle Ihre Bilder und Filme sind gesch\u00fctzt und werden von niemandem gespeichert. Beginnen Sie noch heute mit Ihrer Familie und Ihren Freunden zu chatten.<\/p>\n<h3>Coco-Chat-App<\/h3>\n<p>Die CocoChat-App ist die beliebteste CocoChat-App. Es erm\u00f6glicht Ihnen, mit Gleichgesinnten in Kontakt zu treten.<\/p>\n<h3>Swipe and Meet<\/h3>\n<p>Das Matching auf Coco Chat ist super einfach. Filtern Sie nach Ihren idealen Spielpr\u00e4ferenzen, verbinden Sie sich und genie\u00dfen Sie innerhalb weniger Sekunden.<\/p>\n<h3>Mobile Benutzererfahrung<\/h3>\n<p>Wir bieten das beste mobile Benutzererlebnis f\u00fcr Apple und Android und erzielen bei der mobilen Suche einen hohen Stellenwert.<\/p>\n<h3>Optimiertes Video<\/h3>\n<p>Ein einheitliches Erlebnis, egal ob Sie auf Ihrem Computer, Tablet oder Mobiltelefon chatten.<\/p>\n<h3>Anmeldung optional<\/h3>\n<p>Chatten Sie anonym und behalten Sie die Kontrolle dar\u00fcber, wann Sie pers\u00f6nliche Informationen an andere Chatter weitergeben.<\/p>\n<h3>\u00dcberlegene Filter<\/h3>\n<p>Filtern Sie den L\u00e4rm heraus. Mit den erweiterten Filteroptionen k\u00f6nnen Sie ganz einfach entscheiden, mit wem Sie \u00fcbereinstimmen m\u00f6chten. Finden Sie schnell und einfach Ihren perfekten Partner.<\/p>\n<div class=\"flex flex-grow flex-col max-w-full\">\n<div class=\"min-h-[20px] text-message flex flex-col items-start gap-3 whitespace-pre-wrap break-words [.text-message+&amp;]:mt-5 overflow-x-auto\" data-message-author-role=\"assistant\" data-message-id=\"1ff935a1-4d34-4676-b49e-4d8d3b58908f\">\n<div class=\"markdown prose w-full break-words dark:prose-invert light\">\n<h3>Abschluss<\/h3>\n<p>Cam to Strangers definiert unsere Denkweise \u00fcber Online-Interaktionen neu und bietet eine Plattform, die sowohl ansprechend als auch benutzerfreundlich ist. Egal, ob Sie neue Freunde finden, etwas \u00fcber andere Kulturen erfahren oder einfach nur ein unterhaltsames Gespr\u00e4ch f\u00fchren m\u00f6chten, Cam to Strangers bietet daf\u00fcr eine sichere und angenehme Umgebung. Mit seinem unkomplizierten Anmeldevorgang, dem optionalen Abonnement f\u00fcr erweiterte Funktionen und anpassbaren Filtern l\u00e4dt Cam to Strangers Sie dazu ein, sich mit jedem Klick auf eine Entdeckungsreise zu begeben.<\/p>\n<p>Das Ziel bei der Erstellung dieses SEO-optimierten Blogbeitrags besteht nicht nur darin, potenzielle Benutzer \u00fcber Cam to Strangers zu informieren, sondern auch durch gezielte Schl\u00fcsselw\u00f6rter Verkehr anzuregen und sicherzustellen, dass die Leser die einzigartigen M\u00f6glichkeiten, die diese Plattform bietet, leicht finden und nutzen k\u00f6nnen.<\/p>\n<\/div>\n<\/div>\n<\/div>","protected":false},"excerpt":{"rendered":"<p>Im heutigen digitalen Zeitalter hat sich die Kunst, neue Kontakte zu kn\u00fcpfen, \u00fcber traditionelle Methoden hinaus entwickelt. \u201eCam to Strangers\u201c erweist sich als bahnbrechende Plattform, die eine einzigartige M\u00f6glichkeit bietet, neue Leute aus der ganzen Welt kennenzulernen. Dieser interaktive Dienst verbindet die Aufregung von Live-Video-Chats mit der Faszination, jemanden Neues kennenzulernen, und das alles von [\u2026]<\/p>","protected":false},"author":3,"featured_media":3222,"parent":0,"menu_order":0,"comment_status":"closed","ping_status":"closed","template":"","meta":{"_acf_changed":false,"footnotes":""},"class_list":["post-2183","page","type-page","status-publish","has-post-thumbnail","hentry"],"acf":[],"yoast_head":"<!-- This site is optimized with the Yoast SEO Premium plugin v21.5 (Yoast SEO v21.5) - https:\/\/yoast.com\/wordpress\/plugins\/seo\/ -->\n<title>Cam to Strangers - Coco Chat<\/title>\n<meta name=\"description\" content=\"Coco Chat is the right place for you if you have a liking or preference for the perfect match and fun conversations cam to strangers.\" \/>\n<meta name=\"robots\" content=\"index, follow, max-snippet:-1, max-image-preview:large, max-video-preview:-1\" \/>\n<link rel=\"canonical\" href=\"https:\/\/cocochat.live\/de\/cam-to-strangers\/\" \/>\n<meta property=\"og:locale\" content=\"de_DE\" \/>\n<meta property=\"og:type\" content=\"article\" \/>\n<meta property=\"og:title\" content=\"Cam to Strangers\" \/>\n<meta property=\"og:description\" content=\"We strive to provide random video chat with random females. Coco chat is a stranger chat alternative for a random video call.\" \/>\n<meta property=\"og:url\" content=\"https:\/\/cocochat.live\/de\/cam-to-strangers\/\" \/>\n<meta property=\"og:site_name\" content=\"Coco Chat\" \/>\n<meta property=\"article:publisher\" content=\"https:\/\/www.facebook.com\/cocochat.live\" \/>\n<meta property=\"article:modified_time\" content=\"2024-02-28T09:40:59+00:00\" \/>\n<meta property=\"og:image\" content=\"https:\/\/cocochat.live\/wp-content\/uploads\/2024\/02\/cam-to-strangers-coco-chat.png\" \/>\n\t<meta property=\"og:image:width\" content=\"1280\" \/>\n\t<meta property=\"og:image:height\" content=\"960\" \/>\n\t<meta property=\"og:image:type\" content=\"image\/png\" \/>\n<meta name=\"twitter:card\" content=\"summary_large_image\" \/>\n<meta name=\"twitter:site\" content=\"@LaCocoChat\" \/>\n<meta name=\"twitter:label1\" content=\"Gesch\u00e4tzte Lesezeit\" \/>\n\t<meta name=\"twitter:data1\" content=\"8\u00a0Minuten\" \/>\n<script type=\"application\/ld+json\" class=\"yoast-schema-graph\">{\"@context\":\"https:\/\/schema.org\",\"@graph\":[{\"@type\":\"WebPage\",\"@id\":\"https:\/\/cocochat.live\/de\/cam-to-strangers\/\",\"url\":\"https:\/\/cocochat.live\/de\/cam-to-strangers\/\",\"name\":\"Cam to Strangers - Coco Chat\",\"isPartOf\":{\"@id\":\"https:\/\/cocochat.live\/fr\/#website\"},\"datePublished\":\"2022-04-14T06:32:41+00:00\",\"dateModified\":\"2024-02-28T09:40:59+00:00\",\"description\":\"Coco Chat is the right place for you if you have a liking or preference for the perfect match and fun conversations cam to strangers.\",\"breadcrumb\":{\"@id\":\"https:\/\/cocochat.live\/de\/cam-to-strangers\/#breadcrumb\"},\"inLanguage\":\"de\",\"potentialAction\":[{\"@type\":\"ReadAction\",\"target\":[\"https:\/\/cocochat.live\/de\/cam-to-strangers\/\"]}]},{\"@type\":\"BreadcrumbList\",\"@id\":\"https:\/\/cocochat.live\/de\/cam-to-strangers\/#breadcrumb\",\"itemListElement\":[{\"@type\":\"ListItem\",\"position\":1,\"name\":\"Home\",\"item\":\"https:\/\/cocochat.live\/fr\/\"},{\"@type\":\"ListItem\",\"position\":2,\"name\":\"Cam to Strangers\"}]},{\"@type\":\"WebSite\",\"@id\":\"https:\/\/cocochat.live\/fr\/#website\",\"url\":\"https:\/\/cocochat.live\/fr\/\",\"name\":\"Coco Chat\",\"description\":\"Cocochat - Random Video Chat\",\"publisher\":{\"@id\":\"https:\/\/cocochat.live\/fr\/#organization\"},\"potentialAction\":[{\"@type\":\"SearchAction\",\"target\":{\"@type\":\"EntryPoint\",\"urlTemplate\":\"https:\/\/cocochat.live\/fr\/?s={search_term_string}\"},\"query-input\":\"required name=search_term_string\"}],\"inLanguage\":\"de\"},{\"@type\":\"Organization\",\"@id\":\"https:\/\/cocochat.live\/fr\/#organization\",\"name\":\"Coco Chat - Random Video Chat\",\"url\":\"https:\/\/cocochat.live\/fr\/\",\"logo\":{\"@type\":\"ImageObject\",\"inLanguage\":\"de\",\"@id\":\"https:\/\/cocochat.live\/fr\/#\/schema\/logo\/image\/\",\"url\":\"https:\/\/cocochat.live\/wp-content\/uploads\/2021\/10\/cropped-cropped-coco-chat-live.jpg\",\"contentUrl\":\"https:\/\/cocochat.live\/wp-content\/uploads\/2021\/10\/cropped-cropped-coco-chat-live.jpg\",\"width\":512,\"height\":512,\"caption\":\"Coco Chat - Random Video Chat\"},\"image\":{\"@id\":\"https:\/\/cocochat.live\/fr\/#\/schema\/logo\/image\/\"},\"sameAs\":[\"https:\/\/www.facebook.com\/cocochat.live\",\"https:\/\/twitter.com\/LaCocoChat\"]}]}<\/script>\n<!-- \/ Yoast SEO Premium plugin. -->","yoast_head_json":{"title":"Cam to Strangers - Coco Chat","description":"Coco Chat is the right place for you if you have a liking or preference for the perfect match and fun conversations cam to strangers.","robots":{"index":"index","follow":"follow","max-snippet":"max-snippet:-1","max-image-preview":"max-image-preview:large","max-video-preview":"max-video-preview:-1"},"canonical":"https:\/\/cocochat.live\/de\/cam-to-strangers\/","og_locale":"de_DE","og_type":"article","og_title":"Cam to Strangers","og_description":"We strive to provide random video chat with random females. Coco chat is a stranger chat alternative for a random video call.","og_url":"https:\/\/cocochat.live\/de\/cam-to-strangers\/","og_site_name":"Coco Chat","article_publisher":"https:\/\/www.facebook.com\/cocochat.live","article_modified_time":"2024-02-28T09:40:59+00:00","og_image":[{"width":1280,"height":960,"url":"https:\/\/cocochat.live\/wp-content\/uploads\/2024\/02\/cam-to-strangers-coco-chat.png","type":"image\/png"}],"twitter_card":"summary_large_image","twitter_site":"@LaCocoChat","twitter_misc":{"Gesch\u00e4tzte Lesezeit":"8\u00a0Minuten"},"schema":{"@context":"https:\/\/schema.org","@graph":[{"@type":"WebPage","@id":"https:\/\/cocochat.live\/de\/cam-to-strangers\/","url":"https:\/\/cocochat.live\/de\/cam-to-strangers\/","name":"Cam to Strangers - Coco Chat","isPartOf":{"@id":"https:\/\/cocochat.live\/fr\/#website"},"datePublished":"2022-04-14T06:32:41+00:00","dateModified":"2024-02-28T09:40:59+00:00","description":"Coco Chat is the right place for you if you have a liking or preference for the perfect match and fun conversations cam to strangers.","breadcrumb":{"@id":"https:\/\/cocochat.live\/de\/cam-to-strangers\/#breadcrumb"},"inLanguage":"de","potentialAction":[{"@type":"ReadAction","target":["https:\/\/cocochat.live\/de\/cam-to-strangers\/"]}]},{"@type":"BreadcrumbList","@id":"https:\/\/cocochat.live\/de\/cam-to-strangers\/#breadcrumb","itemListElement":[{"@type":"ListItem","position":1,"name":"Home","item":"https:\/\/cocochat.live\/fr\/"},{"@type":"ListItem","position":2,"name":"Cam to Strangers"}]},{"@type":"WebSite","@id":"https:\/\/cocochat.live\/fr\/#website","url":"https:\/\/cocochat.live\/fr\/","name":"Coco Chat","description":"Cocochat - Random Video Chat","publisher":{"@id":"https:\/\/cocochat.live\/fr\/#organization"},"potentialAction":[{"@type":"SearchAction","target":{"@type":"EntryPoint","urlTemplate":"https:\/\/cocochat.live\/fr\/?s={search_term_string}"},"query-input":"required name=search_term_string"}],"inLanguage":"de"},{"@type":"Organization","@id":"https:\/\/cocochat.live\/fr\/#organization","name":"Coco Chat - Random Video Chat","url":"https:\/\/cocochat.live\/fr\/","logo":{"@type":"ImageObject","inLanguage":"de","@id":"https:\/\/cocochat.live\/fr\/#\/schema\/logo\/image\/","url":"https:\/\/cocochat.live\/wp-content\/uploads\/2021\/10\/cropped-cropped-coco-chat-live.jpg","contentUrl":"https:\/\/cocochat.live\/wp-content\/uploads\/2021\/10\/cropped-cropped-coco-chat-live.jpg","width":512,"height":512,"caption":"Coco Chat - Random Video Chat"},"image":{"@id":"https:\/\/cocochat.live\/fr\/#\/schema\/logo\/image\/"},"sameAs":["https:\/\/www.facebook.com\/cocochat.live","https:\/\/twitter.com\/LaCocoChat"]}]}},"_links":{"self":[{"href":"https:\/\/cocochat.live\/de\/wp-json\/wp\/v2\/pages\/2183","targetHints":{"allow":["GET"]}}],"collection":[{"href":"https:\/\/cocochat.live\/de\/wp-json\/wp\/v2\/pages"}],"about":[{"href":"https:\/\/cocochat.live\/de\/wp-json\/wp\/v2\/types\/page"}],"author":[{"embeddable":true,"href":"https:\/\/cocochat.live\/de\/wp-json\/wp\/v2\/users\/3"}],"replies":[{"embeddable":true,"href":"https:\/\/cocochat.live\/de\/wp-json\/wp\/v2\/comments?post=2183"}],"version-history":[{"count":10,"href":"https:\/\/cocochat.live\/de\/wp-json\/wp\/v2\/pages\/2183\/revisions"}],"predecessor-version":[{"id":3224,"href":"https:\/\/cocochat.live\/de\/wp-json\/wp\/v2\/pages\/2183\/revisions\/3224"}],"wp:featuredmedia":[{"embeddable":true,"href":"https:\/\/cocochat.live\/de\/wp-json\/wp\/v2\/media\/3222"}],"wp:attachment":[{"href":"https:\/\/cocochat.live\/de\/wp-json\/wp\/v2\/media?parent=2183"}],"curies":[{"name":"wp","href":"https:\/\/api.w.org\/{rel}","templated":true}]}}