{"id":2045,"date":"2022-03-28T22:56:38","date_gmt":"2022-03-28T20:56:38","guid":{"rendered":"https:\/\/cocochat.live\/?page_id=2045"},"modified":"2024-02-28T12:10:56","modified_gmt":"2024-02-28T10:10:56","slug":"emeraldchat","status":"publish","type":"page","link":"https:\/\/cocochat.live\/de\/emeraldchat\/","title":{"rendered":"Emeraldchat"},"content":{"rendered":"<p>EmeraldChat sticht im Bereich der Online-Chat-Plattformen heraus und bietet Benutzern eine innovative M\u00f6glichkeit, neue Leute kennenzulernen, mit Freunden in Kontakt zu treten und sinnvolle Gespr\u00e4che zu f\u00fchren. Seine einzigartigen Funktionen, die benutzerfreundliche Oberfl\u00e4che und die robusten Sicherheitsma\u00dfnahmen machen es zur bevorzugten Wahl f\u00fcr Personen, die ihre sozialen Interaktionen online verbessern m\u00f6chten. Dieser Leitfaden befasst sich mit der Funktionsweise von EmeraldChat und erkl\u00e4rt, wie Sie beginnen, sich anmelden, abonnieren und die Filter f\u00fcr ein optimiertes Chat-Erlebnis nutzen.<\/p>\n<h3>So funktioniert EmeraldChat<\/h3>\n<p>EmeraldChat revolutioniert die Art und Weise, wie wir mit Fremden und Freunden in Kontakt treten, indem es fortschrittliche Matching-Algorithmen nutzt. Es ordnet Benutzer basierend auf ihren Interessen und Vorlieben zu und stellt so sicher, dass Gespr\u00e4che sinnvoll und unterhaltsam sind. Egal, ob Sie auf der Suche nach einem ungezwungenen Gespr\u00e4ch sind oder dauerhafte Freundschaften schlie\u00dfen m\u00f6chten, EmeraldChat geht problemlos auf alle Ihre sozialen Bed\u00fcrfnisse ein.<\/p>\n<h3>So melden Sie sich bei EmeraldChat an<\/h3>\n<p>Der Zugang zur Welt von EmeraldChat ist unkompliziert:<\/p>\n<ol>\n<li>Besuchen Sie die EmeraldChat-Website.<\/li>\n<li>Klicken Sie oben rechts auf die Schaltfl\u00e4che \u201eAnmelden\u201c.<\/li>\n<li>Sie k\u00f6nnen sich mit Ihrer E-Mail-Adresse anmelden oder die Schnellanmeldungsfunktion \u00fcber Google oder Facebook f\u00fcr einen problemlosen Zugang nutzen.<\/li>\n<\/ol>\n<p>Dieser einfache Vorgang stellt sicher, dass Sie nur ein paar Klicks entfernt sind, um mit anderen auf der ganzen Welt in Kontakt zu treten.<\/p>\n<h3>So abonnieren Sie EmeraldChat<\/h3>\n<p>F\u00fcr Benutzer, die ein erweitertes Erlebnis w\u00fcnschen, bietet EmeraldChat Abonnementoptionen, die Premium-Funktionen freischalten, wie z. B. werbefreies Chatten, erweiterte Filter und mehr. Zu abonnieren:<\/p>\n<ol>\n<li>Ins Konto einloggen.<\/li>\n<li>Navigieren Sie zum Abschnitt \u201eEinstellungen\u201c oder \u201eAbonnement\u201c.<\/li>\n<li>W\u00e4hlen Sie Ihr bevorzugtes Abonnement und befolgen Sie die Anweisungen, um die Zahlung abzuschlie\u00dfen.<\/li>\n<\/ol>\n<p>Das Abonnieren von EmeraldChat bereichert nicht nur Ihr Chat-Erlebnis, sondern unterst\u00fctzt die Plattform auch bei der Bereitstellung hochwertiger Dienste.<\/p>\n<h3>EmeraldChat-Filter verstehen<\/h3>\n<p>Die Filter von EmeraldChat sind darauf ausgelegt, Ihr Chat-Erlebnis an Ihre spezifischen Interessen und Vorlieben anzupassen. Zu diesen Filtern geh\u00f6ren:<\/p>\n<ul>\n<li><strong>Standortfilter<\/strong>: Verbinden Sie sich mit Benutzern aus bestimmten Regionen oder L\u00e4ndern.<\/li>\n<li><strong>Interessenfilter<\/strong>: Treffen Sie Personen mit \u00e4hnlichen Interessen oder Hobbys.<\/li>\n<li><strong>Geschlechtsfilter<\/strong>: Geben Sie an, ob Sie mit M\u00e4nnern, Frauen oder allen chatten m\u00f6chten.<\/li>\n<\/ul>\n<p>Um diese Filter anzuwenden, gehen Sie einfach zu den Chat-Einstellungen und w\u00e4hlen Sie Ihre Pr\u00e4ferenzen aus. Diese Anpassung erm\u00f6glicht gezieltere Gespr\u00e4che und macht jede Chat-Sitzung relevanter und ansprechender.<\/p>\n<p>Emerald Chat bietet viele einzigartige Funktionen, die in Online-Chatrooms nicht oft zu finden sind. Eine der besten Chatroom-Websites erm\u00f6glicht es Ihnen, Fremde zu treffen und \u00fcberrascht Sie oft. Mit der Chat-App k\u00f6nnen Sie Personen zusammenbringen, damit diese chatten und sich kennenlernen k\u00f6nnen. Sie k\u00f6nnen Benutzer danach bewerten, wie freundlich und einladend sie sind. Au\u00dferdem k\u00f6nnen Sie entscheiden, ob Sie sie einem Freund empfehlen w\u00fcrden. Die Webcam-App ist Shagle und Camsurf sehr \u00e4hnlich, kann jedoch zum Online-Chatten mit Fremden verwendet werden.<!-- Controls --><code style=\"min-height: 183px;\" data-toggle=\"typed\" data-options=\"{&quot;backSpeed&quot;:null,&quot;strings&quot;:[&quot;&gt; $ Is it easy to use?&lt;br \/&gt; &lt;span class=&quot;text-success&quot;&gt;Click and Cam! That's it. No sign ups and complicated tweaks to get going.&lt;\/span&gt;&lt;\/p&gt; &lt;p&gt;&gt; $ Are you safe?&lt;br \/&gt; &lt;span class=&quot;text-success&quot;&gt;No personal information is required to build a profile for live video chatting online.&lt;\/span&gt;&lt;br \/&gt; &lt;span class=&quot;text-success&quot;&gt;Never give your personal details to anyone!&lt;\/span&gt;&lt;br \/&gt; &lt;span class=&quot;text-success&quot;&gt;That's a rule :)&lt;\/span&gt;&lt;\/p&gt; &lt;p&gt;&gt; $ One last thing...&lt;br \/&gt; &lt;span class=&quot;text-success&quot;&gt;Enjoy and have fun!&lt;\/span&gt;&quot;]}\" data-aos-id=\"typed:in\" data-aos=\"1\"><\/code><\/p>\n<h2>Coco Chat ist bestrebt, eine Emerald Chat-Video-Chat-Alternative bereitzustellen.<\/h2>\n<p>Sie k\u00f6nnen Fotos und Videos an die Personen senden, mit denen Sie Gespr\u00e4che f\u00fchren. Sie k\u00f6nnen auch \u00fcber alles reden. Durch die von Ihnen gew\u00e4hlte Methode k\u00f6nnen Sie offenbaren, wer Sie wirklich sind. Es war noch nie einfacher, online Freunde zu finden. Chatten Sie mit anderen Menschen auf der ganzen Welt in privaten Chatrooms. Vielleicht k\u00f6nnen Sie ein pers\u00f6nliches Treffen mit einem Ihrer Online-Freunde vereinbaren?<\/p>\n<h2>Emerald Chat-Alternative<\/h2>\n<h3><strong>Was ist Emerald Chat?<\/strong><\/h3>\n<p>Es gibt drei M\u00f6glichkeiten, \u00fcber die Website mit Fremden zu sprechen. Sie k\u00f6nnen eine dieser Optionen ausw\u00e4hlen, um mit ihnen zu sprechen. Emerald Chat ist eine zus\u00e4tzliche Sicherheitsstufe, die Kunden das Gef\u00fchl gibt, eine fremde Chat-Site zu nutzen.<\/p>\n<p>Wir unterst\u00fctzen Sie bei der Suche nach Alternativen zu den von Ihnen derzeit genutzten Diensten und erstellen entsprechende Bewertungen. Emerald Chat bringt Sie zuf\u00e4llig mit lebenden Frauen zusammen, die verf\u00fchrerische Shows vorf\u00fchren. Es ist wie ein Chatroulette f\u00fcr Erwachsene, aber nur mit Frauen. Auf ihrer Website gibt es auch Abschnitte f\u00fcr Frauen, M\u00e4nner und viele mehr. Benutzer mit niedrigen Karma-Werten k\u00f6nnen f\u00fcr kurze Zeit von der Website ausgeschlossen werden. Wenn die Gruppenchat-Funktion ein Hinweis darauf ist, werden die Benutzer nicht zur\u00fcckkehren. Obwohl ich sie selbst noch nicht ausprobiert habe, bin ich mir sicher, dass viele andere diese Chats bereits durchgef\u00fchrt haben und nach der sichersten M\u00f6glichkeit suchen, diese zu f\u00fchren.<\/p>\n<p>Es gibt einem das Gef\u00fchl, lebendig zu sein, es kann die Stimmung heben und daf\u00fcr sorgen, dass man sich lebendiger f\u00fchlt. Manchmal k\u00f6nnen wir sogar Phrasen verwenden, um unsere Gef\u00fchle auszudr\u00fccken, sodass wir jemandem Lieder widmen oder ihn an Lieder erinnern k\u00f6nnen. Der Emerald-Chat, der es Ihnen erm\u00f6glicht, mit zuf\u00e4lligen Personen zu chatten, \u00e4hnelt Liedern. Dies ist ein Ort, an dem Sie Ihr Wissen teilen oder mit zuf\u00e4lligen Menschen sprechen k\u00f6nnen, um ihre Stimmung zu \u00e4ndern oder sich die Zeit zu vertreiben. Video-Chat-Websites wie Omegle und Chaturbate sowie erstklassige Cam-Websites wie Chaturbate ver\u00e4ndern die Art und Weise, wie Menschen interagieren.<\/p>\n<p>Finden Sie sofort online Freunde und chatten Sie mit anderen. Chatten Sie anonym mit Tausenden. Chatten Sie miteinander in einem Chatroom. Video-Chat \u2013 Dies ist eine hervorragende M\u00f6glichkeit, mit zuf\u00e4lligen Chattern zu interagieren und \u00fcber eine Webcam mit Tausenden von Menschen in Kontakt zu treten. Verwenden Sie die Frage \u201eWor\u00fcber m\u00f6chten Sie sprechen?\u201c Kasten. Verwenden Sie die Frage \u201eWor\u00fcber m\u00f6chten Sie sprechen?\u201c Box, um Gleichgesinnte zu finden. Sie k\u00f6nnen Interessen hinzuf\u00fcgen, um Ihre Chancen, neue Freunde kennenzulernen, zu erh\u00f6hen und die Zuf\u00e4lligkeit in Chat-Gespr\u00e4chen zu reduzieren. Deaktivieren Sie \u201eSichere Suche\u201c, um zuf\u00e4llige Videobenutzer abzugleichen. Klicken Sie auf die Schaltfl\u00e4che \u201eStart\u201c, um sofort der Chat-App beizutreten. Sie haben jetzt Tausende von Freunden zur Verf\u00fcgung!<\/p>\n<p>Cocochat, so <a href=\"http:\/\/spiegelcam.com\">Spiegelcam<\/a> ist sehr einfach zu bedienen. Sie m\u00fcssen nur den Netzschalter dr\u00fccken. Das System verbindet Sie sofort mit anonymen Personen. Sie k\u00f6nnen Ihre Suche filtern, indem Sie eine zuf\u00e4llige Auswahl treffen, z. B. ob es sich bei einer Konversation um eine bestimmte Sprache oder ein ortsbezogenes Thema handelt.<\/p>\n<h3>Coco-Chat-App<\/h3>\n<p>Die CocoChat-App ist die beliebteste CocoChat-App. Es erm\u00f6glicht Ihnen, mit Gleichgesinnten in Kontakt zu treten.<\/p>\n<h3>Swipe and Meet<\/h3>\n<p>Das Matching auf Coco Chat ist super einfach. Filtern Sie nach Ihren idealen Spielpr\u00e4ferenzen, verbinden Sie sich und genie\u00dfen Sie innerhalb weniger Sekunden.<\/p>\n<h3>Mobile Benutzererfahrung<\/h3>\n<p>Wir bieten das beste mobile Benutzererlebnis f\u00fcr Apple und Android und erzielen bei der mobilen Suche einen hohen Stellenwert.<\/p>\n<h3>Optimiertes Video<\/h3>\n<p>Ein einheitliches Erlebnis, egal ob Sie auf Ihrem Computer, Tablet oder Mobiltelefon chatten.<\/p>\n<h3>Anmeldung optional<\/h3>\n<p>Chatten Sie anonym und behalten Sie die Kontrolle dar\u00fcber, wann Sie pers\u00f6nliche Informationen an andere Chatter weitergeben.<\/p>\n<h3>\u00dcberlegene Filter<\/h3>\n<p>Filtern Sie den L\u00e4rm heraus. Mit den erweiterten Filteroptionen k\u00f6nnen Sie ganz einfach entscheiden, mit wem Sie \u00fcbereinstimmen m\u00f6chten. Finden Sie schnell und einfach Ihren perfekten Partner.<\/p>\n<div class=\"relative flex w-full flex-col agent-turn\">\n<div class=\"flex-col gap-1 md:gap-3\">\n<div class=\"flex flex-grow flex-col max-w-full\">\n<div class=\"min-h-[20px] text-message flex flex-col items-start gap-3 whitespace-pre-wrap break-words [.text-message+&amp;]:mt-5 overflow-x-auto\" data-message-author-role=\"assistant\" data-message-id=\"d63c71bc-ecfd-43c8-9f9f-647c9f734a14\">\n<div class=\"markdown prose w-full break-words dark:prose-invert light\">\n<p><strong>EmeraldChat erkunden: Ein umfassender Leitfaden f\u00fcr nahtlose Online-Verbindungen<\/strong><\/p>\n<p>EmeraldChat sticht im Bereich der Online-Chat-Plattformen heraus und bietet Benutzern eine innovative M\u00f6glichkeit, neue Leute kennenzulernen, mit Freunden in Kontakt zu treten und sinnvolle Gespr\u00e4che zu f\u00fchren. Seine einzigartigen Funktionen, die benutzerfreundliche Oberfl\u00e4che und die robusten Sicherheitsma\u00dfnahmen machen es zur bevorzugten Wahl f\u00fcr Personen, die ihre sozialen Interaktionen online verbessern m\u00f6chten. Dieser Leitfaden befasst sich mit der Funktionsweise von EmeraldChat und erkl\u00e4rt, wie Sie beginnen, sich anmelden, abonnieren und die Filter f\u00fcr ein optimiertes Chat-Erlebnis nutzen.<\/p>\n<h3>So funktioniert EmeraldChat<\/h3>\n<p>EmeraldChat revolutioniert die Art und Weise, wie wir mit Fremden und Freunden in Kontakt treten, indem es fortschrittliche Matching-Algorithmen nutzt. Es ordnet Benutzer basierend auf ihren Interessen und Vorlieben zu und stellt so sicher, dass Gespr\u00e4che sinnvoll und unterhaltsam sind. Egal, ob Sie auf der Suche nach einem ungezwungenen Gespr\u00e4ch sind oder dauerhafte Freundschaften schlie\u00dfen m\u00f6chten, EmeraldChat geht problemlos auf alle Ihre sozialen Bed\u00fcrfnisse ein.<\/p>\n<h3>So melden Sie sich bei EmeraldChat an<\/h3>\n<p>Der Zugang zur Welt von EmeraldChat ist unkompliziert:<\/p>\n<ol>\n<li>Besuchen Sie die EmeraldChat-Website.<\/li>\n<li>Klicken Sie oben rechts auf die Schaltfl\u00e4che \u201eAnmelden\u201c.<\/li>\n<li>Sie k\u00f6nnen sich mit Ihrer E-Mail-Adresse anmelden oder die Schnellanmeldungsfunktion \u00fcber Google oder Facebook f\u00fcr einen problemlosen Zugang nutzen.<\/li>\n<\/ol>\n<p>Dieser einfache Vorgang stellt sicher, dass Sie nur ein paar Klicks entfernt sind, um mit anderen auf der ganzen Welt in Kontakt zu treten.<\/p>\n<h3>So abonnieren Sie EmeraldChat<\/h3>\n<p>F\u00fcr Benutzer, die ein erweitertes Erlebnis w\u00fcnschen, bietet EmeraldChat Abonnementoptionen, die Premium-Funktionen freischalten, wie z. B. werbefreies Chatten, erweiterte Filter und mehr. Zu abonnieren:<\/p>\n<ol>\n<li>Ins Konto einloggen.<\/li>\n<li>Navigieren Sie zum Abschnitt \u201eEinstellungen\u201c oder \u201eAbonnement\u201c.<\/li>\n<li>W\u00e4hlen Sie Ihr bevorzugtes Abonnement und befolgen Sie die Anweisungen, um die Zahlung abzuschlie\u00dfen.<\/li>\n<\/ol>\n<p>Das Abonnieren von EmeraldChat bereichert nicht nur Ihr Chat-Erlebnis, sondern unterst\u00fctzt die Plattform auch bei der Bereitstellung hochwertiger Dienste.<\/p>\n<h3>EmeraldChat-Filter verstehen<\/h3>\n<p>Die Filter von EmeraldChat sind darauf ausgelegt, Ihr Chat-Erlebnis an Ihre spezifischen Interessen und Vorlieben anzupassen. Zu diesen Filtern geh\u00f6ren:<\/p>\n<ul>\n<li><strong>Standortfilter<\/strong>: Verbinden Sie sich mit Benutzern aus bestimmten Regionen oder L\u00e4ndern.<\/li>\n<li><strong>Interessenfilter<\/strong>: Treffen Sie Personen mit \u00e4hnlichen Interessen oder Hobbys.<\/li>\n<li><strong>Geschlechtsfilter<\/strong>: Geben Sie an, ob Sie mit M\u00e4nnern, Frauen oder allen chatten m\u00f6chten.<\/li>\n<\/ul>\n<p>Um diese Filter anzuwenden, gehen Sie einfach zu den Chat-Einstellungen und w\u00e4hlen Sie Ihre Pr\u00e4ferenzen aus. Diese Anpassung erm\u00f6glicht gezieltere Gespr\u00e4che und macht jede Chat-Sitzung relevanter und ansprechender.<\/p>\n<h3>Abschluss<\/h3>\n<p>EmeraldChat bietet einen erfrischenden Ansatz f\u00fcr die Online-Sozialisierung und verbindet den Nervenkitzel, neue Leute kennenzulernen, mit dem Komfort kuratierter Gespr\u00e4che. Indem Benutzer verstehen, wie man bei EmeraldChat navigiert, sich anmeldet, sich anmeldet und Filter verwendet, k\u00f6nnen sie ihr Chat-Erlebnis maximieren. Egal, ob Sie Ihren sozialen Kreis erweitern oder Kameradschaft suchen, EmeraldChat bietet eine sichere, unterhaltsame und benutzerfreundliche Plattform f\u00fcr alle Ihre sozialen Bed\u00fcrfnisse.<\/p>\n<\/div>\n<\/div>\n<\/div>\n<\/div>\n<\/div>","protected":false},"excerpt":{"rendered":"<p>EmeraldChat sticht im Bereich der Online-Chat-Plattformen hervor und bietet Benutzern eine innovative M\u00f6glichkeit, neue Leute kennenzulernen, mit Freunden in Kontakt zu treten und sinnvolle Gespr\u00e4che zu f\u00fchren. Seine einzigartigen Funktionen, die benutzerfreundliche Oberfl\u00e4che und die robusten Sicherheitsma\u00dfnahmen machen es zur bevorzugten Wahl f\u00fcr Personen, die ihre sozialen Interaktionen online verbessern m\u00f6chten. Dieser Leitfaden befasst sich mit den [\u2026]<\/p>","protected":false},"author":3,"featured_media":3231,"parent":0,"menu_order":0,"comment_status":"closed","ping_status":"closed","template":"","meta":{"_acf_changed":false,"footnotes":""},"class_list":["post-2045","page","type-page","status-publish","has-post-thumbnail","hentry"],"acf":[],"yoast_head":"<!-- This site is optimized with the Yoast SEO Premium plugin v21.5 (Yoast SEO v21.5) - https:\/\/yoast.com\/wordpress\/plugins\/seo\/ -->\n<title>Emeraldchat - Omegle Alternative<\/title>\n<meta name=\"description\" content=\"Coco Chat is the right place for you if you love to find the perfect match and have fun conversations. Have a fun with emeraldchat\" \/>\n<meta name=\"robots\" content=\"index, follow, max-snippet:-1, max-image-preview:large, max-video-preview:-1\" \/>\n<link rel=\"canonical\" href=\"https:\/\/cocochat.live\/de\/emeraldchat\/\" \/>\n<meta property=\"og:locale\" content=\"de_DE\" \/>\n<meta property=\"og:type\" content=\"article\" \/>\n<meta property=\"og:title\" content=\"Emeraldchat\" \/>\n<meta property=\"og:description\" content=\"We strive to provide random video chat with random females. Coco chat is a stranger chat alternative for a random video call.\" \/>\n<meta property=\"og:url\" content=\"https:\/\/cocochat.live\/de\/emeraldchat\/\" \/>\n<meta property=\"og:site_name\" content=\"Coco Chat\" \/>\n<meta property=\"article:publisher\" content=\"https:\/\/www.facebook.com\/cocochat.live\" \/>\n<meta property=\"article:modified_time\" content=\"2024-02-28T10:10:56+00:00\" \/>\n<meta property=\"og:image\" content=\"https:\/\/cocochat.live\/wp-content\/uploads\/2024\/02\/emeraldchat.png\" \/>\n\t<meta property=\"og:image:width\" content=\"768\" \/>\n\t<meta property=\"og:image:height\" content=\"1366\" \/>\n\t<meta property=\"og:image:type\" content=\"image\/png\" \/>\n<meta name=\"twitter:card\" content=\"summary_large_image\" \/>\n<meta name=\"twitter:site\" content=\"@LaCocoChat\" \/>\n<meta name=\"twitter:label1\" content=\"Gesch\u00e4tzte Lesezeit\" \/>\n\t<meta name=\"twitter:data1\" content=\"7\u00a0Minuten\" \/>\n<script type=\"application\/ld+json\" class=\"yoast-schema-graph\">{\"@context\":\"https:\/\/schema.org\",\"@graph\":[{\"@type\":\"WebPage\",\"@id\":\"https:\/\/cocochat.live\/es\/emeraldchat\/\",\"url\":\"https:\/\/cocochat.live\/es\/emeraldchat\/\",\"name\":\"Emeraldchat - Omegle Alternative\",\"isPartOf\":{\"@id\":\"https:\/\/cocochat.live\/fr\/#website\"},\"datePublished\":\"2022-03-28T20:56:38+00:00\",\"dateModified\":\"2024-02-28T10:10:56+00:00\",\"description\":\"Coco Chat is the right place for you if you love to find the perfect match and have fun conversations. Have a fun with emeraldchat\",\"breadcrumb\":{\"@id\":\"https:\/\/cocochat.live\/es\/emeraldchat\/#breadcrumb\"},\"inLanguage\":\"de\",\"potentialAction\":[{\"@type\":\"ReadAction\",\"target\":[\"https:\/\/cocochat.live\/es\/emeraldchat\/\"]}]},{\"@type\":\"BreadcrumbList\",\"@id\":\"https:\/\/cocochat.live\/es\/emeraldchat\/#breadcrumb\",\"itemListElement\":[{\"@type\":\"ListItem\",\"position\":1,\"name\":\"Home\",\"item\":\"https:\/\/cocochat.live\/fr\/\"},{\"@type\":\"ListItem\",\"position\":2,\"name\":\"Emeraldchat\"}]},{\"@type\":\"WebSite\",\"@id\":\"https:\/\/cocochat.live\/fr\/#website\",\"url\":\"https:\/\/cocochat.live\/fr\/\",\"name\":\"Coco Chat\",\"description\":\"Cocochat - Random Video Chat\",\"publisher\":{\"@id\":\"https:\/\/cocochat.live\/fr\/#organization\"},\"potentialAction\":[{\"@type\":\"SearchAction\",\"target\":{\"@type\":\"EntryPoint\",\"urlTemplate\":\"https:\/\/cocochat.live\/fr\/?s={search_term_string}\"},\"query-input\":\"required name=search_term_string\"}],\"inLanguage\":\"de\"},{\"@type\":\"Organization\",\"@id\":\"https:\/\/cocochat.live\/fr\/#organization\",\"name\":\"Coco Chat - Random Video Chat\",\"url\":\"https:\/\/cocochat.live\/fr\/\",\"logo\":{\"@type\":\"ImageObject\",\"inLanguage\":\"de\",\"@id\":\"https:\/\/cocochat.live\/fr\/#\/schema\/logo\/image\/\",\"url\":\"https:\/\/cocochat.live\/wp-content\/uploads\/2021\/10\/cropped-cropped-coco-chat-live.jpg\",\"contentUrl\":\"https:\/\/cocochat.live\/wp-content\/uploads\/2021\/10\/cropped-cropped-coco-chat-live.jpg\",\"width\":512,\"height\":512,\"caption\":\"Coco Chat - Random Video Chat\"},\"image\":{\"@id\":\"https:\/\/cocochat.live\/fr\/#\/schema\/logo\/image\/\"},\"sameAs\":[\"https:\/\/www.facebook.com\/cocochat.live\",\"https:\/\/twitter.com\/LaCocoChat\"]}]}<\/script>\n<!-- \/ Yoast SEO Premium plugin. -->","yoast_head_json":{"title":"Emeraldchat - Omegle Alternative","description":"Coco Chat is the right place for you if you love to find the perfect match and have fun conversations. Have a fun with emeraldchat","robots":{"index":"index","follow":"follow","max-snippet":"max-snippet:-1","max-image-preview":"max-image-preview:large","max-video-preview":"max-video-preview:-1"},"canonical":"https:\/\/cocochat.live\/de\/emeraldchat\/","og_locale":"de_DE","og_type":"article","og_title":"Emeraldchat","og_description":"We strive to provide random video chat with random females. Coco chat is a stranger chat alternative for a random video call.","og_url":"https:\/\/cocochat.live\/de\/emeraldchat\/","og_site_name":"Coco Chat","article_publisher":"https:\/\/www.facebook.com\/cocochat.live","article_modified_time":"2024-02-28T10:10:56+00:00","og_image":[{"width":768,"height":1366,"url":"https:\/\/cocochat.live\/wp-content\/uploads\/2024\/02\/emeraldchat.png","type":"image\/png"}],"twitter_card":"summary_large_image","twitter_site":"@LaCocoChat","twitter_misc":{"Gesch\u00e4tzte Lesezeit":"7\u00a0Minuten"},"schema":{"@context":"https:\/\/schema.org","@graph":[{"@type":"WebPage","@id":"https:\/\/cocochat.live\/es\/emeraldchat\/","url":"https:\/\/cocochat.live\/es\/emeraldchat\/","name":"Emeraldchat - Omegle Alternative","isPartOf":{"@id":"https:\/\/cocochat.live\/fr\/#website"},"datePublished":"2022-03-28T20:56:38+00:00","dateModified":"2024-02-28T10:10:56+00:00","description":"Coco Chat is the right place for you if you love to find the perfect match and have fun conversations. Have a fun with emeraldchat","breadcrumb":{"@id":"https:\/\/cocochat.live\/es\/emeraldchat\/#breadcrumb"},"inLanguage":"de","potentialAction":[{"@type":"ReadAction","target":["https:\/\/cocochat.live\/es\/emeraldchat\/"]}]},{"@type":"BreadcrumbList","@id":"https:\/\/cocochat.live\/es\/emeraldchat\/#breadcrumb","itemListElement":[{"@type":"ListItem","position":1,"name":"Home","item":"https:\/\/cocochat.live\/fr\/"},{"@type":"ListItem","position":2,"name":"Emeraldchat"}]},{"@type":"WebSite","@id":"https:\/\/cocochat.live\/fr\/#website","url":"https:\/\/cocochat.live\/fr\/","name":"Coco Chat","description":"Cocochat - Random Video Chat","publisher":{"@id":"https:\/\/cocochat.live\/fr\/#organization"},"potentialAction":[{"@type":"SearchAction","target":{"@type":"EntryPoint","urlTemplate":"https:\/\/cocochat.live\/fr\/?s={search_term_string}"},"query-input":"required name=search_term_string"}],"inLanguage":"de"},{"@type":"Organization","@id":"https:\/\/cocochat.live\/fr\/#organization","name":"Coco Chat - Random Video Chat","url":"https:\/\/cocochat.live\/fr\/","logo":{"@type":"ImageObject","inLanguage":"de","@id":"https:\/\/cocochat.live\/fr\/#\/schema\/logo\/image\/","url":"https:\/\/cocochat.live\/wp-content\/uploads\/2021\/10\/cropped-cropped-coco-chat-live.jpg","contentUrl":"https:\/\/cocochat.live\/wp-content\/uploads\/2021\/10\/cropped-cropped-coco-chat-live.jpg","width":512,"height":512,"caption":"Coco Chat - Random Video Chat"},"image":{"@id":"https:\/\/cocochat.live\/fr\/#\/schema\/logo\/image\/"},"sameAs":["https:\/\/www.facebook.com\/cocochat.live","https:\/\/twitter.com\/LaCocoChat"]}]}},"_links":{"self":[{"href":"https:\/\/cocochat.live\/de\/wp-json\/wp\/v2\/pages\/2045","targetHints":{"allow":["GET"]}}],"collection":[{"href":"https:\/\/cocochat.live\/de\/wp-json\/wp\/v2\/pages"}],"about":[{"href":"https:\/\/cocochat.live\/de\/wp-json\/wp\/v2\/types\/page"}],"author":[{"embeddable":true,"href":"https:\/\/cocochat.live\/de\/wp-json\/wp\/v2\/users\/3"}],"replies":[{"embeddable":true,"href":"https:\/\/cocochat.live\/de\/wp-json\/wp\/v2\/comments?post=2045"}],"version-history":[{"count":32,"href":"https:\/\/cocochat.live\/de\/wp-json\/wp\/v2\/pages\/2045\/revisions"}],"predecessor-version":[{"id":3233,"href":"https:\/\/cocochat.live\/de\/wp-json\/wp\/v2\/pages\/2045\/revisions\/3233"}],"wp:featuredmedia":[{"embeddable":true,"href":"https:\/\/cocochat.live\/de\/wp-json\/wp\/v2\/media\/3231"}],"wp:attachment":[{"href":"https:\/\/cocochat.live\/de\/wp-json\/wp\/v2\/media?parent=2045"}],"curies":[{"name":"wp","href":"https:\/\/api.w.org\/{rel}","templated":true}]}}