{"id":2021,"date":"2022-03-19T23:41:50","date_gmt":"2022-03-19T21:41:50","guid":{"rendered":"https:\/\/cocochat.live\/?page_id=2021"},"modified":"2024-02-28T11:00:46","modified_gmt":"2024-02-28T09:00:46","slug":"webcam","status":"publish","type":"page","link":"https:\/\/cocochat.live\/de\/webcam\/","title":{"rendered":"Webcam"},"content":{"rendered":"<p>Webcam-Models senden Live-Videos online und chatten mit Benutzern oder Kunden, die sie bezahlen. Das Chatten mit einem Camgirl kann in einem Gruppenchat beginnen. Einzelsitzungen sind f\u00fcr diejenigen verf\u00fcgbar, die privat mit einem Model chatten oder es ihnen \u201ezeigen\u201c m\u00f6chten. Sie k\u00f6nnen mithilfe der Chat-Anwendung Cocochat.live ausw\u00e4hlen, mit wem Sie zuf\u00e4llig chatten m\u00f6chten, indem Sie einfach zur n\u00e4chsten wischen. Sie k\u00f6nnen den Cam-Filter verwenden, um sicherzustellen, dass Sie den besten zuf\u00e4lligen Video-Chat f\u00fcr Webcam online finden. Unsere benutzerfreundliche Videoanrufoberfl\u00e4che ist unkompliziert und einfach zu bedienen, was Cocochat-Mitglieder lieben. Das Fehlen \u00fcberfl\u00fcssiger Komponenten und die Liebe zum kleinsten Detail geh\u00f6ren zu seinen Hauptvorteilen. Alles, was ben\u00f6tigt werden k\u00f6nnte, befindet sich auf dem Hauptpanel. F\u00fcr eine verbesserte Zug\u00e4nglichkeit befinden sich alle wichtigsten Schaltfl\u00e4chen an einer geeigneten Position.<\/p>\n<h2>Coco Chat ist bestrebt, das bestm\u00f6gliche anonyme Video-Chat-Erlebnis zu bieten.<\/h2>\n<p>Jeden Tag chatten Tausende von Menschen per Live-Video. Coco Chat ist eine Online-Chat-Site, auf der Benutzer miteinander kommunizieren k\u00f6nnen, wobei eine Registrierung erforderlich ist. Der Dienst verbindet Benutzer nach dem Zufallsprinzip, um in privaten Chat-Sitzungen zu chatten.<\/p>\n<p>Videochat und Sicherheit haben deutlich zugenommen, und aus diesem Grund gibt es jetzt eine sehr gro\u00dfe Cocochat-Gruppe. Immer mehr Menschen nutzen dieses Programm.<\/p>\n<h2>Webcam-Chat<\/h2>\n<p>Webcam-Models senden Live-Videos online und chatten mit Kunden oder Benutzern, die sie daf\u00fcr bezahlen. Ein Chat mit einem Camgirl kann in einem Gruppenchat beginnen. Wer jedoch privat oder f\u00fcr eine \u201eShow\u201c mit einem Model sprechen m\u00f6chte, kann f\u00fcr eine Einzelsitzung mehr bezahlen.<\/p>\n<p>Models, die als Webcams arbeiten, werden normalerweise pro Minute bezahlt, wobei die Stundens\u00e4tze bis zu 100 Pfund erreichen k\u00f6nnen. Viele von ihnen arbeiten aus der Ferne und werden von Agenturen unterst\u00fctzt, die einen Anteil einbehalten.<\/p>\n<p>Kunden bitten sie oft um sexuelle Handlungen, aber sie m\u00fcssen das nicht immer. Sie bieten Nischenerlebnisse an, von finanzieller Dominanz bis hin zur \u201eGirlfriend Experience\u201c, die am lukrativsten ist.<\/p>\n<p>Viele Leute wissen nicht viel \u00fcber die Welt der Camgirls. Coco Chat hatte die Gelegenheit, mit einem Webcam-Model zu sprechen, das in West-London arbeitete. Wir stellten ihr mehrere Fragen, von denen wir dachten, dass die Leute die Antworten am meisten interessieren w\u00fcrden.<\/p>\n<p>Die 34-j\u00e4hrige Einwohnerin von Hammersmith bat um Anonymit\u00e4t, weil sie sagte, sie habe ihren Job als Sekret\u00e4rin vor fast einem halben Jahrhundert aufgegeben, um Vollzeit-Camgirl zu werden. Sie verdient durchschnittlich 300 Pfund pro Tag, arbeitet aber nur von 7 bis 10 Uhr.<\/p>\n<p>Was w\u00fcrden Sie jemandem \u00fcber Ihren Job sagen, der nicht wei\u00df, was ein Camgirl ist? Webcam-Model w\u00e4re die beste Beschreibung. Ich w\u00fcrde auch sagen, dass es sich um Modeln handelt, bei dem man pro Minute bezahlt wird und Live-Auftritte in sogenannten \u201eShows\u201c und \u201eCalls\u201c macht.<\/p>\n<h3>Coco-Chat-App<\/h3>\n<p>Die CocoChat-App ist die beliebteste CocoChat-App. Es erm\u00f6glicht Ihnen, mit Gleichgesinnten in Kontakt zu treten.<\/p>\n<h3>Swipe and Meet<\/h3>\n<p>Das Matching auf Coco Chat ist super einfach. Filtern Sie nach Ihren idealen Spielpr\u00e4ferenzen, verbinden Sie sich und genie\u00dfen Sie innerhalb weniger Sekunden.<\/p>\n<h3>Mobile Benutzererfahrung<\/h3>\n<p>Wir bieten das beste mobile Benutzererlebnis f\u00fcr Apple und Android und erzielen bei der mobilen Suche einen hohen Stellenwert.<\/p>\n<h3>Optimiertes Video<\/h3>\n<p>Ein einheitliches Erlebnis, egal ob Sie auf Ihrem Computer, Tablet oder Mobiltelefon chatten.<\/p>\n<h3>Anmeldung optional<\/h3>\n<p>Chatten Sie anonym und behalten Sie die Kontrolle dar\u00fcber, wann Sie pers\u00f6nliche Informationen an andere Chatter weitergeben.<\/p>\n<h3>\u00dcberlegene Filter<\/h3>\n<p>Filtern Sie den L\u00e4rm heraus. Mit den erweiterten Filteroptionen k\u00f6nnen Sie ganz einfach entscheiden, mit wem Sie \u00fcbereinstimmen m\u00f6chten. Finden Sie schnell und einfach Ihren perfekten Partner.<\/p>","protected":false},"excerpt":{"rendered":"<p>Webcam-Models senden Live-Videos online und chatten mit Benutzern oder Kunden, die sie bezahlen. Das Chatten mit einem Camgirl kann in einem Gruppenchat beginnen. Einzelsitzungen sind f\u00fcr diejenigen verf\u00fcgbar, die privat mit einem Model chatten oder es \u201ezeigen\u201c m\u00f6chten. Sie k\u00f6nnen mithilfe von Cocochat.live ausw\u00e4hlen, mit wem Sie zuf\u00e4llig chatten m\u00f6chten [\u2026]<\/p>","protected":false},"author":1,"featured_media":3210,"parent":0,"menu_order":0,"comment_status":"closed","ping_status":"closed","template":"","meta":{"_acf_changed":false,"footnotes":""},"class_list":["post-2021","page","type-page","status-publish","has-post-thumbnail","hentry"],"acf":[],"yoast_head":"<!-- This site is optimized with the Yoast SEO Premium plugin v21.5 (Yoast SEO v21.5) - https:\/\/yoast.com\/wordpress\/plugins\/seo\/ -->\n<title>Webcam - Random Video Chat - Coco Chat<\/title>\n<meta name=\"description\" content=\"Coco Chat is the right place for you if you have a liking or preference for the perfect match and fun conversations. Have a fun webcam chat\" \/>\n<meta name=\"robots\" content=\"index, follow, max-snippet:-1, max-image-preview:large, max-video-preview:-1\" \/>\n<link rel=\"canonical\" href=\"https:\/\/cocochat.live\/de\/webcam\/\" \/>\n<meta property=\"og:locale\" content=\"de_DE\" \/>\n<meta property=\"og:type\" content=\"article\" \/>\n<meta property=\"og:title\" content=\"Webcam\" \/>\n<meta property=\"og:description\" content=\"We strive to provide random video chat with random females. Coco chat is a stranger chat alternative for a random video call.\" \/>\n<meta property=\"og:url\" content=\"https:\/\/cocochat.live\/de\/webcam\/\" \/>\n<meta property=\"og:site_name\" content=\"Coco Chat\" \/>\n<meta property=\"article:publisher\" content=\"https:\/\/www.facebook.com\/cocochat.live\" \/>\n<meta property=\"article:modified_time\" content=\"2024-02-28T09:00:46+00:00\" \/>\n<meta property=\"og:image\" content=\"https:\/\/cocochat.live\/wp-content\/uploads\/2024\/02\/webcam-chat.png\" \/>\n\t<meta property=\"og:image:width\" content=\"960\" \/>\n\t<meta property=\"og:image:height\" content=\"1280\" \/>\n\t<meta property=\"og:image:type\" content=\"image\/png\" \/>\n<meta name=\"twitter:card\" content=\"summary_large_image\" \/>\n<meta name=\"twitter:site\" content=\"@LaCocoChat\" \/>\n<meta name=\"twitter:label1\" content=\"Gesch\u00e4tzte Lesezeit\" \/>\n\t<meta name=\"twitter:data1\" content=\"3\u00a0Minuten\" \/>\n<script type=\"application\/ld+json\" class=\"yoast-schema-graph\">{\"@context\":\"https:\/\/schema.org\",\"@graph\":[{\"@type\":\"WebPage\",\"@id\":\"https:\/\/cocochat.live\/webcam\/\",\"url\":\"https:\/\/cocochat.live\/webcam\/\",\"name\":\"Webcam - Random Video Chat - Coco Chat\",\"isPartOf\":{\"@id\":\"https:\/\/cocochat.live\/fr\/#website\"},\"datePublished\":\"2022-03-19T21:41:50+00:00\",\"dateModified\":\"2024-02-28T09:00:46+00:00\",\"description\":\"Coco Chat is the right place for you if you have a liking or preference for the perfect match and fun conversations. Have a fun webcam chat\",\"breadcrumb\":{\"@id\":\"https:\/\/cocochat.live\/webcam\/#breadcrumb\"},\"inLanguage\":\"de\",\"potentialAction\":[{\"@type\":\"ReadAction\",\"target\":[\"https:\/\/cocochat.live\/webcam\/\"]}]},{\"@type\":\"BreadcrumbList\",\"@id\":\"https:\/\/cocochat.live\/webcam\/#breadcrumb\",\"itemListElement\":[{\"@type\":\"ListItem\",\"position\":1,\"name\":\"Home\",\"item\":\"https:\/\/cocochat.live\/fr\/\"},{\"@type\":\"ListItem\",\"position\":2,\"name\":\"Webcam\"}]},{\"@type\":\"WebSite\",\"@id\":\"https:\/\/cocochat.live\/fr\/#website\",\"url\":\"https:\/\/cocochat.live\/fr\/\",\"name\":\"Coco Chat\",\"description\":\"Cocochat - Random Video Chat\",\"publisher\":{\"@id\":\"https:\/\/cocochat.live\/fr\/#organization\"},\"potentialAction\":[{\"@type\":\"SearchAction\",\"target\":{\"@type\":\"EntryPoint\",\"urlTemplate\":\"https:\/\/cocochat.live\/fr\/?s={search_term_string}\"},\"query-input\":\"required name=search_term_string\"}],\"inLanguage\":\"de\"},{\"@type\":\"Organization\",\"@id\":\"https:\/\/cocochat.live\/fr\/#organization\",\"name\":\"Coco Chat - Random Video Chat\",\"url\":\"https:\/\/cocochat.live\/fr\/\",\"logo\":{\"@type\":\"ImageObject\",\"inLanguage\":\"de\",\"@id\":\"https:\/\/cocochat.live\/fr\/#\/schema\/logo\/image\/\",\"url\":\"https:\/\/cocochat.live\/wp-content\/uploads\/2021\/10\/cropped-cropped-coco-chat-live.jpg\",\"contentUrl\":\"https:\/\/cocochat.live\/wp-content\/uploads\/2021\/10\/cropped-cropped-coco-chat-live.jpg\",\"width\":512,\"height\":512,\"caption\":\"Coco Chat - Random Video Chat\"},\"image\":{\"@id\":\"https:\/\/cocochat.live\/fr\/#\/schema\/logo\/image\/\"},\"sameAs\":[\"https:\/\/www.facebook.com\/cocochat.live\",\"https:\/\/twitter.com\/LaCocoChat\"]}]}<\/script>\n<!-- \/ Yoast SEO Premium plugin. -->","yoast_head_json":{"title":"Webcam - Random Video Chat - Coco Chat","description":"Coco Chat is the right place for you if you have a liking or preference for the perfect match and fun conversations. Have a fun webcam chat","robots":{"index":"index","follow":"follow","max-snippet":"max-snippet:-1","max-image-preview":"max-image-preview:large","max-video-preview":"max-video-preview:-1"},"canonical":"https:\/\/cocochat.live\/de\/webcam\/","og_locale":"de_DE","og_type":"article","og_title":"Webcam","og_description":"We strive to provide random video chat with random females. Coco chat is a stranger chat alternative for a random video call.","og_url":"https:\/\/cocochat.live\/de\/webcam\/","og_site_name":"Coco Chat","article_publisher":"https:\/\/www.facebook.com\/cocochat.live","article_modified_time":"2024-02-28T09:00:46+00:00","og_image":[{"width":960,"height":1280,"url":"https:\/\/cocochat.live\/wp-content\/uploads\/2024\/02\/webcam-chat.png","type":"image\/png"}],"twitter_card":"summary_large_image","twitter_site":"@LaCocoChat","twitter_misc":{"Gesch\u00e4tzte Lesezeit":"3\u00a0Minuten"},"schema":{"@context":"https:\/\/schema.org","@graph":[{"@type":"WebPage","@id":"https:\/\/cocochat.live\/webcam\/","url":"https:\/\/cocochat.live\/webcam\/","name":"Webcam - Random Video Chat - Coco Chat","isPartOf":{"@id":"https:\/\/cocochat.live\/fr\/#website"},"datePublished":"2022-03-19T21:41:50+00:00","dateModified":"2024-02-28T09:00:46+00:00","description":"Coco Chat is the right place for you if you have a liking or preference for the perfect match and fun conversations. Have a fun webcam chat","breadcrumb":{"@id":"https:\/\/cocochat.live\/webcam\/#breadcrumb"},"inLanguage":"de","potentialAction":[{"@type":"ReadAction","target":["https:\/\/cocochat.live\/webcam\/"]}]},{"@type":"BreadcrumbList","@id":"https:\/\/cocochat.live\/webcam\/#breadcrumb","itemListElement":[{"@type":"ListItem","position":1,"name":"Home","item":"https:\/\/cocochat.live\/fr\/"},{"@type":"ListItem","position":2,"name":"Webcam"}]},{"@type":"WebSite","@id":"https:\/\/cocochat.live\/fr\/#website","url":"https:\/\/cocochat.live\/fr\/","name":"Coco Chat","description":"Cocochat - Random Video Chat","publisher":{"@id":"https:\/\/cocochat.live\/fr\/#organization"},"potentialAction":[{"@type":"SearchAction","target":{"@type":"EntryPoint","urlTemplate":"https:\/\/cocochat.live\/fr\/?s={search_term_string}"},"query-input":"required name=search_term_string"}],"inLanguage":"de"},{"@type":"Organization","@id":"https:\/\/cocochat.live\/fr\/#organization","name":"Coco Chat - Random Video Chat","url":"https:\/\/cocochat.live\/fr\/","logo":{"@type":"ImageObject","inLanguage":"de","@id":"https:\/\/cocochat.live\/fr\/#\/schema\/logo\/image\/","url":"https:\/\/cocochat.live\/wp-content\/uploads\/2021\/10\/cropped-cropped-coco-chat-live.jpg","contentUrl":"https:\/\/cocochat.live\/wp-content\/uploads\/2021\/10\/cropped-cropped-coco-chat-live.jpg","width":512,"height":512,"caption":"Coco Chat - Random Video Chat"},"image":{"@id":"https:\/\/cocochat.live\/fr\/#\/schema\/logo\/image\/"},"sameAs":["https:\/\/www.facebook.com\/cocochat.live","https:\/\/twitter.com\/LaCocoChat"]}]}},"_links":{"self":[{"href":"https:\/\/cocochat.live\/de\/wp-json\/wp\/v2\/pages\/2021","targetHints":{"allow":["GET"]}}],"collection":[{"href":"https:\/\/cocochat.live\/de\/wp-json\/wp\/v2\/pages"}],"about":[{"href":"https:\/\/cocochat.live\/de\/wp-json\/wp\/v2\/types\/page"}],"author":[{"embeddable":true,"href":"https:\/\/cocochat.live\/de\/wp-json\/wp\/v2\/users\/1"}],"replies":[{"embeddable":true,"href":"https:\/\/cocochat.live\/de\/wp-json\/wp\/v2\/comments?post=2021"}],"version-history":[{"count":16,"href":"https:\/\/cocochat.live\/de\/wp-json\/wp\/v2\/pages\/2021\/revisions"}],"predecessor-version":[{"id":3214,"href":"https:\/\/cocochat.live\/de\/wp-json\/wp\/v2\/pages\/2021\/revisions\/3214"}],"wp:featuredmedia":[{"embeddable":true,"href":"https:\/\/cocochat.live\/de\/wp-json\/wp\/v2\/media\/3210"}],"wp:attachment":[{"href":"https:\/\/cocochat.live\/de\/wp-json\/wp\/v2\/media?parent=2021"}],"curies":[{"name":"wp","href":"https:\/\/api.w.org\/{rel}","templated":true}]}}