{"id":1942,"date":"2022-03-07T15:08:15","date_gmt":"2022-03-07T13:08:15","guid":{"rendered":"https:\/\/cocochat.live\/?page_id=1942"},"modified":"2024-02-27T12:44:45","modified_gmt":"2024-02-27T10:44:45","slug":"chat-alternative","status":"publish","type":"page","link":"https:\/\/cocochat.live\/de\/chat-alternative\/","title":{"rendered":"Coco Chat"},"content":{"rendered":"<p>Sie k\u00f6nnen mit der alternativen Chat-Anwendung Cocochat.live ausw\u00e4hlen, mit wem Sie zuf\u00e4llig chatten m\u00f6chten, indem Sie einfach zur n\u00e4chsten wischen. Sie k\u00f6nnen den Cam-Filter verwenden, um sicherzustellen, dass Sie den besten zuf\u00e4lligen Video-Chat f\u00fcr Webcam online finden. Unsere benutzerfreundliche Videoanruf-Schnittstelle ist unkompliziert und einfach zu bedienen, was die Mitglieder des Coco-Chats lieben. Das Fehlen \u00fcberfl\u00fcssiger Komponenten und die Liebe zum kleinsten Detail geh\u00f6ren zu seinen Hauptvorteilen. Alles, was ben\u00f6tigt werden k\u00f6nnte, befindet sich auf dem Hauptpanel. F\u00fcr eine verbesserte Zug\u00e4nglichkeit befinden sich alle wichtigsten Schaltfl\u00e4chen an einer geeigneten Position.<\/p>\n<p>Sie k\u00f6nnen auf Reisen an Ihrem Computer, Laptop oder Telefon sitzen oder einfach in Ihrem Bus entspannen und mit Ihrem Partner von Coco Chat Alternative Filme ansehen. Cocochat.live ist ein gro\u00dfartiger Ort, um mit Live-Chat-Webcams zu beginnen. Sie werden die Spontaneit\u00e4t und den Spa\u00df des Live-Chats lieben. Sie k\u00f6nnen die App verwenden, um mit Ihren Freunden zu chatten, neue Sprachen zu lernen, gemeinsam zu singen und \u00fcber Liebe, Politik, Fu\u00dfball und sogar Ihre Lieblingsfilme zu sprechen. Cocochat ist unglaublich einfach zu verwenden. Sie m\u00fcssen nur den Einschaltknopf dr\u00fccken. Dann verbinden wir Sie sofort mit einigen anonymen Personen. Sie k\u00f6nnen auch nach einem zuf\u00e4lligen Sortiment filtern, z. B. wenn Sie ein ortsbezogenes Gespr\u00e4ch f\u00fchren oder eine bestimmte Sprache besprechen m\u00f6chten.<\/p>\n<h2>Coco Chat ist bestrebt, das bestm\u00f6gliche anonyme Video-Chat-Erlebnis zu bieten.<\/h2>\n<p>Jeden Tag chatten Tausende von Menschen per Live-Video. Coco Chat ist eine Online-Chat-Site, auf der Benutzer miteinander kommunizieren k\u00f6nnen, wobei eine Registrierung erforderlich ist. Der Dienst verbindet Benutzer nach dem Zufallsprinzip, um in alternativen privaten Chatsitzungen zu chatten.<\/p>\n<p>Videochat und Sicherheit haben deutlich zugenommen, und aus diesem Grund gibt es jetzt eine sehr gro\u00dfe Cocochat-Gruppe. Immer mehr Menschen nutzen dieses Programm.<\/p>\n<h2>Chat-Alternative<\/h2>\n<p>Omegle ist ein unterhaltsamer Ort, an dem Sie mit Fremden sprechen k\u00f6nnen. Was es aus der Masse der Videochats mit Fremden oder sexy Camgirl-Seiten hervorstechen l\u00e4sst, ist, dass die Website schnelllebig und zuf\u00e4llig ist und immer etwas Neues auf den Tisch bringt. Sehen Sie einen Zauberer, der einen Trick vorf\u00fchrt, eine andere Gruppe von Leuten, die genauso herumalbern wie Sie, oder etwas so Zuf\u00e4lliges, Verr\u00fccktes und Lustiges, dass Sie von Ihrem Sitz fallen.<\/p>\n<p>Omegle ist vielleicht die wilde Fahrt, die wir alle lieben und genie\u00dfen, aber es gibt viele gute Websites, die noch viel mehr zu bieten haben. Verstehen Sie uns nicht falsch, wir lieben Omegle f\u00fcr alles, was es ist, aber manchmal braucht man einen Tapetenwechsel. Hier sind unsere Top-Ten-Chat-Sites wie Omegle, die Ihnen dabei helfen, diese Abwechslung zu bekommen.<\/p>\n<h3>Spiegelcam<\/h3>\n<p>Die logische erste Wahl w\u00e4re definitiv Spiegelcam, da es zu den gr\u00f6\u00dften Netzwerken dieser Art geh\u00f6rt, die es gibt. Bei satten \u00fcber 100 Millionen registrierten Benutzern ist es leicht vorstellbar, warum das so ist. Ganz gleich, was Sie bevorzugen, die Chancen stehen gut, dass Sie auf dieser Website jemanden finden, mit dem Sie chatten k\u00f6nnen. Es ist effizient; es bietet eine gro\u00dfe Auswahl an Konten, mit denen Sie interagieren k\u00f6nnen.<\/p>\n<p>Ein weiterer wichtiger Faktor ist die Anonymit\u00e4t, die so gut wie garantiert ist. Wenn Ihnen das aber wirklich wichtig ist, sollten Sie sicherheitshalber eine separate E-Mail-Adresse haben, die Sie mit dem Konto verkn\u00fcpfen k\u00f6nnen. Sie k\u00f6nnen sich kostenlos registrieren und surfen, m\u00fcssen sich jedoch anmelden, um tats\u00e4chlich mit anderen Leuten chatten zu k\u00f6nnen. Das bedeutet auf der positiven Seite, dass es auf dieser Website weitaus weniger Betr\u00fcger und Bots gibt, was f\u00fcr alle Beteiligten ein sichereres Erlebnis bieten sollte.<\/p>\n<h3>OmeTV<\/h3>\n<p>OmeTV ist eine weitere trendige Alternative zu Omegle. Stellen Sie sich OmeTV als eine elegantere, vornehmere und professionellere Version von Omegle vor. Auf Omegle werden Sie wahrscheinlich auf jemanden treffen, der nichts anderes sucht, als ein bisschen herumzualbern \u2013 auf OmeTV werden Sie wahrscheinlich auf einige aufrichtige Menschen treffen.<br \/>\nDiese Chat-Website f\u00fcr Fremde ist eine gute Wahl, wenn Sie ein echtes Gespr\u00e4ch mit jemandem beginnen m\u00f6chten. Die meisten Mitglieder sind zwischen 25 und 35 Jahre alt. Es ist ein gro\u00dfartiger Ort, um Kontakte zu kn\u00fcpfen, nachzudenken und zu gr\u00fcbeln, weshalb wir sie in diese Liste aufgenommen haben.<\/p>\n<h3>Strangercam<\/h3>\n<p>Wenn Sie an Websites wie Omegle denken, die nicht Omegle sind, f\u00e4llt Ihnen wahrscheinlich Strangercam ein. Strangercam ist zwar nicht der \u00e4lteste Anbieter im Gesch\u00e4ft, aber bei weitem der am besten etablierte. Mit einer sehr lebendigen Community, einer optimierten und eleganten Benutzeroberfl\u00e4che sowie einer gro\u00dfen Auswahl an Mitgliedern ist es eine brauchbare Alternative zu Omegle.<\/p>\n<p>Einige gro\u00dfartige Leute bev\u00f6lkern diese Website. Als wir sie entdeckten, waren die meisten Leute, mit denen wir zusammenkamen, auf einer Party und suchten nach etwas, was sie in den fr\u00fchen Morgenstunden tun k\u00f6nnten, und bei all den verr\u00fcckten Sachen, die wir auf dieser Website gesehen haben, werden wir auf jeden Fall wiederkommen.<\/p>\n<p>Dieser fantastische Dienst ist sowohl f\u00fcr Ihr Android-Ger\u00e4t als auch f\u00fcr Ihr iPhone verf\u00fcgbar. Das bedeutet, dass Sie keine zus\u00e4tzliche Webcam oder kein zus\u00e4tzliches Mikrofon ben\u00f6tigen \u2013 Ihr Telefon ist bereits vorger\u00fcstet.<\/p>\n<h3>ChatRandom<\/h3>\n<p>ChatRandom war ein gro\u00dfartiger, chaotischer und menschenreicher Dienst, zu dem die Leute kamen, um alle m\u00f6glichen Dinge zu tun. Ob Sie nach Spa\u00df oder praktisch allem anderen suchten \u2013 Sie konnten sicher sein, dass ChatRandom voll davon war.<\/p>\n<p>Leider ist diese Chat-Website f\u00fcr Fremde bei weitem nicht mehr so beliebt wie fr\u00fcher, aber in den Augen vieler ist sie immer noch erfolgreich. Sie hat eine anst\u00e4ndige Community mit einer gro\u00dfen Bandbreite unterschiedlicher Leute.<\/p>\n<p>Es hat im Laufe der Jahre einige \u00c4nderungen erfahren und verf\u00fcgt nun \u00fcber eine viel ausgefeiltere Benutzeroberfl\u00e4che, einen besseren Algorithmus zur Partnervermittlung und spricht tendenziell beide Geschlechter an \u2013 was es zu einer der besseren Websites wie Omegle auf dem Markt macht.<\/p>\n<h3>TinyChat<\/h3>\n<p>TinyChat ist zum Zeitpunkt des Schreibens dieses Artikels die zweitbeliebteste Video-Chat-Plattform, nur geschlagen von Omegle, das den Spitzenplatz fest innehat. Aber selbst wenn das der Fall ist, ist TinyChat nicht zu verachten. Es ist eine gut gemachte, ausgefeilte und mit zahlreichen Funktionen ausgestattete Website, die eher einem Chatroom-Format als einem zuf\u00e4lligen Chat folgt.<\/p>\n<p>Sie ben\u00f6tigen ein Konto, um auf die meisten R\u00e4ume zugreifen zu k\u00f6nnen, aber es ist ziemlich einfach, eines zu erstellen. Da Sie sich registrieren m\u00fcssen, um die meisten Funktionen der Website nutzen zu k\u00f6nnen, gibt es auf dieser Website im Vergleich zur Konkurrenz weitaus weniger Trolle, Betr\u00fcger und Catfish.<\/p>\n<p>Dar\u00fcber hinaus ist diese Chat-Community f\u00fcr Fremde nicht nur riesig, sondern auch relativ vielf\u00e4ltig. Sie finden hier alle Arten von Chatrooms, von solchen, die nach Freunden suchen, bis hin zu echten Diskussionen \u00fcber jedes erdenkliche Thema.<\/p>\n<h3>PalTalk<\/h3>\n<p>PalTalk ist eine relativ unbekannte Erg\u00e4nzung unserer Liste von Websites wie Omegle. Es handelt sich um eine Video-Chat-Website, auf die wir zuf\u00e4llig gesto\u00dfen sind, als wir nach Websites f\u00fcr diese Liste recherchiert haben \u2013 und wir m\u00fcssen sagen, wir waren etwas \u00fcberrascht. Es ist ein fantastischer, einfacher und optimierter Chat-Dienst f\u00fcr Fremde, der f\u00fcr Windows, iOS und sogar Android verf\u00fcgbar ist.<\/p>\n<p>Die Zahl der zu jeder Tageszeit aktiven Mitglieder betr\u00e4gt \u00fcber 90.000 und wir m\u00fcssen sagen, dass wir \u2013 anders als bei den meisten Websites in dieser Nische \u2013 auf nichts gesto\u00dfen sind, was wir nicht sehen wollten.<\/p>\n<p>Diese Chat-Website bietet Ihnen die M\u00f6glichkeit, neue Leute kennenzulernen, neue Freundschaften zu kn\u00fcpfen, mit Fremden zu sprechen und Beziehungen aller Art aufzubauen. Wie dem auch sei, es ist immer noch eine Registrierung und ein Download erforderlich, was die Anonymit\u00e4t, die andere Plattformen bieten, etwas einschr\u00e4nkt.<\/p>\n<h3>SmaragdChat<\/h3>\n<p>EmeraldChat ist eine gut aussehende Website f\u00fcr gut aussehende Menschen. Die meisten Leute, die wir auf dieser Website gesehen haben, sind hier, um neue Freunde zu finden, und es gibt dort \u00fcberraschend viele Frauen, was bei den meisten anderen Video-Chat-Plattformen nicht der Fall ist.<\/p>\n<p>Es verf\u00fcgt \u00fcber eine der sch\u00f6nsten Benutzeroberfl\u00e4chen auf dem Markt, was die Attraktivit\u00e4t der Website noch weiter steigert. Wenn Sie auf der Suche nach coolen und sauberen Chats sind, sollten Sie EmeraldChat eine Chance geben.<\/p>\n<h3>Chatliv<\/h3>\n<p>Chatliv ist eine der vielen Websites wie Omegle, hat aber einen einzigartigen Twist \u2013 es ist wild. Es ist eine wilde Website, die Sie besuchen sollten, wenn Sie Spa\u00df haben wollen. Die verr\u00fccktesten Leute, mit denen wir je per Video gechattet haben, waren alle von Chatliv. Chatliv selbst ist eine Website, die direkt auf den Punkt kommt und praktisch genauso aussieht wie OmeTV.<\/p>\n<p>Der Unterschied zwischen diesen beiden sind die Leute, die dort abh\u00e4ngen. W\u00e4hrend Sie auf OmeTV einige Leute finden, die nach einem echten Gespr\u00e4ch \u00fcber eine Reihe von Themen suchen, hat CamSurf ein viel breiteres Publikum. Es ist unsere erste Wahl f\u00fcr unsere n\u00e4chste Party.<\/p>\n<h3>Gl\u00fcckspilz<\/h3>\n<p>Luckycrush ist ein weiterer Oldtimer in der Live-Chat-Community und eine der beliebtesten Omegle-Alternativen auf dem Markt. Es ist einfach und schick, hat aber eine einzigartige Benutzeroberfl\u00e4che, die ihm ein viel originelleres und eleganteres Aussehen verleiht als den meisten anderen Chat-Sites f\u00fcr Fremde.<\/p>\n<p>Bei Luckycrush geht es darum, die Dinge so schnell und einfach wie m\u00f6glich zu machen. Sie m\u00fcssen lediglich Ihre Webcam und Ihr Mikrofon aktivieren, die Suchtaste dr\u00fccken und schon werden Sie sofort mit einigen der vielen Benutzer auf der Website zusammengef\u00fchrt.<\/p>\n<h3>Chatroulette<\/h3>\n<p>Chatroulette ist ein Video-Chat-Tool, das nicht so beliebt ist wie seine Konkurrenten, aber es ist eine gute Website wie Omegle, die Sie zum Chatten mit Fremden nutzen k\u00f6nnen. Es hat eine einzigartige, entspannte und lockere Atmosph\u00e4re, nach der viele Leute suchen. Es bietet Chatrooms, Einzel-Video-Chat-Funktionen und eine Reihe anderer Optionen, aus denen Sie w\u00e4hlen k\u00f6nnen.<\/p>\n<p>Die Mitglieder sind alle freundlich und es gibt \u00fcberraschend viele Frauen auf dieser Website, was bei den meisten anderen Websites f\u00fcr Video-Chats mit Fremden nicht der Fall ist.<\/p>\n<h2><strong>Was ist Coco Chat?<\/strong><\/h2>\n<p>Coco Chat ist ein Video-Chat-Dienst, der bereits 2019 eingef\u00fchrt wurde und seitdem den Markt f\u00fcr \u201eGespr\u00e4che mit Fremden\u201c dominiert. Er ist bekannt f\u00fcr seine vielen Benutzer, seine sehr benutzerfreundliche GUI-Oberfl\u00e4che und die Vielzahl an Funktionen, die ihn zur besten alternativen Plattform f\u00fcr zuf\u00e4llige Video-Chats auf dem Markt machen.<\/p>\n<p>Die Popularit\u00e4t von Coco Chat ist in den letzten Jahren enorm gestiegen, was teilweise darauf zur\u00fcckzuf\u00fchren ist, dass viele YouTuber, Streamer und Content-Ersteller in ihren Videos daf\u00fcr werben.<\/p>\n<p>Sogar bekannte YouTuber wie PewDiePie, SSSniperWolf und James Charles haben diese Website in ihren Videos vorgestellt und so zu noch gr\u00f6\u00dferer Popularit\u00e4t beigetragen.<\/p>\n<h3><b>Die vielen Funktionen von Coco Chat<\/b><\/h3>\n<p>Was Cocochat so beliebt gemacht hat, ist, dass es so einfach, unkompliziert und unkompliziert ist. Wenn Sie mitmachen m\u00f6chten, m\u00fcssen Sie nur die Website besuchen, auf eine Schaltfl\u00e4che klicken und schon sind Sie dabei.<\/p>\n<p>Es ist nicht erforderlich, ein detailliertes Konto zu erstellen. Sie m\u00fcssen keine pers\u00f6nlichen Daten \u00fcber sich selbst eingeben und auch nicht auf die Authentifizierung und Best\u00e4tigung durch die Administratoren der Website warten.<\/p>\n<p>Es gibt jedoch mehrere M\u00f6glichkeiten, wie Sie \u00e4ndern k\u00f6nnen, mit wem Sie chatten m\u00f6chten. Zun\u00e4chst einmal gibt es zwei verschiedene Chat-Medien \u2013 Video-Chat und Live-Text-Chat. Die meisten Leute nutzen Omegle, um per Video zu chatten, aber die Live-Text-Chat-Funktion hat immer noch viele Benutzer.<\/p>\n<p>Dennoch haben beide Medien viele gemeinsame Funktionen, von denen die Interessenleiste die auff\u00e4lligste ist. In der Interessenleiste k\u00f6nnen Sie einige Dinge hinzuf\u00fcgen, die Sie interessieren, wie etwa Bands, Politik oder sogar Lebensmittel \u2013 und der erweiterte Coco Chat-Algorithmus wird Sie mit den Leuten zusammenbringen, die dieselben Dinge in ihrem Interessenfeld haben.<\/p>\n<p>Sie k\u00f6nnen damit so viel herumspielen, wie Sie m\u00f6chten.<\/p>\n<p>Da die meisten Coco-Chat-Benutzer aus den USA kommen, haben Leute aus anderen L\u00e4ndern damit begonnen, den Namen ihres Landes in die Interessenleiste einzugeben, um mit Leuten aus ihrer Gegend zusammenzutreffen.<\/p>\n<p>Zu guter Letzt ist der Spionage-\/Fragemodus eine der interessanteren Funktionen von Coco Chat. In diesem Modus stellt eine dritte Partei eine Frage und die beiden mit dem Chat verbundenen Personen k\u00f6nnen sie beantworten. Die Person, die die Frage gestellt hat, kann in keiner Weise mit den beiden Benutzern interagieren, die diskutieren oder antworten, kann aber ihre Antworten und Chats beobachten.<\/p>\n<h3><b>Wie funktioniert Coco Chat?<\/b><\/h3>\n<p>CocoChat funktioniert ganz einfach. Zun\u00e4chst einmal gleicht der fortschrittliche Algorithmus die Leute \u00fcber einen Zufallszahlengenerator ab, sodass Sie, sofern Sie Ihre Interessen nicht spezifizieren, mit jedem anderen verbunden werden k\u00f6nnen, der ebenfalls auf der Cocochat-Plattform chatten m\u00f6chte.<\/p>\n<p>Um an der Cocochat-Videofunktion teilzunehmen, ben\u00f6tigen Sie lediglich eine funktionierende Webcam und ein Mikrofon. Abh\u00e4ngig von Ihren Webbrowsereinstellungen muss die Kamera- und Mikrofonkombination m\u00f6glicherweise manuell aktiviert werden, damit sie ordnungsgem\u00e4\u00df funktioniert.<\/p>\n<p>Abgesehen davon werden die moderierten Bereiche des Video- und Text-Chats kontinuierlich von den Cocochat-Administratoren \u00fcberwacht, um sicherzustellen, dass keine unerlaubten, pornografischen oder illegalen Aktivit\u00e4ten stattfinden.<\/p>\n<p>In den nicht moderierten Bereichen gelten zwar gr\u00f6\u00dftenteils keine Regeln, dennoch gibt es eine Richtlinie gegen illegale Aktivit\u00e4ten. Erwarten Sie daher nicht, dort viele Leute zu finden, die illegale Dinge tun.<\/p>\n<h3><b>Endeffekt<\/b><\/h3>\n<p>Wenn Sie auf der Suche nach etwas Spa\u00df und einem Video-Chat mit Fremden im Internet sind, stehen Ihnen weitaus mehr Optionen als nur der gute alte Cocochat zur Auswahl.<\/p>\n<p>W\u00e4hlen Sie eine der Websites aus dieser Liste aus und genie\u00dfen Sie eine wilde Fahrt voller Spannung und Video-Chat ganz bequem von zu Hause aus.<\/p>\n<h3>Coco Chat Alternative<\/h3>\n<p>Coco Chat Alternative ist die beliebteste CocoChat-App. Sie erm\u00f6glicht Ihnen die Kontaktaufnahme mit Gleichgesinnten.<\/p>\n<h3>Swipe and Meet<\/h3>\n<p>Das Matching auf Coco Chat ist super einfach. Filtern Sie nach Ihren idealen Spielpr\u00e4ferenzen, verbinden Sie sich und genie\u00dfen Sie innerhalb weniger Sekunden.<\/p>\n<h3>Mobile Benutzererfahrung<\/h3>\n<p>Wir bieten das beste mobile Benutzererlebnis f\u00fcr Apple und Android und erzielen bei der mobilen Suche einen hohen Stellenwert.<\/p>\n<h3>Optimiertes Video<\/h3>\n<p>Ein einheitliches Erlebnis, egal ob Sie auf Ihrem Computer, Tablet oder Mobiltelefon chatten.<\/p>\n<h3>Anmeldung optional<\/h3>\n<p>Chatten Sie anonym und behalten Sie die Kontrolle dar\u00fcber, wann Sie pers\u00f6nliche Informationen an andere Chatter weitergeben.<\/p>\n<h3>\u00dcberlegene Filter<\/h3>\n<p>Filtern Sie den L\u00e4rm heraus. Mit den erweiterten Filteroptionen k\u00f6nnen Sie ganz einfach entscheiden, mit wem Sie \u00fcbereinstimmen m\u00f6chten. Finden Sie schnell und einfach Ihren perfekten Partner.<\/p>","protected":false},"excerpt":{"rendered":"<p>Sie k\u00f6nnen mit der alternativen Chat-Anwendung Cocochat.live ausw\u00e4hlen, mit wem Sie zuf\u00e4llig chatten m\u00f6chten, indem Sie einfach zur n\u00e4chsten wischen. Sie k\u00f6nnen den Cam-Filter verwenden, um sicherzustellen, dass Sie den besten zuf\u00e4lligen Video-Chat f\u00fcr Webcams online finden. Unsere benutzerfreundliche Videoanruf-Schnittstelle ist unkompliziert und einfach zu bedienen, was Coco [\u2026]<\/p>","protected":false},"author":1,"featured_media":3199,"parent":0,"menu_order":0,"comment_status":"closed","ping_status":"closed","template":"","meta":{"_acf_changed":false,"footnotes":""},"class_list":["post-1942","page","type-page","status-publish","has-post-thumbnail","hentry"],"acf":[],"yoast_head":"<!-- This site is optimized with the Yoast SEO Premium plugin v21.5 (Yoast SEO v21.5) - https:\/\/yoast.com\/wordpress\/plugins\/seo\/ -->\n<title>Coco Chat - Chat Alternative - Random Chat<\/title>\n<meta name=\"description\" content=\"Coco Chat is the right place for you if you have a liking or preference for the perfect match fun conversations. Have a fun chat alternative\" \/>\n<meta name=\"robots\" content=\"index, follow, max-snippet:-1, max-image-preview:large, max-video-preview:-1\" \/>\n<link rel=\"canonical\" href=\"https:\/\/cocochat.live\/de\/chat-alternative\/\" \/>\n<meta property=\"og:locale\" content=\"de_DE\" \/>\n<meta property=\"og:type\" content=\"article\" \/>\n<meta property=\"og:title\" content=\"Coco Chat\" \/>\n<meta property=\"og:description\" content=\"We strive to provide random video chat with random females. Coco chat is a stranger chat alternative for a random video call.\" \/>\n<meta property=\"og:url\" content=\"https:\/\/cocochat.live\/de\/chat-alternative\/\" \/>\n<meta property=\"og:site_name\" content=\"Coco Chat\" \/>\n<meta property=\"article:publisher\" content=\"https:\/\/www.facebook.com\/cocochat.live\" \/>\n<meta property=\"article:modified_time\" content=\"2024-02-27T10:44:45+00:00\" \/>\n<meta property=\"og:image\" content=\"https:\/\/cocochat.live\/wp-content\/uploads\/2024\/02\/chat-alternative.png\" \/>\n\t<meta property=\"og:image:width\" content=\"960\" \/>\n\t<meta property=\"og:image:height\" content=\"1280\" \/>\n\t<meta property=\"og:image:type\" content=\"image\/png\" \/>\n<meta name=\"twitter:card\" content=\"summary_large_image\" \/>\n<meta name=\"twitter:site\" content=\"@LaCocoChat\" \/>\n<meta name=\"twitter:label1\" content=\"Gesch\u00e4tzte Lesezeit\" \/>\n\t<meta name=\"twitter:data1\" content=\"11\u00a0Minuten\" \/>\n<script type=\"application\/ld+json\" class=\"yoast-schema-graph\">{\"@context\":\"https:\/\/schema.org\",\"@graph\":[{\"@type\":\"WebPage\",\"@id\":\"https:\/\/cocochat.live\/fr\/chat-alternative\/\",\"url\":\"https:\/\/cocochat.live\/fr\/chat-alternative\/\",\"name\":\"Coco Chat - Chat Alternative - Random Chat\",\"isPartOf\":{\"@id\":\"https:\/\/cocochat.live\/fr\/#website\"},\"datePublished\":\"2022-03-07T13:08:15+00:00\",\"dateModified\":\"2024-02-27T10:44:45+00:00\",\"description\":\"Coco Chat is the right place for you if you have a liking or preference for the perfect match fun conversations. Have a fun chat alternative\",\"breadcrumb\":{\"@id\":\"https:\/\/cocochat.live\/fr\/chat-alternative\/#breadcrumb\"},\"inLanguage\":\"de\",\"potentialAction\":[{\"@type\":\"ReadAction\",\"target\":[\"https:\/\/cocochat.live\/fr\/chat-alternative\/\"]}]},{\"@type\":\"BreadcrumbList\",\"@id\":\"https:\/\/cocochat.live\/fr\/chat-alternative\/#breadcrumb\",\"itemListElement\":[{\"@type\":\"ListItem\",\"position\":1,\"name\":\"Home\",\"item\":\"https:\/\/cocochat.live\/fr\/\"},{\"@type\":\"ListItem\",\"position\":2,\"name\":\"Coco Chat\"}]},{\"@type\":\"WebSite\",\"@id\":\"https:\/\/cocochat.live\/fr\/#website\",\"url\":\"https:\/\/cocochat.live\/fr\/\",\"name\":\"Coco Chat\",\"description\":\"Cocochat - Random Video Chat\",\"publisher\":{\"@id\":\"https:\/\/cocochat.live\/fr\/#organization\"},\"potentialAction\":[{\"@type\":\"SearchAction\",\"target\":{\"@type\":\"EntryPoint\",\"urlTemplate\":\"https:\/\/cocochat.live\/fr\/?s={search_term_string}\"},\"query-input\":\"required name=search_term_string\"}],\"inLanguage\":\"de\"},{\"@type\":\"Organization\",\"@id\":\"https:\/\/cocochat.live\/fr\/#organization\",\"name\":\"Coco Chat - Random Video Chat\",\"url\":\"https:\/\/cocochat.live\/fr\/\",\"logo\":{\"@type\":\"ImageObject\",\"inLanguage\":\"de\",\"@id\":\"https:\/\/cocochat.live\/fr\/#\/schema\/logo\/image\/\",\"url\":\"https:\/\/cocochat.live\/wp-content\/uploads\/2021\/10\/cropped-cropped-coco-chat-live.jpg\",\"contentUrl\":\"https:\/\/cocochat.live\/wp-content\/uploads\/2021\/10\/cropped-cropped-coco-chat-live.jpg\",\"width\":512,\"height\":512,\"caption\":\"Coco Chat - Random Video Chat\"},\"image\":{\"@id\":\"https:\/\/cocochat.live\/fr\/#\/schema\/logo\/image\/\"},\"sameAs\":[\"https:\/\/www.facebook.com\/cocochat.live\",\"https:\/\/twitter.com\/LaCocoChat\"]}]}<\/script>\n<!-- \/ Yoast SEO Premium plugin. -->","yoast_head_json":{"title":"Coco Chat - Chat Alternative - Random Chat","description":"Coco Chat is the right place for you if you have a liking or preference for the perfect match fun conversations. Have a fun chat alternative","robots":{"index":"index","follow":"follow","max-snippet":"max-snippet:-1","max-image-preview":"max-image-preview:large","max-video-preview":"max-video-preview:-1"},"canonical":"https:\/\/cocochat.live\/de\/chat-alternative\/","og_locale":"de_DE","og_type":"article","og_title":"Coco Chat","og_description":"We strive to provide random video chat with random females. Coco chat is a stranger chat alternative for a random video call.","og_url":"https:\/\/cocochat.live\/de\/chat-alternative\/","og_site_name":"Coco Chat","article_publisher":"https:\/\/www.facebook.com\/cocochat.live","article_modified_time":"2024-02-27T10:44:45+00:00","og_image":[{"width":960,"height":1280,"url":"https:\/\/cocochat.live\/wp-content\/uploads\/2024\/02\/chat-alternative.png","type":"image\/png"}],"twitter_card":"summary_large_image","twitter_site":"@LaCocoChat","twitter_misc":{"Gesch\u00e4tzte Lesezeit":"11\u00a0Minuten"},"schema":{"@context":"https:\/\/schema.org","@graph":[{"@type":"WebPage","@id":"https:\/\/cocochat.live\/fr\/chat-alternative\/","url":"https:\/\/cocochat.live\/fr\/chat-alternative\/","name":"Coco Chat - Chat Alternative - Random Chat","isPartOf":{"@id":"https:\/\/cocochat.live\/fr\/#website"},"datePublished":"2022-03-07T13:08:15+00:00","dateModified":"2024-02-27T10:44:45+00:00","description":"Coco Chat is the right place for you if you have a liking or preference for the perfect match fun conversations. Have a fun chat alternative","breadcrumb":{"@id":"https:\/\/cocochat.live\/fr\/chat-alternative\/#breadcrumb"},"inLanguage":"de","potentialAction":[{"@type":"ReadAction","target":["https:\/\/cocochat.live\/fr\/chat-alternative\/"]}]},{"@type":"BreadcrumbList","@id":"https:\/\/cocochat.live\/fr\/chat-alternative\/#breadcrumb","itemListElement":[{"@type":"ListItem","position":1,"name":"Home","item":"https:\/\/cocochat.live\/fr\/"},{"@type":"ListItem","position":2,"name":"Coco Chat"}]},{"@type":"WebSite","@id":"https:\/\/cocochat.live\/fr\/#website","url":"https:\/\/cocochat.live\/fr\/","name":"Coco Chat","description":"Cocochat - Random Video Chat","publisher":{"@id":"https:\/\/cocochat.live\/fr\/#organization"},"potentialAction":[{"@type":"SearchAction","target":{"@type":"EntryPoint","urlTemplate":"https:\/\/cocochat.live\/fr\/?s={search_term_string}"},"query-input":"required name=search_term_string"}],"inLanguage":"de"},{"@type":"Organization","@id":"https:\/\/cocochat.live\/fr\/#organization","name":"Coco Chat - Random Video Chat","url":"https:\/\/cocochat.live\/fr\/","logo":{"@type":"ImageObject","inLanguage":"de","@id":"https:\/\/cocochat.live\/fr\/#\/schema\/logo\/image\/","url":"https:\/\/cocochat.live\/wp-content\/uploads\/2021\/10\/cropped-cropped-coco-chat-live.jpg","contentUrl":"https:\/\/cocochat.live\/wp-content\/uploads\/2021\/10\/cropped-cropped-coco-chat-live.jpg","width":512,"height":512,"caption":"Coco Chat - Random Video Chat"},"image":{"@id":"https:\/\/cocochat.live\/fr\/#\/schema\/logo\/image\/"},"sameAs":["https:\/\/www.facebook.com\/cocochat.live","https:\/\/twitter.com\/LaCocoChat"]}]}},"_links":{"self":[{"href":"https:\/\/cocochat.live\/de\/wp-json\/wp\/v2\/pages\/1942","targetHints":{"allow":["GET"]}}],"collection":[{"href":"https:\/\/cocochat.live\/de\/wp-json\/wp\/v2\/pages"}],"about":[{"href":"https:\/\/cocochat.live\/de\/wp-json\/wp\/v2\/types\/page"}],"author":[{"embeddable":true,"href":"https:\/\/cocochat.live\/de\/wp-json\/wp\/v2\/users\/1"}],"replies":[{"embeddable":true,"href":"https:\/\/cocochat.live\/de\/wp-json\/wp\/v2\/comments?post=1942"}],"version-history":[{"count":21,"href":"https:\/\/cocochat.live\/de\/wp-json\/wp\/v2\/pages\/1942\/revisions"}],"predecessor-version":[{"id":3202,"href":"https:\/\/cocochat.live\/de\/wp-json\/wp\/v2\/pages\/1942\/revisions\/3202"}],"wp:featuredmedia":[{"embeddable":true,"href":"https:\/\/cocochat.live\/de\/wp-json\/wp\/v2\/media\/3199"}],"wp:attachment":[{"href":"https:\/\/cocochat.live\/de\/wp-json\/wp\/v2\/media?parent=1942"}],"curies":[{"name":"wp","href":"https:\/\/api.w.org\/{rel}","templated":true}]}}